{"id":35300,"date":"2026-04-10T11:02:22","date_gmt":"2026-04-10T09:02:22","guid":{"rendered":"https:\/\/tirzepatyd.eu\/"},"modified":"2026-04-10T11:04:19","modified_gmt":"2026-04-10T09:04:19","slug":"nmn-500mg","status":"publish","type":"product","link":"https:\/\/tirzepatyd.eu\/uk\/%d0%bc%d0%b0%d0%b3%d0%b0%d0%b7%d0%b8%d0%bd-%d0%bf%d1%80%d0%be%d0%b4%d1%83%d0%ba%d1%82\/nmn-500mg\/","title":{"rendered":"\u041d\u041c\u041d (\u043d\u0456\u043a\u043e\u0442\u0438\u043d\u0430\u043c\u0456\u0434\u043d\u0438\u0439 \u043c\u043e\u043d\u043e\u043d\u0443\u043a\u043b\u0435\u043e\u0442\u0438\u0434) 500 \u043c\u0433 60 \u043a\u0430\u043f\u0441."},"content":{"rendered":"<div data-elementor-type=\"product-post\" data-elementor-id=\"35300\" class=\"elementor elementor-35300\" data-elementor-post-type=\"product\">\n\t\t\t\t\t\t<section class=\"elementor-section elementor-top-section elementor-element elementor-element-0a060c4 elementor-section-boxed elementor-section-height-default elementor-section-height-default\" data-id=\"0a060c4\" data-element_type=\"section\">\n\t\t\t\t\t\t<div class=\"elementor-container elementor-column-gap-default\">\n\t\t\t\t\t<div class=\"elementor-column elementor-col-100 elementor-top-column elementor-element elementor-element-10a03f2\" data-id=\"10a03f2\" data-element_type=\"column\">\n\t\t\t<div class=\"elementor-widget-wrap elementor-element-populated\">\n\t\t\t\t\t\t<div class=\"elementor-element elementor-element-8d55ed4 elementor-widget elementor-widget-text-editor\" data-id=\"8d55ed4\" data-element_type=\"widget\" data-widget_type=\"text-editor.default\">\n\t\t\t\t\t\t\t\t\t<h2 data-start=\"4478\" data-end=\"4518\">5-Amino-1MQ - \u0449\u043e \u0446\u0435 \u0456 \u044f\u043a \u0432\u0456\u043d \u043f\u0440\u0430\u0446\u044e\u0454?<\/h2><p data-start=\"4519\" data-end=\"5095\">5-\u0410\u043c\u0456\u043d\u043e-1MQ (\u0447\u0430\u0441\u0442\u043e \u043e\u043f\u0438\u0441\u0443\u0454\u0442\u044c\u0441\u044f \u044f\u043a 5-\u0430\u043c\u0456\u043d\u043e-1-\u043c\u0435\u0442\u0438\u043b\u0445\u0456\u043d\u043e\u043b\u0456\u043d\u0456\u0439) - \u0446\u0435 \u043d\u0438\u0437\u044c\u043a\u043e\u043c\u043e\u043b\u0435\u043a\u0443\u043b\u044f\u0440\u043d\u0438\u0439 \u0456\u043d\u0433\u0456\u0431\u0456\u0442\u043e\u0440 \u0444\u0435\u0440\u043c\u0435\u043d\u0442\u0443 <strong data-start=\"4620\" data-end=\"4663\">NNMT (\u043d\u0456\u043a\u043e\u0442\u0438\u043d\u0430\u043c\u0456\u0434 N-\u043c\u0435\u0442\u0438\u043b\u0442\u0440\u0430\u043d\u0441\u0444\u0435\u0440\u0430\u0437\u0430)<\/strong>, \u044f\u043a\u0430 \u0431\u0435\u0440\u0435 \u0443\u0447\u0430\u0441\u0442\u044c \u0443 \u043c\u0435\u0442\u0430\u0431\u043e\u043b\u0456\u0437\u043c\u0456 \u043d\u0456\u043a\u043e\u0442\u0438\u043d\u0430\u043c\u0456\u0434\u0443 \u0456 \u0432\u043f\u043b\u0438\u0432\u0430\u0454 \u043d\u0430 \u0431\u0430\u043b\u0430\u043d\u0441 NAD\u207a-\u043f\u043e\u0432'\u044f\u0437\u0430\u043d\u0438\u0445 \u0448\u043b\u044f\u0445\u0456\u0432 \u0442\u0430 \u043c\u0435\u0442\u0430\u0431\u043e\u043b\u0456\u0437\u043c\u0443 \u043c\u0435\u0442\u0438\u043b\u044e\u0432\u0430\u043d\u043d\u044f (SAM\/SAH). \u0423 \u043a\u043b\u0456\u0442\u0438\u043d\u043d\u0438\u0445 \u0456 \u0442\u0432\u0430\u0440\u0438\u043d\u043d\u0438\u0445 \u043c\u043e\u0434\u0435\u043b\u044f\u0445 \u0456\u043d\u0433\u0456\u0431\u0443\u0432\u0430\u043d\u043d\u044f NNMT \u0431\u0443\u043b\u043e \u043f\u043e\u0432'\u044f\u0437\u0430\u043d\u0435 \u0437\u0456 \u0441\u043f\u0440\u0438\u044f\u0442\u043b\u0438\u0432\u0438\u043c\u0438 \u043c\u0435\u0442\u0430\u0431\u043e\u043b\u0456\u0447\u043d\u0438\u043c\u0438 \u0437\u043c\u0456\u043d\u0430\u043c\u0438 \u0432 \u0436\u0438\u0440\u043e\u0432\u0456\u0439 \u0442\u043a\u0430\u043d\u0438\u043d\u0456 \u0442\u0430 \u043c'\u044f\u0437\u0430\u0445, \u0449\u043e \u043f\u0456\u0434\u043a\u0440\u0456\u043f\u043b\u044e\u0454 \u0456\u043d\u0442\u0435\u0440\u0435\u0441 \u0434\u043e \u0446\u044c\u043e\u0433\u043e \u043d\u0430\u043f\u0440\u044f\u043c\u043a\u0443 \u044f\u043a \u043f\u043e\u0442\u0435\u043d\u0446\u0456\u0439\u043d\u043e\u0433\u043e \u043d\u0430\u043f\u0440\u044f\u043c\u0443 \u0434\u043e\u0441\u043b\u0456\u0434\u0436\u0435\u043d\u044c \u043e\u0436\u0438\u0440\u0456\u043d\u043d\u044f \u0442\u0430 \u043c\u0435\u0442\u0430\u0431\u043e\u043b\u0456\u0447\u043d\u0438\u0445 \u043f\u043e\u0440\u0443\u0448\u0435\u043d\u044c.<\/p><hr data-start=\"1923\" data-end=\"1926\" \/><h3 data-start=\"5678\" data-end=\"5739\">5-\u0410\u043c\u0456\u043d\u043e-1MQ - \u0432\u043f\u043b\u0438\u0432 \u043d\u0430 \u043c\u0430\u0441\u0443 \u0442\u0456\u043b\u0430 \u0442\u0430 \u043c\u0435\u0442\u0430\u0431\u043e\u043b\u0456\u0437\u043c (\u0434\u043e\u0441\u043b\u0456\u0434\u043d\u0438\u0446\u044c\u043a\u0456 \u0440\u043e\u0431\u043e\u0442\u0438)<\/h3><p data-start=\"5740\" data-end=\"6283\">\u0423 \u0441\u0442\u0430\u0442\u0442\u0456, \u0449\u043e \u043e\u043f\u0438\u0441\u0443\u0454 \u0441\u0435\u043b\u0435\u043a\u0442\u0438\u0432\u043d\u0456 \u043c\u0435\u043c\u0431\u0440\u0430\u043d\u043e\u043f\u0440\u043e\u043d\u0438\u043a\u043d\u0456 \u0456\u043d\u0433\u0456\u0431\u0456\u0442\u043e\u0440\u0438 NNMT, \u043f\u043e\u043a\u0430\u0437\u0430\u043d\u043e, \u0449\u043e \u0456\u043d\u0433\u0456\u0431\u0443\u0432\u0430\u043d\u043d\u044f NNMT 5-\u0430\u043c\u0456\u043d\u043e-1MQ \u043d\u0430 \u043c\u043e\u0434\u0435\u043b\u0456 \u043e\u0436\u0438\u0440\u0456\u043d\u043d\u044f, \u043f\u043e\u0432'\u044f\u0437\u0430\u043d\u043e\u0433\u043e \u0437 \u0434\u0456\u0454\u0442\u043e\u044e, \u0430\u0441\u043e\u0446\u0456\u044e\u0454\u0442\u044c\u0441\u044f \u0437\u0456 \u0437\u043d\u0438\u0436\u0435\u043d\u043d\u044f\u043c \u0432\u0430\u0433\u0438 \u0442\u0430 \u0437\u043c\u0435\u043d\u0448\u0435\u043d\u043d\u044f\u043c \u0436\u0438\u0440\u043e\u0432\u043e\u0457 \u043c\u0430\u0441\u0438. \u041f\u0430\u0440\u0430\u043b\u0435\u043b\u044c\u043d\u043e \u043e\u0431\u0433\u043e\u0432\u043e\u0440\u044e\u0432\u0430\u043b\u0438\u0441\u044f \u0435\u0444\u0435\u043a\u0442\u0438 \u043d\u0430 \u043c\u0435\u0442\u0430\u0431\u043e\u043b\u0456\u0442\u0438, \u043f\u043e\u0432'\u044f\u0437\u0430\u043d\u0456 \u0437 NAD\u207a\/\u043d\u0456\u043a\u043e\u0442\u0438\u043d\u0430\u043c\u0456\u0434\u043e\u043c, \u0442\u0430 \u043c\u0435\u0442\u0438\u043b\u044e\u0432\u0430\u043d\u043d\u044f, \u0449\u043e \u043f\u0456\u0434\u0442\u0432\u0435\u0440\u0434\u0436\u0443\u0454 \u043c\u0435\u0445\u0430\u043d\u0456\u0447\u043d\u0438\u0439 \u0437\u0432'\u044f\u0437\u043e\u043a \u043c\u0456\u0436 NNMT \u0442\u0430 \u0435\u043d\u0435\u0440\u0433\u0435\u0442\u0438\u0447\u043d\u0438\u043c \u043c\u0435\u0442\u0430\u0431\u043e\u043b\u0456\u0437\u043c\u043e\u043c. \u041e\u0433\u043b\u044f\u0434\u0438 \u0449\u043e\u0434\u043e NNMT \u043f\u0440\u0438 \u043e\u0436\u0438\u0440\u0456\u043d\u043d\u0456 \u0432\u043a\u0430\u0437\u0443\u044e\u0442\u044c \u043d\u0430 \u0446\u0435\u0439 \u043d\u0430\u043f\u0440\u044f\u043c\u043e\u043a \u044f\u043a \u043d\u0430 \u043f\u0435\u0440\u0441\u043f\u0435\u043a\u0442\u0438\u0432\u043d\u0435 \u0434\u043e\u0441\u043b\u0456\u0434\u0436\u0435\u043d\u043d\u044f, \u044f\u043a\u0435, \u043e\u0434\u043d\u0430\u043a, \u043f\u043e\u0442\u0440\u0435\u0431\u0443\u0454 \u043a\u043b\u0456\u043d\u0456\u0447\u043d\u043e\u0433\u043e \u043f\u0456\u0434\u0442\u0432\u0435\u0440\u0434\u0436\u0435\u043d\u043d\u044f.<\/p><hr data-start=\"1923\" data-end=\"1926\" \/><h3 data-start=\"5097\" data-end=\"5142\">5-\u0410\u043c\u0456\u043d\u043e-1MQ - \u0441\u0445\u0435\u043c\u0438 \u0434\u043e\u0437\u0443\u0432\u0430\u043d\u043d\u044f \u0437\u0433\u0456\u0434\u043d\u043e \u0437 \u043d\u0430\u044f\u0432\u043d\u0438\u043c\u0438 \u0434\u0436\u0435\u0440\u0435\u043b\u0430\u043c\u0438<\/h3><p data-start=\"5143\" data-end=\"5676\">5-\u0410\u043c\u0456\u043d\u043e-1MQ \u043d\u0435 \u043c\u0430\u0454 \u0437\u0430\u0442\u0432\u0435\u0440\u0434\u0436\u0435\u043d\u043e\u0433\u043e \u0434\u043e\u0437\u0443\u0432\u0430\u043d\u043d\u044f \u0434\u043b\u044f \u043b\u044e\u0434\u0435\u0439 \u0456 \u043d\u0435 \u0454 \u0437\u0430\u0440\u0435\u0454\u0441\u0442\u0440\u043e\u0432\u0430\u043d\u0438\u043c \u043f\u0440\u0435\u043f\u0430\u0440\u0430\u0442\u043e\u043c \u0434\u043b\u044f \u043b\u0456\u043a\u0443\u0432\u0430\u043d\u043d\u044f \u043e\u0436\u0438\u0440\u0456\u043d\u043d\u044f. \u0414\u0430\u043d\u0456 \u043f\u0440\u043e \u0437\u0430\u0441\u0442\u043e\u0441\u0443\u0432\u0430\u043d\u043d\u044f \u043e\u0442\u0440\u0438\u043c\u0430\u043d\u0456 \u0432 \u0434\u043e\u043a\u043b\u0456\u043d\u0456\u0447\u043d\u0438\u0445 \u0434\u043e\u0441\u043b\u0456\u0434\u0436\u0435\u043d\u043d\u044f\u0445, \u0432 \u044f\u043a\u0438\u0445 \u043e\u0446\u0456\u043d\u044e\u0432\u0430\u043b\u0438 \u0432\u043f\u043b\u0438\u0432 \u0456\u043d\u0433\u0456\u0431\u0456\u0442\u043e\u0440\u0430 NNMT \u043d\u0430 \u043c\u0430\u0441\u0443 \u0442\u0456\u043b\u0430, \u0436\u0438\u0440\u043e\u0432\u0443 \u0442\u043a\u0430\u043d\u0438\u043d\u0443 \u0442\u0430 \u043e\u043a\u0440\u0435\u043c\u0456 \u043c\u0435\u0442\u0430\u0431\u043e\u043b\u0456\u0447\u043d\u0456 \u043c\u0430\u0440\u043a\u0435\u0440\u0438 \u0443 \u0442\u0432\u0430\u0440\u0438\u043d, \u044f\u043a\u0456 \u043f\u0435\u0440\u0435\u0431\u0443\u0432\u0430\u043b\u0438 \u043d\u0430 \u0434\u0456\u0454\u0442\u0456 \u0437 \u0432\u0438\u0441\u043e\u043a\u0438\u043c \u0432\u043c\u0456\u0441\u0442\u043e\u043c \u0436\u0438\u0440\u0456\u0432. \u041f\u0443\u0431\u043b\u0456\u043a\u0430\u0446\u0456\u0457 \u043e\u043f\u0438\u0441\u0443\u044e\u0442\u044c \u043f\u0440\u043e\u0442\u043e\u043a\u043e\u043b\u0438 in vivo (\u043c\u043e\u0434\u0435\u043b\u0456 DIO), \u0430\u043b\u0435 \u043d\u0435 \u0434\u0430\u044e\u0442\u044c \u043f\u0456\u0434\u0441\u0442\u0430\u0432 \u0434\u043b\u044f \u0432\u0438\u0437\u043d\u0430\u0447\u0435\u043d\u043d\u044f \u0434\u043e\u0437 \u0434\u043b\u044f \u043b\u044e\u0434\u0435\u0439 \u0430\u0431\u043e \u0440\u0435\u043a\u043e\u043c\u0435\u043d\u0434\u0430\u0446\u0456\u0439 \u0449\u043e\u0434\u043e \u0434\u043e\u0431\u0430\u0432\u043e\u043a\/\u0442\u0435\u0440\u0430\u043f\u0456\u0457.<\/p><hr data-start=\"1923\" data-end=\"1926\" \/><h3 data-start=\"6285\" data-end=\"6317\">5-\u0410\u043c\u0456\u043d\u043e-1MQ - \u043f\u043e\u0431\u0456\u0447\u043d\u0456 \u0435\u0444\u0435\u043a\u0442\u0438 \u0442\u0430 \u0431\u0435\u0437\u043f\u0435\u043a\u0430<\/h3><p data-start=\"6318\" data-end=\"6755\">\u041e\u0441\u043a\u0456\u043b\u044c\u043a\u0438 \u043a\u043b\u0456\u043d\u0456\u0447\u043d\u0456 \u0434\u043e\u0441\u043b\u0456\u0434\u0436\u0435\u043d\u043d\u044f \u043d\u0430 \u043b\u044e\u0434\u044f\u0445 \u0432\u0456\u0434\u0441\u0443\u0442\u043d\u0456, \u043f\u0440\u043e\u0444\u0456\u043b\u044c \u0431\u0435\u0437\u043f\u0435\u043a\u0438 5-\u0430\u043c\u0456\u043d\u043e-1MQ \u043f\u0440\u0438 \u0442\u0435\u0440\u0430\u043f\u0435\u0432\u0442\u0438\u0447\u043d\u043e\u043c\u0443 \u0437\u0430\u0441\u0442\u043e\u0441\u0443\u0432\u0430\u043d\u043d\u0456 \u043d\u0435 \u0432\u0441\u0442\u0430\u043d\u043e\u0432\u043b\u0435\u043d\u0438\u0439. \u0423 \u043b\u0456\u0442\u0435\u0440\u0430\u0442\u0443\u0440\u0456 \u043f\u0456\u0434\u043a\u0440\u0435\u0441\u043b\u044e\u0454\u0442\u044c\u0441\u044f, \u0449\u043e \u043c\u043e\u0434\u0443\u043b\u044f\u0446\u0456\u044f \u043e\u0441\u0456 NNMT-NAD\u207a-\u043c\u0435\u0442\u0438\u043b\u044e\u0432\u0430\u043d\u043d\u044f \u0454 \u0431\u0456\u043e\u043b\u043e\u0433\u0456\u0447\u043d\u043e \u201e\u0433\u043b\u0438\u0431\u043e\u043a\u0438\u043c\u201d \u043c\u0435\u0442\u0430\u0431\u043e\u043b\u0456\u0447\u043d\u0438\u043c \u0432\u0442\u0440\u0443\u0447\u0430\u043d\u043d\u044f\u043c, \u0442\u043e\u043c\u0443 \u043e\u0446\u0456\u043d\u043a\u0430 \u0434\u043e\u0432\u0433\u043e\u0441\u0442\u0440\u043e\u043a\u043e\u0432\u043e\u0457 \u0431\u0435\u0437\u043f\u0435\u043a\u0438 \u0432\u0438\u043c\u0430\u0433\u0430\u0454 \u043f\u043e\u0432\u043d\u043e\u0433\u043e \u0446\u0438\u043a\u043b\u0443 \u043a\u043b\u0456\u043d\u0456\u0447\u043d\u0438\u0445 \u0434\u043e\u0441\u043b\u0456\u0434\u0436\u0435\u043d\u044c (\u0444\u0430\u0440\u043c\u0430\u043a\u043e\u043a\u0456\u043d\u0435\u0442\u0438\u043a\u0430, \u0432\u0437\u0430\u0454\u043c\u043e\u0434\u0456\u0457, \u043f\u043e\u0431\u0456\u0447\u043d\u0456 \u0435\u0444\u0435\u043a\u0442\u0438 \u043d\u0430 \u043e\u0440\u0433\u0430\u043d\u0438).<\/p><hr data-start=\"1923\" data-end=\"1926\" \/><h3 data-start=\"6757\" data-end=\"6792\">5-Amino-1MQ - \u0440\u0438\u043d\u043a\u043e\u0432\u0430 \u0446\u0456\u043d\u0430 \u0442\u0430 \u043d\u0430\u044f\u0432\u043d\u0456\u0441\u0442\u044c<\/h3><p data-start=\"6793\" data-end=\"7179\">5-Amino-1MQ \u0456\u043d\u043e\u0434\u0456 \u043f\u0440\u043e\u043f\u043e\u043d\u0443\u044e\u0442\u044c \u044f\u043a \u0440\u0435\u0430\u0433\u0435\u043d\u0442 \u0434\u043b\u044f \u043b\u0430\u0431\u043e\u0440\u0430\u0442\u043e\u0440\u043d\u0438\u0445 \u0440\u043e\u0431\u0456\u0442, \u0445\u043e\u0447\u0430 \u0432\u0456\u043d \u043d\u0435 \u0454 \u043b\u0456\u043a\u0430\u0440\u0441\u044c\u043a\u0438\u043c \u0437\u0430\u0441\u043e\u0431\u043e\u043c, \u0434\u043e\u0441\u0442\u0443\u043f\u043d\u0438\u043c \u0432 \u0430\u043f\u0442\u0435\u043a\u0430\u0445. \u042f\u043a\u0449\u043e \u0432\u0438 \u043e\u043f\u0438\u0441\u0443\u0454\u0442\u0435 \u0434\u043e\u0441\u0442\u0443\u043f\u043d\u0456\u0441\u0442\u044c \u0432 SEO, \u043d\u0430\u0439\u043f\u0440\u043e\u0441\u0442\u0456\u0448\u0435 (\u0456 \u043d\u0430\u0439\u0431\u0435\u0437\u043f\u0435\u0447\u043d\u0456\u0448\u0435) \u043f\u043e\u0432\u0456\u0434\u043e\u043c\u0438\u0442\u0438, \u0449\u043e \u0446\u0435 \u0440\u0435\u0447\u043e\u0432\u0438\u043d\u0430, \u044f\u043a\u0430 \u0432\u0438\u043a\u043e\u0440\u0438\u0441\u0442\u043e\u0432\u0443\u0454\u0442\u044c\u0441\u044f \u0432 \u043c\u0435\u0442\u0430\u0431\u043e\u043b\u0456\u0437\u043c\u0456 \u0456 \u0434\u043e\u0441\u043b\u0456\u0434\u0436\u0435\u043d\u043d\u044f\u0445 NNMT, \u043d\u0435 \u043f\u0440\u043e\u043f\u043e\u043d\u0443\u044e\u0447\u0438 \u0442\u0435\u0440\u0430\u043f\u0435\u0432\u0442\u0438\u0447\u043d\u043e\u0433\u043e \u0437\u0430\u0441\u0442\u043e\u0441\u0443\u0432\u0430\u043d\u043d\u044f \u0443 \u043b\u044e\u0434\u0435\u0439.<\/p><hr data-start=\"1923\" data-end=\"1926\" \/><h3 data-start=\"7181\" data-end=\"7211\">5-Amino-1MQ - \u0434\u0435 \u044f \u043c\u043e\u0436\u0443 \u0439\u043e\u0433\u043e \u043f\u0440\u0438\u0434\u0431\u0430\u0442\u0438?<\/h3><p data-start=\"7212\" data-end=\"7554\">\u0423 \u043a\u043b\u0456\u043d\u0456\u0447\u043d\u043e\u043c\u0443 \u0442\u0430 \u0442\u0435\u0440\u0430\u043f\u0435\u0432\u0442\u0438\u0447\u043d\u043e\u043c\u0443 \u0441\u0435\u043d\u0441\u0456 5-\u0410\u043c\u0456\u043d\u043e-1MQ \u043d\u0435 \u201e\u043f\u0440\u043e\u0434\u0430\u0454\u0442\u044c\u0441\u044f\u201d \u044f\u043a \u043b\u0456\u043a\u0430\u0440\u0441\u044c\u043a\u0438\u0439 \u0437\u0430\u0441\u0456\u0431, \u043e\u0441\u043a\u0456\u043b\u044c\u043a\u0438 \u0432\u0456\u043d \u043d\u0435 \u0437\u0430\u0440\u0435\u0454\u0441\u0442\u0440\u043e\u0432\u0430\u043d\u0438\u0439 \u0432 \u0430\u043f\u0442\u0435\u043a\u0430\u0445 \u0434\u043b\u044f \u043b\u0456\u043a\u0443\u0432\u0430\u043d\u043d\u044f \u043e\u0436\u0438\u0440\u0456\u043d\u043d\u044f. \u0420\u0435\u0430\u043b\u044c\u043d\u0438\u0439 \u043f\u0440\u0430\u0432\u043e\u0432\u0438\u0439 \u043a\u043e\u043d\u0442\u0435\u043a\u0441\u0442 \u0441\u0442\u043e\u0441\u0443\u0454\u0442\u044c\u0441\u044f \u043b\u0438\u0448\u0435 \u0434\u043e\u0441\u043b\u0456\u0434\u043d\u0438\u0446\u044c\u043a\u0438\u0445 \u0437\u0430\u0441\u0442\u043e\u0441\u0443\u0432\u0430\u043d\u044c (\u043d\u0430\u0443\u043a\u043e\u0432\u0456 \u0443\u0441\u0442\u0430\u043d\u043e\u0432\u0438\/\u043b\u0430\u0431\u043e\u0440\u0430\u0442\u043e\u0440\u0456\u0457) \u0430\u0431\u043e \u043c\u0430\u0439\u0431\u0443\u0442\u043d\u0456\u0445 \u043a\u043b\u0456\u043d\u0456\u0447\u043d\u0438\u0445 \u0432\u0438\u043f\u0440\u043e\u0431\u0443\u0432\u0430\u043d\u044c, \u044f\u043a\u0449\u043e \u0442\u0430\u043a\u0456 \u0431\u0443\u0434\u0443\u0442\u044c \u0440\u043e\u0437\u043f\u043e\u0447\u0430\u0442\u0456.<\/p><p data-start=\"7212\" data-end=\"7554\"><a href=\"https:\/\/tirzepatyd.eu\/wp-content\/uploads\/2025\/12\/5-AMINO-1-MQ-e1766074798269.png\"><img fetchpriority=\"high\" decoding=\"async\" class=\"aligncenter wp-image-34000 size-medium\" src=\"https:\/\/tirzepatyd.eu\/wp-content\/uploads\/2025\/12\/5-AMINO-1-MQ-e1766074798269-300x182.png\" alt=\"5-Amino-1MQ \u0454 \u043f\u0440\u043e\u0434\u0443\u043a\u0442\u043e\u043c, \u044f\u043a\u0438\u0439, \u0437\u0433\u0456\u0434\u043d\u043e \u0437 \u043e\u0441\u0442\u0430\u043d\u043d\u0456\u043c\u0438 \u043d\u0430\u0443\u043a\u043e\u0432\u0438\u043c\u0438 \u0434\u043e\u0441\u043b\u0456\u0434\u0436\u0435\u043d\u043d\u044f\u043c\u0438, \u0441\u043f\u0440\u0438\u044f\u0454 \u043f\u0456\u0434\u0432\u0438\u0449\u0435\u043d\u043d\u044e \u043f\u0440\u043e\u0434\u0443\u043a\u0442\u0438\u0432\u043d\u043e\u0441\u0442\u0456 \u0436\u0438\u0440\u0456\u0432.\" width=\"300\" height=\"182\" srcset=\"https:\/\/tirzepatyd.eu\/wp-content\/uploads\/2025\/12\/5-AMINO-1-MQ-e1766074798269-300x182.png 300w, https:\/\/tirzepatyd.eu\/wp-content\/uploads\/2025\/12\/5-AMINO-1-MQ-e1766074798269-1024x623.png 1024w, https:\/\/tirzepatyd.eu\/wp-content\/uploads\/2025\/12\/5-AMINO-1-MQ-e1766074798269-768x467.png 768w, https:\/\/tirzepatyd.eu\/wp-content\/uploads\/2025\/12\/5-AMINO-1-MQ-e1766074798269-18x12.png 18w, https:\/\/tirzepatyd.eu\/wp-content\/uploads\/2025\/12\/5-AMINO-1-MQ-e1766074798269-800x487.png 800w, https:\/\/tirzepatyd.eu\/wp-content\/uploads\/2025\/12\/5-AMINO-1-MQ-e1766074798269-400x243.png 400w, https:\/\/tirzepatyd.eu\/wp-content\/uploads\/2025\/12\/5-AMINO-1-MQ-e1766074798269-64x39.png 64w, https:\/\/tirzepatyd.eu\/wp-content\/uploads\/2025\/12\/5-AMINO-1-MQ-e1766074798269.png 1085w\" sizes=\"(max-width: 300px) 100vw, 300px\" \/><\/a><\/p><hr data-start=\"1923\" data-end=\"1926\" \/><p data-start=\"7556\" data-end=\"7583\"><strong data-start=\"7556\" data-end=\"7581\">\u0414\u0436\u0435\u0440\u0435\u043b\u0430:<\/strong><\/p><ol data-start=\"7584\" data-end=\"8437\"><li data-start=\"7584\" data-end=\"7826\"><p data-start=\"7587\" data-end=\"7826\">PMC - Neelakantan \u0442\u0430 \u0456\u043d. (\u043f\u043e\u0432\u043d\u0438\u0439 \u0442\u0435\u043a\u0441\u0442): \u0441\u0435\u043b\u0435\u043a\u0442\u0438\u0432\u043d\u0456 \u0456\u043d\u0433\u0456\u0431\u0456\u0442\u043e\u0440\u0438 NNMT, \u043c\u0435\u0445\u0430\u043d\u0456\u0437\u043c, \u0434\u0430\u043d\u0456 in vitro \u0442\u0430 in vivo (\u043c\u0438\u0448\u0456 DIO), \u0432\u043f\u043b\u0438\u0432 \u043d\u0430 \u0436\u0438\u0440\u043e\u0432\u0443 \u043c\u0430\u0441\u0443\/\u0442\u043a\u0430\u043d\u0438\u043d\u0438: <a class=\"decorated-link\" href=\"https:\/\/pmc.ncbi.nlm.nih.gov\/articles\/PMC5826726\" target=\"_new\" rel=\"noopener\" data-start=\"7735\" data-end=\"7784\">https:\/\/pmc.ncbi.nlm.nih.gov\/articles\/PMC5826726\/<\/a><\/p><\/li><li data-start=\"7827\" data-end=\"8046\"><p data-start=\"7830\" data-end=\"8046\">SciDirect - \u0432\u0435\u0440\u0441\u0456\u044f \u0436\u0443\u0440\u043d\u0430\u043b\u0443 \/ \u0430\u0441\u043e\u0446\u0456\u0439\u043e\u0432\u0430\u043d\u0438\u0439 \u0431\u0456\u0431\u043b\u0456\u043e\u0433\u0440\u0430\u0444\u0456\u0447\u043d\u0438\u0439 \u0437\u0430\u043f\u0438\u0441: \u0406\u043d\u0433\u0456\u0431\u0443\u0432\u0430\u043d\u043d\u044f \u0442\u0430 \u0435\u0444\u0435\u043a\u0442\u0438 NNMT \u0443 \u043c\u0438\u0448\u0435\u0439 DIO: <a class=\"decorated-link\" href=\"https:\/\/www.sciencedirect.com\/science\/article\/am\/pii\/S0006295217306718\" target=\"_new\" rel=\"noopener\" data-start=\"7934\" data-end=\"8004\">https:\/\/www.sciencedirect.com\/science\/article\/am\/pii\/S0006295217306718<\/a><\/p><\/li><li data-start=\"8047\" data-end=\"8224\"><p data-start=\"8050\" data-end=\"8224\">\u041e\u0433\u043b\u044f\u0434 (2021) \u043f\u0440\u043e NNMT \u043f\u0440\u0438 \u043e\u0436\u0438\u0440\u0456\u043d\u043d\u0456 - \u0431\u0456\u043e\u043b\u043e\u0433\u0456\u0447\u043d\u0438\u0439 \u043a\u043e\u043d\u0442\u0435\u043a\u0441\u0442 \u0456 \u0437\u0433\u0430\u0434\u043a\u0430 \u043f\u0440\u043e 5-\u0430\u043c\u0456\u043d\u043e-1MQ: <a class=\"decorated-link\" href=\"https:\/\/pmc.ncbi.nlm.nih.gov\/articles\/PMC8337113\" target=\"_new\" rel=\"noopener\" data-start=\"8133\" data-end=\"8182\">https:\/\/pmc.ncbi.nlm.nih.gov\/articles\/PMC8337113<\/a><\/p><\/li><li data-start=\"8225\" data-end=\"8437\"><p data-start=\"8228\" data-end=\"8437\">Nature \/ Scientific Reports (2022) - \u0406\u043d\u0433\u0456\u0431\u0443\u0432\u0430\u043d\u043d\u044f NNMT + \u0434\u0456\u0454\u0442\u0430, \u0434\u043e\u0434\u0430\u0442\u043a\u043e\u0432\u0438\u0439 \u043c\u0435\u0442\u0430\u0431\u043e\u043b\u0456\u0447\u043d\u0438\u0439 \u043a\u043e\u043d\u0442\u0435\u043a\u0441\u0442 (\u043c\u043e\u0434\u0435\u043b\u044c \u043c\u0456\u043a\u0440\u043e\u0431\u0456\u043e\u043c\u0443\/DIO): <a class=\"decorated-link\" href=\"https:\/\/www.nature.com\/articles\/s41598-021-03670-5\" target=\"_new\" rel=\"noopener\" data-start=\"8345\" data-end=\"8395\">https:\/\/www.nature.com\/articles\/s41598-021-03670-5<\/a><\/p><\/li><\/ol>\t\t\t\t\t\t\t\t<\/div>\n\t\t\t\t\t<\/div>\n\t\t<\/div>\n\t\t\t\t\t<\/div>\n\t\t<\/section>\n\t\t\t\t<\/div>","protected":false},"excerpt":{"rendered":"<p data-start=\"196\" data-end=\"417\">NMN kapsu\u0142ki to nowoczesny suplement diety wspieraj\u0105cy naturalny poziom NAD+ w organizmie. Pomaga w utrzymaniu energii kom\u00f3rkowej, prawid\u0142owego metabolizmu oraz wspiera procesy zdrowego starzenia. Idealny wyb\u00f3r dla os\u00f3b dbaj\u0105cych o witalno\u015b\u0107 i d\u0142ugowieczno\u015b\u0107<\/p>","protected":false},"featured_media":35296,"comment_status":"open","ping_status":"closed","template":"","meta":{"_acf_changed":false},"product_brand":[],"product_cat":[15,130,135],"product_tag":[137],"class_list":{"0":"post-35300","1":"product","2":"type-product","3":"status-publish","4":"has-post-thumbnail","6":"product_cat-laboratory-research","7":"product_cat-produkty-w-kapsulkach-tabletkach","8":"product_cat-produkty-w-kapsulkach","9":"product_tag-kapsulki","11":"first","12":"instock","13":"sale","14":"shipping-taxable","15":"purchasable","16":"product-type-simple"},"acf":[],"aioseo_notices":[],"_links":{"self":[{"href":"https:\/\/tirzepatyd.eu\/uk\/wp-json\/wp\/v2\/product\/35300","targetHints":{"allow":["GET"]}}],"collection":[{"href":"https:\/\/tirzepatyd.eu\/uk\/wp-json\/wp\/v2\/product"}],"about":[{"href":"https:\/\/tirzepatyd.eu\/uk\/wp-json\/wp\/v2\/types\/product"}],"replies":[{"embeddable":true,"href":"https:\/\/tirzepatyd.eu\/uk\/wp-json\/wp\/v2\/comments?post=35300"}],"version-history":[{"count":1,"href":"https:\/\/tirzepatyd.eu\/uk\/wp-json\/wp\/v2\/product\/35300\/revisions"}],"predecessor-version":[{"id":35301,"href":"https:\/\/tirzepatyd.eu\/uk\/wp-json\/wp\/v2\/product\/35300\/revisions\/35301"}],"wp:featuredmedia":[{"embeddable":true,"href":"https:\/\/tirzepatyd.eu\/uk\/wp-json\/wp\/v2\/media\/35296"}],"wp:attachment":[{"href":"https:\/\/tirzepatyd.eu\/uk\/wp-json\/wp\/v2\/media?parent=35300"}],"wp:term":[{"taxonomy":"product_brand","embeddable":true,"href":"https:\/\/tirzepatyd.eu\/uk\/wp-json\/wp\/v2\/product_brand?post=35300"},{"taxonomy":"product_cat","embeddable":true,"href":"https:\/\/tirzepatyd.eu\/uk\/wp-json\/wp\/v2\/product_cat?post=35300"},{"taxonomy":"product_tag","embeddable":true,"href":"https:\/\/tirzepatyd.eu\/uk\/wp-json\/wp\/v2\/product_tag?post=35300"}],"curies":[{"name":"wp","href":"https:\/\/api.w.org\/{rel}","templated":true}]}}