{"id":13028,"date":"2023-07-24T23:07:01","date_gmt":"2023-07-24T21:07:01","guid":{"rendered":"https:\/\/tirzepatyd.eu\/?post_type=product&#038;p=13028"},"modified":"2026-03-26T11:16:39","modified_gmt":"2026-03-26T10:16:39","slug":"glp1-gip-tirzepatide-2-5-mg","status":"publish","type":"product","link":"https:\/\/tirzepatyd.eu\/it\/prodotto\/glp1-gip-tirzepatide-2-5-mg\/","title":{"rendered":"Tirzepatide 2,5 mg fiala (GLP1+GIP)"},"content":{"rendered":"<div data-elementor-type=\"product-post\" data-elementor-id=\"13028\" class=\"elementor elementor-13028\" data-elementor-post-type=\"product\">\n\t\t\t\t\t\t<section class=\"elementor-section elementor-top-section elementor-element elementor-element-53f3d7d elementor-section-boxed elementor-section-height-default elementor-section-height-default\" data-id=\"53f3d7d\" data-element_type=\"section\" data-e-type=\"section\">\n\t\t\t\t\t\t<div class=\"elementor-container elementor-column-gap-default\">\n\t\t\t\t\t<div class=\"elementor-column elementor-col-100 elementor-top-column elementor-element elementor-element-e6006d1\" data-id=\"e6006d1\" data-element_type=\"column\" data-e-type=\"column\">\n\t\t\t<div class=\"elementor-widget-wrap elementor-element-populated\">\n\t\t\t\t\t\t<div class=\"elementor-element elementor-element-64391bc elementor-widget__width-initial elementor-widget elementor-widget-text-editor\" data-id=\"64391bc\" data-element_type=\"widget\" data-e-type=\"widget\" data-widget_type=\"text-editor.default\">\n\t\t\t\t\t\t\t\t\t<h2 data-start=\"512\" data-end=\"564\">Tirzepatide 2,5 mg fiala - caratteristiche<\/h2><p data-start=\"566\" data-end=\"843\"><strong data-start=\"566\" data-end=\"588\">Tireopatide 2,5 mg<\/strong> \u00e8 un peptide sintetico che \u00e8 un doppio agonista dei recettori GIP e GLP-1. Questo composto \u00e8 stato ampiamente studiato nella letteratura scientifica nel contesto della segnalazione delle incretine, della regolazione del metabolismo del glucosio e dei meccanismi di controllo dell'equilibrio energetico.<\/p><hr data-start=\"908\" data-end=\"911\" \/><h2 data-start=\"913\" data-end=\"982\">Che cos'\u00e8 tirzepatide 2,5 mg e qual \u00e8 il suo meccanismo d'azione?<\/h2><p data-start=\"984\" data-end=\"1093\">La tirzepatide \u00e8 una singola molecola progettata per attivare simultaneamente due recettori per le incretine:<\/p><ul data-start=\"1095\" data-end=\"1428\"><li data-start=\"1095\" data-end=\"1271\"><p data-start=\"1097\" data-end=\"1271\"><strong data-start=\"1097\" data-end=\"1150\">Recettore GLP-1 (recettore del peptide glucagone-simile-1)<\/strong> - associati alla secrezione di insulina dipendente dal glucosio, alla modulazione della secrezione di glucagone e agli effetti sulla segnalazione della saziet\u00e0.<\/p><\/li><li data-start=\"1272\" data-end=\"1428\"><p data-start=\"1274\" data-end=\"1428\"><strong data-start=\"1274\" data-end=\"1346\">Recettore GIP (recettore del polipeptide insulinotropico dipendente dal glucosio)<\/strong> - coinvolti nella regolazione della risposta insulinica e dei processi metabolici.<\/p><\/li><\/ul><p data-start=\"1430\" data-end=\"1726\">La doppia attivazione di queste vie distingue l'tirzepatide dai classici agonisti del GLP-1. Questo meccanismo \u00e8 stato descritto in dettaglio negli studi clinici SURPASS e SURMOUNT, in cui sono stati analizzati gli effetti della molecola sui parametri glicemici e sul peso corporeo in condizioni di studio controllate.<\/p><hr data-start=\"1728\" data-end=\"1731\" \/><h2 data-start=\"1733\" data-end=\"1777\">Tirzepatide 2,5 mg in modelli clinici<\/h2><p data-start=\"1779\" data-end=\"1879\">L'tirzepatide come classe di molecole incretine \u00e8 stato dimostrato in studi clinici pubblicati:<\/p><ul data-start=\"1881\" data-end=\"2079\"><li data-start=\"1881\" data-end=\"1942\"><p data-start=\"1883\" data-end=\"1942\">influisce significativamente sui parametri del metabolismo del glucosio (HbA1c),<\/p><\/li><li data-start=\"1943\" data-end=\"2013\"><p data-start=\"1945\" data-end=\"2013\">influenza i meccanismi che regolano l'appetito e il bilancio energetico,<\/p><\/li><li data-start=\"2014\" data-end=\"2079\"><p data-start=\"2016\" data-end=\"2079\">dimostra la dipendenza dalla dose dell'effetto nei protocolli di escalation.<\/p><\/li><\/ul><p data-start=\"2081\" data-end=\"2259\">La dose di 2,5 mg nei regimi clinici fungeva da dose iniziale nei modelli di escalation, consentendo di valutare la tolleranza e l'adattamento dell'organismo a ulteriori livelli di dose.<\/p><hr data-start=\"2261\" data-end=\"2264\" \/><h2 data-start=\"2266\" data-end=\"2304\">Differenza: tirzepatide 2,5 mg vs 5 mg<\/h2><p data-start=\"2306\" data-end=\"2339\">Nella documentazione degli studi clinici:<\/p><ul data-start=\"2341\" data-end=\"2486\"><li data-start=\"2341\" data-end=\"2401\"><p data-start=\"2343\" data-end=\"2401\"><strong data-start=\"2343\" data-end=\"2365\">tirzepatide 2,5 mg<\/strong> \u00e8 stata utilizzata come dose introduttiva,<\/p><\/li><li data-start=\"2402\" data-end=\"2486\"><p data-start=\"2404\" data-end=\"2486\">Dosi pi\u00f9 elevate (5 mg e oltre) sono state analizzate per verificare gli effetti metabolici completi.<\/p><\/li><\/ul><p data-start=\"2488\" data-end=\"2633\">La valutazione dell'efficacia in termini di riduzione del peso \u00e8 stata effettuata principalmente per dosi pi\u00f9 elevate in condizioni di studio controllate.<\/p><hr data-start=\"2635\" data-end=\"2638\" \/><h2 data-start=\"2640\" data-end=\"2664\">Informazioni qualitative<\/h2><p data-start=\"2666\" data-end=\"2812\">Offerta <strong data-start=\"2676\" data-end=\"2698\">tirzepatide 2,5 mg<\/strong> \u00e8 sottoposto ad analisi qualitativa (ad esempio HPLC) per confermare la purezza e la conformit\u00e0 alle specifiche di laboratorio.<\/p><p data-start=\"2814\" data-end=\"2935\">Il prodotto non \u00e8 un medicinale o un integratore.<br data-start=\"2868\" data-end=\"2871\" \/>Destinato esclusivamente ad applicazioni analitiche e di ricerca.<\/p><hr data-start=\"2937\" data-end=\"2940\" \/><h2 data-start=\"220\" data-end=\"260\">Dati dello studio clinico SURMOUNT-1<\/h2><p data-start=\"262\" data-end=\"420\">In uno studio clinico randomizzato di fase III <strong data-start=\"307\" data-end=\"321\">SORVEGLIANZA-1<\/strong> (NEJM, 2022) ha valutato l'effetto della tirzepatide sul peso corporeo in individui obesi o in sovrappeso senza diabete.<\/p><p data-start=\"422\" data-end=\"572\">Lo studio ha utilizzato uno schema di escalation della dose iniziando con un <strong data-start=\"490\" data-end=\"500\">2,5 mg<\/strong>, e poi aumentata ai livelli target (5 mg, 10 mg, 15 mg).<\/p><p data-start=\"574\" data-end=\"602\">Dopo 72 settimane di follow-up:<\/p><ul data-start=\"604\" data-end=\"801\"><li data-start=\"604\" data-end=\"674\"><p data-start=\"606\" data-end=\"674\">La riduzione media del peso \u00e8 stata di circa <strong data-start=\"649\" data-end=\"671\">15% per la dose da 5 mg<\/strong>,<\/p><\/li><li data-start=\"675\" data-end=\"711\"><p data-start=\"677\" data-end=\"711\">Circa <strong data-start=\"683\" data-end=\"708\">19,5% per la dose da 10 mg<\/strong>,<\/p><\/li><li data-start=\"712\" data-end=\"748\"><p data-start=\"714\" data-end=\"748\">Circa <strong data-start=\"720\" data-end=\"745\">20,9% per una dose di 15 mg<\/strong>,<\/p><\/li><li data-start=\"749\" data-end=\"801\"><p data-start=\"751\" data-end=\"801\">Nel gruppo placebo, la riduzione \u00e8 stata circa <strong data-start=\"792\" data-end=\"800\">3.1%<\/strong>.<\/p><\/li><\/ul><p data-start=\"803\" data-end=\"931\">Inoltre, sono stati osservati miglioramenti nei parametri metabolici, tra cui cambiamenti nel profilo lipidico e negli indici del metabolismo del glucosio.<\/p><p data-start=\"933\" data-end=\"1115\">Vale la pena sottolineare che <strong data-start=\"954\" data-end=\"1028\">la dose di 2,5 mg negli studi clinici fungeva da dose introduttiva<\/strong>, utilizzato per migliorare la tolleranza prima di raggiungere livelli di dosaggio pi\u00f9 elevati.<\/p><hr data-start=\"2937\" data-end=\"2940\" \/><p data-start=\"2942\" data-end=\"2960\"><a href=\"https:\/\/tirzepatyd.eu\/wp-content\/uploads\/2025\/09\/2.5mg-0.5ml-Camera.png\"><img fetchpriority=\"high\" decoding=\"async\" class=\"aligncenter wp-image-30655 size-medium\" src=\"https:\/\/tirzepatyd.eu\/wp-content\/uploads\/2025\/09\/2.5mg-0.5ml-Camera-300x225.png\" alt=\"Tirzepatide 2,5 mg fiala - peptide di ricerca doppio GLP-1\/GIP, elevata purezza\" width=\"300\" height=\"225\" srcset=\"https:\/\/tirzepatyd.eu\/wp-content\/uploads\/2025\/09\/2.5mg-0.5ml-Camera-300x225.png 300w, https:\/\/tirzepatyd.eu\/wp-content\/uploads\/2025\/09\/2.5mg-0.5ml-Camera-800x600.png 800w, https:\/\/tirzepatyd.eu\/wp-content\/uploads\/2025\/09\/2.5mg-0.5ml-Camera-64x48.png 64w, https:\/\/tirzepatyd.eu\/wp-content\/uploads\/2025\/09\/2.5mg-0.5ml-Camera-768x576.png 768w, https:\/\/tirzepatyd.eu\/wp-content\/uploads\/2025\/09\/2.5mg-0.5ml-Camera-16x12.png 16w, https:\/\/tirzepatyd.eu\/wp-content\/uploads\/2025\/09\/2.5mg-0.5ml-Camera.png 1024w\" sizes=\"(max-width: 300px) 100vw, 300px\" \/><\/a><\/p><p data-start=\"2942\" data-end=\"2960\">Fonte scientifica<\/p><p data-start=\"2962\" data-end=\"3131\">Jastreboff AM e altri, <em data-start=\"2984\" data-end=\"3038\">Tirzepatide una volta alla settimana per il trattamento dell'obesit\u00e0<\/em>, New England Journal of Medicine, 2022.<br data-start=\"3078\" data-end=\"3081\" \/><a class=\"decorated-link\" href=\"https:\/\/pmc.ncbi.nlm.nih.gov\/articles\/PMC10088547\/\" target=\"_new\" rel=\"noopener\" data-start=\"3081\" data-end=\"3131\">https:\/\/pmc.ncbi.nlm.nih.gov\/articles\/PMC10088547\/<\/a><\/p><hr data-start=\"2937\" data-end=\"2940\" \/><p data-start=\"2962\" data-end=\"3131\"><strong>Il prodotto \u00e8 destinato alla ricerca scientifica e alle analisi di laboratorio. Tutti gli articoli e le informazioni contenute in questo sito web sono solo a scopo informativo ed educativo.<\/strong><\/p>\t\t\t\t\t\t\t\t<\/div>\n\t\t\t\t\t<\/div>\n\t\t<\/div>\n\t\t\t\t\t<\/div>\n\t\t<\/section>\n\t\t\t\t<\/div>","protected":false},"excerpt":{"rendered":"<p><strong data-start=\"116\" data-end=\"138\">Tireopatide 2,5 mg<\/strong> \u00e8 un peptide sintetico con doppia attivit\u00e0 contro i recettori GIP (peptide insulinotropico indipendente dal glucosio) e GLP-1 (peptide glucagone-simile-1). Questo composto \u00e8 al centro di ricerche sulla segnalazione delle incretine, sulla regolazione del metabolismo del glucosio e sui meccanismi di controllo dell'equilibrio energetico.<\/p>","protected":false},"featured_media":30655,"comment_status":"open","ping_status":"closed","template":"","meta":{"_acf_changed":false},"product_brand":[],"product_cat":[124,111,15],"product_tag":[136],"class_list":{"0":"post-13028","1":"product","2":"type-product","3":"status-publish","4":"has-post-thumbnail","6":"product_cat-produkty-w-fiolce","7":"product_cat-glp1gip","8":"product_cat-laboratory-research","9":"product_tag-fiolka","11":"first","12":"instock","13":"shipping-taxable","14":"purchasable","15":"product-type-variable"},"acf":[],"aioseo_notices":[],"_links":{"self":[{"href":"https:\/\/tirzepatyd.eu\/it\/wp-json\/wp\/v2\/product\/13028","targetHints":{"allow":["GET"]}}],"collection":[{"href":"https:\/\/tirzepatyd.eu\/it\/wp-json\/wp\/v2\/product"}],"about":[{"href":"https:\/\/tirzepatyd.eu\/it\/wp-json\/wp\/v2\/types\/product"}],"replies":[{"embeddable":true,"href":"https:\/\/tirzepatyd.eu\/it\/wp-json\/wp\/v2\/comments?post=13028"}],"version-history":[{"count":14,"href":"https:\/\/tirzepatyd.eu\/it\/wp-json\/wp\/v2\/product\/13028\/revisions"}],"predecessor-version":[{"id":35111,"href":"https:\/\/tirzepatyd.eu\/it\/wp-json\/wp\/v2\/product\/13028\/revisions\/35111"}],"wp:featuredmedia":[{"embeddable":true,"href":"https:\/\/tirzepatyd.eu\/it\/wp-json\/wp\/v2\/media\/30655"}],"wp:attachment":[{"href":"https:\/\/tirzepatyd.eu\/it\/wp-json\/wp\/v2\/media?parent=13028"}],"wp:term":[{"taxonomy":"product_brand","embeddable":true,"href":"https:\/\/tirzepatyd.eu\/it\/wp-json\/wp\/v2\/product_brand?post=13028"},{"taxonomy":"product_cat","embeddable":true,"href":"https:\/\/tirzepatyd.eu\/it\/wp-json\/wp\/v2\/product_cat?post=13028"},{"taxonomy":"product_tag","embeddable":true,"href":"https:\/\/tirzepatyd.eu\/it\/wp-json\/wp\/v2\/product_tag?post=13028"}],"curies":[{"name":"wp","href":"https:\/\/api.w.org\/{rel}","templated":true}]}}