{"id":34460,"date":"2026-01-06T20:29:32","date_gmt":"2026-01-06T19:29:32","guid":{"rendered":"https:\/\/tirzepatyd.eu\/?post_type=product&#038;p=34460"},"modified":"2026-04-18T11:50:01","modified_gmt":"2026-04-18T09:50:01","slug":"retatrutide-pen-20-mg","status":"publish","type":"product","link":"https:\/\/tirzepatyd.eu\/fr\/produit\/retatrutide-pen-20-mg\/","title":{"rendered":"Triple G PEN 20mg GLP3"},"content":{"rendered":"<div data-elementor-type=\"product-post\" data-elementor-id=\"34460\" class=\"elementor elementor-34460\" data-elementor-post-type=\"product\">\n\t\t\t\t\t\t<section class=\"elementor-section elementor-top-section elementor-element elementor-element-b5ca82b elementor-section-boxed elementor-section-height-default elementor-section-height-default\" data-id=\"b5ca82b\" data-element_type=\"section\" data-e-type=\"section\">\n\t\t\t\t\t\t<div class=\"elementor-container elementor-column-gap-default\">\n\t\t\t\t\t<div class=\"elementor-column elementor-col-100 elementor-top-column elementor-element elementor-element-482342e\" data-id=\"482342e\" data-element_type=\"column\" data-e-type=\"column\">\n\t\t\t<div class=\"elementor-widget-wrap elementor-element-populated\">\n\t\t\t\t\t\t<div class=\"elementor-element elementor-element-581567b elementor-widget elementor-widget-text-editor\" data-id=\"581567b\" data-element_type=\"widget\" data-e-type=\"widget\" data-widget_type=\"text-editor.default\">\n\t\t\t\t\t\t\t\t\t<h2 data-start=\"360\" data-end=\"399\">Retatrutide pen 20 mg - caract\u00e9ristiques<\/h2><p data-start=\"401\" data-end=\"823\">Le r\u00e9tatrutide pen 20 mg, identifi\u00e9 comme LY3437943, est un peptide synth\u00e9tique avec un profil d'activit\u00e9 multir\u00e9cepteur, appartenant au groupe des triples agonistes des r\u00e9cepteurs GLP-1, GIP et GCGR. La mol\u00e9cule a \u00e9t\u00e9 d\u00e9velopp\u00e9e pour moduler simultan\u00e9ment les voies de signalisation impliqu\u00e9es dans la r\u00e9gulation du m\u00e9tabolisme du glucose, du m\u00e9tabolisme \u00e9nerg\u00e9tique et des processus li\u00e9s \u00e0 l'\u00e9quilibre m\u00e9tabolique. Dans les \u00e9tudes mol\u00e9culaires et cliniques, le r\u00e9tatrutide est analys\u00e9 en tant que produit d'essai dot\u00e9 d'un m\u00e9canisme d'action complexe afin d'\u00e9valuer la relation entre l'activation de l'axe des incr\u00e9tines et la composante glucagon. Produit disponible en tant que r\u00e9actif de recherche pour une utilisation en laboratoire<\/p><hr data-start=\"1081\" data-end=\"1084\" \/><h2 data-start=\"1086\" data-end=\"1141\">Stylo de r\u00e9tatrutide 20 mg - mod\u00e8les d'\u00e9tude<\/h2><p data-start=\"1843\" data-end=\"2336\">Dans les publications scientifiques, le Retatrutide pen 20 mg est analys\u00e9 dans le contexte des changements du poids corporel, de la glyc\u00e9mie et d'autres param\u00e8tres m\u00e9taboliques. Les r\u00e9sultats d'une \u00e9tude de phase 2 publi\u00e9e dans <em data-start=\"2029\" data-end=\"2035\">NEJM<\/em> et les rapports ult\u00e9rieurs sur TRIUMPH ont fait en sorte que la mol\u00e9cule reste l'un des agonistes multir\u00e9cepteurs de nouvelle g\u00e9n\u00e9ration les plus comment\u00e9s. Des donn\u00e9es plus d\u00e9taill\u00e9es sont disponibles dans les sources scientifiques mentionn\u00e9es ci-dessous.<\/p><hr data-start=\"3414\" data-end=\"3417\" \/><h2 data-start=\"136\" data-end=\"186\">Prix du stylo de r\u00e9tatrutide 20 mg (produits de recherche)<\/h2><p data-start=\"188\" data-end=\"785\">Le r\u00e9tatrutide pen 20 mg n'a pas de prix m\u00e9dical officiel, car il s'agit d'une substance exp\u00e9rimentale et les offres disponibles ne concernent que des produits tels que <em data-start=\"340\" data-end=\"359\">\u00e0 l'usage exclusif de la recherche<\/em>. Le r\u00e9tatrutide de haute puret\u00e9 sous forme de poudre de recherche peut \u00eatre vendu en ligne \u00e0 des prix indicatifs d'environ 80-90 euros par flacon. Les flacons les plus couramment propos\u00e9s, contenant 5 \u00e0 10 mg de peptide, sont g\u00e9n\u00e9ralement vendus aux alentours de 100 \u00e0 180 euros, tandis que les flacons plus grands, par exemple de 12 mg, atteignent des prix de l'ordre de 130 \u00e0 200 euros, en fonction du fabricant et de la puret\u00e9 d\u00e9clar\u00e9e. Les kits plus \u00e9labor\u00e9s, tels que les stylos contenant environ 40 mg de peptide, peuvent parfois \u00eatre beaucoup plus chers et atteindre, dans certains cas, un prix de 350 \u00e0 380 euros. Des lots plus importants sont \u00e9galement disponibles sur les plates-formes d'essai internationales (ce que l'on appelle des \"stylos\"). <em data-start=\"1053\" data-end=\"1059\">en vrac<\/em>), couvrant des dizaines \u00e0 des centaines de milligrammes, \u00e0 des prix qui peuvent varier consid\u00e9rablement - d'environ 280 euros \u00e0 2 000 euros. Les diff\u00e9rences de prix sont principalement dues \u00e0 la quantit\u00e9 de peptide, \u00e0 la forme du produit (poudre ou stylo), \u00e0 la puret\u00e9 d\u00e9clar\u00e9e, au fabricant et aux conditions de vente et d'exp\u00e9dition. Toutes les valeurs cit\u00e9es sont indicatives et se r\u00e9f\u00e8rent uniquement au march\u00e9 des r\u00e9actifs de recherche.<\/p><p data-start=\"3832\" data-end=\"4087\"><a href=\"https:\/\/tirzepatyd.eu\/fr\/produit\/slu-pp-332\/\">Voir aussi SLU-PP-332 capsules 500mcg\/60caps<\/a><\/p><p data-start=\"3832\" data-end=\"4087\"><a href=\"https:\/\/tirzepatyd.eu\/wp-content\/uploads\/2026\/01\/Retatrutide-pen-20-mg.png\"><img fetchpriority=\"high\" decoding=\"async\" class=\"aligncenter wp-image-34438 size-medium\" src=\"https:\/\/tirzepatyd.eu\/wp-content\/uploads\/2026\/01\/Retatrutide-pen-20-mg-300x225.png\" alt=\"Retatrutide pen 20 mg - experimentelle Substanz f\u00fcr Forschungszwecke im Bereich Glukose- und Stoffwechselregulation\" width=\"300\" height=\"225\" srcset=\"https:\/\/tirzepatyd.eu\/wp-content\/uploads\/2026\/01\/Retatrutide-pen-20-mg-300x225.png 300w, https:\/\/tirzepatyd.eu\/wp-content\/uploads\/2026\/01\/Retatrutide-pen-20-mg-768x576.png 768w, https:\/\/tirzepatyd.eu\/wp-content\/uploads\/2026\/01\/Retatrutide-pen-20-mg-16x12.png 16w, https:\/\/tirzepatyd.eu\/wp-content\/uploads\/2026\/01\/Retatrutide-pen-20-mg-800x600.png 800w, https:\/\/tirzepatyd.eu\/wp-content\/uploads\/2026\/01\/Retatrutide-pen-20-mg-64x48.png 64w, https:\/\/tirzepatyd.eu\/wp-content\/uploads\/2026\/01\/Retatrutide-pen-20-mg.png 1024w\" sizes=\"(max-width: 300px) 100vw, 300px\" \/><\/a><\/p><hr data-start=\"4089\" data-end=\"4092\" \/><p data-start=\"4094\" data-end=\"4121\"><strong>Sources scientifiques :<\/strong><\/p><p data-start=\"4123\" data-end=\"4207\"><strong data-start=\"4127\" data-end=\"4205\">1) Le r\u00e9tatrutide, triple agoniste des r\u00e9cepteurs hormonaux, dans le traitement de l'ob\u00e9sit\u00e9 (NEJM \/ PubMed)<\/strong><\/p><p data-start=\"4123\" data-end=\"4207\"><a class=\"decorated-link\" href=\"https:\/\/pubmed.ncbi.nlm.nih.gov\/37366315\/\" target=\"_new\" rel=\"noopener\" data-start=\"4208\" data-end=\"4249\">https:\/\/pubmed.ncbi.nlm.nih.gov\/37366315\/<\/a><br data-start=\"4249\" data-end=\"4252\" \/><br \/><\/p><p data-start=\"4460\" data-end=\"4525\"><strong data-start=\"4464\" data-end=\"4523\">2) Perte de poids due au r\u00e9tatrutide et autres r\u00e9sultats (phase<\/strong><\/p><p data-start=\"4460\" data-end=\"4525\"><a class=\"decorated-link\" href=\"https:\/\/pubmed.ncbi.nlm.nih.gov\/38858523\/\" target=\"_new\" rel=\"noopener\" data-start=\"4526\" data-end=\"4567\">https:\/\/pubmed.ncbi.nlm.nih.gov\/38858523\/<\/a><br data-start=\"4567\" data-end=\"4570\" \/><br \/><\/p><p data-start=\"4764\" data-end=\"4836\"><strong data-start=\"4768\" data-end=\"4834\">3) R\u00e9sultats pr\u00e9liminaires de la phase III de TRIUMPH-4 (nouvelles \/ presse clinique)<\/strong><\/p><p data-start=\"4764\" data-end=\"4836\"><a class=\"decorated-link\" href=\"https:\/\/www.pharmexec.com\/view\/lilly-retatrutide-positive-topline-results-successful-phase-iii-trial\" target=\"_new\" rel=\"noopener\" data-start=\"4837\" data-end=\"4937\">https:\/\/www.pharmexec.com\/view\/lilly-retatrutide-positive-topline-results-successful-phase-iii-trial<\/a><br data-start=\"4937\" data-end=\"4940\" \/><br \/><\/p><p data-start=\"5096\" data-end=\"5162\"><strong data-start=\"5100\" data-end=\"5160\">4) M\u00e9ta-analyse du r\u00e9tatrutide sous-cutan\u00e9 en une semaine<\/strong><\/p><p data-start=\"5096\" data-end=\"5162\"><a class=\"decorated-link\" href=\"https:\/\/pubmed.ncbi.nlm.nih.gov\/39318607\/\" target=\"_new\" rel=\"noopener\" data-start=\"5163\" data-end=\"5204\">https:\/\/pubmed.ncbi.nlm.nih.gov\/39318607\/<\/a><br data-start=\"5204\" data-end=\"5207\" \/><br \/><\/p><p data-start=\"5421\" data-end=\"5489\"><strong data-start=\"5425\" data-end=\"5487\">5) Autres informations cliniques et effets sur la composition corporelle<\/strong><\/p><p data-start=\"5421\" data-end=\"5489\"><a class=\"decorated-link\" href=\"https:\/\/pubmed.ncbi.nlm.nih.gov\/40609566\/\" target=\"_new\" rel=\"noopener\" data-start=\"5490\" data-end=\"5531\">https:\/\/pubmed.ncbi.nlm.nih.gov\/40609566\/<\/a><br data-start=\"5531\" data-end=\"5534\" \/>\u00a0<\/p><hr data-start=\"4089\" data-end=\"4092\" \/><p data-start=\"5490\" data-end=\"5712\"><strong>Le produit est destin\u00e9 \u00e0 la recherche scientifique et \u00e0 l'analyse en laboratoire. Tous les articles et les informations figurant sur ce site web sont fournis \u00e0 titre informatif et \u00e9ducatif uniquement.<\/strong><\/p>\t\t\t\t\t\t\t\t<\/div>\n\t\t\t\t\t<\/div>\n\t\t<\/div>\n\t\t\t\t\t<\/div>\n\t\t<\/section>\n\t\t\t\t<\/div>","protected":false},"excerpt":{"rendered":"<p><strong data-start=\"99\" data-end=\"122\">Triple G 20 mg stylo<\/strong> est un peptide de recherche de pointe utilis\u00e9 pour analyser les m\u00e9canismes de r\u00e9gulation du poids et du m\u00e9tabolisme. Il agit en modulant des r\u00e9cepteurs m\u00e9taboliques cl\u00e9s et est disponible sous forme de r\u00e9actif pour les \u00e9tudes de laboratoire.<\/p>","protected":false},"featured_media":34438,"comment_status":"open","ping_status":"closed","template":"","meta":{"_acf_changed":false},"product_brand":[],"product_cat":[122,109,15],"product_tag":[],"class_list":{"0":"post-34460","1":"product","2":"type-product","3":"status-publish","4":"has-post-thumbnail","6":"product_cat-produkty-w-penie","7":"product_cat-triple-g","8":"product_cat-laboratory-research","10":"first","11":"instock","12":"sale","13":"shipping-taxable","14":"purchasable","15":"product-type-simple"},"acf":[],"aioseo_notices":[],"_links":{"self":[{"href":"https:\/\/tirzepatyd.eu\/fr\/wp-json\/wp\/v2\/product\/34460","targetHints":{"allow":["GET"]}}],"collection":[{"href":"https:\/\/tirzepatyd.eu\/fr\/wp-json\/wp\/v2\/product"}],"about":[{"href":"https:\/\/tirzepatyd.eu\/fr\/wp-json\/wp\/v2\/types\/product"}],"replies":[{"embeddable":true,"href":"https:\/\/tirzepatyd.eu\/fr\/wp-json\/wp\/v2\/comments?post=34460"}],"version-history":[{"count":69,"href":"https:\/\/tirzepatyd.eu\/fr\/wp-json\/wp\/v2\/product\/34460\/revisions"}],"predecessor-version":[{"id":35469,"href":"https:\/\/tirzepatyd.eu\/fr\/wp-json\/wp\/v2\/product\/34460\/revisions\/35469"}],"wp:featuredmedia":[{"embeddable":true,"href":"https:\/\/tirzepatyd.eu\/fr\/wp-json\/wp\/v2\/media\/34438"}],"wp:attachment":[{"href":"https:\/\/tirzepatyd.eu\/fr\/wp-json\/wp\/v2\/media?parent=34460"}],"wp:term":[{"taxonomy":"product_brand","embeddable":true,"href":"https:\/\/tirzepatyd.eu\/fr\/wp-json\/wp\/v2\/product_brand?post=34460"},{"taxonomy":"product_cat","embeddable":true,"href":"https:\/\/tirzepatyd.eu\/fr\/wp-json\/wp\/v2\/product_cat?post=34460"},{"taxonomy":"product_tag","embeddable":true,"href":"https:\/\/tirzepatyd.eu\/fr\/wp-json\/wp\/v2\/product_tag?post=34460"}],"curies":[{"name":"wp","href":"https:\/\/api.w.org\/{rel}","templated":true}]}}