{"id":34436,"date":"2026-01-06T18:19:13","date_gmt":"2026-01-06T17:19:13","guid":{"rendered":"https:\/\/tirzepatyd.eu\/?post_type=product&#038;p=34436"},"modified":"2026-04-18T11:50:26","modified_gmt":"2026-04-18T09:50:26","slug":"retatrutide-20mg","status":"publish","type":"product","link":"https:\/\/tirzepatyd.eu\/fr\/produit\/retatrutide-20mg\/","title":{"rendered":"Triple G 20mg mg flacon GLP3"},"content":{"rendered":"<div data-elementor-type=\"product-post\" data-elementor-id=\"34436\" class=\"elementor elementor-34436\" data-elementor-post-type=\"product\">\n\t\t\t\t\t\t<section class=\"elementor-section elementor-top-section elementor-element elementor-element-0a060c4 elementor-section-boxed elementor-section-height-default elementor-section-height-default\" data-id=\"0a060c4\" data-element_type=\"section\" data-e-type=\"section\">\n\t\t\t\t\t\t<div class=\"elementor-container elementor-column-gap-default\">\n\t\t\t\t\t<div class=\"elementor-column elementor-col-100 elementor-top-column elementor-element elementor-element-10a03f2\" data-id=\"10a03f2\" data-element_type=\"column\" data-e-type=\"column\">\n\t\t\t<div class=\"elementor-widget-wrap elementor-element-populated\">\n\t\t\t\t\t\t<div class=\"elementor-element elementor-element-8d55ed4 elementor-widget elementor-widget-text-editor\" data-id=\"8d55ed4\" data-element_type=\"widget\" data-e-type=\"widget\" data-widget_type=\"text-editor.default\">\n\t\t\t\t\t\t\t\t\t<h2 data-start=\"308\" data-end=\"355\">GLP3 retatrutide 20mg - caract\u00e9ristiques\u00a0<\/h2><p data-start=\"45\" data-end=\"410\">Le r\u00e9tatrutide 20 mg, \u00e9galement appel\u00e9 GLP3 reta, est un peptide de recherche synth\u00e9tique \u00e0 base d'acides amin\u00e9s, d\u00e9velopp\u00e9 comme triple agoniste des r\u00e9cepteurs GLP-1, GIP et glucagon. Ce compos\u00e9 appartient \u00e0 une nouvelle g\u00e9n\u00e9ration de mol\u00e9cules multir\u00e9cepteurs analys\u00e9es dans le cadre d'\u00e9tudes sur la r\u00e9gulation m\u00e9tabolique, l'hom\u00e9ostasie du glucose et l'\u00e9quilibre \u00e9nerg\u00e9tique.<\/p><p data-start=\"412\" data-end=\"1092\">Une caract\u00e9ristique du GLP3 reta (retatrutide) est son activit\u00e9 simultan\u00e9e sur trois axes de signalisation cl\u00e9s. L'activation du r\u00e9cepteur GLP-1 est analys\u00e9e dans le contexte de la r\u00e9gulation de l'app\u00e9tit, de la vidange gastrique retard\u00e9e et des effets sur les m\u00e9canismes de la sati\u00e9t\u00e9. Le r\u00e9cepteur GIP reste impliqu\u00e9 dans la modulation glucose-d\u00e9pendante de la s\u00e9cr\u00e9tion d'insuline et de la r\u00e9ponse m\u00e9tabolique, tandis que la composante glucagon est \u00e9tudi\u00e9e pour ses effets sur la d\u00e9pense \u00e9nerg\u00e9tique et le m\u00e9tabolisme des substrats. C'est ce profil complexe de r\u00e9cepteurs qui fait du Retatrutide 20 mg un mat\u00e9riel d'\u00e9tude important dans les analyses de la pharmacologie m\u00e9tabolique moderne.<\/p><hr data-start=\"1330\" data-end=\"1333\" \/><h2 data-start=\"1335\" data-end=\"1380\">O\u00f9 acheter Retatrutide 20mg en ligne disponibilit\u00e9<\/h2><p data-start=\"1382\" data-end=\"1662\"><strong data-start=\"1382\" data-end=\"1473\">Le GLP3 reta, ou r\u00e9tatrutide, n'est pas actuellement disponible en pharmacie en tant que m\u00e9dicament standard.<\/strong>. Cette substance se trouve \u00e0 un stade avanc\u00e9 des essais cliniques et n'a pas encore \u00e9t\u00e9 autoris\u00e9e en tant que m\u00e9dicament de routine.<\/p><p data-start=\"1664\" data-end=\"1993\">Les seules formes l\u00e9gales et m\u00e9dicalement supervis\u00e9es d'acc\u00e8s au r\u00e9tatrutide sont les suivantes <strong data-start=\"1735\" data-end=\"1765\">programmes d'essais cliniques<\/strong>. Les produits d\u00e9sign\u00e9s sur l'internet par les termes \u201eresearch peptide\u201d ou \u201eresearch peptide\u201d ne sont pas des m\u00e9dicaments approuv\u00e9s pour l'usage humain et leur qualit\u00e9 et leur composition ne sont pas soumises aux m\u00eames normes de contr\u00f4le que les produits pharmaceutiques.<\/p><p data-start=\"1995\" data-end=\"2135\">Du point de vue de la s\u00e9curit\u00e9 <strong data-start=\"2028\" data-end=\"2041\">GLP3 rh\u00e9ta<\/strong> ne doit \u00eatre consid\u00e9r\u00e9 que comme <strong data-start=\"2081\" data-end=\"2102\">substance d'essai<\/strong>, et non comme un produit de consommation.<\/p><hr data-start=\"2137\" data-end=\"2140\" \/><h2>Recherche sur le m\u00e9tabolisme<\/h2><p data-start=\"264\" data-end=\"521\">Des \u00e9tudes cliniques ont montr\u00e9 que le r\u00e9tatrutide 20 mg a un effet tr\u00e8s important sur la r\u00e9duction du poids chez les adultes ob\u00e8ses, ce qui a \u00e9t\u00e9 confirm\u00e9 dans des essais randomis\u00e9s contr\u00f4l\u00e9s par placebo men\u00e9s sur une p\u00e9riode allant jusqu'\u00e0 48 semaines.<\/p><p data-start=\"523\" data-end=\"954\">Dans cette \u00e9tude, plusieurs niveaux de dose de r\u00e9tatrutide ont \u00e9t\u00e9 \u00e9valu\u00e9s, appliqu\u00e9s selon un sch\u00e9ma d'escalade graduelle. Une relation dose-effet claire a \u00e9t\u00e9 observ\u00e9e, les doses les plus \u00e9lev\u00e9es \u00e9tant associ\u00e9es \u00e0 une perte de poids plus importante. Dans les groupes recevant les doses les plus \u00e9lev\u00e9es, la r\u00e9duction de poids moyenne a atteint environ 24-26% du poids initial, l'un des r\u00e9sultats les plus \u00e9lev\u00e9s enregistr\u00e9s dans les \u00e9tudes sur le traitement pharmacologique de l'ob\u00e9sit\u00e9.<\/p><p data-start=\"956\" data-end=\"1341\">Les analyses auxiliaires ont montr\u00e9 que la perte de poids \u00e9tait progressive et soutenue tout au long du traitement, sans plateau abrupt dans les derni\u00e8res semaines de l'\u00e9tude. La r\u00e9duction de poids concernait principalement le tissu adipeux, ce qui indique un effet b\u00e9n\u00e9fique du r\u00e9tatrutide sur la composition corporelle, et pas seulement une perte de poids \u00e0 court terme r\u00e9sultant d'une d\u00e9shydratation ou d'une perte de masse corporelle maigre.<\/p><hr data-start=\"2973\" data-end=\"2976\" \/><h2 data-start=\"2978\" data-end=\"3034\">Plans d'\u00e9tude et observations de l'\u00e9tude GLP3 Retatrutide 20mg<\/h2><p data-start=\"3036\" data-end=\"3260\">Le GLP3 rheta (retatrutide) n'a pas de sch\u00e9ma posologique approuv\u00e9 pour les patients, car il s'agit d'une substance exp\u00e9rimentale et toutes les informations sur le dosage proviennent uniquement des protocoles d'essais cliniques de phase II et III.<\/p><p data-start=\"115\" data-end=\"444\">Outre les modifications du poids corporel, le r\u00e9tatrutide 20 mg (GLP3 reta) a \u00e9galement \u00e9t\u00e9 analys\u00e9 dans des \u00e9tudes portant sur d'autres param\u00e8tres m\u00e9taboliques. Une am\u00e9lioration du contr\u00f4le de la glyc\u00e9mie, li\u00e9e \u00e0 l'effet de la substance sur la r\u00e9ponse insulinotrope d\u00e9pendante du glucose et sur certains indices de sensibilit\u00e9 m\u00e9tabolique, a \u00e9t\u00e9 observ\u00e9e chez des sujets atteints de diab\u00e8te de type 2.<\/p><p data-start=\"446\" data-end=\"780\">Les analyses de composition corporelle disponibles ont indiqu\u00e9 que les changements observ\u00e9s concernaient principalement le tissu adipeux, ce qui est important pour \u00e9valuer la qualit\u00e9 de la r\u00e9ponse m\u00e9tabolique. Les publications d\u00e9crivent \u00e9galement des changements b\u00e9n\u00e9fiques dans certains param\u00e8tres cardiom\u00e9taboliques, y compris des indices li\u00e9s au m\u00e9tabolisme des lipides et au m\u00e9tabolisme \u00e9nerg\u00e9tique.<\/p><p data-start=\"5312\" data-end=\"5507\"><a href=\"https:\/\/tirzepatyd.eu\/de\/shop-produkt\/orforglipron\/\">Voir aussi GLP-1 (Orforglipron) g\u00e9lules 5mg\/60g\u00e9lules<\/a><\/p><p data-start=\"5312\" data-end=\"5507\"><a href=\"https:\/\/tirzepatyd.eu\/wp-content\/uploads\/2026\/01\/Retatrutide-20mg-vial-Camera.png\"><img fetchpriority=\"high\" decoding=\"async\" class=\"aligncenter wp-image-34437 size-medium\" src=\"https:\/\/tirzepatyd.eu\/wp-content\/uploads\/2026\/01\/Retatrutide-20mg-vial-Camera-300x225.png\" alt=\"GLP3 RETA PEPTIDE Retatrutide 20mg - Peptidreagenz in Durchstechflasche f\u00fcr die Metabolismusforschung\" width=\"300\" height=\"225\" srcset=\"https:\/\/tirzepatyd.eu\/wp-content\/uploads\/2026\/01\/Retatrutide-20mg-vial-Camera-300x225.png 300w, https:\/\/tirzepatyd.eu\/wp-content\/uploads\/2026\/01\/Retatrutide-20mg-vial-Camera-768x576.png 768w, https:\/\/tirzepatyd.eu\/wp-content\/uploads\/2026\/01\/Retatrutide-20mg-vial-Camera-16x12.png 16w, https:\/\/tirzepatyd.eu\/wp-content\/uploads\/2026\/01\/Retatrutide-20mg-vial-Camera-800x600.png 800w, https:\/\/tirzepatyd.eu\/wp-content\/uploads\/2026\/01\/Retatrutide-20mg-vial-Camera-64x48.png 64w, https:\/\/tirzepatyd.eu\/wp-content\/uploads\/2026\/01\/Retatrutide-20mg-vial-Camera.png 1024w\" sizes=\"(max-width: 300px) 100vw, 300px\" \/><\/a><\/p><hr data-start=\"5509\" data-end=\"5512\" \/><p data-start=\"5514\" data-end=\"5530\"><strong>Sources scientifiques :<\/strong><\/p><p data-start=\"5532\" data-end=\"5753\"><strong data-start=\"5532\" data-end=\"5609\">1) PubMed - essai clinique du r\u00e9tatrutide chez des sujets ob\u00e8ses (48 semaines)<\/strong><br data-start=\"5609\" data-end=\"5612\" \/><a class=\"decorated-link\" href=\"https:\/\/pubmed.ncbi.nlm.nih.gov\/37366315\" target=\"_new\" rel=\"noopener\" data-start=\"5612\" data-end=\"5653\">https:\/\/pubmed.ncbi.nlm.nih.gov\/37366315\/<\/a><br data-start=\"5653\" data-end=\"5656\" \/>Confirme le m\u00e9canisme d'action en tant que triagoniste GLP-1\/GIP\/glucagon et la forte r\u00e9duction de poids.<\/p><p data-start=\"5755\" data-end=\"5985\"><strong data-start=\"5755\" data-end=\"5832\">2. le New England Journal of Medicine - publication compl\u00e8te des r\u00e9sultats de l'\u00e9tude<\/strong><br data-start=\"5832\" data-end=\"5835\" \/><a class=\"decorated-link\" href=\"https:\/\/www.nejm.org\/doi\/full\/10.1056\/NEJMoa2301972\" target=\"_new\" rel=\"noopener\" data-start=\"5835\" data-end=\"5886\">https:\/\/www.nejm.org\/doi\/full\/10.1056\/NEJMoa2301972<\/a><br data-start=\"5886\" data-end=\"5889\" \/>D\u00e9crit l'efficacit\u00e9 (jusqu'\u00e0 une perte de poids de ~24%), le profil de s\u00e9curit\u00e9 et la pertinence clinique.<\/p><p data-start=\"5987\" data-end=\"6169\"><strong data-start=\"5987\" data-end=\"6048\">3) PubMed - \u00c9tude de phase II chez des patients atteints de diab\u00e8te de type 2<\/strong><br data-start=\"6048\" data-end=\"6051\" \/><a class=\"decorated-link\" href=\"https:\/\/pubmed.ncbi.nlm.nih.gov\/37385280\" target=\"_new\" rel=\"noopener\" data-start=\"6051\" data-end=\"6092\">https:\/\/pubmed.ncbi.nlm.nih.gov\/37385280\/<\/a><br data-start=\"6092\" data-end=\"6095\" \/>Elle confirme l'am\u00e9lioration du contr\u00f4le de la glyc\u00e9mie et la r\u00e9duction concomitante du poids.<\/p><p data-start=\"6171\" data-end=\"6362\"><strong data-start=\"6171\" data-end=\"6225\">4) PubMed - analyse de la dose et de la tol\u00e9rabilit\u00e9 du r\u00e9tatrutide<\/strong><br data-start=\"6225\" data-end=\"6228\" \/><a class=\"decorated-link\" href=\"https:\/\/pubmed.ncbi.nlm.nih.gov\/38858523\" target=\"_new\" rel=\"noopener\" data-start=\"6228\" data-end=\"6269\">https:\/\/pubmed.ncbi.nlm.nih.gov\/38858523\/<\/a><br data-start=\"6269\" data-end=\"6272\" \/>D\u00e9crit les sch\u00e9mas d'escalade des doses et la relation dose-effet et dose-effet.<\/p><p data-start=\"6364\" data-end=\"6551\"><strong data-start=\"6364\" data-end=\"6427\">5. NEJM - commentaire \u00e9ditorial sur les triagonistes (\u201eTriple G\u201d)<\/strong><br data-start=\"6427\" data-end=\"6430\" \/><a class=\"decorated-link\" href=\"https:\/\/www.nejm.org\/doi\/abs\/10.1056\/NEJMe2307282\" target=\"_new\" rel=\"noopener\" data-start=\"6430\" data-end=\"6479\">https:\/\/www.nejm.org\/doi\/abs\/10.1056\/NEJMe2307282<\/a><br data-start=\"6479\" data-end=\"6482\" \/>Explique l'importance du r\u00e9tatrutide en tant que nouvelle g\u00e9n\u00e9ration de traitement de l'ob\u00e9sit\u00e9.<\/p><hr data-start=\"4089\" data-end=\"4092\" \/><p data-start=\"6364\" data-end=\"6551\"><strong>Le produit est destin\u00e9 \u00e0 la recherche scientifique et \u00e0 l'analyse en laboratoire. Tous les articles et les informations figurant sur ce site web sont fournis \u00e0 titre informatif et \u00e9ducatif uniquement.<\/strong><\/p>\t\t\t\t\t\t\t\t<\/div>\n\t\t\t\t\t<\/div>\n\t\t<\/div>\n\t\t\t\t\t<\/div>\n\t\t<\/section>\n\t\t\t\t<\/div>","protected":false},"excerpt":{"rendered":"<p><strong data-start=\"477\" data-end=\"504\">Triple G 20mg<\/strong> est un peptide de recherche synth\u00e9tique appartenant au groupe des triagonistes de r\u00e9cepteurs. Il est con\u00e7u pour activer simultan\u00e9ment les r\u00e9cepteurs du GLP-1, du GIP et du glucagon, qui jouent un r\u00f4le cl\u00e9 dans la r\u00e9gulation du m\u00e9tabolisme et du m\u00e9tabolisme \u00e9nerg\u00e9tique.<\/p>","protected":false},"featured_media":34437,"comment_status":"open","ping_status":"closed","template":"","meta":{"_acf_changed":false},"product_brand":[],"product_cat":[124,109,15],"product_tag":[136],"class_list":{"0":"post-34436","1":"product","2":"type-product","3":"status-publish","4":"has-post-thumbnail","6":"product_cat-produkty-w-fiolce","7":"product_cat-triple-g","8":"product_cat-laboratory-research","9":"product_tag-fiolka","11":"first","12":"instock","13":"sale","14":"shipping-taxable","15":"purchasable","16":"product-type-simple"},"acf":[],"aioseo_notices":[],"_links":{"self":[{"href":"https:\/\/tirzepatyd.eu\/fr\/wp-json\/wp\/v2\/product\/34436","targetHints":{"allow":["GET"]}}],"collection":[{"href":"https:\/\/tirzepatyd.eu\/fr\/wp-json\/wp\/v2\/product"}],"about":[{"href":"https:\/\/tirzepatyd.eu\/fr\/wp-json\/wp\/v2\/types\/product"}],"replies":[{"embeddable":true,"href":"https:\/\/tirzepatyd.eu\/fr\/wp-json\/wp\/v2\/comments?post=34436"}],"version-history":[{"count":51,"href":"https:\/\/tirzepatyd.eu\/fr\/wp-json\/wp\/v2\/product\/34436\/revisions"}],"predecessor-version":[{"id":35470,"href":"https:\/\/tirzepatyd.eu\/fr\/wp-json\/wp\/v2\/product\/34436\/revisions\/35470"}],"wp:featuredmedia":[{"embeddable":true,"href":"https:\/\/tirzepatyd.eu\/fr\/wp-json\/wp\/v2\/media\/34437"}],"wp:attachment":[{"href":"https:\/\/tirzepatyd.eu\/fr\/wp-json\/wp\/v2\/media?parent=34436"}],"wp:term":[{"taxonomy":"product_brand","embeddable":true,"href":"https:\/\/tirzepatyd.eu\/fr\/wp-json\/wp\/v2\/product_brand?post=34436"},{"taxonomy":"product_cat","embeddable":true,"href":"https:\/\/tirzepatyd.eu\/fr\/wp-json\/wp\/v2\/product_cat?post=34436"},{"taxonomy":"product_tag","embeddable":true,"href":"https:\/\/tirzepatyd.eu\/fr\/wp-json\/wp\/v2\/product_tag?post=34436"}],"curies":[{"name":"wp","href":"https:\/\/api.w.org\/{rel}","templated":true}]}}