{"id":25510,"date":"2025-01-11T12:41:49","date_gmt":"2025-01-11T11:41:49","guid":{"rendered":"https:\/\/tirzepatyd.eu\/?post_type=product&#038;p=25510"},"modified":"2026-04-18T10:15:50","modified_gmt":"2026-04-18T08:15:50","slug":"tirzepatid-20mg","status":"publish","type":"product","link":"https:\/\/tirzepatyd.eu\/fr\/produit\/tirzepatid-20mg\/","title":{"rendered":"GLP1+GIP 20 mg"},"content":{"rendered":"<div data-elementor-type=\"product-post\" data-elementor-id=\"25510\" class=\"elementor elementor-25510\" data-elementor-post-type=\"product\">\n\t\t\t\t\t\t<section class=\"elementor-section elementor-top-section elementor-element elementor-element-0a060c4 elementor-section-boxed elementor-section-height-default elementor-section-height-default\" data-id=\"0a060c4\" data-element_type=\"section\" data-e-type=\"section\">\n\t\t\t\t\t\t<div class=\"elementor-container elementor-column-gap-default\">\n\t\t\t\t\t<div class=\"elementor-column elementor-col-100 elementor-top-column elementor-element elementor-element-10a03f2\" data-id=\"10a03f2\" data-element_type=\"column\" data-e-type=\"column\">\n\t\t\t<div class=\"elementor-widget-wrap elementor-element-populated\">\n\t\t\t\t\t\t<div class=\"elementor-element elementor-element-8d55ed4 elementor-widget elementor-widget-text-editor\" data-id=\"8d55ed4\" data-element_type=\"widget\" data-e-type=\"widget\" data-widget_type=\"text-editor.default\">\n\t\t\t\t\t\t\t\t\t<h2 data-start=\"215\" data-end=\"285\">Tirzepatide 20mg - caract\u00e9risation mol\u00e9culaire<\/h2><p data-start=\"287\" data-end=\"654\"><span class=\"hover:entity-accent entity-underline inline cursor-pointer align-baseline\"><span class=\"whitespace-normal\">Thirzepatide 20mg<\/span><\/span>\u00a0est un peptide synth\u00e9tique d'un poids mol\u00e9culaire d'environ 4813 Da, con\u00e7u comme un double agoniste des r\u00e9cepteurs GIPR et GLP-1R. La mol\u00e9cule contient une s\u00e9quence d'acides amin\u00e9s modifi\u00e9e et une cha\u00eene lipidique qui permet une liaison r\u00e9versible \u00e0 l'albumine, ce qui prolonge la demi-vie et augmente la stabilit\u00e9 dans l'environnement biologique.<\/p><p data-start=\"656\" data-end=\"924\">Selon les analyses pharmacologiques d\u00e9crites dans la revue de Min et al. (2023), le tirzepatide a la capacit\u00e9 d'activer les r\u00e9cepteurs des incr\u00e9tines par un m\u00e9canisme d\u00e9pendant de la prot\u00e9ine Gs, ce qui entra\u00eene une augmentation des niveaux d'AMPc et l'activation des cascades de signalisation en aval.<\/p><hr data-start=\"926\" data-end=\"929\" \/><h2 data-start=\"931\" data-end=\"1000\">M\u00e9canisme r\u00e9cepteur du thiothrombid 20mg - donn\u00e9es issues d'\u00e9tudes pr\u00e9cliniques et cliniques<\/h2><p data-start=\"1002\" data-end=\"1047\">La double activation du GIPR et du GLP-1R entra\u00eene :<\/p><ul data-start=\"1049\" data-end=\"1253\"><li data-start=\"1049\" data-end=\"1095\"><p data-start=\"1051\" data-end=\"1095\">augmentation de la s\u00e9cr\u00e9tion d'insuline d\u00e9pendante du glucose,<\/p><\/li><li data-start=\"1096\" data-end=\"1160\"><p data-start=\"1098\" data-end=\"1160\">l'inhibition de la s\u00e9cr\u00e9tion de glucagon dans des conditions d'hyperglyc\u00e9mie,<\/p><\/li><li data-start=\"1161\" data-end=\"1198\"><p data-start=\"1163\" data-end=\"1198\">ralentir la vidange gastrique,<\/p><\/li><li data-start=\"1199\" data-end=\"1253\"><p data-start=\"1201\" data-end=\"1253\">des effets sur les m\u00e9canismes centraux de r\u00e9gulation de l'app\u00e9tit.<\/p><\/li><\/ul><p data-start=\"1255\" data-end=\"1410\">Des \u00e9tudes in vitro ont montr\u00e9 que l'activation de ces r\u00e9cepteurs augmente les niveaux d'AMPc et module l'expression des g\u00e8nes li\u00e9s au m\u00e9tabolisme du glucose et des lipides.<\/p><p data-start=\"1412\" data-end=\"1607\">Une revue m\u00e9caniste (Min T. et al., 2023) souligne que l'activation simultan\u00e9e du GIP et du GLP-1 peut conduire \u00e0 des effets synergiques d\u00e9passant la somme des effets des agonistes individuels.<\/p><p data-start=\"1609\" data-end=\"1669\">Source :<br data-start=\"1616\" data-end=\"1619\" \/><a class=\"decorated-link\" href=\"https:\/\/pmc.ncbi.nlm.nih.gov\/articles\/PMC10107501\/\" target=\"_new\" rel=\"noopener\" data-start=\"1619\" data-end=\"1669\">https:\/\/pmc.ncbi.nlm.nih.gov\/articles\/PMC10107501\/<\/a><\/p><hr data-start=\"1671\" data-end=\"1674\" \/><h2 data-start=\"1676\" data-end=\"1744\">R\u00e9sultats cliniques - analyse des niveaux d'exposition les plus \u00e9lev\u00e9s<\/h2><p data-start=\"1746\" data-end=\"1897\">Dans l'\u00e9tude SURMOUNT-1 publi\u00e9e dans la revue <span class=\"hover:entity-accent entity-underline inline cursor-pointer align-baseline\"><span class=\"whitespace-normal\">New England Journal of Medicine (en anglais)<\/span><\/span> (2022) ont \u00e9valu\u00e9 l'effet du tirzepatydu sur le poids corporel apr\u00e8s 72 semaines de suivi.<\/p><p data-start=\"1899\" data-end=\"1963\">La dose la plus \u00e9lev\u00e9e analys\u00e9e dans l'\u00e9tude (15 mg) a \u00e9t\u00e9 rapport\u00e9e :<\/p><ul data-start=\"1965\" data-end=\"2127\"><li data-start=\"1965\" data-end=\"2003\"><p data-start=\"1967\" data-end=\"2003\">r\u00e9duction moyenne du poids de 20,9%,<\/p><\/li><li data-start=\"2004\" data-end=\"2057\"><p data-start=\"2006\" data-end=\"2057\">\u226520% r\u00e9duction de poids chez plus de 50% participants,<\/p><\/li><li data-start=\"2058\" data-end=\"2127\"><p data-start=\"2060\" data-end=\"2127\">am\u00e9liorer les param\u00e8tres lipidiques et abaisser la tension art\u00e9rielle systolique.<\/p><\/li><\/ul><p data-start=\"2129\" data-end=\"2306\">L'\u00e9tude SURPASS-2 (NEJM 2021) a montr\u00e9 que le tirzepatide entra\u00eenait une r\u00e9duction plus importante de l'HbA1c que le tirzepatide. <span class=\"hover:entity-accent entity-underline inline cursor-pointer align-baseline\"><span class=\"whitespace-normal\">Semaglutide<\/span><\/span> et \u00e0 une r\u00e9duction significative du poids corporel.<\/p><p data-start=\"2308\" data-end=\"2403\">Sources :<br data-start=\"2315\" data-end=\"2318\" \/><a class=\"decorated-link\" href=\"https:\/\/pubmed.ncbi.nlm.nih.gov\/35658024\/\" target=\"_new\" rel=\"noopener\" data-start=\"2318\" data-end=\"2359\">https:\/\/pubmed.ncbi.nlm.nih.gov\/35658024\/<\/a><br data-start=\"2359\" data-end=\"2362\" \/><a class=\"decorated-link\" href=\"https:\/\/pubmed.ncbi.nlm.nih.gov\/34170647\/\" target=\"_new\" rel=\"noopener\" data-start=\"2362\" data-end=\"2403\">https:\/\/pubmed.ncbi.nlm.nih.gov\/34170647\/<\/a><\/p><p data-start=\"2405\" data-end=\"2495\">Ces donn\u00e9es indiquent un effet et une intensit\u00e9 d'activation des r\u00e9cepteurs clairement d\u00e9pendants de la dose.<\/p><hr data-start=\"2497\" data-end=\"2500\" \/><h2 data-start=\"2502\" data-end=\"2537\">Importance pour la recherche de la variante tirzepatid 20mg<\/h2><p data-start=\"2539\" data-end=\"2676\">Bien que des doses allant jusqu'\u00e0 15 mg aient \u00e9t\u00e9 analys\u00e9es dans des \u00e9tudes d'enregistrement, la variante de 20 mg constitue un mod\u00e8le d'\u00e9valuation en laboratoire :<\/p><ul data-start=\"2678\" data-end=\"2861\"><li data-start=\"2678\" data-end=\"2729\"><p data-start=\"2680\" data-end=\"2729\">l'activation maximale des r\u00e9cepteurs de l'incr\u00e9tine,<\/p><\/li><li data-start=\"2730\" data-end=\"2761\"><p data-start=\"2732\" data-end=\"2761\">la relation dose-r\u00e9ponse,<\/p><\/li><li data-start=\"2762\" data-end=\"2798\"><p data-start=\"2764\" data-end=\"2798\">Intensit\u00e9 de la signalisation GPCR,<\/p><\/li><li data-start=\"2799\" data-end=\"2861\"><p data-start=\"2801\" data-end=\"2861\">des effets m\u00e9taboliques lors d'une exposition plus importante des r\u00e9cepteurs.<\/p><\/li><\/ul><p data-start=\"2863\" data-end=\"3023\">Dans des mod\u00e8les animaux, l'activation de l'axe GIP\/GLP-1 a entra\u00een\u00e9 des changements dans l'expression des g\u00e8nes li\u00e9s au m\u00e9tabolisme des lipides et \u00e0 la r\u00e9gulation du m\u00e9tabolisme des glucides.<\/p><hr data-start=\"3025\" data-end=\"3028\" \/><h2 data-start=\"3030\" data-end=\"3060\">Nature et qualit\u00e9 du mat\u00e9riel<\/h2><p data-start=\"3062\" data-end=\"3192\">Le Tirzepatide 20 mg propos\u00e9 comme mat\u00e9riel d'essai constitue une substance de r\u00e9f\u00e9rence pour les analyses biochimiques et pharmacologiques.<\/p><p data-start=\"3194\" data-end=\"3357\">La qualit\u00e9 du produit doit \u00eatre confirm\u00e9e par une documentation analytique (par exemple, profil HPLC, certificat d'analyse - CoA), garantissant la reproductibilit\u00e9 des r\u00e9sultats exp\u00e9rimentaux.<\/p><p data-start=\"3359\" data-end=\"3451\">Le produit est destin\u00e9 \u00e0 la recherche et \u00e0 l'analyse uniquement (Research Use Only).<\/p><hr data-start=\"3025\" data-end=\"3028\" \/><h2 data-start=\"127\" data-end=\"195\">Thirzepatide vs Semaglutide vs Retatrutide - m\u00e9canisme du r\u00e9cepteur<\/h2><p data-start=\"197\" data-end=\"450\"><span class=\"hover:entity-accent entity-underline inline cursor-pointer align-baseline\"><span class=\"whitespace-normal\">Semaglutide<\/span><\/span>, <span class=\"hover:entity-accent entity-underline inline cursor-pointer align-baseline\"><span class=\"whitespace-normal\">Tirzepatide<\/span><\/span> et <span class=\"hover:entity-accent entity-underline inline cursor-pointer align-baseline\"><span class=\"whitespace-normal\">R\u00e9tatrutide<\/span><\/span> appartiennent au groupe des agonistes de l'incr\u00e9tine avanc\u00e9s, qui diff\u00e8rent par le degr\u00e9 d'activation des r\u00e9cepteurs et le profil pharmacodynamique.<\/p><p data-start=\"452\" data-end=\"661\"><strong data-start=\"452\" data-end=\"467\">Semaglutide<\/strong> agit s\u00e9lectivement sur le r\u00e9cepteur GLP-1R. L'activation de ce r\u00e9cepteur entra\u00eene une augmentation des niveaux d'AMPc, une modulation de la r\u00e9ponse insulinotrope et des effets sur les m\u00e9canismes centraux de r\u00e9gulation de l'app\u00e9tit.<\/p><p data-start=\"663\" data-end=\"1138\"><strong data-start=\"663\" data-end=\"678\">Tirzepatide<\/strong>, y compris l'option d\u00e9nomm\u00e9e <strong data-start=\"709\" data-end=\"728\">tirzepatid 20mg<\/strong>, L'insuline est un m\u00e9dicament qui pr\u00e9sente un double m\u00e9canisme d'action gr\u00e2ce \u00e0 l'activation simultan\u00e9e des r\u00e9cepteurs du GLP-1R et du GIPR. L'int\u00e9gration de ces deux axes incr\u00e9tins conduit \u00e0 une r\u00e9ponse AMPc-d\u00e9pendante accrue et \u00e0 un effet dose-d\u00e9pendant prononc\u00e9 observ\u00e9s dans les essais cliniques. La litt\u00e9rature indique que le double agonisme GIP + GLP-1 peut g\u00e9n\u00e9rer un effet synergique sup\u00e9rieur \u00e0 celui d'un agoniste s\u00e9lectif du GLP-1.<\/p><p data-start=\"1140\" data-end=\"1400\"><strong data-start=\"1140\" data-end=\"1155\">R\u00e9tatrutide<\/strong> repr\u00e9sente un mod\u00e8le plus complexe - il active le GLP-1R, le GIPR et le r\u00e9cepteur du glucagon (GCGR). Ce triagonisme \u00e9tend la r\u00e9ponse m\u00e9tabolique \u00e0 des m\u00e9canismes suppl\u00e9mentaires li\u00e9s \u00e0 la r\u00e9gulation du m\u00e9tabolisme des lipides et des substrats \u00e9nerg\u00e9tiques.<\/p><p data-start=\"1402\" data-end=\"1431\">Pour r\u00e9sumer les m\u00e9canismes :<\/p><ul data-start=\"1433\" data-end=\"1596\"><li data-start=\"1433\" data-end=\"1478\"><p data-start=\"1435\" data-end=\"1478\">le semaglutide, un agoniste s\u00e9lectif du GLP-1R,<\/p><\/li><li data-start=\"1479\" data-end=\"1547\"><p data-start=\"1481\" data-end=\"1547\">tirzepatide \/ tirzepatid 20mg - double agoniste du GLP-1R et du GIPR,<\/p><\/li><li data-start=\"1548\" data-end=\"1596\"><p data-start=\"1550\" data-end=\"1596\">r\u00e9tatrutide - un triagoniste du GLP-1R, du GIPR et du GCGR.<\/p><\/li><\/ul><p data-start=\"1598\" data-end=\"1710\">La gamme des r\u00e9cepteurs activ\u00e9s est un \u00e9l\u00e9ment cl\u00e9 pour diff\u00e9rencier ces mol\u00e9cules dans les \u00e9tudes pharmacologiques.<\/p><hr data-start=\"1712\" data-end=\"1715\" \/><h2 data-start=\"1717\" data-end=\"1783\">Thirzepatide 20mg - disponibilit\u00e9 et lieu d'achat (recherche nature)<\/h2><p data-start=\"1785\" data-end=\"1942\">Dans un contexte de laboratoire <strong data-start=\"1813\" data-end=\"1832\">tirzepatid 20mg<\/strong> sert de mat\u00e9riel de r\u00e9f\u00e9rence pour la recherche uniquement (Research Use Only).<\/p><p data-start=\"1944\" data-end=\"2071\">Les substances de ce type sont propos\u00e9es par des fournisseurs sp\u00e9cialis\u00e9s de r\u00e9actifs et de mat\u00e9riel analytique :<\/p><ul data-start=\"2073\" data-end=\"2226\"><li data-start=\"2073\" data-end=\"2128\"><p data-start=\"2075\" data-end=\"2128\">la documentation sur la qualit\u00e9 (certificat d'analyse - CoA),<\/p><\/li><li data-start=\"2129\" data-end=\"2174\"><p data-start=\"2131\" data-end=\"2174\">profil de puret\u00e9 confirm\u00e9 (par exemple HPLC),<\/p><\/li><li data-start=\"2175\" data-end=\"2226\"><p data-start=\"2177\" data-end=\"2226\">l'identification des lots et les conditions de stockage.<\/p><\/li><\/ul><p data-start=\"2228\" data-end=\"2344\">Sur le march\u00e9 de la recherche, il est important de confirmer la qualit\u00e9 analytique et la compatibilit\u00e9 avec l'objectif exp\u00e9rimental.<\/p><p data-start=\"2346\" data-end=\"2464\">Le produit n'est pas destin\u00e9 \u00e0 un usage th\u00e9rapeutique autonome ou \u00e0 une utilisation en dehors des essais contr\u00f4l\u00e9s.<\/p><p data-start=\"2346\" data-end=\"2464\"><a href=\"https:\/\/tirzepatyd.eu\/de\/shop-produkt\/tirzepatide-20-mg-stift\">Voir aussi Tirzepatide 20 mg en dispositif (stylo)<\/a><\/p><hr data-start=\"1712\" data-end=\"1715\" \/><p data-start=\"2346\" data-end=\"2464\"><a href=\"https:\/\/tirzepatyd.eu\/wp-content\/uploads\/2026\/02\/Tirzepatid-20mg.png\"><img fetchpriority=\"high\" decoding=\"async\" class=\"wp-image-35032 size-medium aligncenter\" src=\"https:\/\/tirzepatyd.eu\/wp-content\/uploads\/2026\/02\/Tirzepatid-20mg-300x225.png\" alt=\"Tirzepatid 20mg in vial \u2013 high purity laboratory peptide\" width=\"300\" height=\"225\" srcset=\"https:\/\/tirzepatyd.eu\/wp-content\/uploads\/2026\/02\/Tirzepatid-20mg-300x225.png 300w, https:\/\/tirzepatyd.eu\/wp-content\/uploads\/2026\/02\/Tirzepatid-20mg-768x576.png 768w, https:\/\/tirzepatyd.eu\/wp-content\/uploads\/2026\/02\/Tirzepatid-20mg-16x12.png 16w, https:\/\/tirzepatyd.eu\/wp-content\/uploads\/2026\/02\/Tirzepatid-20mg-800x600.png 800w, https:\/\/tirzepatyd.eu\/wp-content\/uploads\/2026\/02\/Tirzepatid-20mg-400x300.png 400w, https:\/\/tirzepatyd.eu\/wp-content\/uploads\/2026\/02\/Tirzepatid-20mg-64x48.png 64w, https:\/\/tirzepatyd.eu\/wp-content\/uploads\/2026\/02\/Tirzepatid-20mg.png 1024w\" sizes=\"(max-width: 300px) 100vw, 300px\" \/><\/a><\/p><hr data-start=\"1712\" data-end=\"1715\" \/><p data-start=\"2346\" data-end=\"2464\"><strong>Le produit est destin\u00e9 \u00e0 la recherche scientifique et \u00e0 l'analyse en laboratoire. Tous les articles et les informations figurant sur ce site web sont fournis \u00e0 titre informatif et \u00e9ducatif uniquement.<\/strong><\/p>\t\t\t\t\t\t\t\t<\/div>\n\t\t\t\t\t<\/div>\n\t\t<\/div>\n\t\t\t\t\t<\/div>\n\t\t<\/section>\n\t\t\t\t<\/div>","protected":false},"excerpt":{"rendered":"<p data-start=\"115\" data-end=\"438\"><strong data-start=\"115\" data-end=\"134\">Thirzepatide 20mg flacon<\/strong> est un peptide synth\u00e9tique avanc\u00e9 \u00e0 double activit\u00e9 contre les r\u00e9cepteurs du GIP et du GLP-1, utilis\u00e9 dans des \u00e9tudes sp\u00e9cialis\u00e9es sur le m\u00e9tabolisme et la signalisation des incr\u00e9tines. La variante de 20 mg permet d'analyser l'activation intense des r\u00e9cepteurs et les relations dose-effet dans des conditions de laboratoire.<\/p>","protected":false},"featured_media":25514,"comment_status":"open","ping_status":"closed","template":"","meta":{"_acf_changed":false},"product_brand":[],"product_cat":[124,111,15],"product_tag":[136],"class_list":{"0":"post-25510","1":"product","2":"type-product","3":"status-publish","4":"has-post-thumbnail","6":"product_cat-produkty-w-fiolce","7":"product_cat-glp1gip","8":"product_cat-laboratory-research","9":"product_tag-fiolka","11":"first","12":"instock","13":"shipping-taxable","14":"purchasable","15":"product-type-simple"},"acf":[],"aioseo_notices":[],"_links":{"self":[{"href":"https:\/\/tirzepatyd.eu\/fr\/wp-json\/wp\/v2\/product\/25510","targetHints":{"allow":["GET"]}}],"collection":[{"href":"https:\/\/tirzepatyd.eu\/fr\/wp-json\/wp\/v2\/product"}],"about":[{"href":"https:\/\/tirzepatyd.eu\/fr\/wp-json\/wp\/v2\/types\/product"}],"replies":[{"embeddable":true,"href":"https:\/\/tirzepatyd.eu\/fr\/wp-json\/wp\/v2\/comments?post=25510"}],"version-history":[{"count":15,"href":"https:\/\/tirzepatyd.eu\/fr\/wp-json\/wp\/v2\/product\/25510\/revisions"}],"predecessor-version":[{"id":35456,"href":"https:\/\/tirzepatyd.eu\/fr\/wp-json\/wp\/v2\/product\/25510\/revisions\/35456"}],"wp:featuredmedia":[{"embeddable":true,"href":"https:\/\/tirzepatyd.eu\/fr\/wp-json\/wp\/v2\/media\/25514"}],"wp:attachment":[{"href":"https:\/\/tirzepatyd.eu\/fr\/wp-json\/wp\/v2\/media?parent=25510"}],"wp:term":[{"taxonomy":"product_brand","embeddable":true,"href":"https:\/\/tirzepatyd.eu\/fr\/wp-json\/wp\/v2\/product_brand?post=25510"},{"taxonomy":"product_cat","embeddable":true,"href":"https:\/\/tirzepatyd.eu\/fr\/wp-json\/wp\/v2\/product_cat?post=25510"},{"taxonomy":"product_tag","embeddable":true,"href":"https:\/\/tirzepatyd.eu\/fr\/wp-json\/wp\/v2\/product_tag?post=25510"}],"curies":[{"name":"wp","href":"https:\/\/api.w.org\/{rel}","templated":true}]}}