{"id":25503,"date":"2025-01-11T12:18:39","date_gmt":"2025-01-11T11:18:39","guid":{"rendered":"https:\/\/tirzepatyd.eu\/?post_type=product&#038;p=25503"},"modified":"2026-04-18T10:16:00","modified_gmt":"2026-04-18T08:16:00","slug":"tirzepatide-20-mg-pen","status":"publish","type":"product","link":"https:\/\/tirzepatyd.eu\/fr\/produit\/tirzepatide-20-mg-pen\/","title":{"rendered":"GLP1+GIP PEN 20 mg"},"content":{"rendered":"<div data-elementor-type=\"product-post\" data-elementor-id=\"25503\" class=\"elementor elementor-25503\" data-elementor-post-type=\"product\">\n\t\t\t\t\t\t<section class=\"elementor-section elementor-top-section elementor-element elementor-element-d42a7ce elementor-section-boxed elementor-section-height-default elementor-section-height-default\" data-id=\"d42a7ce\" data-element_type=\"section\" data-e-type=\"section\">\n\t\t\t\t\t\t<div class=\"elementor-container elementor-column-gap-default\">\n\t\t\t\t\t<div class=\"elementor-column elementor-col-100 elementor-top-column elementor-element elementor-element-4eed13e\" data-id=\"4eed13e\" data-element_type=\"column\" data-e-type=\"column\">\n\t\t\t<div class=\"elementor-widget-wrap elementor-element-populated\">\n\t\t\t\t\t\t<div class=\"elementor-element elementor-element-95f5b18 elementor-widget__width-initial elementor-widget elementor-widget-text-editor\" data-id=\"95f5b18\" data-element_type=\"widget\" data-e-type=\"widget\" data-widget_type=\"text-editor.default\">\n\t\t\t\t\t\t\t\t\t<h2 data-start=\"286\" data-end=\"371\">Tirzepatide 20 mg pen - un agoniste avanc\u00e9 pour les \u00e9tudes m\u00e9taboliques<\/h2><h3 data-start=\"373\" data-end=\"410\">Qu'est-ce que Tirzepatide 20 mg stylo ?<\/h3><p data-start=\"412\" data-end=\"811\"><span data-start=\"436\" data-end=\"461\">T<\/span><strong data-start=\"436\" data-end=\"461\">irzepatide 20 mg pen<\/strong> est un analogue peptidique synth\u00e9tique con\u00e7u comme un double agoniste des r\u00e9cepteurs GLP-1R et GIPR. La conception de la mol\u00e9cule permet l'activation simultan\u00e9e de deux voies incr\u00e9tines cl\u00e9s, ce qui en fait un agoniste du GLP-1R et du GIPR. <strong data-start=\"665\" data-end=\"690\">tirzepatide 20 mg stylo<\/strong> un mod\u00e8le de recherche int\u00e9ressant pour l'analyse de la r\u00e9gulation \u00e9nerg\u00e9tique et de l'int\u00e9gration de la signalisation hormonale.<\/p><p data-start=\"813\" data-end=\"1141\">Type de formulaire <em data-start=\"824\" data-end=\"829\">stylo<\/em> refl\u00e8te le mod\u00e8le de dosage utilis\u00e9 dans les essais cliniques et permet l'analyse des param\u00e8tres pharmacocin\u00e9tiques et des relations dose-r\u00e9ponse dans des conditions de laboratoire contr\u00f4l\u00e9es. Dans le contexte de la recherche <strong data-start=\"1047\" data-end=\"1072\">tirzepatide 20 mg stylo<\/strong> permet d'\u00e9valuer l'exposition de r\u00e9cepteurs plus \u00e9lev\u00e9s.<\/p><hr data-start=\"1143\" data-end=\"1146\" \/><h2 data-start=\"1148\" data-end=\"1186\">M\u00e9canisme d'action des r\u00e9cepteurs<\/h2><p data-start=\"1188\" data-end=\"1258\">Tirzepatide 20 mg pen agit par activation simultan\u00e9e des r\u00e9cepteurs :<\/p><ul data-start=\"1260\" data-end=\"1447\"><li data-start=\"1260\" data-end=\"1343\"><p data-start=\"1262\" data-end=\"1343\"><strong data-start=\"1262\" data-end=\"1272\">GLP-1R<\/strong> - associ\u00e9e \u00e0 la modulation de la signalisation de l'AMPc et des r\u00e9ponses insulinotropes,<\/p><\/li><li data-start=\"1344\" data-end=\"1447\"><p data-start=\"1346\" data-end=\"1447\"><strong data-start=\"1346\" data-end=\"1354\">GIPR<\/strong> - impliqu\u00e9s dans la r\u00e9gulation du m\u00e9tabolisme du glucose et l'int\u00e9gration de la signalisation des incr\u00e9tines.<\/p><\/li><\/ul><p data-start=\"1449\" data-end=\"1633\">L'activation des deux r\u00e9cepteurs entra\u00eene une r\u00e9ponse m\u00e9tabolique int\u00e9gr\u00e9e, y compris la modulation de l'axe glucose-insuline et des effets sur les m\u00e9canismes de r\u00e9gulation de l'\u00e9quilibre \u00e9nerg\u00e9tique.<\/p><p data-start=\"1635\" data-end=\"2045\">Des \u00e9tudes m\u00e9canistes ont montr\u00e9 que l'activation simultan\u00e9e du GIP et du GLP-1 peut avoir un effet synergique en renfor\u00e7ant la signalisation d\u00e9pendante de l'AMPc et en activant la prot\u00e9ine Gs. Dans les \u00e9tudes mol\u00e9culaires, un effet dose-d\u00e9pendant clair et une intensification de la signalisation des RCPG ont \u00e9t\u00e9 observ\u00e9s avec l'augmentation de l'exposition, ce qui rend le GIP et le GLP-1 encore plus efficaces. <strong data-start=\"1965\" data-end=\"1990\">tirzepatide 20 mg stylo<\/strong> un outil utile dans les analyses pharmacodynamiques.<\/p><hr data-start=\"2047\" data-end=\"2050\" \/><h2 data-start=\"2052\" data-end=\"2109\">Importance des \u00e9tudes cliniques et pr\u00e9cliniques<\/h2><p data-start=\"2111\" data-end=\"2410\">Les programmes d'\u00e9tude SURPASS et SURMOUNT ont analys\u00e9 les effets du tirzepatydu sur les param\u00e8tres m\u00e9taboliques lors d'un suivi \u00e0 long terme. Dans l'\u00e9tude SURMOUNT-1 (72 semaines), une r\u00e9duction de poids moyenne de 20,9% et une relation dose-r\u00e9ponse claire ont \u00e9t\u00e9 rapport\u00e9es pour les doses les plus \u00e9lev\u00e9es analys\u00e9es.<\/p><p data-start=\"2412\" data-end=\"2570\">SURPASS-2 a montr\u00e9 des r\u00e9ductions plus importantes de l'HbA1c par rapport \u00e0 un agoniste s\u00e9lectif du GLP-1, confirmant l'importance de l'agonisme \u00e0 double r\u00e9cepteur.<\/p><p data-start=\"2572\" data-end=\"2887\">Dans les \u00e9tudes pr\u00e9cliniques, le double agonisme GIP\/GLP-1 a \u00e9t\u00e9 analys\u00e9 comme un mod\u00e8le de synergie des r\u00e9cepteurs pour \u00e9tudier l'int\u00e9gration des voies de l'AMPc et leurs effets sur le m\u00e9tabolisme des lipides et des hydrates de carbone. Dans ce contexte, l'agonisme <strong data-start=\"2786\" data-end=\"2811\">tirzepatide 20 mg stylo<\/strong> permet d'\u00e9valuer l'intensification de la r\u00e9ponse du r\u00e9cepteur.<\/p><hr data-start=\"2047\" data-end=\"2050\" \/><h2 data-start=\"2746\" data-end=\"2808\">Tirzepatide 20 mg stylo contre d'autres agonistes des incr\u00e9tines<\/h2><p data-start=\"2810\" data-end=\"2832\">En termes de r\u00e9cepteurs :<\/p><ul data-start=\"2834\" data-end=\"3008\"><li data-start=\"2834\" data-end=\"2876\"><p data-start=\"2836\" data-end=\"2876\">Le s\u00e9maglutide n'active que le GLP-1R,<\/p><\/li><li data-start=\"2877\" data-end=\"2946\"><p data-start=\"2879\" data-end=\"2946\">Le tirzepatide (y compris le stylo de 20 mg de tirzepatide) active le GLP-1R et le GIPR,<\/p><\/li><li data-start=\"2947\" data-end=\"3008\"><p data-start=\"2949\" data-end=\"3008\">Le r\u00e9tatrutide implique \u00e9galement le r\u00e9cepteur du glucagon (GCGR).<\/p><\/li><\/ul><p data-start=\"3010\" data-end=\"3170\">La gamme des r\u00e9cepteurs activ\u00e9s d\u00e9termine la complexit\u00e9 de la r\u00e9ponse m\u00e9tabolique et constitue un \u00e9l\u00e9ment cl\u00e9 pour diff\u00e9rencier les mol\u00e9cules dans les analyses pharmacodynamiques.<\/p><h2 data-start=\"210\" data-end=\"285\">\u00a0<\/h2><hr data-start=\"2047\" data-end=\"2050\" \/><p data-start=\"3225\" data-end=\"3637\"><a href=\"https:\/\/tirzepatyd.eu\/wp-content\/uploads\/2025\/11\/Tirzepatide-20-mg-pen.png\"><img fetchpriority=\"high\" decoding=\"async\" class=\"aligncenter wp-image-32391 size-medium\" src=\"https:\/\/tirzepatyd.eu\/wp-content\/uploads\/2025\/11\/Tirzepatide-20-mg-pen-300x225.png\" alt=\"Tirzepatide 20 mg pen \u2013 dual incretin receptor agonist for metabolic studies\" width=\"300\" height=\"225\" srcset=\"https:\/\/tirzepatyd.eu\/wp-content\/uploads\/2025\/11\/Tirzepatide-20-mg-pen-300x225.png 300w, https:\/\/tirzepatyd.eu\/wp-content\/uploads\/2025\/11\/Tirzepatide-20-mg-pen-400x300.png 400w, https:\/\/tirzepatyd.eu\/wp-content\/uploads\/2025\/11\/Tirzepatide-20-mg-pen-800x600.png 800w, https:\/\/tirzepatyd.eu\/wp-content\/uploads\/2025\/11\/Tirzepatide-20-mg-pen-64x48.png 64w, https:\/\/tirzepatyd.eu\/wp-content\/uploads\/2025\/11\/Tirzepatide-20-mg-pen-768x576.png 768w, https:\/\/tirzepatyd.eu\/wp-content\/uploads\/2025\/11\/Tirzepatide-20-mg-pen-16x12.png 16w, https:\/\/tirzepatyd.eu\/wp-content\/uploads\/2025\/11\/Tirzepatide-20-mg-pen.png 1024w\" sizes=\"(max-width: 300px) 100vw, 300px\" \/><\/a><\/p><p data-start=\"3225\" data-end=\"3637\">Sources :<\/p><p><a href=\"https:\/\/pmc.ncbi.nlm.nih.gov\/articles\/PMC10159347\">https:\/\/pmc.ncbi.nlm.nih.gov\/articles\/PMC10159347<\/a><\/p><p data-start=\"3225\" data-end=\"3637\"><a class=\"decorated-link\" href=\"https:\/\/pubmed.ncbi.nlm.nih.gov\/23850282\/\" target=\"_new\" rel=\"noopener\" data-start=\"4739\" data-end=\"4780\">https:\/\/pubmed.ncbi.nlm.nih.gov\/23850282\/<\/a><\/p><hr data-start=\"2047\" data-end=\"2050\" \/><p data-start=\"3225\" data-end=\"3637\"><strong>Le produit est destin\u00e9 \u00e0 la recherche scientifique et \u00e0 l'analyse en laboratoire. Tous les articles et les informations figurant sur ce site web sont fournis \u00e0 titre informatif et \u00e9ducatif uniquement.<\/strong><\/p>\t\t\t\t\t\t\t\t<\/div>\n\t\t\t\t\t<\/div>\n\t\t<\/div>\n\t\t\t\t\t<\/div>\n\t\t<\/section>\n\t\t\t\t<\/div>","protected":false},"excerpt":{"rendered":"<p><strong data-start=\"123\" data-end=\"148\">Tirzepatide 20 mg stylo<\/strong> est un peptide synth\u00e9tique avanc\u00e9 \u00e0 double activit\u00e9 contre les r\u00e9cepteurs GLP-1R et GIPR, qui fait l'objet de recherches intensives sur la r\u00e9gulation du m\u00e9tabolisme, le contr\u00f4le de l'\u00e9quilibre \u00e9nerg\u00e9tique et le poids corporel.<\/p>","protected":false},"featured_media":30662,"comment_status":"open","ping_status":"closed","template":"","meta":{"_acf_changed":false},"product_brand":[],"product_cat":[122,111,15],"product_tag":[],"class_list":{"0":"post-25503","1":"product","2":"type-product","3":"status-publish","4":"has-post-thumbnail","6":"product_cat-produkty-w-penie","7":"product_cat-glp1gip","8":"product_cat-laboratory-research","10":"first","11":"instock","12":"shipping-taxable","13":"purchasable","14":"product-type-simple"},"acf":[],"aioseo_notices":[],"_links":{"self":[{"href":"https:\/\/tirzepatyd.eu\/fr\/wp-json\/wp\/v2\/product\/25503","targetHints":{"allow":["GET"]}}],"collection":[{"href":"https:\/\/tirzepatyd.eu\/fr\/wp-json\/wp\/v2\/product"}],"about":[{"href":"https:\/\/tirzepatyd.eu\/fr\/wp-json\/wp\/v2\/types\/product"}],"replies":[{"embeddable":true,"href":"https:\/\/tirzepatyd.eu\/fr\/wp-json\/wp\/v2\/comments?post=25503"}],"version-history":[{"count":14,"href":"https:\/\/tirzepatyd.eu\/fr\/wp-json\/wp\/v2\/product\/25503\/revisions"}],"predecessor-version":[{"id":35455,"href":"https:\/\/tirzepatyd.eu\/fr\/wp-json\/wp\/v2\/product\/25503\/revisions\/35455"}],"wp:featuredmedia":[{"embeddable":true,"href":"https:\/\/tirzepatyd.eu\/fr\/wp-json\/wp\/v2\/media\/30662"}],"wp:attachment":[{"href":"https:\/\/tirzepatyd.eu\/fr\/wp-json\/wp\/v2\/media?parent=25503"}],"wp:term":[{"taxonomy":"product_brand","embeddable":true,"href":"https:\/\/tirzepatyd.eu\/fr\/wp-json\/wp\/v2\/product_brand?post=25503"},{"taxonomy":"product_cat","embeddable":true,"href":"https:\/\/tirzepatyd.eu\/fr\/wp-json\/wp\/v2\/product_cat?post=25503"},{"taxonomy":"product_tag","embeddable":true,"href":"https:\/\/tirzepatyd.eu\/fr\/wp-json\/wp\/v2\/product_tag?post=25503"}],"curies":[{"name":"wp","href":"https:\/\/api.w.org\/{rel}","templated":true}]}}