{"id":24258,"date":"2024-12-23T16:46:35","date_gmt":"2024-12-23T15:46:35","guid":{"rendered":"https:\/\/tirzepatyd.eu\/?post_type=product&#038;p=24258"},"modified":"2026-04-18T10:54:13","modified_gmt":"2026-04-18T08:54:13","slug":"semaglutid-4mg-pen","status":"publish","type":"product","link":"https:\/\/tirzepatyd.eu\/fr\/produit\/semaglutid-4mg-pen\/","title":{"rendered":"SEMA G PEN 4mg"},"content":{"rendered":"<div data-elementor-type=\"product-post\" data-elementor-id=\"24258\" class=\"elementor elementor-24258\" data-elementor-post-type=\"product\">\n\t\t\t\t\t\t<section class=\"elementor-section elementor-top-section elementor-element elementor-element-3e4e3a5 elementor-section-boxed elementor-section-height-default elementor-section-height-default\" data-id=\"3e4e3a5\" data-element_type=\"section\" data-e-type=\"section\">\n\t\t\t\t\t\t<div class=\"elementor-container elementor-column-gap-default\">\n\t\t\t\t\t<div class=\"elementor-column elementor-col-100 elementor-top-column elementor-element elementor-element-2aed132\" data-id=\"2aed132\" data-element_type=\"column\" data-e-type=\"column\">\n\t\t\t<div class=\"elementor-widget-wrap elementor-element-populated\">\n\t\t\t\t\t\t<div class=\"elementor-element elementor-element-ab0fafc elementor-widget__width-initial elementor-widget elementor-widget-text-editor\" data-id=\"ab0fafc\" data-element_type=\"widget\" data-e-type=\"widget\" data-widget_type=\"text-editor.default\">\n\t\t\t\t\t\t\t\t\t<h2 data-start=\"146\" data-end=\"179\"><strong data-start=\"149\" data-end=\"179\">Semaglutide 4mg Pen GLP-1 - qu'est-ce que c'est, effets, dosage, effets secondaires\u00a0<\/strong><\/h2><p data-start=\"224\" data-end=\"692\"><a href=\"https:\/\/tirzepatyd.eu\/fr\/semaglutyd-jak-dziala-i-gdzie-go-kupic\/\">Semaglutide<\/a> 4mg pen est une pr\u00e9paration moderne sous forme d'auto-injecteur, appartenant \u00e0 un groupe de m\u00e9dicaments connus sous le nom d'analogues du GLP-1 (glucagon-like peptide-1). Il a \u00e9t\u00e9 d\u00e9velopp\u00e9 pour les personnes souffrant de surpoids, d'ob\u00e9sit\u00e9 ou de diab\u00e8te de type 2. Gr\u00e2ce \u00e0 sa conception et \u00e0 son mode d'action, il favorise la perte de poids, le contr\u00f4le de l'app\u00e9tit et la stabilisation de la glyc\u00e9mie. La forme pratique du stylo permet une administration facile et pr\u00e9cise du m\u00e9dicament une fois par semaine.<\/p><hr data-start=\"694\" data-end=\"697\" \/><h2 data-start=\"699\" data-end=\"741\"><strong data-start=\"703\" data-end=\"739\">Comment fonctionne Semaglutide 4mg Pen ?<\/strong><\/h2><p data-start=\"742\" data-end=\"899\">Substance active - <strong data-start=\"762\" data-end=\"776\">semaglutide<\/strong> - Imite l'action de l'hormone naturelle GLP-1, qui r\u00e9gule les processus m\u00e9taboliques dans l'organisme. Il a un effet multidirectionnel :<\/p><ul><li data-start=\"903\" data-end=\"1037\"><strong data-start=\"903\" data-end=\"946\">Inhibe l'app\u00e9tit et prolonge la sensation de sati\u00e9t\u00e9<\/strong> - influence le centre de la faim dans le cerveau, r\u00e9duisant ainsi l'envie de manger.<\/li><li data-start=\"1040\" data-end=\"1134\"><strong data-start=\"1040\" data-end=\"1073\">Ralentit la vidange gastrique<\/strong>, qui r\u00e9duit les crises de faim soudaines et augmente le temps de digestion.<\/li><li data-start=\"1137\" data-end=\"1295\"><strong data-start=\"1137\" data-end=\"1173\">Stabilise le taux de sucre dans le sang<\/strong> - augmente la s\u00e9cr\u00e9tion d'insuline en r\u00e9ponse \u00e0 des niveaux \u00e9lev\u00e9s de glucose et inhibe simultan\u00e9ment la s\u00e9cr\u00e9tion de glucagon.<\/li><\/ul><p data-start=\"1297\" data-end=\"1399\">Par cons\u00e9quent, le Semaglutide favorise le contr\u00f4le du poids et am\u00e9liore le fonctionnement du m\u00e9tabolisme des glucides.<\/p><hr data-start=\"1401\" data-end=\"1404\" \/><h2 data-start=\"1406\" data-end=\"1458\"><strong data-start=\"1410\" data-end=\"1456\">Application <\/strong><strong data-start=\"2998\" data-end=\"3014\">Semaglutide 4mg stylo<\/strong><\/h2><p data-start=\"1459\" data-end=\"1515\">Semaglutide Pen 4 mg est principalement utilis\u00e9 dans la th\u00e9rapie :<\/p><ul><li data-start=\"1519\" data-end=\"1544\"><strong data-start=\"1519\" data-end=\"1541\">le surpoids et l'ob\u00e9sit\u00e9<\/strong>,<\/li><li data-start=\"1547\" data-end=\"1569\"><strong data-start=\"1547\" data-end=\"1566\">le diab\u00e8te de type 2<\/strong>,<\/li><li data-start=\"1572\" data-end=\"1661\"><strong>et dans les cas o\u00f9 le r\u00e9gime alimentaire et l'activit\u00e9 physique n'ont pas donn\u00e9 de r\u00e9sultats.<\/strong><\/li><\/ul><p data-start=\"1663\" data-end=\"1704\">La pr\u00e9paration est recommand\u00e9e pour les adultes :<\/p><ul><li data-start=\"1707\" data-end=\"1730\">z <strong data-start=\"1709\" data-end=\"1727\">IMC \u2265 30 kg\/m\u00b2<\/strong>,<\/li><li data-start=\"1733\" data-end=\"1867\">ou avec <strong data-start=\"1739\" data-end=\"1757\">IMC \u2265 27 kg\/m\u00b2<\/strong>, en pr\u00e9sence de comorbidit\u00e9s telles que l'hypertension, les troubles lipidiques ou la r\u00e9sistance \u00e0 l'insuline.<\/li><\/ul><p data-start=\"1869\" data-end=\"1978\">Commencez toujours le traitement apr\u00e8s avoir consult\u00e9 votre m\u00e9decin, qui \u00e9valuera les indications et la s\u00e9curit\u00e9 d'emploi.<\/p><hr data-start=\"1980\" data-end=\"1983\" \/><h2 data-start=\"2994\" data-end=\"3016\"><strong data-start=\"1989\" data-end=\"2019\">Dosage et utilisation <\/strong><strong data-start=\"2998\" data-end=\"3014\">Semaglutide<\/strong><\/h2><p data-start=\"2022\" data-end=\"2092\">Semaglutide Pen 4mg est utilis\u00e9 <strong data-start=\"2055\" data-end=\"2073\">une fois par semaine<\/strong>, \u00e0 une heure fixe.<\/p><ul><li data-start=\"2096\" data-end=\"2190\"><strong data-start=\"2096\" data-end=\"2116\">Lieu d'application :<\/strong> L'injection est r\u00e9alis\u00e9e par voie sous-cutan\u00e9e, g\u00e9n\u00e9ralement dans l'abdomen, la cuisse ou le bras.<\/li><li data-start=\"2193\" data-end=\"2326\"><strong data-start=\"2193\" data-end=\"2214\">Dose initiale :<\/strong> Le traitement commence par des doses plus faibles, qui sont progressivement augment\u00e9es pour permettre \u00e0 l'organisme de s'adapter.<\/li><li data-start=\"2329\" data-end=\"2453\"><strong data-start=\"2329\" data-end=\"2339\">Important :<\/strong> Le stylo est \u00e0 usage unique et destin\u00e9 \u00e0 \u00eatre auto-administr\u00e9 apr\u00e8s formation par le personnel m\u00e9dical.<\/li><\/ul><p data-start=\"2455\" data-end=\"2547\">Une utilisation r\u00e9guli\u00e8re, telle que prescrite par le m\u00e9decin, assure les meilleurs r\u00e9sultats th\u00e9rapeutiques.<\/p><p data-start=\"2455\" data-end=\"2547\">V\u00e9rifier le r\u00e9actif <a href=\"https:\/\/tirzepatyd.eu\/fr\/produit\/semaglutide-pen\/\">Semaglutide 2mg en stylo<\/a><\/p><hr data-start=\"2549\" data-end=\"2552\" \/><h2 data-start=\"2994\" data-end=\"3016\"><strong data-start=\"2998\" data-end=\"3014\">Semaglutide 4 mg stylo - s<\/strong><strong data-start=\"2558\" data-end=\"2576\">les effets secondaires<\/strong><\/h2><p data-start=\"2579\" data-end=\"2708\">De l\u00e9gers effets secondaires peuvent survenir lors de l'utilisation du s\u00e9maglutide, en particulier au d\u00e9but du traitement. Il s'agit notamment de :<\/p><ul><li data-start=\"2712\" data-end=\"2723\">naus\u00e9es,<\/li><li data-start=\"2726\" data-end=\"2736\">vomissements,<\/li><li data-start=\"2739\" data-end=\"2763\">diarrh\u00e9e ou constipation,<\/li><li data-start=\"2766\" data-end=\"2781\">douleurs abdominales,<\/li><li data-start=\"2784\" data-end=\"2815\">une sensation de pl\u00e9nitude ou de ballonnement.<\/li><\/ul><p data-start=\"2817\" data-end=\"2987\">Ces sympt\u00f4mes disparaissent g\u00e9n\u00e9ralement au bout de quelques semaines, le corps s'habituant au m\u00e9dicament. Si la g\u00eane persiste, contactez votre m\u00e9decin.<\/p><hr data-start=\"2989\" data-end=\"2992\" \/><p data-start=\"3017\" data-end=\"3480\"><a href=\"https:\/\/tirzepatyd.eu\/wp-content\/uploads\/2025\/09\/Sema-G-4mg-urzadzenie-pomiarowe-Camera.png\"><img fetchpriority=\"high\" decoding=\"async\" class=\"size-medium wp-image-30668 aligncenter\" src=\"https:\/\/tirzepatyd.eu\/wp-content\/uploads\/2025\/09\/Sema-G-4mg-urzadzenie-pomiarowe-Camera-300x225.png\" alt=\"Semaglutid pen 4 mg for obesity peptide\" width=\"300\" height=\"225\" srcset=\"https:\/\/tirzepatyd.eu\/wp-content\/uploads\/2025\/09\/Sema-G-4mg-urzadzenie-pomiarowe-Camera-300x225.png 300w, https:\/\/tirzepatyd.eu\/wp-content\/uploads\/2025\/09\/Sema-G-4mg-urzadzenie-pomiarowe-Camera-800x600.png 800w, https:\/\/tirzepatyd.eu\/wp-content\/uploads\/2025\/09\/Sema-G-4mg-urzadzenie-pomiarowe-Camera-64x48.png 64w, https:\/\/tirzepatyd.eu\/wp-content\/uploads\/2025\/09\/Sema-G-4mg-urzadzenie-pomiarowe-Camera-768x576.png 768w, https:\/\/tirzepatyd.eu\/wp-content\/uploads\/2025\/09\/Sema-G-4mg-urzadzenie-pomiarowe-Camera-16x12.png 16w, https:\/\/tirzepatyd.eu\/wp-content\/uploads\/2025\/09\/Sema-G-4mg-urzadzenie-pomiarowe-Camera.png 1024w\" sizes=\"(max-width: 300px) 100vw, 300px\" \/><\/a><\/p><p data-start=\"3017\" data-end=\"3480\">Source :\u00a0 <a href=\"https:\/\/pmc.ncbi.nlm.nih.gov\/articles\/PMC9272494\">Semaglutide \u00e0 effet imm\u00e9diat sur le contr\u00f4le de la glyc\u00e9mie : un aper\u00e7u clinique<\/a><\/p>\t\t\t\t\t\t\t\t<\/div>\n\t\t\t\t\t<\/div>\n\t\t<\/div>\n\t\t\t\t\t<\/div>\n\t\t<\/section>\n\t\t\t\t<\/div>","protected":false},"excerpt":{"rendered":"<p>Semaglutid 4mg Pen GLP-1 &#8211; czym jest, dzia\u0142anie, dawkowanie, skutki uboczne\u00a0 Semaglutid 4mg pen to nowoczesny preparat w formie automatycznego wstrzykiwacza, nale\u017c\u0105cy do grupy lek\u00f3w okre\u015blanych jako analogi GLP-1 (glukagonopodobnego peptydu-1). Opracowano go z my\u015bl\u0105 o osobach zmagaj\u0105cych si\u0119 z nadwag\u0105, oty\u0142o\u015bci\u0105 lub cukrzyc\u0105 typu 2. Dzi\u0119ki swojej budowie i sposobowi dzia\u0142ania wspiera utrat\u0119 masy [&hellip;]<\/p>\n","protected":false},"featured_media":30668,"comment_status":"open","ping_status":"closed","template":"","meta":{"_acf_changed":false},"product_brand":[],"product_cat":[122,112,15],"product_tag":[],"class_list":{"0":"post-24258","1":"product","2":"type-product","3":"status-publish","4":"has-post-thumbnail","6":"product_cat-produkty-w-penie","7":"product_cat-glp1","8":"product_cat-laboratory-research","10":"first","11":"instock","12":"shipping-taxable","13":"purchasable","14":"product-type-simple"},"acf":[],"aioseo_notices":[],"_links":{"self":[{"href":"https:\/\/tirzepatyd.eu\/fr\/wp-json\/wp\/v2\/product\/24258","targetHints":{"allow":["GET"]}}],"collection":[{"href":"https:\/\/tirzepatyd.eu\/fr\/wp-json\/wp\/v2\/product"}],"about":[{"href":"https:\/\/tirzepatyd.eu\/fr\/wp-json\/wp\/v2\/types\/product"}],"replies":[{"embeddable":true,"href":"https:\/\/tirzepatyd.eu\/fr\/wp-json\/wp\/v2\/comments?post=24258"}],"version-history":[{"count":8,"href":"https:\/\/tirzepatyd.eu\/fr\/wp-json\/wp\/v2\/product\/24258\/revisions"}],"predecessor-version":[{"id":35461,"href":"https:\/\/tirzepatyd.eu\/fr\/wp-json\/wp\/v2\/product\/24258\/revisions\/35461"}],"wp:featuredmedia":[{"embeddable":true,"href":"https:\/\/tirzepatyd.eu\/fr\/wp-json\/wp\/v2\/media\/30668"}],"wp:attachment":[{"href":"https:\/\/tirzepatyd.eu\/fr\/wp-json\/wp\/v2\/media?parent=24258"}],"wp:term":[{"taxonomy":"product_brand","embeddable":true,"href":"https:\/\/tirzepatyd.eu\/fr\/wp-json\/wp\/v2\/product_brand?post=24258"},{"taxonomy":"product_cat","embeddable":true,"href":"https:\/\/tirzepatyd.eu\/fr\/wp-json\/wp\/v2\/product_cat?post=24258"},{"taxonomy":"product_tag","embeddable":true,"href":"https:\/\/tirzepatyd.eu\/fr\/wp-json\/wp\/v2\/product_tag?post=24258"}],"curies":[{"name":"wp","href":"https:\/\/api.w.org\/{rel}","templated":true}]}}