{"id":18847,"date":"2024-05-26T20:59:58","date_gmt":"2024-05-26T18:59:58","guid":{"rendered":"https:\/\/tirzepatyd.eu\/?post_type=product&#038;p=18847"},"modified":"2026-04-18T11:23:32","modified_gmt":"2026-04-18T09:23:32","slug":"tirzepatide-15mg","status":"publish","type":"product","link":"https:\/\/tirzepatyd.eu\/fr\/produit\/tirzepatide-15mg\/","title":{"rendered":"GLP1+GIP 15 mg flacon"},"content":{"rendered":"<div data-elementor-type=\"product-post\" data-elementor-id=\"18847\" class=\"elementor elementor-18847\" data-elementor-post-type=\"product\">\n\t\t\t\t\t\t<section class=\"elementor-section elementor-top-section elementor-element elementor-element-5398a95 elementor-section-boxed elementor-section-height-default elementor-section-height-default\" data-id=\"5398a95\" data-element_type=\"section\" data-e-type=\"section\">\n\t\t\t\t\t\t<div class=\"elementor-container elementor-column-gap-default\">\n\t\t\t\t\t<div class=\"elementor-column elementor-col-100 elementor-top-column elementor-element elementor-element-b04e45a\" data-id=\"b04e45a\" data-element_type=\"column\" data-e-type=\"column\">\n\t\t\t<div class=\"elementor-widget-wrap elementor-element-populated\">\n\t\t\t\t\t\t<div class=\"elementor-element elementor-element-eff25d0 elementor-widget elementor-widget-text-editor\" data-id=\"eff25d0\" data-element_type=\"widget\" data-e-type=\"widget\" data-widget_type=\"text-editor.default\">\n\t\t\t\t\t\t\t\t\t<h2 data-start=\"242\" data-end=\"313\">Thirzepatide 15mg - structure chimique et caract\u00e9risation mol\u00e9culaire<\/h2><p data-start=\"315\" data-end=\"569\">Tirzepatide 15mg est un peptide synth\u00e9tique con\u00e7u comme un double agoniste des r\u00e9cepteurs GLP-1R et GIPR. La mol\u00e9cule est constitu\u00e9e d'une s\u00e9quence d'acides amin\u00e9s modifi\u00e9s li\u00e9e \u00e0 une cha\u00eene lipidique qui permet une liaison r\u00e9versible \u00e0 l'albumine.<\/p><p data-start=\"571\" data-end=\"790\">L'utilisation de modifications structurelles (y compris des substitutions d'acides amin\u00e9s pour augmenter la r\u00e9sistance \u00e0 la d\u00e9gradation enzymatique et \u00e0 l'acylation) prolonge la demi-vie et la stabilit\u00e9 m\u00e9tabolique dans l'environnement biologique.<\/p><p data-start=\"792\" data-end=\"965\">Le poids mol\u00e9culaire du tirzepatydu est d'environ 4813 Da, ce qui le classe comme un peptide complexe de poids mol\u00e9culaire \u00e9lev\u00e9, typique des analogues de l'incr\u00e9tine de la prochaine g\u00e9n\u00e9ration.<\/p><p data-start=\"967\" data-end=\"1202\">Des \u00e9tudes structurales indiquent que la conformation de la mol\u00e9cule permet une liaison s\u00e9lective aux domaines transmembranaires des r\u00e9cepteurs GLP-1R et GIPR, ce qui entra\u00eene l'activation de la signalisation intracellulaire d\u00e9pendante de la prot\u00e9ine Gs et une augmentation de l'AMPc.<\/p><hr data-start=\"1204\" data-end=\"1207\" \/><h2 data-start=\"1209\" data-end=\"1257\">Thirzepatide 15mg comme r\u00e9actif de laboratoire<\/h2><p data-start=\"1259\" data-end=\"1372\">Dans la communaut\u00e9 des chercheurs, le tirzepatide 15mg est utilis\u00e9 comme mat\u00e9riau de r\u00e9f\u00e9rence dans des projets portant sur :<\/p><ul data-start=\"1374\" data-end=\"1546\"><li data-start=\"1374\" data-end=\"1414\"><p data-start=\"1376\" data-end=\"1414\">la pharmacologie des r\u00e9cepteurs de l'incr\u00e9tine,<\/p><\/li><li data-start=\"1415\" data-end=\"1435\"><p data-start=\"1417\" data-end=\"1435\">Signalisation GPCR,<\/p><\/li><li data-start=\"1436\" data-end=\"1478\"><p data-start=\"1438\" data-end=\"1478\">la r\u00e9gulation du m\u00e9tabolisme du glucose et des lipides,<\/p><\/li><li data-start=\"1479\" data-end=\"1546\"><p data-start=\"1481\" data-end=\"1546\">l'int\u00e9gration des m\u00e9canismes de contr\u00f4le de l'app\u00e9tit et de l'\u00e9quilibre \u00e9nerg\u00e9tique.<\/p><\/li><\/ul><p data-start=\"1548\" data-end=\"1683\">L'activation des deux r\u00e9cepteurs permet d'analyser les effets synergiques de l'axe GIP\/GLP-1 dans des mod\u00e8les cellulaires et pr\u00e9cliniques.<\/p><p data-start=\"1685\" data-end=\"1872\">Des \u00e9tudes in vitro ont montr\u00e9 que l'activation de ces r\u00e9cepteurs entra\u00eene une augmentation de l'AMPc, une modulation de l'expression des g\u00e8nes li\u00e9s au m\u00e9tabolisme du glucose et des effets sur l'activit\u00e9 mitochondriale.<\/p><hr data-start=\"1874\" data-end=\"1877\" \/><h2 data-start=\"1879\" data-end=\"1922\">Tirzepatide 15mg dans les essais cliniques<\/h2><p data-start=\"1924\" data-end=\"2014\">La dose de 15 mg \u00e9tait la dose hebdomadaire la plus \u00e9lev\u00e9e analys\u00e9e dans les programmes cliniques de phase III.<\/p><p data-start=\"2016\" data-end=\"2114\">Dans l'\u00e9tude <strong data-start=\"2026\" data-end=\"2040\">SURMOUNT-1<\/strong> publi\u00e9 dans <span class=\"hover:entity-accent entity-underline inline cursor-pointer align-baseline\"><span class=\"whitespace-normal\">New England Journal of Medicine (en anglais)<\/span><\/span> (2022) :<\/p><ul data-start=\"2116\" data-end=\"2271\"><li data-start=\"2116\" data-end=\"2170\"><p data-start=\"2118\" data-end=\"2170\"><strong>R\u00e9duction de poids moyenne de ~20,9% apr\u00e8s 72 semaines,<\/strong><\/p><\/li><li data-start=\"2171\" data-end=\"2222\"><p data-start=\"2173\" data-end=\"2222\"><strong>\u226520% r\u00e9duction de poids chez plus de 50% participants,<\/strong><\/p><\/li><li data-start=\"2223\" data-end=\"2271\"><p data-start=\"2225\" data-end=\"2271\"><strong>am\u00e9liorer les param\u00e8tres lipidiques et glyc\u00e9miques.<\/strong><\/p><\/li><\/ul><p data-start=\"2273\" data-end=\"2385\">Dans le programme <strong data-start=\"2285\" data-end=\"2298\">SURPASS-2<\/strong> a montr\u00e9 une r\u00e9duction significative de l'HbA1c par rapport \u00e0 l'\u00e9tude de la <span class=\"hover:entity-accent entity-underline inline cursor-pointer align-baseline\"><span class=\"whitespace-normal\">Semaglutide<\/span><\/span>.<\/p><p data-start=\"2387\" data-end=\"2514\">Le profil de s\u00e9curit\u00e9 d\u00e9pendait de la dose et les effets ind\u00e9sirables les plus fr\u00e9quemment rapport\u00e9s \u00e9taient d'ordre gastro-intestinal.<\/p><hr data-start=\"2516\" data-end=\"2519\" \/><h2 data-start=\"2521\" data-end=\"2560\">Importance dans les mod\u00e8les pr\u00e9cliniques<\/h2><p data-start=\"2562\" data-end=\"2628\">Dans les \u00e9tudes pr\u00e9cliniques, le tirzepatide 15 mg sert de mod\u00e8le d'analyse :<\/p><ul data-start=\"2630\" data-end=\"2796\"><li data-start=\"2630\" data-end=\"2699\"><p data-start=\"2632\" data-end=\"2699\">relation dose-r\u00e9ponse \u00e0 l'activation maximale du r\u00e9cepteur,<\/p><\/li><li data-start=\"2700\" data-end=\"2739\"><p data-start=\"2702\" data-end=\"2739\">int\u00e9grant la signalisation des incr\u00e9tines,<\/p><\/li><li data-start=\"2740\" data-end=\"2796\"><p data-start=\"2742\" data-end=\"2796\">effets de l'activation du GIPR et du GLP-1R sur le m\u00e9tabolisme des tissus.<\/p><\/li><\/ul><p data-start=\"2798\" data-end=\"3001\">Dans des mod\u00e8les animaux, des changements dans l'expression des g\u00e8nes li\u00e9s au m\u00e9tabolisme des lipides et \u00e0 la r\u00e9gulation du m\u00e9tabolisme des glucides ont \u00e9t\u00e9 observ\u00e9s, ce qui est interpr\u00e9t\u00e9 comme un effet de la modulation hormonale int\u00e9gr\u00e9e.<\/p><hr data-start=\"3003\" data-end=\"3006\" \/><h2>Nature du produit<\/h2><p data-start=\"3030\" data-end=\"3292\">Le Tirzepatide 15 mg propos\u00e9 sur le march\u00e9 des laboratoires est un mat\u00e9riau de r\u00e9f\u00e9rence destin\u00e9 \u00e0 la recherche et \u00e0 l'analyse uniquement (Research Use Only). Il n'est pas destin\u00e9 \u00e0 un usage th\u00e9rapeutique en dehors des essais cliniques contr\u00f4l\u00e9s.<\/p><hr data-start=\"3294\" data-end=\"3297\" \/><p data-start=\"3299\" data-end=\"3315\"><a href=\"https:\/\/tirzepatyd.eu\/wp-content\/uploads\/2026\/02\/tirzepatide-15-mg-vial.png\"><img fetchpriority=\"high\" decoding=\"async\" class=\"aligncenter wp-image-35010 size-medium\" src=\"https:\/\/tirzepatyd.eu\/wp-content\/uploads\/2026\/02\/tirzepatide-15-mg-vial-300x225.png\" alt=\"Tirzepatide 15mg vial \u2013 dual GIP\/GLP-1 research peptide\" width=\"300\" height=\"225\" srcset=\"https:\/\/tirzepatyd.eu\/wp-content\/uploads\/2026\/02\/tirzepatide-15-mg-vial-300x225.png 300w, https:\/\/tirzepatyd.eu\/wp-content\/uploads\/2026\/02\/tirzepatide-15-mg-vial-768x576.png 768w, https:\/\/tirzepatyd.eu\/wp-content\/uploads\/2026\/02\/tirzepatide-15-mg-vial-16x12.png 16w, https:\/\/tirzepatyd.eu\/wp-content\/uploads\/2026\/02\/tirzepatide-15-mg-vial-800x600.png 800w, https:\/\/tirzepatyd.eu\/wp-content\/uploads\/2026\/02\/tirzepatide-15-mg-vial-64x48.png 64w, https:\/\/tirzepatyd.eu\/wp-content\/uploads\/2026\/02\/tirzepatide-15-mg-vial.png 1024w\" sizes=\"(max-width: 300px) 100vw, 300px\" \/><\/a><\/p><p data-start=\"3299\" data-end=\"3315\">Sources scientifiques :<\/p><ol data-start=\"3317\" data-end=\"3806\"><li data-start=\"3317\" data-end=\"3491\"><p data-start=\"3320\" data-end=\"3491\">Jastreboff AM et al. Tirzepatide Once Weekly for the Treatment of Obesity.<br data-start=\"3394\" data-end=\"3397\" \/><span class=\"hover:entity-accent entity-underline inline cursor-pointer align-baseline\"><span class=\"whitespace-normal\">New England Journal of Medicine (en anglais)<\/span><\/span>, 2022.<br data-start=\"3444\" data-end=\"3447\" \/><a class=\"decorated-link\" href=\"https:\/\/pubmed.ncbi.nlm.nih.gov\/35658024\/\" target=\"_new\" rel=\"noopener\" data-start=\"3450\" data-end=\"3491\">https:\/\/pubmed.ncbi.nlm.nih.gov\/35658024\/<\/a><\/p><\/li><li data-start=\"3493\" data-end=\"3685\"><p data-start=\"3496\" data-end=\"3685\">Fr\u00edas JP et al. Tirzepatide versus Semaglutide Once Weekly in Patients with Type 2 Diabetes.<br data-start=\"3588\" data-end=\"3591\" \/><span class=\"hover:entity-accent entity-underline inline cursor-pointer align-baseline\"><span class=\"whitespace-normal\">New England Journal of Medicine (en anglais)<\/span><\/span>, 2021.<br data-start=\"3638\" data-end=\"3641\" \/><a class=\"decorated-link\" href=\"https:\/\/pubmed.ncbi.nlm.nih.gov\/34170647\/\" target=\"_new\" rel=\"noopener\" data-start=\"3644\" data-end=\"3685\">https:\/\/pubmed.ncbi.nlm.nih.gov\/34170647\/<\/a><\/p><\/li><li data-start=\"3687\" data-end=\"3806\"><p data-start=\"3690\" data-end=\"3806\">Min T. et al. Mechanisms of dual GIP\/GLP-1 receptor agonism.<br data-start=\"3750\" data-end=\"3753\" \/><a class=\"decorated-link\" href=\"https:\/\/pmc.ncbi.nlm.nih.gov\/articles\/PMC10107501\/\" target=\"_new\" rel=\"noopener\" data-start=\"3756\" data-end=\"3806\">https:\/\/pmc.ncbi.nlm.nih.gov\/articles\/PMC10107501\/<\/a><\/p><\/li><\/ol><hr data-start=\"3294\" data-end=\"3297\" \/><p><strong>Le produit est destin\u00e9 \u00e0 la recherche scientifique et \u00e0 l'analyse en laboratoire. Tous les articles et les informations figurant sur ce site web sont fournis \u00e0 titre informatif et \u00e9ducatif uniquement.<\/strong><\/p>\t\t\t\t\t\t\t\t<\/div>\n\t\t\t\t\t<\/div>\n\t\t<\/div>\n\t\t\t\t\t<\/div>\n\t\t<\/section>\n\t\t\t\t<\/div>","protected":false},"excerpt":{"rendered":"<p><strong data-start=\"131\" data-end=\"152\">Thirzepatide 15 mg<\/strong> est un peptide avanc\u00e9 appartenant au groupe des agonistes doubles des r\u00e9cepteurs du GIP et du GLP-1. La mol\u00e9cule a \u00e9t\u00e9 con\u00e7ue pour une grande stabilit\u00e9 m\u00e9tabolique et une activation pr\u00e9cise des voies de l'incr\u00e9tine dans des mod\u00e8les exp\u00e9rimentaux.<\/p>","protected":false},"featured_media":35010,"comment_status":"open","ping_status":"closed","template":"","meta":{"_acf_changed":false},"product_brand":[],"product_cat":[124,111,15],"product_tag":[136],"class_list":{"0":"post-18847","1":"product","2":"type-product","3":"status-publish","4":"has-post-thumbnail","6":"product_cat-produkty-w-fiolce","7":"product_cat-glp1gip","8":"product_cat-laboratory-research","9":"product_tag-fiolka","11":"first","12":"instock","13":"shipping-taxable","14":"purchasable","15":"product-type-simple"},"acf":[],"aioseo_notices":[],"_links":{"self":[{"href":"https:\/\/tirzepatyd.eu\/fr\/wp-json\/wp\/v2\/product\/18847","targetHints":{"allow":["GET"]}}],"collection":[{"href":"https:\/\/tirzepatyd.eu\/fr\/wp-json\/wp\/v2\/product"}],"about":[{"href":"https:\/\/tirzepatyd.eu\/fr\/wp-json\/wp\/v2\/types\/product"}],"replies":[{"embeddable":true,"href":"https:\/\/tirzepatyd.eu\/fr\/wp-json\/wp\/v2\/comments?post=18847"}],"version-history":[{"count":12,"href":"https:\/\/tirzepatyd.eu\/fr\/wp-json\/wp\/v2\/product\/18847\/revisions"}],"predecessor-version":[{"id":35464,"href":"https:\/\/tirzepatyd.eu\/fr\/wp-json\/wp\/v2\/product\/18847\/revisions\/35464"}],"wp:featuredmedia":[{"embeddable":true,"href":"https:\/\/tirzepatyd.eu\/fr\/wp-json\/wp\/v2\/media\/35010"}],"wp:attachment":[{"href":"https:\/\/tirzepatyd.eu\/fr\/wp-json\/wp\/v2\/media?parent=18847"}],"wp:term":[{"taxonomy":"product_brand","embeddable":true,"href":"https:\/\/tirzepatyd.eu\/fr\/wp-json\/wp\/v2\/product_brand?post=18847"},{"taxonomy":"product_cat","embeddable":true,"href":"https:\/\/tirzepatyd.eu\/fr\/wp-json\/wp\/v2\/product_cat?post=18847"},{"taxonomy":"product_tag","embeddable":true,"href":"https:\/\/tirzepatyd.eu\/fr\/wp-json\/wp\/v2\/product_tag?post=18847"}],"curies":[{"name":"wp","href":"https:\/\/api.w.org\/{rel}","templated":true}]}}