{"id":18845,"date":"2024-05-26T20:59:43","date_gmt":"2024-05-26T18:59:43","guid":{"rendered":"https:\/\/tirzepatyd.eu\/?post_type=product&#038;p=18845"},"modified":"2026-04-18T11:23:44","modified_gmt":"2026-04-18T09:23:44","slug":"tirzepatide-10-mg","status":"publish","type":"product","link":"https:\/\/tirzepatyd.eu\/fr\/produit\/tirzepatide-10-mg\/","title":{"rendered":"GLP1+GIP 10 mg flacon"},"content":{"rendered":"<div data-elementor-type=\"product-post\" data-elementor-id=\"18845\" class=\"elementor elementor-18845\" data-elementor-post-type=\"product\">\n\t\t\t\t\t\t<section class=\"elementor-section elementor-top-section elementor-element elementor-element-d58fc76 elementor-section-boxed elementor-section-height-default elementor-section-height-default\" data-id=\"d58fc76\" data-element_type=\"section\" data-e-type=\"section\">\n\t\t\t\t\t\t<div class=\"elementor-container elementor-column-gap-default\">\n\t\t\t\t\t<div class=\"elementor-column elementor-col-100 elementor-top-column elementor-element elementor-element-2c501af\" data-id=\"2c501af\" data-element_type=\"column\" data-e-type=\"column\">\n\t\t\t<div class=\"elementor-widget-wrap elementor-element-populated\">\n\t\t\t\t\t\t<div class=\"elementor-element elementor-element-8cd3e97 elementor-widget__width-initial elementor-widget elementor-widget-text-editor\" data-id=\"8cd3e97\" data-element_type=\"widget\" data-e-type=\"widget\" data-widget_type=\"text-editor.default\">\n\t\t\t\t\t\t\t\t\t<h2 data-start=\"634\" data-end=\"700\">Tirzepatide 10 mg - m\u00e9canisme d'action et pertinence m\u00e9tabolique<\/h2><p data-start=\"740\" data-end=\"950\"><span class=\"hover:entity-accent entity-underline inline cursor-pointer align-baseline\"><span class=\"whitespace-normal\">Tirzepatide 10 mg<\/span><\/span> est un analogue peptidique synth\u00e9tique con\u00e7u comme un double agoniste des r\u00e9cepteurs GIPR et GLP-1R, qui appartiennent \u00e0 la famille des r\u00e9cepteurs coupl\u00e9s aux prot\u00e9ines G (GPCR).<\/p><p data-start=\"952\" data-end=\"1012\">Dans les mod\u00e8les de recherche, l'activation de ces r\u00e9cepteurs entra\u00eene :<\/p><ul><li data-start=\"1016\" data-end=\"1064\">augmentation de la concentration intracellulaire d'AMPc,<\/li><li data-start=\"1067\" data-end=\"1123\">Augmentation de la r\u00e9ponse insulinotrope d\u00e9pendante du glucose,<\/li><li data-start=\"1126\" data-end=\"1157\">modulation de la s\u00e9cr\u00e9tion de glucagon,<\/li><li data-start=\"1160\" data-end=\"1198\">impact sur la vitesse de vidange gastrique,<\/li><li data-start=\"1201\" data-end=\"1260\">des effets sur les m\u00e9canismes centraux de r\u00e9gulation de l'app\u00e9tit.<\/li><\/ul><p data-start=\"1262\" data-end=\"1424\">La double activation de l'axe GIP\/GLP-1 est interpr\u00e9t\u00e9e dans la litt\u00e9rature comme un effet synergique, int\u00e9grant le contr\u00f4le de la glyc\u00e9mie et la r\u00e9gulation de l'\u00e9quilibre \u00e9nerg\u00e9tique.<\/p><hr data-start=\"1426\" data-end=\"1429\" \/><h2 data-start=\"1431\" data-end=\"1487\">Effets sur les param\u00e8tres du poids corporel dans les essais cliniques<\/h2><p data-start=\"1489\" data-end=\"1631\">Dans le programme d'\u00e9tude SURMOUNT-1 (72 semaines de suivi), une r\u00e9duction de poids moyenne d'environ 19-20% a \u00e9t\u00e9 rapport\u00e9e \u00e0 la dose de 10 mg.<\/p><p data-start=\"1633\" data-end=\"1656\">Des observations parall\u00e8les ont \u00e9t\u00e9 faites :<\/p><ul><li data-start=\"1660\" data-end=\"1699\">am\u00e9liorer les indices de r\u00e9sistance \u00e0 l'insuline,<\/li><li data-start=\"1702\" data-end=\"1736\">des changements favorables dans le lipidogramme,<\/li><li data-start=\"1739\" data-end=\"1763\">r\u00e9duction du tour de taille,<\/li><li data-start=\"1766\" data-end=\"1799\">stabilisation des param\u00e8tres glyc\u00e9miques.<\/li><\/ul><p data-start=\"1801\" data-end=\"1916\">Des analyses comparatives ont montr\u00e9 une r\u00e9duction plus importante de l'HbA1c et du poids corporel qu'avec l'agonisme s\u00e9lectif du GLP-1.<\/p><hr data-start=\"1918\" data-end=\"1921\" \/><h2 data-start=\"1923\" data-end=\"1950\">Profil pharmacodynamique<\/h2><p data-start=\"1952\" data-end=\"2141\">La dose de 10 mg constitue un point de r\u00e9f\u00e9rence important pour les analyses dose-effet, permettant d'\u00e9valuer l'intensit\u00e9 de la r\u00e9ponse m\u00e9tabolique et de la tol\u00e9rance dans les conditions des essais contr\u00f4l\u00e9s.<\/p><p data-start=\"2143\" data-end=\"2272\">Dans les essais cliniques, les effets ind\u00e9sirables les plus fr\u00e9quemment rapport\u00e9s \u00e9taient d'ordre gastro-intestinal et d\u00e9pendaient de la dose.<\/p><hr data-start=\"2663\" data-end=\"2666\" \/><h2 data-start=\"2668\" data-end=\"2689\">Nature du produit<\/h2><p data-start=\"2691\" data-end=\"2787\">Le Tirzepatide 10 mg propos\u00e9 sur le march\u00e9 des laboratoires est un mat\u00e9riau de r\u00e9f\u00e9rence pour la recherche :<\/p><ul data-start=\"2789\" data-end=\"2926\"><li data-start=\"2789\" data-end=\"2831\"><p data-start=\"2791\" data-end=\"2831\">la signalisation des r\u00e9cepteurs de l'incr\u00e9tine,<\/p><\/li><li data-start=\"2832\" data-end=\"2867\"><p data-start=\"2834\" data-end=\"2867\">le m\u00e9tabolisme du glucose et des lipides,<\/p><\/li><li data-start=\"2868\" data-end=\"2905\"><p data-start=\"2870\" data-end=\"2905\">la r\u00e9gulation de l'\u00e9quilibre \u00e9nerg\u00e9tique,<\/p><\/li><li data-start=\"2906\" data-end=\"2926\"><p data-start=\"2908\" data-end=\"2926\">M\u00e9canismes GPCR.<\/p><\/li><\/ul><p data-start=\"2928\" data-end=\"3004\">Le produit est destin\u00e9 \u00e0 la recherche uniquement (Research Use Only).<\/p><hr data-start=\"2644\" data-end=\"2647\" \/><h2 data-start=\"2649\" data-end=\"2696\">Tirzepatide 10 mg disponibilit\u00e9 en ligne et informations sur les lieux d'achat<\/h2><ul data-start=\"2698\" data-end=\"3135\"><li data-start=\"2698\" data-end=\"2862\"><p data-start=\"2700\" data-end=\"2862\">Tirzepatide 10 mg est disponible <strong data-start=\"2732\" data-end=\"2756\">uniquement sur ordonnance<\/strong> dans les pharmacies fixes et les pharmacies en ligne qui vendent l\u00e9galement des m\u00e9dicaments sur ordonnance.<\/p><\/li><li data-start=\"2863\" data-end=\"2959\"><p data-start=\"2865\" data-end=\"2959\">\u00a0Le thirzepatide est \u00e9galement disponible besoins <strong data-start=\"150\" data-end=\"194\">la recherche scientifique et l'utilisation en laboratoire<\/strong>. Il n'est pas destin\u00e9 \u00e0 l'autom\u00e9dication ou \u00e0 l'usage domestique.<\/p><\/li><li data-start=\"2960\" data-end=\"3135\"><p data-start=\"2962\" data-end=\"3135\">Dans certains pays, l'acc\u00e8s \u00e0 la pr\u00e9paration peut \u00eatre r\u00e9glement\u00e9 par des listes de m\u00e9dicaments remboursables ou par l'exigence d'un traitement pr\u00e9alable par d'autres m\u00e9thodes (r\u00e9gime alimentaire, activit\u00e9 physique).<\/p><\/li><\/ul><hr data-start=\"3137\" data-end=\"3140\" \/><h2 data-start=\"3142\" data-end=\"3194\">Tirzepatide 10 mg comparaison avec d'autres peptides<\/h2><ul data-start=\"3196\" data-end=\"3658\"><li data-start=\"3196\" data-end=\"3343\"><p data-start=\"3198\" data-end=\"3343\"><a href=\"https:\/\/tirzepatyd.eu\/fr\/produit\/semaglutide-2-mg-vial\/\"><strong data-start=\"3198\" data-end=\"3213\">Semaglutide<\/strong><\/a>: agit uniquement sur le r\u00e9cepteur GLP-1, efficacit\u00e9 dans la perte de poids moyenne ~15%, utilis\u00e9 dans le traitement du diab\u00e8te de type 2 et de l'ob\u00e9sit\u00e9.<\/p><\/li><li data-start=\"3344\" data-end=\"3476\"><p data-start=\"3346\" data-end=\"3476\"><strong data-start=\"3346\" data-end=\"3361\">Tirzepatide<\/strong>: double m\u00e9canisme (GLP-1 + GIP), efficacit\u00e9 dans la perte de poids ~20-25%, plus un meilleur contr\u00f4le de la glyc\u00e9mie.<\/p><\/li><li data-start=\"3477\" data-end=\"3658\"><p data-start=\"3479\" data-end=\"3658\"><a href=\"https:\/\/tirzepatyd.eu\/fr\/produit\/glp-3-retatrutide-4mg-vial\/\"><strong data-start=\"3479\" data-end=\"3494\">R\u00e9tatrutide<\/strong><\/a>Le traitement de l'ob\u00e9sit\u00e9 : triple peptide exp\u00e9rimental (GLP-1 + GIP + r\u00e9cepteur du glucagon), les \u00e9tudes pr\u00e9liminaires sugg\u00e8rent une tr\u00e8s forte r\u00e9duction de poids, encore en phase d'essai clinique.<\/p><\/li><\/ul><p data-start=\"3660\" data-end=\"3861\">Tirzepatide 10 mg se distingue par le fait qu'il combine <strong data-start=\"3699\" data-end=\"3755\">Une r\u00e9duction de poids tr\u00e8s efficace avec un contr\u00f4le de la glyc\u00e9mie<\/strong> et est disponible en doses hebdomadaires, ce qui rend son utilisation plus pratique que celle d'autres peptides.<\/p><hr data-start=\"3137\" data-end=\"3140\" \/><p data-start=\"3660\" data-end=\"3861\"><a href=\"https:\/\/tirzepatyd.eu\/wp-content\/uploads\/2025\/09\/10mg-0.5ml-Camera.png\"><img fetchpriority=\"high\" decoding=\"async\" class=\"size-medium wp-image-30658 aligncenter\" src=\"https:\/\/tirzepatyd.eu\/wp-content\/uploads\/2025\/09\/10mg-0.5ml-Camera-300x225.png\" alt=\"Tirzepatide 10mg vial\" width=\"300\" height=\"225\" srcset=\"https:\/\/tirzepatyd.eu\/wp-content\/uploads\/2025\/09\/10mg-0.5ml-Camera-300x225.png 300w, https:\/\/tirzepatyd.eu\/wp-content\/uploads\/2025\/09\/10mg-0.5ml-Camera-800x600.png 800w, https:\/\/tirzepatyd.eu\/wp-content\/uploads\/2025\/09\/10mg-0.5ml-Camera-64x48.png 64w, https:\/\/tirzepatyd.eu\/wp-content\/uploads\/2025\/09\/10mg-0.5ml-Camera-768x576.png 768w, https:\/\/tirzepatyd.eu\/wp-content\/uploads\/2025\/09\/10mg-0.5ml-Camera-16x12.png 16w, https:\/\/tirzepatyd.eu\/wp-content\/uploads\/2025\/09\/10mg-0.5ml-Camera.png 1024w\" sizes=\"(max-width: 300px) 100vw, 300px\" \/><\/a><\/p><p>Recherche et sources :<\/p><p><a href=\"https:\/\/www.thelancet.com\/journals\/lancet\/article\/PIIS0140-6736(21)01324-6\/abstract\">Efficacit\u00e9 et s\u00e9curit\u00e9 d'un nouveau r\u00e9cepteur double du GIP et du GLP-1<\/a><\/p><p><a href=\"https:\/\/pubmed.ncbi.nlm.nih.gov\/36050763\/\">Thirzepatide, un r\u00e9cepteur double GIP\/GLP-1<\/a><\/p><hr data-start=\"3137\" data-end=\"3140\" \/><p><strong>Le produit est destin\u00e9 \u00e0 la recherche scientifique et \u00e0 l'analyse en laboratoire. Tous les articles et les informations figurant sur ce site web sont fournis \u00e0 titre informatif et \u00e9ducatif uniquement.<\/strong><\/p>\t\t\t\t\t\t\t\t<\/div>\n\t\t\t\t\t<\/div>\n\t\t<\/div>\n\t\t\t\t\t<\/div>\n\t\t<\/section>\n\t\t\t\t<\/div>","protected":false},"excerpt":{"rendered":"<p><strong data-start=\"118\" data-end=\"139\">Tirzepatide 10 mg<\/strong> est un peptide synth\u00e9tique avanc\u00e9, de haute puret\u00e9, \u00e0 double activit\u00e9 contre les r\u00e9cepteurs GIP et GLP-1, utilis\u00e9 dans des projets de recherche de pointe sur la r\u00e9gulation m\u00e9tabolique et les m\u00e9canismes des incr\u00e9tines.<\/p>","protected":false},"featured_media":30658,"comment_status":"open","ping_status":"closed","template":"","meta":{"_acf_changed":false},"product_brand":[],"product_cat":[124,111,15],"product_tag":[136],"class_list":{"0":"post-18845","1":"product","2":"type-product","3":"status-publish","4":"has-post-thumbnail","6":"product_cat-produkty-w-fiolce","7":"product_cat-glp1gip","8":"product_cat-laboratory-research","9":"product_tag-fiolka","11":"first","12":"instock","13":"shipping-taxable","14":"purchasable","15":"product-type-variable"},"acf":[],"aioseo_notices":[],"_links":{"self":[{"href":"https:\/\/tirzepatyd.eu\/fr\/wp-json\/wp\/v2\/product\/18845","targetHints":{"allow":["GET"]}}],"collection":[{"href":"https:\/\/tirzepatyd.eu\/fr\/wp-json\/wp\/v2\/product"}],"about":[{"href":"https:\/\/tirzepatyd.eu\/fr\/wp-json\/wp\/v2\/types\/product"}],"replies":[{"embeddable":true,"href":"https:\/\/tirzepatyd.eu\/fr\/wp-json\/wp\/v2\/comments?post=18845"}],"version-history":[{"count":11,"href":"https:\/\/tirzepatyd.eu\/fr\/wp-json\/wp\/v2\/product\/18845\/revisions"}],"predecessor-version":[{"id":35465,"href":"https:\/\/tirzepatyd.eu\/fr\/wp-json\/wp\/v2\/product\/18845\/revisions\/35465"}],"wp:featuredmedia":[{"embeddable":true,"href":"https:\/\/tirzepatyd.eu\/fr\/wp-json\/wp\/v2\/media\/30658"}],"wp:attachment":[{"href":"https:\/\/tirzepatyd.eu\/fr\/wp-json\/wp\/v2\/media?parent=18845"}],"wp:term":[{"taxonomy":"product_brand","embeddable":true,"href":"https:\/\/tirzepatyd.eu\/fr\/wp-json\/wp\/v2\/product_brand?post=18845"},{"taxonomy":"product_cat","embeddable":true,"href":"https:\/\/tirzepatyd.eu\/fr\/wp-json\/wp\/v2\/product_cat?post=18845"},{"taxonomy":"product_tag","embeddable":true,"href":"https:\/\/tirzepatyd.eu\/fr\/wp-json\/wp\/v2\/product_tag?post=18845"}],"curies":[{"name":"wp","href":"https:\/\/api.w.org\/{rel}","templated":true}]}}