{"id":13028,"date":"2023-07-24T23:07:01","date_gmt":"2023-07-24T21:07:01","guid":{"rendered":"https:\/\/tirzepatyd.eu\/?post_type=product&#038;p=13028"},"modified":"2026-03-26T11:16:39","modified_gmt":"2026-03-26T10:16:39","slug":"glp1-gip-tirzepatide-2-5-mg","status":"publish","type":"product","link":"https:\/\/tirzepatyd.eu\/fr\/product-2\/glp1-gip-tirzepatide-2-5-mg\/","title":{"rendered":"Tirzepatide 2,5 mg flacon (GLP1+GIP)"},"content":{"rendered":"<div data-elementor-type=\"product-post\" data-elementor-id=\"13028\" class=\"elementor elementor-13028\" data-elementor-post-type=\"product\">\n\t\t\t\t\t\t<section class=\"elementor-section elementor-top-section elementor-element elementor-element-53f3d7d elementor-section-boxed elementor-section-height-default elementor-section-height-default\" data-id=\"53f3d7d\" data-element_type=\"section\" data-e-type=\"section\">\n\t\t\t\t\t\t<div class=\"elementor-container elementor-column-gap-default\">\n\t\t\t\t\t<div class=\"elementor-column elementor-col-100 elementor-top-column elementor-element elementor-element-e6006d1\" data-id=\"e6006d1\" data-element_type=\"column\" data-e-type=\"column\">\n\t\t\t<div class=\"elementor-widget-wrap elementor-element-populated\">\n\t\t\t\t\t\t<div class=\"elementor-element elementor-element-64391bc elementor-widget__width-initial elementor-widget elementor-widget-text-editor\" data-id=\"64391bc\" data-element_type=\"widget\" data-e-type=\"widget\" data-widget_type=\"text-editor.default\">\n\t\t\t\t\t\t\t\t\t<h2 data-start=\"512\" data-end=\"564\">Tirzepatide 2,5 mg en flacon - caract\u00e9ristiques<\/h2><p data-start=\"566\" data-end=\"843\"><strong data-start=\"566\" data-end=\"588\">Thirzepatide 2,5 mg<\/strong> est un peptide synth\u00e9tique qui est un double agoniste des r\u00e9cepteurs GIP et GLP-1. Ce compos\u00e9 a \u00e9t\u00e9 largement \u00e9tudi\u00e9 dans la litt\u00e9rature scientifique dans le contexte de la signalisation des incr\u00e9tines, de la r\u00e9gulation du m\u00e9tabolisme du glucose et des m\u00e9canismes de contr\u00f4le de l'\u00e9quilibre \u00e9nerg\u00e9tique.<\/p><hr data-start=\"908\" data-end=\"911\" \/><h2 data-start=\"913\" data-end=\"982\">Qu'est-ce que le tirzepatide 2,5 mg et quel est son m\u00e9canisme d'action ?<\/h2><p data-start=\"984\" data-end=\"1093\">Le tirzepatide est une mol\u00e9cule unique con\u00e7ue pour activer simultan\u00e9ment deux r\u00e9cepteurs d'incr\u00e9tine :<\/p><ul data-start=\"1095\" data-end=\"1428\"><li data-start=\"1095\" data-end=\"1271\"><p data-start=\"1097\" data-end=\"1271\"><strong data-start=\"1097\" data-end=\"1150\">R\u00e9cepteur GLP-1 (r\u00e9cepteur du peptide-1 de type glucagon)<\/strong> - associ\u00e9e \u00e0 la s\u00e9cr\u00e9tion d'insuline d\u00e9pendante du glucose, \u00e0 la modulation de la s\u00e9cr\u00e9tion de glucagon et aux effets sur la signalisation de la sati\u00e9t\u00e9.<\/p><\/li><li data-start=\"1272\" data-end=\"1428\"><p data-start=\"1274\" data-end=\"1428\"><strong data-start=\"1274\" data-end=\"1346\">R\u00e9cepteur GIP (r\u00e9cepteur du polypeptide insulinotrope d\u00e9pendant du glucose)<\/strong> - impliqu\u00e9s dans la r\u00e9gulation de la r\u00e9ponse insulinique et des processus m\u00e9taboliques.<\/p><\/li><\/ul><p data-start=\"1430\" data-end=\"1726\">La double activation de ces voies distingue le tirzepatide des agonistes classiques du GLP-1. Ce m\u00e9canisme a \u00e9t\u00e9 d\u00e9crit en d\u00e9tail dans les essais cliniques SURPASS et SURMOUNT, o\u00f9 les effets de la mol\u00e9cule sur les param\u00e8tres glyc\u00e9miques et le poids corporel ont \u00e9t\u00e9 analys\u00e9s dans des conditions d'\u00e9tude contr\u00f4l\u00e9es.<\/p><hr data-start=\"1728\" data-end=\"1731\" \/><h2 data-start=\"1733\" data-end=\"1777\">Tirzepatide 2,5 mg dans les mod\u00e8les cliniques<\/h2><p data-start=\"1779\" data-end=\"1879\">La tirzepatide en tant que classe de mol\u00e9cules incr\u00e9tines a \u00e9t\u00e9 d\u00e9montr\u00e9e dans des essais cliniques publi\u00e9s :<\/p><ul data-start=\"1881\" data-end=\"2079\"><li data-start=\"1881\" data-end=\"1942\"><p data-start=\"1883\" data-end=\"1942\">affecte de mani\u00e8re significative les param\u00e8tres du m\u00e9tabolisme du glucose (HbA1c),<\/p><\/li><li data-start=\"1943\" data-end=\"2013\"><p data-start=\"1945\" data-end=\"2013\">influence les m\u00e9canismes de r\u00e9gulation de l'app\u00e9tit et de l'\u00e9quilibre \u00e9nerg\u00e9tique,<\/p><\/li><li data-start=\"2014\" data-end=\"2079\"><p data-start=\"2016\" data-end=\"2079\">d\u00e9montre la d\u00e9pendance \u00e0 la dose de l'effet dans les protocoles d'escalade.<\/p><\/li><\/ul><p data-start=\"2081\" data-end=\"2259\">La dose de 2,5 mg dans les sch\u00e9mas cliniques a servi de dose de d\u00e9part dans les mod\u00e8les d'escalade, permettant d'\u00e9valuer la tol\u00e9rance et l'adaptation de l'organisme \u00e0 d'autres niveaux de dose.<\/p><hr data-start=\"2261\" data-end=\"2264\" \/><h2 data-start=\"2266\" data-end=\"2304\">Diff\u00e9rence : tirzepatide 2,5 mg vs 5 mg<\/h2><p data-start=\"2306\" data-end=\"2339\">Dans la documentation des essais cliniques :<\/p><ul data-start=\"2341\" data-end=\"2486\"><li data-start=\"2341\" data-end=\"2401\"><p data-start=\"2343\" data-end=\"2401\"><strong data-start=\"2343\" data-end=\"2365\">tirzepatide 2,5 mg<\/strong> a \u00e9t\u00e9 utilis\u00e9e comme dose d'introduction,<\/p><\/li><li data-start=\"2402\" data-end=\"2486\"><p data-start=\"2404\" data-end=\"2486\">Des doses plus \u00e9lev\u00e9es (5 mg et plus) ont \u00e9t\u00e9 analys\u00e9es pour d\u00e9terminer l'ensemble des effets m\u00e9taboliques.<\/p><\/li><\/ul><p data-start=\"2488\" data-end=\"2633\">L'\u00e9valuation de l'efficacit\u00e9 en termes de r\u00e9duction de poids a \u00e9t\u00e9 principalement r\u00e9alis\u00e9e pour des doses plus \u00e9lev\u00e9es dans des conditions d'\u00e9tude contr\u00f4l\u00e9es.<\/p><hr data-start=\"2635\" data-end=\"2638\" \/><h2 data-start=\"2640\" data-end=\"2664\">Informations qualitatives<\/h2><p data-start=\"2666\" data-end=\"2812\">Offert <strong data-start=\"2676\" data-end=\"2698\">tirzepatide 2,5 mg<\/strong> est soumis \u00e0 une analyse qualitative (par exemple HPLC) pour confirmer sa puret\u00e9 et sa conformit\u00e9 aux sp\u00e9cifications du laboratoire.<\/p><p data-start=\"2814\" data-end=\"2935\">Le produit n'est pas un m\u00e9dicament ni un compl\u00e9ment.<br data-start=\"2868\" data-end=\"2871\" \/>Destin\u00e9 uniquement \u00e0 la recherche et aux applications analytiques.<\/p><hr data-start=\"2937\" data-end=\"2940\" \/><h2 data-start=\"220\" data-end=\"260\">Donn\u00e9es de l'essai clinique SURMOUNT-1<\/h2><p data-start=\"262\" data-end=\"420\">Dans un essai clinique randomis\u00e9 de phase III <strong data-start=\"307\" data-end=\"321\">SURMOUNT-1<\/strong> (NEJM, 2022) a \u00e9valu\u00e9 l'effet du tirzepatide sur le poids corporel chez des personnes ob\u00e8ses ou en surpoids sans diab\u00e8te.<\/p><p data-start=\"422\" data-end=\"572\">L'\u00e9tude a utilis\u00e9 un sch\u00e9ma d'escalade de la dose en commen\u00e7ant par une dose de <strong data-start=\"490\" data-end=\"500\">2,5 mg<\/strong>, puis augment\u00e9e jusqu'aux niveaux cibles (5 mg, 10 mg, 15 mg).<\/p><p data-start=\"574\" data-end=\"602\">Apr\u00e8s 72 semaines de suivi :<\/p><ul data-start=\"604\" data-end=\"801\"><li data-start=\"604\" data-end=\"674\"><p data-start=\"606\" data-end=\"674\">La r\u00e9duction de poids moyenne \u00e9tait d'environ <strong data-start=\"649\" data-end=\"671\">15% pour la dose de 5 mg<\/strong>,<\/p><\/li><li data-start=\"675\" data-end=\"711\"><p data-start=\"677\" data-end=\"711\">A propos de <strong data-start=\"683\" data-end=\"708\">19,5% pour la dose de 10 mg<\/strong>,<\/p><\/li><li data-start=\"712\" data-end=\"748\"><p data-start=\"714\" data-end=\"748\">A propos de <strong data-start=\"720\" data-end=\"745\">20,9% pour une dose de 15 mg<\/strong>,<\/p><\/li><li data-start=\"749\" data-end=\"801\"><p data-start=\"751\" data-end=\"801\">Dans le groupe placebo, la r\u00e9duction \u00e9tait d'environ <strong data-start=\"792\" data-end=\"800\">3.1%<\/strong>.<\/p><\/li><\/ul><p data-start=\"803\" data-end=\"931\">En outre, des am\u00e9liorations des param\u00e8tres m\u00e9taboliques ont \u00e9t\u00e9 observ\u00e9es, notamment des modifications du profil lipidique et des indices du m\u00e9tabolisme du glucose.<\/p><p data-start=\"933\" data-end=\"1115\">Il convient de souligner que <strong data-start=\"954\" data-end=\"1028\">la dose de 2,5 mg dans les essais cliniques a servi de dose d'introduction<\/strong>, utilis\u00e9 pour am\u00e9liorer la tol\u00e9rance avant d'atteindre des niveaux de dosage plus \u00e9lev\u00e9s.<\/p><hr data-start=\"2937\" data-end=\"2940\" \/><p data-start=\"2942\" data-end=\"2960\"><a href=\"https:\/\/tirzepatyd.eu\/wp-content\/uploads\/2025\/09\/2.5mg-0.5ml-Camera.png\"><img fetchpriority=\"high\" decoding=\"async\" class=\"aligncenter wp-image-30655 size-medium\" src=\"https:\/\/tirzepatyd.eu\/wp-content\/uploads\/2025\/09\/2.5mg-0.5ml-Camera-300x225.png\" alt=\"Tirzepatide 2,5 mg flacon - double peptide de recherche GLP-1\/GIP, haute puret\u00e9\" width=\"300\" height=\"225\" srcset=\"https:\/\/tirzepatyd.eu\/wp-content\/uploads\/2025\/09\/2.5mg-0.5ml-Camera-300x225.png 300w, https:\/\/tirzepatyd.eu\/wp-content\/uploads\/2025\/09\/2.5mg-0.5ml-Camera-800x600.png 800w, https:\/\/tirzepatyd.eu\/wp-content\/uploads\/2025\/09\/2.5mg-0.5ml-Camera-64x48.png 64w, https:\/\/tirzepatyd.eu\/wp-content\/uploads\/2025\/09\/2.5mg-0.5ml-Camera-768x576.png 768w, https:\/\/tirzepatyd.eu\/wp-content\/uploads\/2025\/09\/2.5mg-0.5ml-Camera-16x12.png 16w, https:\/\/tirzepatyd.eu\/wp-content\/uploads\/2025\/09\/2.5mg-0.5ml-Camera.png 1024w\" sizes=\"(max-width: 300px) 100vw, 300px\" \/><\/a><\/p><p data-start=\"2942\" data-end=\"2960\">Source scientifique<\/p><p data-start=\"2962\" data-end=\"3131\">Jastreboff AM et al, <em data-start=\"2984\" data-end=\"3038\">Tirzepatide une fois par semaine pour le traitement de l'ob\u00e9sit\u00e9<\/em>, New England Journal of Medicine, 2022.<br data-start=\"3078\" data-end=\"3081\" \/><a class=\"decorated-link\" href=\"https:\/\/pmc.ncbi.nlm.nih.gov\/articles\/PMC10088547\/\" target=\"_new\" rel=\"noopener\" data-start=\"3081\" data-end=\"3131\">https:\/\/pmc.ncbi.nlm.nih.gov\/articles\/PMC10088547\/<\/a><\/p><hr data-start=\"2937\" data-end=\"2940\" \/><p data-start=\"2962\" data-end=\"3131\"><strong>Le produit est destin\u00e9 \u00e0 la recherche scientifique et \u00e0 l'analyse en laboratoire. Tous les articles et les informations figurant sur ce site web sont fournis \u00e0 titre informatif et \u00e9ducatif uniquement.<\/strong><\/p>\t\t\t\t\t\t\t\t<\/div>\n\t\t\t\t\t<\/div>\n\t\t<\/div>\n\t\t\t\t\t<\/div>\n\t\t<\/section>\n\t\t\t\t<\/div>","protected":false},"excerpt":{"rendered":"<p><strong data-start=\"116\" data-end=\"138\">Thirzepatide 2,5 mg<\/strong> est un peptide synth\u00e9tique \u00e0 double activit\u00e9 contre les r\u00e9cepteurs GIP (glucose-independent insulinotropic peptide) et GLP-1 (glucagon-like peptide-1). Ce compos\u00e9 fait l'objet de recherches sur la signalisation des incr\u00e9tines, la r\u00e9gulation du m\u00e9tabolisme du glucose et les m\u00e9canismes de contr\u00f4le de l'\u00e9quilibre \u00e9nerg\u00e9tique.<\/p>","protected":false},"featured_media":30655,"comment_status":"open","ping_status":"closed","template":"","meta":{"_acf_changed":false},"product_brand":[],"product_cat":[124,111,15],"product_tag":[136],"class_list":{"0":"post-13028","1":"product","2":"type-product","3":"status-publish","4":"has-post-thumbnail","6":"product_cat-produkty-w-fiolce","7":"product_cat-glp1gip","8":"product_cat-laboratory-research","9":"product_tag-fiolka","11":"first","12":"instock","13":"shipping-taxable","14":"purchasable","15":"product-type-variable"},"acf":[],"aioseo_notices":[],"_links":{"self":[{"href":"https:\/\/tirzepatyd.eu\/fr\/wp-json\/wp\/v2\/product\/13028","targetHints":{"allow":["GET"]}}],"collection":[{"href":"https:\/\/tirzepatyd.eu\/fr\/wp-json\/wp\/v2\/product"}],"about":[{"href":"https:\/\/tirzepatyd.eu\/fr\/wp-json\/wp\/v2\/types\/product"}],"replies":[{"embeddable":true,"href":"https:\/\/tirzepatyd.eu\/fr\/wp-json\/wp\/v2\/comments?post=13028"}],"version-history":[{"count":14,"href":"https:\/\/tirzepatyd.eu\/fr\/wp-json\/wp\/v2\/product\/13028\/revisions"}],"predecessor-version":[{"id":35111,"href":"https:\/\/tirzepatyd.eu\/fr\/wp-json\/wp\/v2\/product\/13028\/revisions\/35111"}],"wp:featuredmedia":[{"embeddable":true,"href":"https:\/\/tirzepatyd.eu\/fr\/wp-json\/wp\/v2\/media\/30655"}],"wp:attachment":[{"href":"https:\/\/tirzepatyd.eu\/fr\/wp-json\/wp\/v2\/media?parent=13028"}],"wp:term":[{"taxonomy":"product_brand","embeddable":true,"href":"https:\/\/tirzepatyd.eu\/fr\/wp-json\/wp\/v2\/product_brand?post=13028"},{"taxonomy":"product_cat","embeddable":true,"href":"https:\/\/tirzepatyd.eu\/fr\/wp-json\/wp\/v2\/product_cat?post=13028"},{"taxonomy":"product_tag","embeddable":true,"href":"https:\/\/tirzepatyd.eu\/fr\/wp-json\/wp\/v2\/product_tag?post=13028"}],"curies":[{"name":"wp","href":"https:\/\/api.w.org\/{rel}","templated":true}]}}