{"id":34460,"date":"2026-01-06T20:29:32","date_gmt":"2026-01-06T19:29:32","guid":{"rendered":"https:\/\/tirzepatyd.eu\/?post_type=product&#038;p=34460"},"modified":"2026-04-18T11:50:01","modified_gmt":"2026-04-18T09:50:01","slug":"retatrutide-pen-20-mg","status":"publish","type":"product","link":"https:\/\/tirzepatyd.eu\/es\/producto\/retatrutide-pen-20-mg\/","title":{"rendered":"Triple G PEN 20mg GLP3"},"content":{"rendered":"<div data-elementor-type=\"product-post\" data-elementor-id=\"34460\" class=\"elementor elementor-34460\" data-elementor-post-type=\"product\">\n\t\t\t\t\t\t<section class=\"elementor-section elementor-top-section elementor-element elementor-element-b5ca82b elementor-section-boxed elementor-section-height-default elementor-section-height-default\" data-id=\"b5ca82b\" data-element_type=\"section\" data-e-type=\"section\">\n\t\t\t\t\t\t<div class=\"elementor-container elementor-column-gap-default\">\n\t\t\t\t\t<div class=\"elementor-column elementor-col-100 elementor-top-column elementor-element elementor-element-482342e\" data-id=\"482342e\" data-element_type=\"column\" data-e-type=\"column\">\n\t\t\t<div class=\"elementor-widget-wrap elementor-element-populated\">\n\t\t\t\t\t\t<div class=\"elementor-element elementor-element-581567b elementor-widget elementor-widget-text-editor\" data-id=\"581567b\" data-element_type=\"widget\" data-e-type=\"widget\" data-widget_type=\"text-editor.default\">\n\t\t\t\t\t\t\t\t\t<h2 data-start=\"360\" data-end=\"399\">Retatrutide pen 20 mg - caracter\u00edsticas<\/h2><p data-start=\"401\" data-end=\"823\">Retatrutide pen 20 mg, identificado como LY3437943, es un p\u00e9ptido sint\u00e9tico con un perfil de actividad multirreceptor, perteneciente al grupo de los agonistas triples de los receptores GLP-1, GIP y GCGR. La mol\u00e9cula se desarroll\u00f3 para modular simult\u00e1neamente las v\u00edas de se\u00f1alizaci\u00f3n implicadas en la regulaci\u00f3n del metabolismo de la glucosa, el metabolismo energ\u00e9tico y los procesos relacionados con el equilibrio metab\u00f3lico. En estudios moleculares y cl\u00ednicos, la retatrutida se est\u00e1 analizando como material de prueba con un mecanismo de acci\u00f3n complejo para evaluar la relaci\u00f3n entre la activaci\u00f3n del eje de la incretina y el componente del glucag\u00f3n. Producto disponible como reactivo de investigaci\u00f3n para uso en laboratorio<\/p><hr data-start=\"1081\" data-end=\"1084\" \/><h2 data-start=\"1086\" data-end=\"1141\">Retatrutide pen 20 mg - dise\u00f1os de estudios<\/h2><p data-start=\"1843\" data-end=\"2336\">En las publicaciones cient\u00edficas, Retatrutide pen 20 mg se analiza en el contexto de los cambios en el peso corporal, la glucemia y otros par\u00e1metros metab\u00f3licos. Los resultados de un estudio de fase 2 publicado en <em data-start=\"2029\" data-end=\"2035\">NEJM<\/em> y los informes posteriores sobre TRIUMPH han garantizado que la mol\u00e9cula siga siendo uno de los agonistas multirreceptor de nueva generaci\u00f3n m\u00e1s comentados. Se pueden encontrar datos m\u00e1s detallados en las fuentes cient\u00edficas enlazadas a continuaci\u00f3n.<\/p><hr data-start=\"3414\" data-end=\"3417\" \/><h2 data-start=\"136\" data-end=\"186\">Retatrutide pen 20 mg precio (productos de investigaci\u00f3n)<\/h2><p data-start=\"188\" data-end=\"785\">Retatrutide pen 20 mg no tiene un precio m\u00e9dico oficial, ya que sigue siendo una sustancia en investigaci\u00f3n y las ofertas disponibles son s\u00f3lo para productos como <em data-start=\"340\" data-end=\"359\">uso exclusivo para investigaci\u00f3n<\/em>. La retatrutida de gran pureza en forma de polvo de investigaci\u00f3n puede encontrarse a la venta en l\u00ednea a precios orientativos de unos 80-90 euros por vial individual. Los viales m\u00e1s ofrecidos, que contienen entre 5 y 10 mg de p\u00e9ptido, suelen tener un precio de entre 100 y 180 euros, mientras que los viales m\u00e1s grandes, por ejemplo de 12 mg, alcanzan precios de entre 130 y 200 euros, dependiendo del fabricante y de la pureza declarada. Los kits m\u00e1s elaborados, como las plumas que contienen unos 40 mg de p\u00e9ptido, pueden ser a veces bastante m\u00e1s caros y en algunas ofertas alcanzan unos 350-380 euros. En las plataformas internacionales de pruebas tambi\u00e9n se ofrecen paquetes a granel m\u00e1s grandes (los llamados \"bol\u00edgrafos\"). <em data-start=\"1053\" data-end=\"1059\">a granel<\/em>), de unas decenas a unos cientos de miligramos, cuyos precios pueden variar mucho: desde unos 280 euros hasta incluso 2.000 euros. Las diferencias de precio se deben principalmente a la cantidad de p\u00e9ptido, la forma del producto (polvo o pluma), la pureza declarada, el fabricante y las condiciones de venta y env\u00edo. Todos los valores citados son indicativos y se refieren \u00fanicamente al mercado de reactivos de investigaci\u00f3n.<\/p><p data-start=\"3832\" data-end=\"4087\"><a href=\"https:\/\/tirzepatyd.eu\/es\/producto\/slu-pp-332\/\">Ver tambi\u00e9n la secci\u00f3n SLU-PP-332 c\u00e1psulas 500mcg\/60c\u00e1psulas<\/a><\/p><p data-start=\"3832\" data-end=\"4087\"><a href=\"https:\/\/tirzepatyd.eu\/wp-content\/uploads\/2026\/01\/Retatrutide-pen-20-mg.png\"><img fetchpriority=\"high\" decoding=\"async\" class=\"aligncenter wp-image-34438 size-medium\" src=\"https:\/\/tirzepatyd.eu\/wp-content\/uploads\/2026\/01\/Retatrutide-pen-20-mg-300x225.png\" alt=\"Retatrutide pen 20 mg - experimentelle Substanz f\u00fcr Forschungszwecke im Bereich Glukose- und Stoffwechselregulation\" width=\"300\" height=\"225\" srcset=\"https:\/\/tirzepatyd.eu\/wp-content\/uploads\/2026\/01\/Retatrutide-pen-20-mg-300x225.png 300w, https:\/\/tirzepatyd.eu\/wp-content\/uploads\/2026\/01\/Retatrutide-pen-20-mg-768x576.png 768w, https:\/\/tirzepatyd.eu\/wp-content\/uploads\/2026\/01\/Retatrutide-pen-20-mg-16x12.png 16w, https:\/\/tirzepatyd.eu\/wp-content\/uploads\/2026\/01\/Retatrutide-pen-20-mg-800x600.png 800w, https:\/\/tirzepatyd.eu\/wp-content\/uploads\/2026\/01\/Retatrutide-pen-20-mg-64x48.png 64w, https:\/\/tirzepatyd.eu\/wp-content\/uploads\/2026\/01\/Retatrutide-pen-20-mg.png 1024w\" sizes=\"(max-width: 300px) 100vw, 300px\" \/><\/a><\/p><hr data-start=\"4089\" data-end=\"4092\" \/><p data-start=\"4094\" data-end=\"4121\"><strong>Fuentes cient\u00edficas:<\/strong><\/p><p data-start=\"4123\" data-end=\"4207\"><strong data-start=\"4127\" data-end=\"4205\">1) Retatrutida, triple agonista de los receptores hormonales, para la obesidad (NEJM \/ PubMed)<\/strong><\/p><p data-start=\"4123\" data-end=\"4207\"><a class=\"decorated-link\" href=\"https:\/\/pubmed.ncbi.nlm.nih.gov\/37366315\/\" target=\"_new\" rel=\"noopener\" data-start=\"4208\" data-end=\"4249\">https:\/\/pubmed.ncbi.nlm.nih.gov\/37366315\/<\/a><br data-start=\"4249\" data-end=\"4252\" \/><br \/><\/p><p data-start=\"4460\" data-end=\"4525\"><strong data-start=\"4464\" data-end=\"4523\">2) P\u00e9rdida de peso con retatrutida y otros resultados (fase<\/strong><\/p><p data-start=\"4460\" data-end=\"4525\"><a class=\"decorated-link\" href=\"https:\/\/pubmed.ncbi.nlm.nih.gov\/38858523\/\" target=\"_new\" rel=\"noopener\" data-start=\"4526\" data-end=\"4567\">https:\/\/pubmed.ncbi.nlm.nih.gov\/38858523\/<\/a><br data-start=\"4567\" data-end=\"4570\" \/><br \/><\/p><p data-start=\"4764\" data-end=\"4836\"><strong data-start=\"4768\" data-end=\"4834\">3) Resultados principales de la fase III de TRIUMPH-4 (noticias \/ prensa cl\u00ednica)<\/strong><\/p><p data-start=\"4764\" data-end=\"4836\"><a class=\"decorated-link\" href=\"https:\/\/www.pharmexec.com\/view\/lilly-retatrutide-positive-topline-results-successful-phase-iii-trial\" target=\"_new\" rel=\"noopener\" data-start=\"4837\" data-end=\"4937\">https:\/\/www.pharmexec.com\/view\/lilly-retatrutide-positive-topline-results-successful-phase-iii-trial<\/a><br data-start=\"4937\" data-end=\"4940\" \/><br \/><\/p><p data-start=\"5096\" data-end=\"5162\"><strong data-start=\"5100\" data-end=\"5160\">4) Metaan\u00e1lisis de retatrutida subcut\u00e1nea una vez a la semana<\/strong><\/p><p data-start=\"5096\" data-end=\"5162\"><a class=\"decorated-link\" href=\"https:\/\/pubmed.ncbi.nlm.nih.gov\/39318607\/\" target=\"_new\" rel=\"noopener\" data-start=\"5163\" data-end=\"5204\">https:\/\/pubmed.ncbi.nlm.nih.gov\/39318607\/<\/a><br data-start=\"5204\" data-end=\"5207\" \/><br \/><\/p><p data-start=\"5421\" data-end=\"5489\"><strong data-start=\"5425\" data-end=\"5487\">5) Informaci\u00f3n cl\u00ednica adicional y efectos sobre la composici\u00f3n corporal<\/strong><\/p><p data-start=\"5421\" data-end=\"5489\"><a class=\"decorated-link\" href=\"https:\/\/pubmed.ncbi.nlm.nih.gov\/40609566\/\" target=\"_new\" rel=\"noopener\" data-start=\"5490\" data-end=\"5531\">https:\/\/pubmed.ncbi.nlm.nih.gov\/40609566\/<\/a><br data-start=\"5531\" data-end=\"5534\" \/>\u00a0<\/p><hr data-start=\"4089\" data-end=\"4092\" \/><p data-start=\"5490\" data-end=\"5712\"><strong>El producto est\u00e1 destinado a la investigaci\u00f3n cient\u00edfica y al an\u00e1lisis de laboratorio. Todos los art\u00edculos e informaci\u00f3n de este sitio web tienen \u00fanicamente fines informativos y educativos.<\/strong><\/p>\t\t\t\t\t\t\t\t<\/div>\n\t\t\t\t\t<\/div>\n\t\t<\/div>\n\t\t\t\t\t<\/div>\n\t\t<\/section>\n\t\t\t\t<\/div>","protected":false},"excerpt":{"rendered":"<p><strong data-start=\"99\" data-end=\"122\">Triple G 20 mg pluma<\/strong> es un p\u00e9ptido de investigaci\u00f3n de \u00faltima generaci\u00f3n utilizado para analizar los mecanismos de regulaci\u00f3n del peso y el metabolismo. Act\u00faa modulando receptores metab\u00f3licos clave y est\u00e1 disponible como reactivo para estudios de laboratorio.<\/p>","protected":false},"featured_media":34438,"comment_status":"open","ping_status":"closed","template":"","meta":{"_acf_changed":false},"product_brand":[],"product_cat":[122,109,15],"product_tag":[],"class_list":{"0":"post-34460","1":"product","2":"type-product","3":"status-publish","4":"has-post-thumbnail","6":"product_cat-produkty-w-penie","7":"product_cat-triple-g","8":"product_cat-laboratory-research","10":"first","11":"instock","12":"sale","13":"shipping-taxable","14":"purchasable","15":"product-type-simple"},"acf":[],"aioseo_notices":[],"_links":{"self":[{"href":"https:\/\/tirzepatyd.eu\/es\/wp-json\/wp\/v2\/product\/34460","targetHints":{"allow":["GET"]}}],"collection":[{"href":"https:\/\/tirzepatyd.eu\/es\/wp-json\/wp\/v2\/product"}],"about":[{"href":"https:\/\/tirzepatyd.eu\/es\/wp-json\/wp\/v2\/types\/product"}],"replies":[{"embeddable":true,"href":"https:\/\/tirzepatyd.eu\/es\/wp-json\/wp\/v2\/comments?post=34460"}],"version-history":[{"count":69,"href":"https:\/\/tirzepatyd.eu\/es\/wp-json\/wp\/v2\/product\/34460\/revisions"}],"predecessor-version":[{"id":35469,"href":"https:\/\/tirzepatyd.eu\/es\/wp-json\/wp\/v2\/product\/34460\/revisions\/35469"}],"wp:featuredmedia":[{"embeddable":true,"href":"https:\/\/tirzepatyd.eu\/es\/wp-json\/wp\/v2\/media\/34438"}],"wp:attachment":[{"href":"https:\/\/tirzepatyd.eu\/es\/wp-json\/wp\/v2\/media?parent=34460"}],"wp:term":[{"taxonomy":"product_brand","embeddable":true,"href":"https:\/\/tirzepatyd.eu\/es\/wp-json\/wp\/v2\/product_brand?post=34460"},{"taxonomy":"product_cat","embeddable":true,"href":"https:\/\/tirzepatyd.eu\/es\/wp-json\/wp\/v2\/product_cat?post=34460"},{"taxonomy":"product_tag","embeddable":true,"href":"https:\/\/tirzepatyd.eu\/es\/wp-json\/wp\/v2\/product_tag?post=34460"}],"curies":[{"name":"wp","href":"https:\/\/api.w.org\/{rel}","templated":true}]}}