{"id":34436,"date":"2026-01-06T18:19:13","date_gmt":"2026-01-06T17:19:13","guid":{"rendered":"https:\/\/tirzepatyd.eu\/?post_type=product&#038;p=34436"},"modified":"2026-04-18T11:50:26","modified_gmt":"2026-04-18T09:50:26","slug":"retatrutide-20mg","status":"publish","type":"product","link":"https:\/\/tirzepatyd.eu\/es\/producto\/retatrutide-20mg\/","title":{"rendered":"Triple G 20mg mg vial GLP3"},"content":{"rendered":"<div data-elementor-type=\"product-post\" data-elementor-id=\"34436\" class=\"elementor elementor-34436\" data-elementor-post-type=\"product\">\n\t\t\t\t\t\t<section class=\"elementor-section elementor-top-section elementor-element elementor-element-0a060c4 elementor-section-boxed elementor-section-height-default elementor-section-height-default\" data-id=\"0a060c4\" data-element_type=\"section\" data-e-type=\"section\">\n\t\t\t\t\t\t<div class=\"elementor-container elementor-column-gap-default\">\n\t\t\t\t\t<div class=\"elementor-column elementor-col-100 elementor-top-column elementor-element elementor-element-10a03f2\" data-id=\"10a03f2\" data-element_type=\"column\" data-e-type=\"column\">\n\t\t\t<div class=\"elementor-widget-wrap elementor-element-populated\">\n\t\t\t\t\t\t<div class=\"elementor-element elementor-element-8d55ed4 elementor-widget elementor-widget-text-editor\" data-id=\"8d55ed4\" data-element_type=\"widget\" data-e-type=\"widget\" data-widget_type=\"text-editor.default\">\n\t\t\t\t\t\t\t\t\t<h2 data-start=\"308\" data-end=\"355\">GLP3 retatrutide 20mg - caracter\u00edsticas\u00a0<\/h2><p data-start=\"45\" data-end=\"410\">Retatrutide 20mg, tambi\u00e9n conocido como GLP3 reta, es un p\u00e9ptido sint\u00e9tico de investigaci\u00f3n de amino\u00e1cidos desarrollado como triple agonista de los receptores GLP-1, GIP y glucag\u00f3n. Este compuesto pertenece a una nueva generaci\u00f3n de mol\u00e9culas multireceptoras que se est\u00e1n analizando en estudios de regulaci\u00f3n metab\u00f3lica, homeostasis de la glucosa y equilibrio energ\u00e9tico.<\/p><p data-start=\"412\" data-end=\"1092\">Un rasgo caracter\u00edstico de GLP3 reta (retatrutida) es su actividad simult\u00e1nea frente a tres ejes clave de se\u00f1alizaci\u00f3n. La activaci\u00f3n del receptor GLP-1 se analiza en el contexto de la regulaci\u00f3n del apetito, el retraso del vaciado g\u00e1strico y los efectos sobre los mecanismos de saciedad. El receptor GIP sigue implicado en la modulaci\u00f3n dependiente de la glucosa de la secreci\u00f3n de insulina y la respuesta metab\u00f3lica, mientras que el componente glucag\u00f3n est\u00e1 siendo investigado por sus efectos sobre el gasto energ\u00e9tico y el metabolismo de los sustratos metab\u00f3licos. Es este complejo perfil de receptores lo que hace de Retatrutide 20 mg un importante material de estudio en los an\u00e1lisis de la farmacolog\u00eda metab\u00f3lica moderna.<\/p><hr data-start=\"1330\" data-end=\"1333\" \/><h2 data-start=\"1335\" data-end=\"1380\">D\u00f3nde comprar Retatrutide 20mg online disponibilidad<\/h2><p data-start=\"1382\" data-end=\"1662\"><strong data-start=\"1382\" data-end=\"1473\">El GLP3 reta, o retatrutida, no est\u00e1 disponible actualmente como medicamento est\u00e1ndar en las farmacias<\/strong>. Esta sustancia se encuentra en fases avanzadas de ensayos cl\u00ednicos y a\u00fan no ha sido autorizada con car\u00e1cter general como medicamento de uso corriente.<\/p><p data-start=\"1664\" data-end=\"1993\">Las \u00fanicas formas legales y m\u00e9dicamente supervisadas de acceso a la retatrutida son <strong data-start=\"1735\" data-end=\"1765\">programas de ensayos cl\u00ednicos<\/strong>. Los productos denominados en Internet \u201ep\u00e9ptido de investigaci\u00f3n\u201d o \u201ep\u00e9ptido de investigaci\u00f3n\u201d no son medicamentos aprobados para uso humano y su calidad y composici\u00f3n no est\u00e1n sujetas a las mismas normas de control que los productos farmac\u00e9uticos.<\/p><p data-start=\"1995\" data-end=\"2135\">Desde el punto de vista de la seguridad <strong data-start=\"2028\" data-end=\"2041\">GLP3 reta<\/strong> s\u00f3lo debe considerarse como <strong data-start=\"2081\" data-end=\"2102\">sustancia de ensayo<\/strong>, y no como producto de consumo.<\/p><hr data-start=\"2137\" data-end=\"2140\" \/><h2>Investigaci\u00f3n del metabolismo<\/h2><p data-start=\"264\" data-end=\"521\">Los estudios cl\u00ednicos han demostrado que retatrutida 20 mg tiene un efecto muy potente en la reducci\u00f3n de peso en adultos obesos, lo que se confirm\u00f3 en ensayos aleatorizados controlados con placebo realizados durante un m\u00e1ximo de 48 semanas.<\/p><p data-start=\"523\" data-end=\"954\">En este estudio se evaluaron varios niveles de dosis de retatrutida, aplicados en un esquema de escalada gradual. Se observ\u00f3 una clara relaci\u00f3n dosis-efecto, en la que las dosis m\u00e1s altas se asociaron a una mayor p\u00e9rdida de peso. En los grupos que recibieron las dosis m\u00e1s altas, la reducci\u00f3n media de peso alcanz\u00f3 aproximadamente el 24-26% del peso inicial, uno de los resultados m\u00e1s altos registrados en estudios de tratamiento farmacol\u00f3gico de la obesidad.<\/p><p data-start=\"956\" data-end=\"1341\">Los an\u00e1lisis complementarios mostraron que la p\u00e9rdida de peso fue gradual y sostenida a lo largo del tratamiento, sin que se produjera una meseta abrupta en las \u00faltimas semanas del estudio. La reducci\u00f3n de peso se produjo principalmente en el tejido adiposo, lo que indica un efecto beneficioso de la retatrutida sobre la composici\u00f3n corporal, y no s\u00f3lo una p\u00e9rdida de peso a corto plazo derivada de la deshidrataci\u00f3n o la p\u00e9rdida de masa corporal magra.<\/p><hr data-start=\"2973\" data-end=\"2976\" \/><h2 data-start=\"2978\" data-end=\"3034\">GLP3 Retatrutide 20mg dise\u00f1os de estudios y observaciones de estudios<\/h2><p data-start=\"3036\" data-end=\"3260\">El GLP3 rheta (retatrutida) no tiene un r\u00e9gimen de dosificaci\u00f3n aprobado para los pacientes, ya que sigue siendo una sustancia en investigaci\u00f3n y toda la informaci\u00f3n sobre dosificaci\u00f3n procede \u00fanicamente de protocolos de ensayos cl\u00ednicos de fase II y III.<\/p><p data-start=\"115\" data-end=\"444\">Adem\u00e1s de los cambios en el peso corporal, Retatrutide 20 mg (GLP3 reta) tambi\u00e9n se analiz\u00f3 en estudios para otros par\u00e1metros metab\u00f3licos. En sujetos con diabetes de tipo 2 se observ\u00f3 una mejora del control gluc\u00e9mico, vinculada al efecto de la sustancia sobre la respuesta insulinotr\u00f3pica dependiente de la glucosa y determinados \u00edndices de sensibilidad metab\u00f3lica.<\/p><p data-start=\"446\" data-end=\"780\">Los an\u00e1lisis de composici\u00f3n corporal disponibles indicaron que los cambios observados se produc\u00edan principalmente en el tejido adiposo, lo que es importante para evaluar la calidad de la respuesta metab\u00f3lica. Las publicaciones tambi\u00e9n describieron cambios beneficiosos en par\u00e1metros cardiometab\u00f3licos seleccionados, incluidos \u00edndices relacionados con el metabolismo lip\u00eddico y el metabolismo energ\u00e9tico.<\/p><p data-start=\"5312\" data-end=\"5507\"><a href=\"https:\/\/tirzepatyd.eu\/de\/shop-produkt\/orforglipron\/\">Consulte tambi\u00e9n GLP-1 (Orforglipron) c\u00e1psulas 5mg\/60c\u00e1psulas<\/a><\/p><p data-start=\"5312\" data-end=\"5507\"><a href=\"https:\/\/tirzepatyd.eu\/wp-content\/uploads\/2026\/01\/Retatrutide-20mg-vial-Camera.png\"><img fetchpriority=\"high\" decoding=\"async\" class=\"aligncenter wp-image-34437 size-medium\" src=\"https:\/\/tirzepatyd.eu\/wp-content\/uploads\/2026\/01\/Retatrutide-20mg-vial-Camera-300x225.png\" alt=\"GLP3 RETA PEPTIDE Retatrutide 20mg - Peptidreagenz in Durchstechflasche f\u00fcr die Metabolismusforschung\" width=\"300\" height=\"225\" srcset=\"https:\/\/tirzepatyd.eu\/wp-content\/uploads\/2026\/01\/Retatrutide-20mg-vial-Camera-300x225.png 300w, https:\/\/tirzepatyd.eu\/wp-content\/uploads\/2026\/01\/Retatrutide-20mg-vial-Camera-768x576.png 768w, https:\/\/tirzepatyd.eu\/wp-content\/uploads\/2026\/01\/Retatrutide-20mg-vial-Camera-16x12.png 16w, https:\/\/tirzepatyd.eu\/wp-content\/uploads\/2026\/01\/Retatrutide-20mg-vial-Camera-800x600.png 800w, https:\/\/tirzepatyd.eu\/wp-content\/uploads\/2026\/01\/Retatrutide-20mg-vial-Camera-64x48.png 64w, https:\/\/tirzepatyd.eu\/wp-content\/uploads\/2026\/01\/Retatrutide-20mg-vial-Camera.png 1024w\" sizes=\"(max-width: 300px) 100vw, 300px\" \/><\/a><\/p><hr data-start=\"5509\" data-end=\"5512\" \/><p data-start=\"5514\" data-end=\"5530\"><strong>Fuentes cient\u00edficas:<\/strong><\/p><p data-start=\"5532\" data-end=\"5753\"><strong data-start=\"5532\" data-end=\"5609\">1. PubMed - ensayo cl\u00ednico de retatrutida en sujetos obesos (48 semanas)<\/strong><br data-start=\"5609\" data-end=\"5612\" \/><a class=\"decorated-link\" href=\"https:\/\/pubmed.ncbi.nlm.nih.gov\/37366315\" target=\"_new\" rel=\"noopener\" data-start=\"5612\" data-end=\"5653\">https:\/\/pubmed.ncbi.nlm.nih.gov\/37366315\/<\/a><br data-start=\"5653\" data-end=\"5656\" \/>Confirma el mecanismo de acci\u00f3n como triagonista del GLP-1\/GIP\/glucag\u00f3n y una elevada reducci\u00f3n de peso.<\/p><p data-start=\"5755\" data-end=\"5985\"><strong data-start=\"5755\" data-end=\"5832\">2. The New England Journal of Medicine - publicaci\u00f3n completa de los resultados del estudio<\/strong><br data-start=\"5832\" data-end=\"5835\" \/><a class=\"decorated-link\" href=\"https:\/\/www.nejm.org\/doi\/full\/10.1056\/NEJMoa2301972\" target=\"_new\" rel=\"noopener\" data-start=\"5835\" data-end=\"5886\">https:\/\/www.nejm.org\/doi\/full\/10.1056\/NEJMoa2301972<\/a><br data-start=\"5886\" data-end=\"5889\" \/>Describe la eficacia (hasta ~24% de p\u00e9rdida de peso), el perfil de seguridad y la relevancia cl\u00ednica.<\/p><p data-start=\"5987\" data-end=\"6169\"><strong data-start=\"5987\" data-end=\"6048\">3. PubMed - Estudio de fase II en pacientes con diabetes de tipo 2<\/strong><br data-start=\"6048\" data-end=\"6051\" \/><a class=\"decorated-link\" href=\"https:\/\/pubmed.ncbi.nlm.nih.gov\/37385280\" target=\"_new\" rel=\"noopener\" data-start=\"6051\" data-end=\"6092\">https:\/\/pubmed.ncbi.nlm.nih.gov\/37385280\/<\/a><br data-start=\"6092\" data-end=\"6095\" \/>Confirma la mejora del control gluc\u00e9mico y la reducci\u00f3n de peso concomitante.<\/p><p data-start=\"6171\" data-end=\"6362\"><strong data-start=\"6171\" data-end=\"6225\">4. PubMed - an\u00e1lisis de dosis y tolerabilidad de la retatrutida<\/strong><br data-start=\"6225\" data-end=\"6228\" \/><a class=\"decorated-link\" href=\"https:\/\/pubmed.ncbi.nlm.nih.gov\/38858523\" target=\"_new\" rel=\"noopener\" data-start=\"6228\" data-end=\"6269\">https:\/\/pubmed.ncbi.nlm.nih.gov\/38858523\/<\/a><br data-start=\"6269\" data-end=\"6272\" \/>Describe los esquemas de escalado de dosis y la relaci\u00f3n dosis-efecto y dosis-efecto.<\/p><p data-start=\"6364\" data-end=\"6551\"><strong data-start=\"6364\" data-end=\"6427\">5. NEJM - comentario editorial sobre los triagonistas (\u201eTriple G\u201d)<\/strong><br data-start=\"6427\" data-end=\"6430\" \/><a class=\"decorated-link\" href=\"https:\/\/www.nejm.org\/doi\/abs\/10.1056\/NEJMe2307282\" target=\"_new\" rel=\"noopener\" data-start=\"6430\" data-end=\"6479\">https:\/\/www.nejm.org\/doi\/abs\/10.1056\/NEJMe2307282<\/a><br data-start=\"6479\" data-end=\"6482\" \/>Explica la importancia de la retatrutida como terapia de nueva generaci\u00f3n contra la obesidad.<\/p><hr data-start=\"4089\" data-end=\"4092\" \/><p data-start=\"6364\" data-end=\"6551\"><strong>El producto est\u00e1 destinado a la investigaci\u00f3n cient\u00edfica y al an\u00e1lisis de laboratorio. Todos los art\u00edculos e informaci\u00f3n de este sitio web tienen \u00fanicamente fines informativos y educativos.<\/strong><\/p>\t\t\t\t\t\t\t\t<\/div>\n\t\t\t\t\t<\/div>\n\t\t<\/div>\n\t\t\t\t\t<\/div>\n\t\t<\/section>\n\t\t\t\t<\/div>","protected":false},"excerpt":{"rendered":"<p><strong data-start=\"477\" data-end=\"504\">Triple G 20 mg<\/strong> es un p\u00e9ptido sint\u00e9tico de investigaci\u00f3n perteneciente al grupo de los triagonistas de receptores. Est\u00e1 dise\u00f1ado para activar simult\u00e1neamente los receptores GLP-1, GIP y glucag\u00f3n, que desempe\u00f1an un papel clave en la regulaci\u00f3n del metabolismo y el metabolismo energ\u00e9tico.<\/p>","protected":false},"featured_media":34437,"comment_status":"open","ping_status":"closed","template":"","meta":{"_acf_changed":false},"product_brand":[],"product_cat":[124,109,15],"product_tag":[136],"class_list":{"0":"post-34436","1":"product","2":"type-product","3":"status-publish","4":"has-post-thumbnail","6":"product_cat-produkty-w-fiolce","7":"product_cat-triple-g","8":"product_cat-laboratory-research","9":"product_tag-fiolka","11":"first","12":"instock","13":"sale","14":"shipping-taxable","15":"purchasable","16":"product-type-simple"},"acf":[],"aioseo_notices":[],"_links":{"self":[{"href":"https:\/\/tirzepatyd.eu\/es\/wp-json\/wp\/v2\/product\/34436","targetHints":{"allow":["GET"]}}],"collection":[{"href":"https:\/\/tirzepatyd.eu\/es\/wp-json\/wp\/v2\/product"}],"about":[{"href":"https:\/\/tirzepatyd.eu\/es\/wp-json\/wp\/v2\/types\/product"}],"replies":[{"embeddable":true,"href":"https:\/\/tirzepatyd.eu\/es\/wp-json\/wp\/v2\/comments?post=34436"}],"version-history":[{"count":51,"href":"https:\/\/tirzepatyd.eu\/es\/wp-json\/wp\/v2\/product\/34436\/revisions"}],"predecessor-version":[{"id":35470,"href":"https:\/\/tirzepatyd.eu\/es\/wp-json\/wp\/v2\/product\/34436\/revisions\/35470"}],"wp:featuredmedia":[{"embeddable":true,"href":"https:\/\/tirzepatyd.eu\/es\/wp-json\/wp\/v2\/media\/34437"}],"wp:attachment":[{"href":"https:\/\/tirzepatyd.eu\/es\/wp-json\/wp\/v2\/media?parent=34436"}],"wp:term":[{"taxonomy":"product_brand","embeddable":true,"href":"https:\/\/tirzepatyd.eu\/es\/wp-json\/wp\/v2\/product_brand?post=34436"},{"taxonomy":"product_cat","embeddable":true,"href":"https:\/\/tirzepatyd.eu\/es\/wp-json\/wp\/v2\/product_cat?post=34436"},{"taxonomy":"product_tag","embeddable":true,"href":"https:\/\/tirzepatyd.eu\/es\/wp-json\/wp\/v2\/product_tag?post=34436"}],"curies":[{"name":"wp","href":"https:\/\/api.w.org\/{rel}","templated":true}]}}