{"id":34290,"date":"2025-12-23T17:34:35","date_gmt":"2025-12-23T16:34:35","guid":{"rendered":"https:\/\/tirzepatyd.eu\/?post_type=product&#038;p=34290"},"modified":"2026-04-12T12:06:15","modified_gmt":"2026-04-12T10:06:15","slug":"slu-pp-332","status":"publish","type":"product","link":"https:\/\/tirzepatyd.eu\/es\/producto\/slu-pp-332\/","title":{"rendered":"SLU-PP-332 500 mcg 60 c\u00e1ps."},"content":{"rendered":"<div data-elementor-type=\"product-post\" data-elementor-id=\"34290\" class=\"elementor elementor-34290\" data-elementor-post-type=\"product\">\n\t\t\t\t\t\t<section class=\"elementor-section elementor-top-section elementor-element elementor-element-0a060c4 elementor-section-boxed elementor-section-height-default elementor-section-height-default\" data-id=\"0a060c4\" data-element_type=\"section\" data-e-type=\"section\">\n\t\t\t\t\t\t<div class=\"elementor-container elementor-column-gap-default\">\n\t\t\t\t\t<div class=\"elementor-column elementor-col-100 elementor-top-column elementor-element elementor-element-10a03f2\" data-id=\"10a03f2\" data-element_type=\"column\" data-e-type=\"column\">\n\t\t\t<div class=\"elementor-widget-wrap elementor-element-populated\">\n\t\t\t\t\t\t<div class=\"elementor-element elementor-element-8d55ed4 elementor-widget elementor-widget-text-editor\" data-id=\"8d55ed4\" data-element_type=\"widget\" data-e-type=\"widget\" data-widget_type=\"text-editor.default\">\n\t\t\t\t\t\t\t\t\t<h2 data-start=\"583\" data-end=\"640\"><strong data-start=\"586\" data-end=\"640\">SLU-PP-332 - qu\u00e9 es y c\u00f3mo funciona<\/strong><\/h2><p data-start=\"642\" data-end=\"1270\">SLU-PP-332 es <strong data-start=\"656\" data-end=\"728\">agonista experimental del receptor relacionado con el estr\u00f3geno (ERR)<\/strong> - grupo de receptores nucleares nucleolares implicados en la regulaci\u00f3n de <strong data-start=\"799\" data-end=\"876\">metabolismo energ\u00e9tico, funci\u00f3n mitocondrial y consumo de grasas<\/strong>. La sustancia se clasifica como <strong data-start=\"916\" data-end=\"938\">\u201eejercicio mim\u00e9tico\u201d<\/strong>, un compuesto farmacol\u00f3gico que, en modelos precl\u00ednicos, activa v\u00edas metab\u00f3licas similares a las de la actividad f\u00edsica intensa, dando lugar a <strong data-start=\"1090\" data-end=\"1231\">aumento de la expresi\u00f3n de genes relacionados con la oxidaci\u00f3n de \u00e1cidos grasos, la biog\u00e9nesis mitocondrial y la capacidad de resistencia muscular<\/strong>.\u00a0<\/p><p data-start=\"1272\" data-end=\"1793\">Mec\u00e1nicamente, el SLU-PP-332 funciona de la siguiente manera <strong data-start=\"1312\" data-end=\"1357\">uni\u00f3n a los receptores ERR\u03b1, ERR\u03b2 y ERR\u03b3<\/strong>, con la mayor actividad hacia el ERR\u03b1, que estimula las v\u00edas intracelulares que regulan el metabolismo mitocondrial y la expresi\u00f3n de genes relacionados con la adaptaci\u00f3n aer\u00f3bica del m\u00fasculo. En los ERR activados, se produce un aumento de la expresi\u00f3n de prote\u00ednas implicadas en <strong data-start=\"1604\" data-end=\"1681\">fosforilaci\u00f3n oxidativa, beta-oxidaci\u00f3n de l\u00edpidos y transporte de glucosa<\/strong>, que se asemeja a las adaptaciones metab\u00f3licas observadas tras un ejercicio intenso.<\/p><p data-start=\"1272\" data-end=\"1793\"><a href=\"https:\/\/tirzepatyd.eu\/es\/producto\/tesofensine\/\">Consulte tambi\u00e9n Tesofensine 500mcg\/30caps<\/a><\/p><hr data-start=\"1795\" data-end=\"1798\" \/><h2 data-start=\"158\" data-end=\"191\">SLU PP 332 y p\u00e9rdida de peso<\/h2><p data-start=\"193\" data-end=\"660\">Seg\u00fan los estudios precl\u00ednicos disponibles, SLU-PP-332 no se ha desarrollado directamente como un agente reductor de peso cl\u00e1sico, pero su mecanismo de acci\u00f3n indica un <strong data-start=\"371\" data-end=\"433\">potencial indirecto para influir en el equilibrio energ\u00e9tico del organismo<\/strong>. Al activar los receptores ERR y potenciar las v\u00edas metab\u00f3licas relacionadas con la funci\u00f3n mitocondrial y la oxidaci\u00f3n de \u00e1cidos grasos, este compuesto provoca <strong data-start=\"600\" data-end=\"659\">aumento del gasto energ\u00e9tico en el tejido muscular<\/strong>.<\/p><p data-start=\"662\" data-end=\"1088\">En modelos animales, se han observado mejoras en los par\u00e1metros metab\u00f3licos, un mayor consumo de energ\u00eda y cambios en el perfil de las fibras musculares hacia un fenotipo m\u00e1s aer\u00f3bico, lo que favorece un <strong data-start=\"852\" data-end=\"904\">mejor aprovechamiento de los sustratos energ\u00e9ticos<\/strong>, incluidos los l\u00edpidos. Estas adaptaciones metab\u00f3licas pueden reducir experimentalmente las alteraciones metab\u00f3licas que favorecen la obesidad e influir indirectamente en el control del peso.<\/p><p data-start=\"1090\" data-end=\"1513\">No obstante, cabe destacar que <strong data-start=\"1119\" data-end=\"1195\">La p\u00e9rdida de peso no fue el objetivo principal del estudio SLU-PP-332.<\/strong>, y todas las observaciones se refieren \u00fanicamente a modelos precl\u00ednicos. La falta de datos cl\u00ednicos impide evaluar la eficacia y seguridad del compuesto en el contexto de la reducci\u00f3n de peso en seres humanos, por lo que el efecto potencial de SLU-PP-332 sobre la p\u00e9rdida de peso permanece en la fase de hip\u00f3tesis de investigaci\u00f3n y requiere estudios cl\u00ednicos adicionales.<\/p><hr data-start=\"1795\" data-end=\"1798\" \/><h2 data-start=\"1800\" data-end=\"1845\"><strong data-start=\"1803\" data-end=\"1845\">SLU-PP-332 - Estado del estudio y dosificaci\u00f3n<\/strong><\/h2><p data-start=\"1847\" data-end=\"2188\">SLU-PP-332 permanece en <strong data-start=\"1871\" data-end=\"1904\">fase de estudios precl\u00ednicos<\/strong>. No se han realizado ensayos cl\u00ednicos en humanos y la informaci\u00f3n sobre dosificaci\u00f3n s\u00f3lo se refiere a modelos animales, principalmente ratones. El compuesto no tiene pautas terap\u00e9uticas aprobadas ni dosificaci\u00f3n cl\u00ednica en humanos.<\/p><p data-start=\"2190\" data-end=\"2450\">Se han utilizado diferentes reg\u00edmenes de dosificaci\u00f3n en modelos precl\u00ednicos, m\u00e1s com\u00fanmente de <strong data-start=\"2270\" data-end=\"2294\">30 mg\/kg a 50 mg\/kg<\/strong> oralmente para <strong data-start=\"2333\" data-end=\"2411\">explorar los efectos metab\u00f3licos, las adaptaciones musculares y la \u201eacci\u00f3n mim\u00e9tica del ejercicio\u201d.\u201d<\/strong>.<\/p><hr data-start=\"2452\" data-end=\"2455\" \/><h2 data-start=\"2457\" data-end=\"2517\"><strong data-start=\"2460\" data-end=\"2517\">SLU-PP-332 - efectos metab\u00f3licos y \u201emim\u00e9ticos\u201d del ejercicio\u201d<\/strong><\/h2><p data-start=\"2519\" data-end=\"2663\">Los estudios precl\u00ednicos han demostrado que SLU-PP-332 activa la <strong data-start=\"2575\" data-end=\"2649\">un programa gen\u00e9tico similar al inducido por el entrenamiento aer\u00f3bico<\/strong>, lo que resulta en:<\/p><ul><li data-start=\"2667\" data-end=\"2881\">Aumentar <strong data-start=\"2680\" data-end=\"2714\">oxidaci\u00f3n de \u00e1cidos grasos<\/strong> y el uso metab\u00f3lico de la energ\u00eda en el m\u00fasculo, incluida la expresi\u00f3n de genes como Pdk4 y Ddit4 vinculados a la adaptaci\u00f3n metab\u00f3lica.<\/li><li data-start=\"2884\" data-end=\"3046\">Un cambio en el fenotipo de las fibras musculares hacia m\u00e1s aer\u00f3bico (tipo oxidativo IIa), que se asocia a una mejora de la capacidad de resistencia muscular.<\/li><li data-start=\"3049\" data-end=\"3248\">Aumento de <strong data-start=\"3060\" data-end=\"3087\">resistencia f\u00edsica<\/strong> y el tiempo de carrera en modelos animales, lo que sugiere la posibilidad de mejorar la capacidad f\u00edsica incluso sin entrenamiento f\u00edsico.<\/li><\/ul><p data-start=\"3250\" data-end=\"3415\">Estas actividades suelen denominarse <strong data-start=\"3288\" data-end=\"3341\">\u201eImitaci\u00f3n farmacol\u00f3gica del ejercicio\u201d.\u201d<\/strong> (mim\u00e9tico farmacol\u00f3gico del ejercicio).<\/p><hr data-start=\"3417\" data-end=\"3420\" \/><h2 data-start=\"3422\" data-end=\"3456\"><strong data-start=\"3425\" data-end=\"3456\">SLU-PP-332 - Seguridad<\/strong><\/h2><p data-start=\"3458\" data-end=\"3963\">Dado que SLU-PP-332 no se ha estudiado cl\u00ednicamente en seres humanos, <strong data-start=\"3513\" data-end=\"3580\">No se conoce el perfil de seguridad en el contexto de la terapia humana.<\/strong>. En modelos precl\u00ednicos <strong data-start=\"3610\" data-end=\"3656\">no se han descrito efectos t\u00f3xicos agudos<\/strong> a las dosis y tiempos estudiados, pero son posibles los efectos secundarios relacionados con la interferencia con la regulaci\u00f3n metab\u00f3lica y mitocondrial. Todav\u00eda se est\u00e1n investigando los riesgos potenciales, entre los que se incluyen <strong data-start=\"3840\" data-end=\"3922\">cambios en los par\u00e1metros enzim\u00e1ticos, la funci\u00f3n de los \u00f3rganos y la respuesta metab\u00f3lica<\/strong>.<\/p><hr data-start=\"3965\" data-end=\"3968\" \/><h2 data-start=\"3970\" data-end=\"4007\"><strong data-start=\"3973\" data-end=\"4007\">SLU-PP-332 - precio y disponibilidad<\/strong><\/h2><p data-start=\"4009\" data-end=\"4470\">SLU-PP-332 <strong data-start=\"4020\" data-end=\"4067\">no est\u00e1 autorizado como medicamento<\/strong> y no existe como sustancia disponible en farmacias. Como compuesto experimental y reactivo de investigaci\u00f3n se ofrece a veces en el comercio de laboratorio <strong data-start=\"4217\" data-end=\"4262\">exclusivamente con fines cient\u00edficos y de investigaci\u00f3n<\/strong>, sin aprobaci\u00f3n humana. Su disponibilidad y precio dependen de los proveedores de reactivos, y su uso fuera de la investigaci\u00f3n cient\u00edfica <strong data-start=\"4391\" data-end=\"4429\">no es recomendable ni legal<\/strong>.<\/p><hr data-start=\"4472\" data-end=\"4475\" \/><h2 data-start=\"88\" data-end=\"116\">SLU-PP-332 - \u00bfD\u00f3nde puedo comprar?<\/h2><p data-start=\"118\" data-end=\"489\" data-is-last-node=\"\" data-is-only-node=\"\">SLU-PP-332 no est\u00e1 autorizado como medicamento o suplemento diet\u00e9tico y no est\u00e1 disponible en farmacias. S\u00f3lo puede ofrecerse como <strong data-start=\"269\" data-end=\"339\">reactivo para investigaci\u00f3n cient\u00edfica y an\u00e1lisis de laboratorio<\/strong>, disponibles en proveedores seleccionados del sector de la investigaci\u00f3n y el desarrollo. Estos productos no est\u00e1n destinados a su uso en seres humanos ni con fines terap\u00e9uticos.<\/p><hr data-start=\"4472\" data-end=\"4475\" \/><h2 data-start=\"4477\" data-end=\"4509\"><strong data-start=\"4480\" data-end=\"4509\">Resumen funcional<\/strong><\/h2><p data-start=\"4511\" data-end=\"4631\">En pocas palabras, el SLU-PP-332 es <strong data-start=\"4536\" data-end=\"4612\">sustancia experimental de mol\u00e9cula peque\u00f1a que act\u00faa como agonista de la ERR<\/strong>, con potencial para:<\/p><ul><li data-start=\"4635\" data-end=\"4694\"><strong data-start=\"4635\" data-end=\"4661\">aumentar la inmunidad<\/strong> y resistencia metab\u00f3lica,<\/li><li data-start=\"4697\" data-end=\"4771\"><strong data-start=\"4697\" data-end=\"4734\">activaci\u00f3n de v\u00edas metab\u00f3licas<\/strong> t\u00edpico del ejercicio intenso,<\/li><li data-start=\"4774\" data-end=\"4833\"><strong data-start=\"4774\" data-end=\"4830\">mejorar la oxidaci\u00f3n de las grasas y la funci\u00f3n mitocondrial<\/strong>,<\/li><li data-start=\"4836\" data-end=\"4927\">el impacto potencial sobre <strong data-start=\"4860\" data-end=\"4926\">se\u00f1ales metab\u00f3licas asociadas a la obesidad y la resistencia a la insulina<\/strong>,<\/li><\/ul><p data-start=\"4929\" data-end=\"5098\">sin embargo, todo <strong data-start=\"4945\" data-end=\"4987\">se basa en datos precl\u00ednicos<\/strong> y requiere m\u00e1s estudios cl\u00ednicos antes de su evaluaci\u00f3n terap\u00e9utica en seres humanos.<\/p><p data-start=\"4929\" data-end=\"5098\"><a href=\"https:\/\/tirzepatyd.eu\/wp-content\/uploads\/2025\/12\/SLU-PP-332-e1766074600542.png\"><img fetchpriority=\"high\" decoding=\"async\" class=\"aligncenter wp-image-34003 size-medium\" src=\"https:\/\/tirzepatyd.eu\/wp-content\/uploads\/2025\/12\/SLU-PP-332-e1766074600542-300x182.png\" alt=\"SLU-PP-332 ist ein experimenteller \u00d6strogen-verwandter Rezeptor (ERR)-Agonist.\" width=\"300\" height=\"182\" srcset=\"https:\/\/tirzepatyd.eu\/wp-content\/uploads\/2025\/12\/SLU-PP-332-e1766074600542-300x182.png 300w, https:\/\/tirzepatyd.eu\/wp-content\/uploads\/2025\/12\/SLU-PP-332-e1766074600542-1024x623.png 1024w, https:\/\/tirzepatyd.eu\/wp-content\/uploads\/2025\/12\/SLU-PP-332-e1766074600542-768x467.png 768w, https:\/\/tirzepatyd.eu\/wp-content\/uploads\/2025\/12\/SLU-PP-332-e1766074600542-18x12.png 18w, https:\/\/tirzepatyd.eu\/wp-content\/uploads\/2025\/12\/SLU-PP-332-e1766074600542-800x487.png 800w, https:\/\/tirzepatyd.eu\/wp-content\/uploads\/2025\/12\/SLU-PP-332-e1766074600542-64x39.png 64w, https:\/\/tirzepatyd.eu\/wp-content\/uploads\/2025\/12\/SLU-PP-332-e1766074600542.png 1085w\" sizes=\"(max-width: 300px) 100vw, 300px\" \/><\/a><\/p><hr data-start=\"1923\" data-end=\"1926\" \/><p data-start=\"5105\" data-end=\"5146\"><strong>Fuentes \/ bibliograf\u00eda para SLU-PP-332:<\/strong><\/p><p data-start=\"5148\" data-end=\"5343\"><strong data-start=\"5151\" data-end=\"5168\">PubMed (2023)<\/strong> - Identificaci\u00f3n de SLU-PP-332 como agonista pan-ERR con efecto \u201emim\u00e9tico del ejercicio\u201d en el m\u00fasculo. <br data-start=\"5299\" data-end=\"5302\" \/><a class=\"decorated-link\" href=\"https:\/\/pubmed.ncbi.nlm.nih.gov\/36988910\" target=\"_new\" rel=\"noopener\" data-start=\"5302\" data-end=\"5343\">https:\/\/pubmed.ncbi.nlm.nih.gov\/36988910\/<\/a><\/p><p data-start=\"5345\" data-end=\"5531\"><strong data-start=\"5348\" data-end=\"5388\">PubMed \/ J Pharmacol Exp Ther (2024)<\/strong> - Efectos agonistas de la ERR en modelos metab\u00f3licos de rat\u00f3n. <br data-start=\"5487\" data-end=\"5490\" \/><a class=\"decorated-link\" href=\"https:\/\/pubmed.ncbi.nlm.nih.gov\/37739806\" target=\"_new\" rel=\"noopener\" data-start=\"5490\" data-end=\"5531\">https:\/\/pubmed.ncbi.nlm.nih.gov\/37739806\/<\/a><\/p><p data-start=\"5533\" data-end=\"5734\"><strong data-start=\"5536\" data-end=\"5567\">ACS Biolog\u00eda Qu\u00edmica (2023)<\/strong> - Identificaci\u00f3n y mecanismo molecular de SLU-PP-332 contra los receptores ERR. <br data-start=\"5680\" data-end=\"5683\" \/><a class=\"decorated-link\" href=\"https:\/\/pubs.acs.org\/doi\/10.1021\/acschembio.2c00720\" target=\"_new\" rel=\"noopener\" data-start=\"5683\" data-end=\"5734\">https:\/\/pubs.acs.org\/doi\/10.1021\/acschembio.2c00720<\/a><\/p><p data-start=\"5736\" data-end=\"6027\"><strong data-start=\"5739\" data-end=\"5773\">Fronteras de la fisiolog\u00eda (2025)<\/strong> - Una revisi\u00f3n del papel de la ERR y el potencial de agonistas como SLU-PP-332 como \u201emim\u00e9ticos del ejercicio\u201d en el contexto metab\u00f3lico y del envejecimiento. <br data-start=\"5936\" data-end=\"5939\" \/><a class=\"decorated-link\" href=\"https:\/\/www.frontiersin.org\/journals\/physiology\/articles\/10.3389\/fphys.2025.1616693\/full\" target=\"_new\" rel=\"noopener\" data-start=\"5939\" data-end=\"6027\">https:\/\/www.frontiersin.org\/journals\/physiology\/articles\/10.3389\/fphys.2025.1616693\/full<\/a><\/p>\t\t\t\t\t\t\t\t<\/div>\n\t\t\t\t\t<\/div>\n\t\t<\/div>\n\t\t\t\t\t<\/div>\n\t\t<\/section>\n\t\t\t\t<\/div>","protected":false},"excerpt":{"rendered":"<p>SLU-PP-332 es una nueva mol\u00e9cula conocida por sus efectos sobre el metabolismo muscular y el gasto energ\u00e9tico. Su acci\u00f3n se basa en la activaci\u00f3n de v\u00edas metab\u00f3licas clave, lo que favorece el uso eficiente de la energ\u00eda y el control del peso.<\/p>","protected":false},"featured_media":34003,"comment_status":"open","ping_status":"closed","template":"","meta":{"_acf_changed":false},"product_brand":[],"product_cat":[130,135,15],"product_tag":[137],"class_list":{"0":"post-34290","1":"product","2":"type-product","3":"status-publish","4":"has-post-thumbnail","6":"product_cat-produkty-w-kapsulkach-tabletkach","7":"product_cat-produkty-w-kapsulkach","8":"product_cat-laboratory-research","9":"product_tag-kapsulki","11":"first","12":"instock","13":"sale","14":"shipping-taxable","15":"purchasable","16":"product-type-simple"},"acf":[],"aioseo_notices":[],"_links":{"self":[{"href":"https:\/\/tirzepatyd.eu\/es\/wp-json\/wp\/v2\/product\/34290","targetHints":{"allow":["GET"]}}],"collection":[{"href":"https:\/\/tirzepatyd.eu\/es\/wp-json\/wp\/v2\/product"}],"about":[{"href":"https:\/\/tirzepatyd.eu\/es\/wp-json\/wp\/v2\/types\/product"}],"replies":[{"embeddable":true,"href":"https:\/\/tirzepatyd.eu\/es\/wp-json\/wp\/v2\/comments?post=34290"}],"version-history":[{"count":10,"href":"https:\/\/tirzepatyd.eu\/es\/wp-json\/wp\/v2\/product\/34290\/revisions"}],"predecessor-version":[{"id":35355,"href":"https:\/\/tirzepatyd.eu\/es\/wp-json\/wp\/v2\/product\/34290\/revisions\/35355"}],"wp:featuredmedia":[{"embeddable":true,"href":"https:\/\/tirzepatyd.eu\/es\/wp-json\/wp\/v2\/media\/34003"}],"wp:attachment":[{"href":"https:\/\/tirzepatyd.eu\/es\/wp-json\/wp\/v2\/media?parent=34290"}],"wp:term":[{"taxonomy":"product_brand","embeddable":true,"href":"https:\/\/tirzepatyd.eu\/es\/wp-json\/wp\/v2\/product_brand?post=34290"},{"taxonomy":"product_cat","embeddable":true,"href":"https:\/\/tirzepatyd.eu\/es\/wp-json\/wp\/v2\/product_cat?post=34290"},{"taxonomy":"product_tag","embeddable":true,"href":"https:\/\/tirzepatyd.eu\/es\/wp-json\/wp\/v2\/product_tag?post=34290"}],"curies":[{"name":"wp","href":"https:\/\/api.w.org\/{rel}","templated":true}]}}