{"id":34273,"date":"2025-12-23T10:53:00","date_gmt":"2025-12-23T09:53:00","guid":{"rendered":"https:\/\/tirzepatyd.eu\/?post_type=product&#038;p=34273"},"modified":"2026-04-12T12:03:57","modified_gmt":"2026-04-12T10:03:57","slug":"bam-15","status":"publish","type":"product","link":"https:\/\/tirzepatyd.eu\/es\/producto\/bam-15\/","title":{"rendered":"BAM-15 25 mg 60 c\u00e1ps."},"content":{"rendered":"<div data-elementor-type=\"product-post\" data-elementor-id=\"34273\" class=\"elementor elementor-34273\" data-elementor-post-type=\"product\">\n\t\t\t\t\t\t<section class=\"elementor-section elementor-top-section elementor-element elementor-element-0a060c4 elementor-section-boxed elementor-section-height-default elementor-section-height-default\" data-id=\"0a060c4\" data-element_type=\"section\" data-e-type=\"section\">\n\t\t\t\t\t\t<div class=\"elementor-container elementor-column-gap-default\">\n\t\t\t\t\t<div class=\"elementor-column elementor-col-100 elementor-top-column elementor-element elementor-element-10a03f2\" data-id=\"10a03f2\" data-element_type=\"column\" data-e-type=\"column\">\n\t\t\t<div class=\"elementor-widget-wrap elementor-element-populated\">\n\t\t\t\t\t\t<div class=\"elementor-element elementor-element-8d55ed4 elementor-widget elementor-widget-text-editor\" data-id=\"8d55ed4\" data-element_type=\"widget\" data-e-type=\"widget\" data-widget_type=\"text-editor.default\">\n\t\t\t\t\t\t\t\t\t<h2 data-start=\"888\" data-end=\"921\">BAM-15 - qu\u00e9 es y c\u00f3mo funciona<\/h2><p data-start=\"923\" data-end=\"1476\">El BAM-15 es un compuesto qu\u00edmico experimental perteneciente a la clase de los <strong data-start=\"991\" data-end=\"1078\">desacopladores mitocondriales de la fosforilaci\u00f3n oxidativa<\/strong>. Su mecanismo de acci\u00f3n consiste en aumentar selectivamente la permeabilidad de la membrana mitocondrial interna a los protones, lo que conduce a un <strong data-start=\"1221\" data-end=\"1284\">desacoplar el proceso de transporte de electrones de la s\u00edntesis de ATP<\/strong>. En la pr\u00e1ctica, esto significa que parte de la energ\u00eda qu\u00edmica, en lugar de almacenarse en ATP, se disipa en forma de calor, lo que da lugar a un <strong data-start=\"1415\" data-end=\"1475\">aumento del gasto energ\u00e9tico a nivel celular<\/strong>.<\/p><p data-start=\"1478\" data-end=\"1921\">A diferencia de los desacopladores mitocondriales hist\u00f3ricos, como el dinitrofenol (DNP), el BAM15 se dise\u00f1\u00f3 para <strong data-start=\"1619\" data-end=\"1680\">no provocar un aumento incontrolado de la temperatura corporal<\/strong>. Los estudios precl\u00ednicos indican que el BAM-15 act\u00faa selectivamente sobre las mitocondrias, aumentando la tasa de oxidaci\u00f3n de sustratos energ\u00e9ticos, en particular los \u00e1cidos grasos, sin interferir en las funciones celulares b\u00e1sicas en los modelos ensayados.<\/p><p data-start=\"1478\" data-end=\"1921\">Ver tambi\u00e9n la secci\u00f3n O304 100mg\/30caps<\/p><hr data-start=\"1923\" data-end=\"1926\" \/><h2 data-start=\"337\" data-end=\"355\">BAM-15 - \u00bfes un p\u00e9ptido?<\/h2><p data-start=\"357\" data-end=\"881\">BAM-15 <strong data-start=\"363\" data-end=\"384\">no es un p\u00e9ptido<\/strong>. Es <strong data-start=\"394\" data-end=\"432\">compuesto qu\u00edmico de bajo peso molecular<\/strong>, dise\u00f1ado como modulador sint\u00e9tico de la funci\u00f3n mitocondrial. A diferencia de los p\u00e9ptidos, que est\u00e1n compuestos de amino\u00e1cidos y suelen presentar una biodisponibilidad oral limitada, el BAM15 pertenece a un grupo de <strong data-start=\"638\" data-end=\"680\">mol\u00e9culas org\u00e1nicas no pept\u00eddicas<\/strong>, que s\u00f3lo es relevante en el contexto de sus estudios de laboratorio y mecanismo de acci\u00f3n. Esta clasificaci\u00f3n distingue al BAM15 de muchos compuestos metab\u00f3licos basados en estructuras pept\u00eddicas objeto de investigaci\u00f3n.<\/p><hr data-start=\"883\" data-end=\"886\" \/><h2 data-start=\"1928\" data-end=\"1987\">BAM-15 - efectos metab\u00f3licos en estudios precl\u00ednicos<\/h2><p data-start=\"1989\" data-end=\"2404\">En estudios precl\u00ednicos, incluidos los publicados en el <em data-start=\"2042\" data-end=\"2065\">Nature Communications<\/em> y <em data-start=\"2071\" data-end=\"2096\">Medicina Molecular EMBO<\/em>, se ha demostrado que BAM15 puede <strong data-start=\"2122\" data-end=\"2171\">revertir los trastornos metab\u00f3licos relacionados con la dieta<\/strong> en modelos animales. Esta relaci\u00f3n condujo a <strong data-start=\"2219\" data-end=\"2256\">reducci\u00f3n del aumento de peso<\/strong>, mejorar el perfil lip\u00eddico y <strong data-start=\"2290\" data-end=\"2325\">aumentar la sensibilidad a la insulina<\/strong>, incluso sin cambios significativos en el aporte cal\u00f3rico o la actividad f\u00edsica de los animales.<\/p><p data-start=\"2406\" data-end=\"2782\">En modelos de obesidad inducida por una dieta rica en grasas, se observ\u00f3 que BAM15 mejoraba la <strong data-start=\"2493\" data-end=\"2514\">control gluc\u00e9mico<\/strong>, redujo la esteatosis hep\u00e1tica y tuvo un efecto beneficioso sobre los par\u00e1metros metab\u00f3licos asociados al s\u00edndrome metab\u00f3lico. Estos mecanismos estaban directamente relacionados con un mayor consumo de energ\u00eda a nivel mitocondrial y una mayor oxidaci\u00f3n de los \u00e1cidos grasos.<\/p><hr data-start=\"2784\" data-end=\"2787\" \/><h2 data-start=\"2789\" data-end=\"2825\">BAM-15 - Dosificaci\u00f3n<\/h2><p data-start=\"2827\" data-end=\"3156\">BAM15 se encuentra <strong data-start=\"2846\" data-end=\"2892\">s\u00f3lo en la fase de investigaci\u00f3n precl\u00ednica<\/strong>. Todos los datos disponibles proceden de estudios in vitro y de estudios con modelos animales. No se han realizado ensayos cl\u00ednicos en humanos y la informaci\u00f3n sobre dosificaci\u00f3n se limita a los protocolos experimentales utilizados en los estudios con animales.<\/p><p data-start=\"3158\" data-end=\"3441\">Las dosis de BAM15 se ajustaron en funci\u00f3n del peso corporal de los animales y del modelo metab\u00f3lico espec\u00edfico. Por este motivo <strong data-start=\"3269\" data-end=\"3339\">no existe ninguna dosis terap\u00e9utica aprobada o propuesta<\/strong>, y cualquier cifra de dosis no puede relacionarse con el uso potencial en humanos.<\/p><hr data-start=\"3443\" data-end=\"3446\" \/><h2 data-start=\"81\" data-end=\"105\">BAM15 - \u00bfD\u00f3nde se puede comprar?<\/h2><p data-start=\"107\" data-end=\"516\">El BAM-15 no est\u00e1 autorizado como medicamento o suplemento diet\u00e9tico y no est\u00e1 disponible en farmacias. La sustancia s\u00f3lo puede ofrecerse como <strong data-start=\"268\" data-end=\"347\">reactivo para investigaci\u00f3n cient\u00edfica y an\u00e1lisis de laboratorio<\/strong>, disponibles en proveedores seleccionados del sector de la investigaci\u00f3n y el desarrollo.<\/p><hr data-start=\"3443\" data-end=\"3446\" \/><h2 data-start=\"3448\" data-end=\"3488\">BAM15 - efectos secundarios y seguridad<\/h2><p data-start=\"3490\" data-end=\"3789\">A\u00fan no se ha determinado el perfil de seguridad del BAM-15 en humanos. Aunque los estudios precl\u00ednicos sugieren que el compuesto no provoca toxicidad aguda ni aumentos incontrolados de la temperatura corporal en los modelos ensayados, los autores de la publicaci\u00f3n subrayan la necesidad de interpretar los resultados con cautela.<\/p><p data-start=\"3791\" data-end=\"4308\">Revisiones cient\u00edficas, incluidas las publicadas en <em data-start=\"3831\" data-end=\"3859\">Fronteras de la endocrinolog\u00eda<\/em>, se\u00f1alan que <strong data-start=\"3880\" data-end=\"4015\">El desacoplamiento mitocondrial de la fosforilaci\u00f3n oxidativa como estrategia terap\u00e9utica plantea importantes retos de seguridad<\/strong>, sobre todo en el contexto de un uso prolongado. Comentarios de la revista <em data-start=\"4093\" data-end=\"4103\">Diabetes<\/em> indican que la investigaci\u00f3n actual tiende a centrarse en el desarrollo de <strong data-start=\"4168\" data-end=\"4243\">derivados m\u00e1s seguros y moduladores precisos de este mecanismo.<\/strong>, que en el uso directo de BAM15 como posible f\u00e1rmaco.<\/p><hr data-start=\"4310\" data-end=\"4313\" \/><h2 data-start=\"4315\" data-end=\"4343\">BAM15 - precio y disponibilidad en el mercado<\/h2><p data-start=\"4345\" data-end=\"4663\">El BAM15 no tiene precio de farmacia ni estatus de medicamento. La sustancia s\u00f3lo puede estar disponible como reactivo de investigaci\u00f3n para la investigaci\u00f3n cient\u00edfica y experimental, ofrecido a laboratorios e instituciones de investigaci\u00f3n. No est\u00e1 destinado al uso en seres humanos ni con fines terap\u00e9uticos.<\/p><p data-start=\"4345\" data-end=\"4663\"><a href=\"https:\/\/tirzepatyd.eu\/wp-content\/uploads\/2025\/12\/BAM15-e1766074751866.png\"><img fetchpriority=\"high\" decoding=\"async\" class=\"aligncenter wp-image-34001 size-medium\" src=\"https:\/\/tirzepatyd.eu\/wp-content\/uploads\/2025\/12\/BAM15-e1766074751866-300x182.png\" alt=\"BAM-15 (BAM15) mitochondriale Entkoppler in Kapseln\" width=\"300\" height=\"182\" srcset=\"https:\/\/tirzepatyd.eu\/wp-content\/uploads\/2025\/12\/BAM15-e1766074751866-300x182.png 300w, https:\/\/tirzepatyd.eu\/wp-content\/uploads\/2025\/12\/BAM15-e1766074751866-1024x621.png 1024w, https:\/\/tirzepatyd.eu\/wp-content\/uploads\/2025\/12\/BAM15-e1766074751866-768x466.png 768w, https:\/\/tirzepatyd.eu\/wp-content\/uploads\/2025\/12\/BAM15-e1766074751866-18x12.png 18w, https:\/\/tirzepatyd.eu\/wp-content\/uploads\/2025\/12\/BAM15-e1766074751866-800x485.png 800w, https:\/\/tirzepatyd.eu\/wp-content\/uploads\/2025\/12\/BAM15-e1766074751866-64x39.png 64w, https:\/\/tirzepatyd.eu\/wp-content\/uploads\/2025\/12\/BAM15-e1766074751866.png 1082w\" sizes=\"(max-width: 300px) 100vw, 300px\" \/><\/a><\/p><p><strong>Fuentes de informaci\u00f3n:<\/strong><\/p><p data-start=\"4700\" data-end=\"4898\"><strong data-start=\"4700\" data-end=\"4732\">Nature Communications (2020)<\/strong><br data-start=\"4732\" data-end=\"4735\" \/>BAM15 revierte los trastornos metab\u00f3licos relacionados con la dieta; mecanismo de acci\u00f3n y tolerancia en modelos animales.<br data-start=\"4843\" data-end=\"4846\" \/><a class=\"decorated-link\" href=\"https:\/\/www.nature.com\/articles\/s41467-020-16298-2\" target=\"_new\" rel=\"noopener\" data-start=\"4846\" data-end=\"4896\">https:\/\/www.nature.com\/articles\/s41467-020-16298-2<\/a><\/p><p data-start=\"4900\" data-end=\"5033\"><strong data-start=\"4900\" data-end=\"4910\">PubMed<\/strong><br data-start=\"4910\" data-end=\"4913\" \/>Resumen y metadatos de la publicaci\u00f3n Nature Communications sobre BAM15.<br data-start=\"4987\" data-end=\"4990\" \/><a class=\"decorated-link\" href=\"https:\/\/pubmed.ncbi.nlm.nih.gov\/32409697\" target=\"_new\" rel=\"noopener\" data-start=\"4990\" data-end=\"5031\">https:\/\/pubmed.ncbi.nlm.nih.gov\/32409697\/<\/a><\/p><p data-start=\"5035\" data-end=\"5226\"><strong data-start=\"5035\" data-end=\"5069\">Medicina Molecular EMBO (2020)<\/strong><br data-start=\"5069\" data-end=\"5072\" \/>Investigaci\u00f3n sobre la protecci\u00f3n contra la obesidad y la mejora del control gluc\u00e9mico en modelos precl\u00ednicos.<br data-start=\"5164\" data-end=\"5167\" \/><a class=\"decorated-link\" href=\"https:\/\/link.springer.com\/article\/10.15252\/emmm.202012088\" target=\"_new\" rel=\"noopener\" data-start=\"5167\" data-end=\"5224\">https:\/\/link.springer.com\/article\/10.15252\/emmm.202012088<\/a><\/p><p data-start=\"5228\" data-end=\"5466\"><strong data-start=\"5228\" data-end=\"5265\">Fronteras de la endocrinolog\u00eda (2023)<\/strong><br data-start=\"5265\" data-end=\"5268\" \/>Revisi\u00f3n del mecanismo de BAM15 como desacoplador mitocondrial y discusi\u00f3n de las limitaciones de esta estrategia.<br data-start=\"5370\" data-end=\"5373\" \/><a class=\"decorated-link\" href=\"https:\/\/www.frontiersin.org\/journals\/endocrinology\/articles\/10.3389\/fendo.2023.1252141\" target=\"_new\" rel=\"noopener\" data-start=\"5373\" data-end=\"5464\">https:\/\/www.frontiersin.org\/journals\/endocrinology\/articles\/10.3389\/fendo.2023.1252141\/epub<\/a><\/p><p data-start=\"5468\" data-end=\"5686\"><strong data-start=\"5468\" data-end=\"5487\">Diabetes (2024)<\/strong><br data-start=\"5487\" data-end=\"5490\" \/>Comentario sobre los riesgos y orientaciones para el desarrollo de derivados m\u00e1s seguros de las estrategias de desacoplamiento mitocondrial.<br data-start=\"5606\" data-end=\"5609\" \/><a class=\"decorated-link\" href=\"https:\/\/diabetesjournals.org\/diabetes\/article\/73\/3\/357\/154037\/A-New-Mitochondrial-Uncoupler-Improves-Metabolic\" target=\"_new\" rel=\"noopener\" data-start=\"5609\" data-end=\"5684\">https:\/\/diabetesjournals.org\/diabetes\/article-lookup\/doi\/10.2337\/dbi23-0033<\/a><\/p>\t\t\t\t\t\t\t\t<\/div>\n\t\t\t\t\t<\/div>\n\t\t<\/div>\n\t\t\t\t\t<\/div>\n\t\t<\/section>\n\t\t\t\t<\/div>","protected":false},"excerpt":{"rendered":"<p>El BAM-15 es un compuesto de vanguardia analizado para favorecer la reducci\u00f3n de las grasas y reducir su almacenamiento, aumentando el gasto energ\u00e9tico. Su mecanismo de acci\u00f3n difiere de los incineradores cl\u00e1sicos, centr\u00e1ndose en los procesos metab\u00f3licos m\u00e1s que en la estimulaci\u00f3n del sistema nervioso.<\/p>","protected":false},"featured_media":34001,"comment_status":"open","ping_status":"closed","template":"","meta":{"_acf_changed":false},"product_brand":[],"product_cat":[130,135,15],"product_tag":[137],"class_list":{"0":"post-34273","1":"product","2":"type-product","3":"status-publish","4":"has-post-thumbnail","6":"product_cat-produkty-w-kapsulkach-tabletkach","7":"product_cat-produkty-w-kapsulkach","8":"product_cat-laboratory-research","9":"product_tag-kapsulki","11":"first","12":"instock","13":"sale","14":"shipping-taxable","15":"purchasable","16":"product-type-simple"},"acf":[],"aioseo_notices":[],"_links":{"self":[{"href":"https:\/\/tirzepatyd.eu\/es\/wp-json\/wp\/v2\/product\/34273","targetHints":{"allow":["GET"]}}],"collection":[{"href":"https:\/\/tirzepatyd.eu\/es\/wp-json\/wp\/v2\/product"}],"about":[{"href":"https:\/\/tirzepatyd.eu\/es\/wp-json\/wp\/v2\/types\/product"}],"replies":[{"embeddable":true,"href":"https:\/\/tirzepatyd.eu\/es\/wp-json\/wp\/v2\/comments?post=34273"}],"version-history":[{"count":7,"href":"https:\/\/tirzepatyd.eu\/es\/wp-json\/wp\/v2\/product\/34273\/revisions"}],"predecessor-version":[{"id":35346,"href":"https:\/\/tirzepatyd.eu\/es\/wp-json\/wp\/v2\/product\/34273\/revisions\/35346"}],"wp:featuredmedia":[{"embeddable":true,"href":"https:\/\/tirzepatyd.eu\/es\/wp-json\/wp\/v2\/media\/34001"}],"wp:attachment":[{"href":"https:\/\/tirzepatyd.eu\/es\/wp-json\/wp\/v2\/media?parent=34273"}],"wp:term":[{"taxonomy":"product_brand","embeddable":true,"href":"https:\/\/tirzepatyd.eu\/es\/wp-json\/wp\/v2\/product_brand?post=34273"},{"taxonomy":"product_cat","embeddable":true,"href":"https:\/\/tirzepatyd.eu\/es\/wp-json\/wp\/v2\/product_cat?post=34273"},{"taxonomy":"product_tag","embeddable":true,"href":"https:\/\/tirzepatyd.eu\/es\/wp-json\/wp\/v2\/product_tag?post=34273"}],"curies":[{"name":"wp","href":"https:\/\/api.w.org\/{rel}","templated":true}]}}