{"id":34250,"date":"2025-12-20T20:31:34","date_gmt":"2025-12-20T19:31:34","guid":{"rendered":"https:\/\/tirzepatyd.eu\/?post_type=product&#038;p=34250"},"modified":"2026-04-15T23:50:41","modified_gmt":"2026-04-15T21:50:41","slug":"orforglipron","status":"publish","type":"product","link":"https:\/\/tirzepatyd.eu\/es\/producto\/orforglipron\/","title":{"rendered":"Orforglipron (GLP-1 oral) 5 mg 60 c\u00e1ps."},"content":{"rendered":"<div data-elementor-type=\"product-post\" data-elementor-id=\"34250\" class=\"elementor elementor-34250\" data-elementor-post-type=\"product\">\n\t\t\t\t\t\t<section class=\"elementor-section elementor-top-section elementor-element elementor-element-0a060c4 elementor-section-boxed elementor-section-height-default elementor-section-height-default\" data-id=\"0a060c4\" data-element_type=\"section\" data-e-type=\"section\">\n\t\t\t\t\t\t<div class=\"elementor-container elementor-column-gap-default\">\n\t\t\t\t\t<div class=\"elementor-column elementor-col-100 elementor-top-column elementor-element elementor-element-10a03f2\" data-id=\"10a03f2\" data-element_type=\"column\" data-e-type=\"column\">\n\t\t\t<div class=\"elementor-widget-wrap elementor-element-populated\">\n\t\t\t\t\t\t<div class=\"elementor-element elementor-element-8d55ed4 elementor-widget elementor-widget-text-editor\" data-id=\"8d55ed4\" data-element_type=\"widget\" data-e-type=\"widget\" data-widget_type=\"text-editor.default\">\n\t\t\t\t\t\t\t\t\t<h2 data-start=\"189\" data-end=\"236\"><strong data-start=\"192\" data-end=\"236\">Orforglipron: qu\u00e9 es y c\u00f3mo funciona<\/strong><\/h2><p data-start=\"238\" data-end=\"1057\">Orforglipron es <strong data-start=\"254\" data-end=\"304\">agonista oral del receptor GLP-1 de grado de inversi\u00f3n<\/strong>, que se desarroll\u00f3 para el tratamiento de <strong data-start=\"342\" data-end=\"372\">obesidad y diabetes tipo 2<\/strong>. Se trata de una sustancia de mol\u00e9cula peque\u00f1a que no requiere inyecciones, por lo que puede tomarse una vez al d\u00eda en forma de comprimidos. Esta forma supone una mejora significativa respecto a los agonistas cl\u00e1sicos del GLP-1, que suelen ser p\u00e9ptidos y requieren administraci\u00f3n subcut\u00e1nea. El orforglipron se une al receptor del GLP-1, lo que provoca un aumento de la secreci\u00f3n de insulina dependiente de la glucosa, una disminuci\u00f3n de la secreci\u00f3n de glucag\u00f3n, un vaciado g\u00e1strico m\u00e1s lento, un aumento de la saciedad y una reducci\u00f3n de peso. Por esta raz\u00f3n, tiene el potencial de mejorar el control gluc\u00e9mico y contribuir a la reducci\u00f3n de peso en personas con obesidad o trastornos metab\u00f3licos.<\/p><p data-start=\"238\" data-end=\"1057\"><a href=\"https:\/\/tirzepatyd.eu\/es\/producto\/glp-3-retatrutide-4mg-vial\/\">Ver tambi\u00e9n la secci\u00f3n reactivo Retatrutide 4mg<\/a><\/p><hr data-start=\"1059\" data-end=\"1062\" \/><h2 data-start=\"1064\" data-end=\"1101\"><strong data-start=\"1067\" data-end=\"1101\">Orforglipron - \u00bfcomprar?<\/strong><\/h2><p data-start=\"1103\" data-end=\"1824\">A d\u00eda de hoy, GLP1 Orforglipron <strong data-start=\"1136\" data-end=\"1194\">no est\u00e1 oficialmente autorizado para su venta como medicamento<\/strong> en la UE, EE.UU. o Europa. La sustancia est\u00e1 a\u00fan en fase de ensayo cl\u00ednico y s\u00f3lo est\u00e1 disponible en la <strong data-start=\"1311\" data-end=\"1354\">programas de investigaci\u00f3n y ensayos cl\u00ednicos<\/strong>. En Internet se pueden encontrar ofertas de venta de Orforglipron etiquetadas como <strong data-start=\"1431\" data-end=\"1483\">\u201epara investigaci\u00f3n cient\u00edfica\u201d o \u201es\u00f3lo para investigaci\u00f3n\u201d.\u201d<\/strong>, pero tales productos no tienen la condici\u00f3n de medicamento autorizado, no est\u00e1n destinados al uso humano y <strong data-start=\"1598\" data-end=\"1635\">no se recomienda su uso<\/strong>. La compra de estos reactivos est\u00e1 destinada exclusivamente a laboratorios y unidades de investigaci\u00f3n con fines cient\u00edficos y anal\u00edticos, y estos productos no est\u00e1n destinados al uso humano ni a fines terap\u00e9uticos.<\/p><hr data-start=\"1826\" data-end=\"1829\" \/><h2 data-start=\"1831\" data-end=\"1860\"><strong data-start=\"1834\" data-end=\"1860\">Orforglipron - precio<\/strong><\/h2><p data-start=\"1862\" data-end=\"2637\">Porque Orforglipron GLP-1 <strong data-start=\"1884\" data-end=\"1925\">a\u00fan no es un medicamento autorizado<\/strong>, no existen listas de precios oficiales de farmacia ni de reembolso. Sin embargo, en Internet - <strong data-start=\"2007\" data-end=\"2044\">fuera del mercado de medicamentos autorizados<\/strong> - Los preparados conocidos como Orforglipron pueden encontrarse en forma de reactivos de investigaci\u00f3n (productos qu\u00edmicos de investigaci\u00f3n). Dichos preparados se venden en diversas redes comerciales de laboratorios y sus precios var\u00edan, por ejemplo. <strong data-start=\"2253\" data-end=\"2323\">aprox. 299 USD por un envase etiquetado como Orforglipron comprimidos<\/strong> que ofrecen algunas tiendas en l\u00ednea (lo que no constituye una garant\u00eda de calidad, seguridad o venta leg\u00edtima como medicamento). Este precio no refleja el coste del tratamiento, sino solo el de la compra del reactivo de investigaci\u00f3n, que no es un medicamento aprobado para terapia humana.<\/p><hr data-start=\"2639\" data-end=\"2642\" \/><h2 data-start=\"2644\" data-end=\"2692\"><strong data-start=\"2647\" data-end=\"2692\">Orforglipron - c\u00f3mo tomar \/ dosis por estudio<\/strong><\/h2><p data-start=\"2694\" data-end=\"3414\">El GLP-1 Orfoglipron oral no tiene una dosis terap\u00e9utica aprobada, ya que todav\u00eda no es un medicamento registrado y el <strong>toda la informaci\u00f3n sobre dosificaci\u00f3n utilizada procede \u00fanicamente de ensayos cl\u00ednicos de fase 2 y 3<\/strong>. Durante estos estudios, el orfoglipron se administr\u00f3 por v\u00eda oral una vez al d\u00eda y pod\u00eda tomarse independientemente de las comidas, sin recomendaciones espec\u00edficas para sorber. <strong>Los estudios evaluaron dosis de 3 mg, 6 mg, 12 mg y 36 mg al d\u00eda de<\/strong>, observ\u00e1ndose una clara relaci\u00f3n dosis-efecto. Las dosis m\u00e1s altas se asociaron a una mayor reducci\u00f3n de peso y un mejor control gluc\u00e9mico, pero al mismo tiempo provocaron con m\u00e1s frecuencia efectos secundarios gastrointestinales. En algunos estudios se utiliz\u00f3 un aumento gradual de la dosis para mejorar la tolerabilidad del tratamiento.<\/p><hr data-start=\"3416\" data-end=\"3419\" \/><h2 data-start=\"3421\" data-end=\"3488\"><strong data-start=\"3424\" data-end=\"3488\">Orforglipron: efectos secundarios y seguridad de uso<\/strong><\/h2><p data-start=\"3490\" data-end=\"4167\">Los datos disponibles de los ensayos cl\u00ednicos sugieren que el perfil de seguridad del GLP-1 de Orforglipron <strong data-start=\"3573\" data-end=\"3615\">es similar a otros agonistas del GLP-1<\/strong> en t\u00e9rminos de efectos secundarios comunes. Los efectos secundarios observados con m\u00e1s frecuencia fueron molestias gastrointestinales, como <strong data-start=\"3766\" data-end=\"3819\">n\u00e1useas, diarrea, estre\u00f1imiento, flatulencia o v\u00f3mitos<\/strong>. En la mayor\u00eda de los casos, estas actividades <strong data-start=\"3874\" data-end=\"3901\">leve o moderado<\/strong> y a menudo disminu\u00edan con el tratamiento continuado. El perfil de seguridad completo del f\u00e1rmaco a\u00fan se est\u00e1 evaluando en los estudios de fase 3, que tambi\u00e9n incluyen el an\u00e1lisis de par\u00e1metros metab\u00f3licos y posibles acontecimientos cardiometab\u00f3licos<\/p><p data-start=\"3490\" data-end=\"4167\"><a href=\"https:\/\/tirzepatyd.eu\/wp-content\/uploads\/2025\/12\/ORFORGLIPRON-e1765997564780.png\"><img fetchpriority=\"high\" decoding=\"async\" class=\"aligncenter wp-image-34002 size-medium\" src=\"https:\/\/tirzepatyd.eu\/wp-content\/uploads\/2025\/12\/ORFORGLIPRON-e1765997564780-300x189.png\" alt=\"Orforglipron 5 mg 60 Kapseln \u2013 oraler GLP-1-Rezeptoragonist in Kapseln f\u00fcr Forschungszwecke\" width=\"300\" height=\"189\" srcset=\"https:\/\/tirzepatyd.eu\/wp-content\/uploads\/2025\/12\/ORFORGLIPRON-e1765997564780-300x189.png 300w, https:\/\/tirzepatyd.eu\/wp-content\/uploads\/2025\/12\/ORFORGLIPRON-e1765997564780-1024x644.png 1024w, https:\/\/tirzepatyd.eu\/wp-content\/uploads\/2025\/12\/ORFORGLIPRON-e1765997564780-768x483.png 768w, https:\/\/tirzepatyd.eu\/wp-content\/uploads\/2025\/12\/ORFORGLIPRON-e1765997564780-18x12.png 18w, https:\/\/tirzepatyd.eu\/wp-content\/uploads\/2025\/12\/ORFORGLIPRON-e1765997564780-800x503.png 800w, https:\/\/tirzepatyd.eu\/wp-content\/uploads\/2025\/12\/ORFORGLIPRON-e1765997564780-64x40.png 64w, https:\/\/tirzepatyd.eu\/wp-content\/uploads\/2025\/12\/ORFORGLIPRON-e1765997564780.png 1085w\" sizes=\"(max-width: 300px) 100vw, 300px\" \/><\/a><\/p><hr data-start=\"1923\" data-end=\"1926\" \/><p data-start=\"3490\" data-end=\"4167\"><strong>Fuentes de informaci\u00f3n:<\/strong><\/p><p data-start=\"3971\" data-end=\"4169\"><strong data-start=\"3971\" data-end=\"4013\">New England Journal of Medicine (2023)<\/strong><br data-start=\"4013\" data-end=\"4016\" \/>Estudio de fase 2 que eval\u00faa la eficacia y seguridad de la orfogliprona oral en sujetos obesos.<br data-start=\"4113\" data-end=\"4116\" \/><a class=\"decorated-link\" href=\"https:\/\/www.nejm.org\/doi\/full\/10.1056\/NEJMoa2302392\" target=\"_new\" rel=\"noopener\" data-start=\"4116\" data-end=\"4167\">https:\/\/www.nejm.org\/doi\/full\/10.1056\/NEJMoa2302392<\/a><\/p><p data-start=\"4171\" data-end=\"4385\"><strong data-start=\"4171\" data-end=\"4201\">The Lancet \/ PubMed (2023)<\/strong><br data-start=\"4201\" data-end=\"4204\" \/>Estudio multic\u00e9ntrico aleatorizado de fase 2 en pacientes con diabetes de tipo 2, en el que se analiza la relaci\u00f3n dosis-efecto y la tolerabilidad del tratamiento.<br data-start=\"4339\" data-end=\"4342\" \/><a class=\"decorated-link\" href=\"https:\/\/pubmed.ncbi.nlm.nih.gov\/37369232\" target=\"_new\" rel=\"noopener\" data-start=\"4342\" data-end=\"4383\">https:\/\/pubmed.ncbi.nlm.nih.gov\/37369232\/<\/a><\/p><p data-start=\"4387\" data-end=\"4608\"><strong data-start=\"4387\" data-end=\"4429\">New England Journal of Medicine (2025)<\/strong><br data-start=\"4429\" data-end=\"4432\" \/>Estudio de fase 3 que eval\u00faa la reducci\u00f3n de peso, los par\u00e1metros cardiometab\u00f3licos y la seguridad de la orfogliprona.<br data-start=\"4552\" data-end=\"4555\" \/><a class=\"decorated-link\" href=\"https:\/\/www.nejm.org\/doi\/full\/10.1056\/NEJMoa2511774\" target=\"_new\" rel=\"noopener\" data-start=\"4555\" data-end=\"4606\">https:\/\/www.nejm.org\/doi\/full\/10.1056\/NEJMoa2511774<\/a><\/p>\t\t\t\t\t\t\t\t<\/div>\n\t\t\t\t\t<\/div>\n\t\t<\/div>\n\t\t\t\t\t<\/div>\n\t\t<\/section>\n\t\t\t\t<\/div>","protected":false},"excerpt":{"rendered":"<p>El orfoglipron es una nueva mol\u00e9cula oral de peque\u00f1o tama\u00f1o que est\u00e1 suscitando un gran inter\u00e9s entre la comunidad cient\u00edfica por su potencial en estudios sobre la regulaci\u00f3n del apetito, el control del peso y el metabolismo glucosa-insulina.<\/p>","protected":false},"featured_media":34002,"comment_status":"open","ping_status":"closed","template":"","meta":{"_acf_changed":false},"product_brand":[],"product_cat":[130,135,15],"product_tag":[137],"class_list":{"0":"post-34250","1":"product","2":"type-product","3":"status-publish","4":"has-post-thumbnail","6":"product_cat-produkty-w-kapsulkach-tabletkach","7":"product_cat-produkty-w-kapsulkach","8":"product_cat-laboratory-research","9":"product_tag-kapsulki","11":"first","12":"instock","13":"sale","14":"shipping-taxable","15":"purchasable","16":"product-type-simple"},"acf":[],"aioseo_notices":[],"_links":{"self":[{"href":"https:\/\/tirzepatyd.eu\/es\/wp-json\/wp\/v2\/product\/34250","targetHints":{"allow":["GET"]}}],"collection":[{"href":"https:\/\/tirzepatyd.eu\/es\/wp-json\/wp\/v2\/product"}],"about":[{"href":"https:\/\/tirzepatyd.eu\/es\/wp-json\/wp\/v2\/types\/product"}],"replies":[{"embeddable":true,"href":"https:\/\/tirzepatyd.eu\/es\/wp-json\/wp\/v2\/comments?post=34250"}],"version-history":[{"count":11,"href":"https:\/\/tirzepatyd.eu\/es\/wp-json\/wp\/v2\/product\/34250\/revisions"}],"predecessor-version":[{"id":35432,"href":"https:\/\/tirzepatyd.eu\/es\/wp-json\/wp\/v2\/product\/34250\/revisions\/35432"}],"wp:featuredmedia":[{"embeddable":true,"href":"https:\/\/tirzepatyd.eu\/es\/wp-json\/wp\/v2\/media\/34002"}],"wp:attachment":[{"href":"https:\/\/tirzepatyd.eu\/es\/wp-json\/wp\/v2\/media?parent=34250"}],"wp:term":[{"taxonomy":"product_brand","embeddable":true,"href":"https:\/\/tirzepatyd.eu\/es\/wp-json\/wp\/v2\/product_brand?post=34250"},{"taxonomy":"product_cat","embeddable":true,"href":"https:\/\/tirzepatyd.eu\/es\/wp-json\/wp\/v2\/product_cat?post=34250"},{"taxonomy":"product_tag","embeddable":true,"href":"https:\/\/tirzepatyd.eu\/es\/wp-json\/wp\/v2\/product_tag?post=34250"}],"curies":[{"name":"wp","href":"https:\/\/api.w.org\/{rel}","templated":true}]}}