{"id":25503,"date":"2025-01-11T12:18:39","date_gmt":"2025-01-11T11:18:39","guid":{"rendered":"https:\/\/tirzepatyd.eu\/?post_type=product&#038;p=25503"},"modified":"2026-04-18T10:16:00","modified_gmt":"2026-04-18T08:16:00","slug":"tirzepatide-20-mg-pen","status":"publish","type":"product","link":"https:\/\/tirzepatyd.eu\/es\/producto\/tirzepatide-20-mg-pen\/","title":{"rendered":"GLP1+GIP PEN 20 mg"},"content":{"rendered":"<div data-elementor-type=\"product-post\" data-elementor-id=\"25503\" class=\"elementor elementor-25503\" data-elementor-post-type=\"product\">\n\t\t\t\t\t\t<section class=\"elementor-section elementor-top-section elementor-element elementor-element-d42a7ce elementor-section-boxed elementor-section-height-default elementor-section-height-default\" data-id=\"d42a7ce\" data-element_type=\"section\" data-e-type=\"section\">\n\t\t\t\t\t\t<div class=\"elementor-container elementor-column-gap-default\">\n\t\t\t\t\t<div class=\"elementor-column elementor-col-100 elementor-top-column elementor-element elementor-element-4eed13e\" data-id=\"4eed13e\" data-element_type=\"column\" data-e-type=\"column\">\n\t\t\t<div class=\"elementor-widget-wrap elementor-element-populated\">\n\t\t\t\t\t\t<div class=\"elementor-element elementor-element-95f5b18 elementor-widget__width-initial elementor-widget elementor-widget-text-editor\" data-id=\"95f5b18\" data-element_type=\"widget\" data-e-type=\"widget\" data-widget_type=\"text-editor.default\">\n\t\t\t\t\t\t\t\t\t<h2 data-start=\"286\" data-end=\"371\">Tirzepatide 20 mg pen - un agonista avanzado para estudios metab\u00f3licos<\/h2><h3 data-start=\"373\" data-end=\"410\">\u00bfQu\u00e9 es Tirzepatide 20 mg pluma?<\/h3><p data-start=\"412\" data-end=\"811\"><span data-start=\"436\" data-end=\"461\">T<\/span><strong data-start=\"436\" data-end=\"461\">irzepatide 20 mg pen<\/strong> es un p\u00e9ptido sint\u00e9tico an\u00e1logo dise\u00f1ado como agonista dual de los receptores GLP-1R y GIPR. El dise\u00f1o de la mol\u00e9cula permite la activaci\u00f3n simult\u00e1nea de dos v\u00edas clave de la incretina, por lo que es <strong data-start=\"665\" data-end=\"690\">tirzepatide 20 mg pluma<\/strong> un modelo de investigaci\u00f3n interesante en los an\u00e1lisis de la regulaci\u00f3n energ\u00e9tica y la integraci\u00f3n de la se\u00f1alizaci\u00f3n hormonal.<\/p><p data-start=\"813\" data-end=\"1141\">Tipo de formulario <em data-start=\"824\" data-end=\"829\">bol\u00edgrafo<\/em> refleja el modelo de dosificaci\u00f3n utilizado en los ensayos cl\u00ednicos y permite analizar los par\u00e1metros farmacocin\u00e9ticos y las relaciones dosis-respuesta en condiciones controladas de laboratorio. En el contexto de la investigaci\u00f3n <strong data-start=\"1047\" data-end=\"1072\">tirzepatide 20 mg pluma<\/strong> ofrece una opci\u00f3n para evaluar la exposici\u00f3n de receptores m\u00e1s elevados.<\/p><hr data-start=\"1143\" data-end=\"1146\" \/><h2 data-start=\"1148\" data-end=\"1186\">Mecanismo de acci\u00f3n del receptor<\/h2><p data-start=\"1188\" data-end=\"1258\">Tirzepatide 20 mg pen act\u00faa por activaci\u00f3n simult\u00e1nea de los receptores:<\/p><ul data-start=\"1260\" data-end=\"1447\"><li data-start=\"1260\" data-end=\"1343\"><p data-start=\"1262\" data-end=\"1343\"><strong data-start=\"1262\" data-end=\"1272\">GLP-1R<\/strong> - asociados con la modulaci\u00f3n de la se\u00f1alizaci\u00f3n del AMPc y las respuestas insulinotr\u00f3picas,<\/p><\/li><li data-start=\"1344\" data-end=\"1447\"><p data-start=\"1346\" data-end=\"1447\"><strong data-start=\"1346\" data-end=\"1354\">GIPR<\/strong> - implicados en la regulaci\u00f3n del metabolismo de la glucosa y la integraci\u00f3n de la se\u00f1alizaci\u00f3n de la incretina.<\/p><\/li><\/ul><p data-start=\"1449\" data-end=\"1633\">La activaci\u00f3n del receptor dual conduce a una respuesta metab\u00f3lica integrada, que incluye la modulaci\u00f3n del eje glucosa-insulina y efectos sobre los mecanismos que regulan el equilibrio energ\u00e9tico.<\/p><p data-start=\"1635\" data-end=\"2045\">Las revisiones mecanicistas han demostrado que la activaci\u00f3n simult\u00e1nea de GIP y GLP-1 puede generar un efecto sin\u00e9rgico al potenciar la se\u00f1alizaci\u00f3n dependiente de AMPc y activar la prote\u00edna Gs. En estudios moleculares, se observ\u00f3 un claro efecto dependiente de la dosis y una intensificaci\u00f3n de la se\u00f1alizaci\u00f3n GPCR con el aumento de la exposici\u00f3n, lo que hace que la <strong data-start=\"1965\" data-end=\"1990\">tirzepatide 20 mg pluma<\/strong> una herramienta \u00fatil en los an\u00e1lisis farmacodin\u00e1micos.<\/p><hr data-start=\"2047\" data-end=\"2050\" \/><h2 data-start=\"2052\" data-end=\"2109\">Importancia en los estudios cl\u00ednicos y precl\u00ednicos<\/h2><p data-start=\"2111\" data-end=\"2410\">Los programas de estudio SURPASS y SURMOUNT analizaron los efectos de tirzepatydu sobre los par\u00e1metros metab\u00f3licos en un seguimiento a largo plazo. En el estudio SURMOUNT-1 (72 semanas), se notific\u00f3 una reducci\u00f3n media de peso de 20,9% y una clara relaci\u00f3n dosis-respuesta para las dosis m\u00e1s altas analizadas.<\/p><p data-start=\"2412\" data-end=\"2570\">SURPASS-2 mostr\u00f3 mayores reducciones de la HbA1c en comparaci\u00f3n con un agonista selectivo de GLP-1, lo que confirma la importancia del agonismo dual de los receptores.<\/p><p data-start=\"2572\" data-end=\"2887\">En estudios precl\u00ednicos, se ha analizado el agonismo dual GIP\/GLP-1 como modelo de sinergia de receptores, lo que permite estudiar la integraci\u00f3n de las v\u00edas del AMPc y sus efectos sobre el metabolismo de los l\u00edpidos y los hidratos de carbono. En este contexto <strong data-start=\"2786\" data-end=\"2811\">tirzepatide 20 mg pluma<\/strong> ofrece una opci\u00f3n para evaluar la intensificaci\u00f3n de la respuesta del receptor.<\/p><hr data-start=\"2047\" data-end=\"2050\" \/><h2 data-start=\"2746\" data-end=\"2808\">Tirzepatida 20 mg pluma frente a otros agonistas de la incretina<\/h2><p data-start=\"2810\" data-end=\"2832\">En t\u00e9rminos de receptor:<\/p><ul data-start=\"2834\" data-end=\"3008\"><li data-start=\"2834\" data-end=\"2876\"><p data-start=\"2836\" data-end=\"2876\">La semaglutida s\u00f3lo activa el GLP-1R,<\/p><\/li><li data-start=\"2877\" data-end=\"2946\"><p data-start=\"2879\" data-end=\"2946\">tirzepatide (incluido tirzepatide 20 mg pen) activa el GLP-1R y el GIPR,<\/p><\/li><li data-start=\"2947\" data-end=\"3008\"><p data-start=\"2949\" data-end=\"3008\">retatrutida implica adem\u00e1s al receptor del glucag\u00f3n (GCGR).<\/p><\/li><\/ul><p data-start=\"3010\" data-end=\"3170\">La gama de receptores activados determina la complejidad de la respuesta metab\u00f3lica y es un elemento clave para diferenciar las mol\u00e9culas en los an\u00e1lisis farmacodin\u00e1micos.<\/p><h2 data-start=\"210\" data-end=\"285\">\u00a0<\/h2><hr data-start=\"2047\" data-end=\"2050\" \/><p data-start=\"3225\" data-end=\"3637\"><a href=\"https:\/\/tirzepatyd.eu\/wp-content\/uploads\/2025\/11\/Tirzepatide-20-mg-pen.png\"><img fetchpriority=\"high\" decoding=\"async\" class=\"aligncenter wp-image-32391 size-medium\" src=\"https:\/\/tirzepatyd.eu\/wp-content\/uploads\/2025\/11\/Tirzepatide-20-mg-pen-300x225.png\" alt=\"Tirzepatide 20 mg pen \u2013 dual incretin receptor agonist for metabolic studies\" width=\"300\" height=\"225\" srcset=\"https:\/\/tirzepatyd.eu\/wp-content\/uploads\/2025\/11\/Tirzepatide-20-mg-pen-300x225.png 300w, https:\/\/tirzepatyd.eu\/wp-content\/uploads\/2025\/11\/Tirzepatide-20-mg-pen-400x300.png 400w, https:\/\/tirzepatyd.eu\/wp-content\/uploads\/2025\/11\/Tirzepatide-20-mg-pen-800x600.png 800w, https:\/\/tirzepatyd.eu\/wp-content\/uploads\/2025\/11\/Tirzepatide-20-mg-pen-64x48.png 64w, https:\/\/tirzepatyd.eu\/wp-content\/uploads\/2025\/11\/Tirzepatide-20-mg-pen-768x576.png 768w, https:\/\/tirzepatyd.eu\/wp-content\/uploads\/2025\/11\/Tirzepatide-20-mg-pen-16x12.png 16w, https:\/\/tirzepatyd.eu\/wp-content\/uploads\/2025\/11\/Tirzepatide-20-mg-pen.png 1024w\" sizes=\"(max-width: 300px) 100vw, 300px\" \/><\/a><\/p><p data-start=\"3225\" data-end=\"3637\">Fuentes:<\/p><p><a href=\"https:\/\/pmc.ncbi.nlm.nih.gov\/articles\/PMC10159347\">https:\/\/pmc.ncbi.nlm.nih.gov\/articles\/PMC10159347<\/a><\/p><p data-start=\"3225\" data-end=\"3637\"><a class=\"decorated-link\" href=\"https:\/\/pubmed.ncbi.nlm.nih.gov\/23850282\/\" target=\"_new\" rel=\"noopener\" data-start=\"4739\" data-end=\"4780\">https:\/\/pubmed.ncbi.nlm.nih.gov\/23850282\/<\/a><\/p><hr data-start=\"2047\" data-end=\"2050\" \/><p data-start=\"3225\" data-end=\"3637\"><strong>El producto est\u00e1 destinado a la investigaci\u00f3n cient\u00edfica y al an\u00e1lisis de laboratorio. Todos los art\u00edculos e informaci\u00f3n de este sitio web tienen \u00fanicamente fines informativos y educativos.<\/strong><\/p>\t\t\t\t\t\t\t\t<\/div>\n\t\t\t\t\t<\/div>\n\t\t<\/div>\n\t\t\t\t\t<\/div>\n\t\t<\/section>\n\t\t\t\t<\/div>","protected":false},"excerpt":{"rendered":"<p><strong data-start=\"123\" data-end=\"148\">Tirzepatida 20 mg pluma<\/strong> es un p\u00e9ptido sint\u00e9tico avanzado con doble actividad frente a los receptores GLP-1R y GIPR, que es objeto de intensas investigaciones en materia de regulaci\u00f3n metab\u00f3lica, control del equilibrio energ\u00e9tico y peso corporal.<\/p>","protected":false},"featured_media":30662,"comment_status":"open","ping_status":"closed","template":"","meta":{"_acf_changed":false},"product_brand":[],"product_cat":[122,111,15],"product_tag":[],"class_list":{"0":"post-25503","1":"product","2":"type-product","3":"status-publish","4":"has-post-thumbnail","6":"product_cat-produkty-w-penie","7":"product_cat-glp1gip","8":"product_cat-laboratory-research","10":"first","11":"instock","12":"shipping-taxable","13":"purchasable","14":"product-type-simple"},"acf":[],"aioseo_notices":[],"_links":{"self":[{"href":"https:\/\/tirzepatyd.eu\/es\/wp-json\/wp\/v2\/product\/25503","targetHints":{"allow":["GET"]}}],"collection":[{"href":"https:\/\/tirzepatyd.eu\/es\/wp-json\/wp\/v2\/product"}],"about":[{"href":"https:\/\/tirzepatyd.eu\/es\/wp-json\/wp\/v2\/types\/product"}],"replies":[{"embeddable":true,"href":"https:\/\/tirzepatyd.eu\/es\/wp-json\/wp\/v2\/comments?post=25503"}],"version-history":[{"count":14,"href":"https:\/\/tirzepatyd.eu\/es\/wp-json\/wp\/v2\/product\/25503\/revisions"}],"predecessor-version":[{"id":35455,"href":"https:\/\/tirzepatyd.eu\/es\/wp-json\/wp\/v2\/product\/25503\/revisions\/35455"}],"wp:featuredmedia":[{"embeddable":true,"href":"https:\/\/tirzepatyd.eu\/es\/wp-json\/wp\/v2\/media\/30662"}],"wp:attachment":[{"href":"https:\/\/tirzepatyd.eu\/es\/wp-json\/wp\/v2\/media?parent=25503"}],"wp:term":[{"taxonomy":"product_brand","embeddable":true,"href":"https:\/\/tirzepatyd.eu\/es\/wp-json\/wp\/v2\/product_brand?post=25503"},{"taxonomy":"product_cat","embeddable":true,"href":"https:\/\/tirzepatyd.eu\/es\/wp-json\/wp\/v2\/product_cat?post=25503"},{"taxonomy":"product_tag","embeddable":true,"href":"https:\/\/tirzepatyd.eu\/es\/wp-json\/wp\/v2\/product_tag?post=25503"}],"curies":[{"name":"wp","href":"https:\/\/api.w.org\/{rel}","templated":true}]}}