{"id":24258,"date":"2024-12-23T16:46:35","date_gmt":"2024-12-23T15:46:35","guid":{"rendered":"https:\/\/tirzepatyd.eu\/?post_type=product&#038;p=24258"},"modified":"2026-04-18T10:54:13","modified_gmt":"2026-04-18T08:54:13","slug":"semaglutid-4mg-pen","status":"publish","type":"product","link":"https:\/\/tirzepatyd.eu\/es\/producto\/semaglutid-4mg-pen\/","title":{"rendered":"SEMA G PEN 4mg"},"content":{"rendered":"<div data-elementor-type=\"product-post\" data-elementor-id=\"24258\" class=\"elementor elementor-24258\" data-elementor-post-type=\"product\">\n\t\t\t\t\t\t<section class=\"elementor-section elementor-top-section elementor-element elementor-element-3e4e3a5 elementor-section-boxed elementor-section-height-default elementor-section-height-default\" data-id=\"3e4e3a5\" data-element_type=\"section\" data-e-type=\"section\">\n\t\t\t\t\t\t<div class=\"elementor-container elementor-column-gap-default\">\n\t\t\t\t\t<div class=\"elementor-column elementor-col-100 elementor-top-column elementor-element elementor-element-2aed132\" data-id=\"2aed132\" data-element_type=\"column\" data-e-type=\"column\">\n\t\t\t<div class=\"elementor-widget-wrap elementor-element-populated\">\n\t\t\t\t\t\t<div class=\"elementor-element elementor-element-ab0fafc elementor-widget__width-initial elementor-widget elementor-widget-text-editor\" data-id=\"ab0fafc\" data-element_type=\"widget\" data-e-type=\"widget\" data-widget_type=\"text-editor.default\">\n\t\t\t\t\t\t\t\t\t<h2 data-start=\"146\" data-end=\"179\"><strong data-start=\"149\" data-end=\"179\">Semaglutide 4mg Pen GLP-1 - qu\u00e9 es, efectos, dosis, efectos secundarios\u00a0<\/strong><\/h2><p data-start=\"224\" data-end=\"692\"><a href=\"https:\/\/tirzepatyd.eu\/es\/semaglutyd-jak-dziala-i-gdzie-go-kupic\/\">Semaglutida<\/a> 4mg pen es un moderno preparado en forma de autoinyector, perteneciente a un grupo de medicamentos conocidos como an\u00e1logos del GLP-1 (p\u00e9ptido-1 similar al glucag\u00f3n). Se ha desarrollado para las personas que luchan contra el sobrepeso, la obesidad o la diabetes de tipo 2. Gracias a su dise\u00f1o y modo de acci\u00f3n, favorece la p\u00e9rdida de peso, el control del apetito y la estabilizaci\u00f3n de la glucemia. La c\u00f3moda forma de la pluma permite una administraci\u00f3n f\u00e1cil y precisa del medicamento una vez a la semana.<\/p><hr data-start=\"694\" data-end=\"697\" \/><h2 data-start=\"699\" data-end=\"741\"><strong data-start=\"703\" data-end=\"739\">\u00bfC\u00f3mo funciona Semaglutide 4 mg Pen?<\/strong><\/h2><p data-start=\"742\" data-end=\"899\">Sustancia activa - <strong data-start=\"762\" data-end=\"776\">semaglutida<\/strong> - Imita la acci\u00f3n de la hormona natural GLP-1, que regula los procesos metab\u00f3licos del organismo. Tiene un efecto multidireccional:<\/p><ul><li data-start=\"903\" data-end=\"1037\"><strong data-start=\"903\" data-end=\"946\">Inhibe el apetito y prolonga la sensaci\u00f3n de saciedad<\/strong> - influye en el centro del hambre en el cerebro, reduciendo as\u00ed el deseo de comer.<\/li><li data-start=\"1040\" data-end=\"1134\"><strong data-start=\"1040\" data-end=\"1073\">Ralentiza el vaciado g\u00e1strico<\/strong>, que reduce los ataques repentinos de hambre y aumenta el tiempo de digesti\u00f3n.<\/li><li data-start=\"1137\" data-end=\"1295\"><strong data-start=\"1137\" data-end=\"1173\">Estabiliza los niveles de az\u00facar en sangre<\/strong> - aumenta la secreci\u00f3n de insulina en respuesta a niveles elevados de glucosa e inhibe simult\u00e1neamente la secreci\u00f3n de glucag\u00f3n.<\/li><\/ul><p data-start=\"1297\" data-end=\"1399\">En consecuencia, la semaglutida favorece el control del peso y mejora el funcionamiento del metabolismo de los hidratos de carbono.<\/p><hr data-start=\"1401\" data-end=\"1404\" \/><h2 data-start=\"1406\" data-end=\"1458\"><strong data-start=\"1410\" data-end=\"1456\">Aplicaci\u00f3n <\/strong><strong data-start=\"2998\" data-end=\"3014\">Semaglutida 4 mg pluma<\/strong><\/h2><p data-start=\"1459\" data-end=\"1515\">Semaglutida Pen 4 mg se utiliza principalmente en terapia:<\/p><ul><li data-start=\"1519\" data-end=\"1544\"><strong data-start=\"1519\" data-end=\"1541\">sobrepeso y obesidad<\/strong>,<\/li><li data-start=\"1547\" data-end=\"1569\"><strong data-start=\"1547\" data-end=\"1566\">diabetes tipo 2<\/strong>,<\/li><li data-start=\"1572\" data-end=\"1661\"><strong>y en los casos en que la dieta y la actividad f\u00edsica no han dado resultado.<\/strong><\/li><\/ul><p data-start=\"1663\" data-end=\"1704\">El preparado est\u00e1 recomendado para adultos:<\/p><ul><li data-start=\"1707\" data-end=\"1730\">z <strong data-start=\"1709\" data-end=\"1727\">IMC \u2265 30 kg\/m\u00b2.<\/strong>,<\/li><li data-start=\"1733\" data-end=\"1867\">o con <strong data-start=\"1739\" data-end=\"1757\">IMC \u2265 27 kg\/m\u00b2.<\/strong>, si existen comorbilidades como hipertensi\u00f3n, trastornos lip\u00eddicos o resistencia a la insulina.<\/li><\/ul><p data-start=\"1869\" data-end=\"1978\">Inicie siempre la terapia tras consultar a su m\u00e9dico, que valorar\u00e1 las indicaciones y la seguridad de su uso.<\/p><hr data-start=\"1980\" data-end=\"1983\" \/><h2 data-start=\"2994\" data-end=\"3016\"><strong data-start=\"1989\" data-end=\"2019\">Posolog\u00eda y utilizaci\u00f3n <\/strong><strong data-start=\"2998\" data-end=\"3014\">Semaglutida<\/strong><\/h2><p data-start=\"2022\" data-end=\"2092\">Semaglutida Pen 4mg se utiliza <strong data-start=\"2055\" data-end=\"2073\">una vez a la semana<\/strong>, a una hora fija.<\/p><ul><li data-start=\"2096\" data-end=\"2190\"><strong data-start=\"2096\" data-end=\"2116\">Lugar de aplicaci\u00f3n:<\/strong> La inyecci\u00f3n se realiza por v\u00eda subcut\u00e1nea, normalmente en el abdomen, el muslo o el brazo.<\/li><li data-start=\"2193\" data-end=\"2326\"><strong data-start=\"2193\" data-end=\"2214\">Dosis inicial:<\/strong> el tratamiento se inicia con dosis m\u00e1s peque\u00f1as, que se aumentan gradualmente para permitir que el organismo se adapte.<\/li><li data-start=\"2329\" data-end=\"2453\"><strong data-start=\"2329\" data-end=\"2339\">Importante:<\/strong> La pluma es de un solo uso y est\u00e1 pensada para ser autoadministrada tras recibir formaci\u00f3n por parte del personal m\u00e9dico.<\/li><\/ul><p data-start=\"2455\" data-end=\"2547\">El uso regular, seg\u00fan prescripci\u00f3n m\u00e9dica, garantiza los mejores resultados terap\u00e9uticos.<\/p><p data-start=\"2455\" data-end=\"2547\">Compruebe el reactivo <a href=\"https:\/\/tirzepatyd.eu\/es\/producto\/semaglutide-pen\/\">Semaglutide 2mg en pluma<\/a><\/p><hr data-start=\"2549\" data-end=\"2552\" \/><h2 data-start=\"2994\" data-end=\"3016\"><strong data-start=\"2998\" data-end=\"3014\">Semaglutida 4 mg pluma - s<\/strong><strong data-start=\"2558\" data-end=\"2576\">efectos secundarios<\/strong><\/h2><p data-start=\"2579\" data-end=\"2708\">Pueden producirse efectos secundarios leves durante el uso de Semaglutida, especialmente al inicio del tratamiento. Estos incluyen:<\/p><ul><li data-start=\"2712\" data-end=\"2723\">N\u00e1useas,<\/li><li data-start=\"2726\" data-end=\"2736\">V\u00f3mitos,<\/li><li data-start=\"2739\" data-end=\"2763\">diarrea o estre\u00f1imiento,<\/li><li data-start=\"2766\" data-end=\"2781\">dolores abdominales,<\/li><li data-start=\"2784\" data-end=\"2815\">sensaci\u00f3n de plenitud o hinchaz\u00f3n.<\/li><\/ul><p data-start=\"2817\" data-end=\"2987\">Estos s\u00edntomas suelen desaparecer al cabo de unas semanas, a medida que el organismo se acostumbra al medicamento. Si las molestias persisten, p\u00f3ngase en contacto con su profesional sanitario.<\/p><hr data-start=\"2989\" data-end=\"2992\" \/><p data-start=\"3017\" data-end=\"3480\"><a href=\"https:\/\/tirzepatyd.eu\/wp-content\/uploads\/2025\/09\/Sema-G-4mg-urzadzenie-pomiarowe-Camera.png\"><img fetchpriority=\"high\" decoding=\"async\" class=\"size-medium wp-image-30668 aligncenter\" src=\"https:\/\/tirzepatyd.eu\/wp-content\/uploads\/2025\/09\/Sema-G-4mg-urzadzenie-pomiarowe-Camera-300x225.png\" alt=\"Semaglutid pen 4 mg for obesity peptide\" width=\"300\" height=\"225\" srcset=\"https:\/\/tirzepatyd.eu\/wp-content\/uploads\/2025\/09\/Sema-G-4mg-urzadzenie-pomiarowe-Camera-300x225.png 300w, https:\/\/tirzepatyd.eu\/wp-content\/uploads\/2025\/09\/Sema-G-4mg-urzadzenie-pomiarowe-Camera-800x600.png 800w, https:\/\/tirzepatyd.eu\/wp-content\/uploads\/2025\/09\/Sema-G-4mg-urzadzenie-pomiarowe-Camera-64x48.png 64w, https:\/\/tirzepatyd.eu\/wp-content\/uploads\/2025\/09\/Sema-G-4mg-urzadzenie-pomiarowe-Camera-768x576.png 768w, https:\/\/tirzepatyd.eu\/wp-content\/uploads\/2025\/09\/Sema-G-4mg-urzadzenie-pomiarowe-Camera-16x12.png 16w, https:\/\/tirzepatyd.eu\/wp-content\/uploads\/2025\/09\/Sema-G-4mg-urzadzenie-pomiarowe-Camera.png 1024w\" sizes=\"(max-width: 300px) 100vw, 300px\" \/><\/a><\/p><p data-start=\"3017\" data-end=\"3480\">Fuente :\u00a0 <a href=\"https:\/\/pmc.ncbi.nlm.nih.gov\/articles\/PMC9272494\">Einmal w\u00f6chentlich verabreichtes Semaglutid zur Gewichtskontrolle: Eine klinische \u00dcbersicht<\/a><\/p>\t\t\t\t\t\t\t\t<\/div>\n\t\t\t\t\t<\/div>\n\t\t<\/div>\n\t\t\t\t\t<\/div>\n\t\t<\/section>\n\t\t\t\t<\/div>","protected":false},"excerpt":{"rendered":"<p>Semaglutid 4mg Pen GLP-1 &#8211; czym jest, dzia\u0142anie, dawkowanie, skutki uboczne\u00a0 Semaglutid 4mg pen to nowoczesny preparat w formie automatycznego wstrzykiwacza, nale\u017c\u0105cy do grupy lek\u00f3w okre\u015blanych jako analogi GLP-1 (glukagonopodobnego peptydu-1). Opracowano go z my\u015bl\u0105 o osobach zmagaj\u0105cych si\u0119 z nadwag\u0105, oty\u0142o\u015bci\u0105 lub cukrzyc\u0105 typu 2. Dzi\u0119ki swojej budowie i sposobowi dzia\u0142ania wspiera utrat\u0119 masy [&hellip;]<\/p>\n","protected":false},"featured_media":30668,"comment_status":"open","ping_status":"closed","template":"","meta":{"_acf_changed":false},"product_brand":[],"product_cat":[122,112,15],"product_tag":[],"class_list":{"0":"post-24258","1":"product","2":"type-product","3":"status-publish","4":"has-post-thumbnail","6":"product_cat-produkty-w-penie","7":"product_cat-glp1","8":"product_cat-laboratory-research","10":"first","11":"instock","12":"shipping-taxable","13":"purchasable","14":"product-type-simple"},"acf":[],"aioseo_notices":[],"_links":{"self":[{"href":"https:\/\/tirzepatyd.eu\/es\/wp-json\/wp\/v2\/product\/24258","targetHints":{"allow":["GET"]}}],"collection":[{"href":"https:\/\/tirzepatyd.eu\/es\/wp-json\/wp\/v2\/product"}],"about":[{"href":"https:\/\/tirzepatyd.eu\/es\/wp-json\/wp\/v2\/types\/product"}],"replies":[{"embeddable":true,"href":"https:\/\/tirzepatyd.eu\/es\/wp-json\/wp\/v2\/comments?post=24258"}],"version-history":[{"count":8,"href":"https:\/\/tirzepatyd.eu\/es\/wp-json\/wp\/v2\/product\/24258\/revisions"}],"predecessor-version":[{"id":35461,"href":"https:\/\/tirzepatyd.eu\/es\/wp-json\/wp\/v2\/product\/24258\/revisions\/35461"}],"wp:featuredmedia":[{"embeddable":true,"href":"https:\/\/tirzepatyd.eu\/es\/wp-json\/wp\/v2\/media\/30668"}],"wp:attachment":[{"href":"https:\/\/tirzepatyd.eu\/es\/wp-json\/wp\/v2\/media?parent=24258"}],"wp:term":[{"taxonomy":"product_brand","embeddable":true,"href":"https:\/\/tirzepatyd.eu\/es\/wp-json\/wp\/v2\/product_brand?post=24258"},{"taxonomy":"product_cat","embeddable":true,"href":"https:\/\/tirzepatyd.eu\/es\/wp-json\/wp\/v2\/product_cat?post=24258"},{"taxonomy":"product_tag","embeddable":true,"href":"https:\/\/tirzepatyd.eu\/es\/wp-json\/wp\/v2\/product_tag?post=24258"}],"curies":[{"name":"wp","href":"https:\/\/api.w.org\/{rel}","templated":true}]}}