{"id":24231,"date":"2024-12-22T22:20:28","date_gmt":"2024-12-22T21:20:28","guid":{"rendered":"https:\/\/tirzepatyd.eu\/?post_type=product&#038;p=24231"},"modified":"2026-04-19T11:35:20","modified_gmt":"2026-04-19T09:35:20","slug":"triple-g-retatrutide-pen-4-mg","status":"publish","type":"product","link":"https:\/\/tirzepatyd.eu\/es\/producto\/triple-g-retatrutide-pen-4-mg\/","title":{"rendered":"Bol\u00edgrafo Triple G 4mg GLP3"},"content":{"rendered":"<div data-elementor-type=\"product-post\" data-elementor-id=\"24231\" class=\"elementor elementor-24231\" data-elementor-post-type=\"product\">\n\t\t\t\t\t\t<section class=\"elementor-section elementor-top-section elementor-element elementor-element-5c4c2fb elementor-section-boxed elementor-section-height-default elementor-section-height-default\" data-id=\"5c4c2fb\" data-element_type=\"section\" data-e-type=\"section\">\n\t\t\t\t\t\t<div class=\"elementor-container elementor-column-gap-default\">\n\t\t\t\t\t<div class=\"elementor-column elementor-col-100 elementor-top-column elementor-element elementor-element-fd6493e\" data-id=\"fd6493e\" data-element_type=\"column\" data-e-type=\"column\">\n\t\t\t<div class=\"elementor-widget-wrap elementor-element-populated\">\n\t\t\t\t\t\t<div class=\"elementor-element elementor-element-c7da367 elementor-widget__width-initial elementor-widget elementor-widget-text-editor\" data-id=\"c7da367\" data-element_type=\"widget\" data-e-type=\"widget\" data-widget_type=\"text-editor.default\">\n\t\t\t\t\t\t\t\t\t<h2 data-start=\"281\" data-end=\"362\"><strong data-start=\"284\" data-end=\"362\">Retatrutida Triple G: qu\u00e9 es este p\u00e9ptido de vanguardia<\/strong><\/h2><p data-start=\"405\" data-end=\"888\">La Retatrutida Triple G, tambi\u00e9n conocida como GLP 3, es un innovador p\u00e9ptido de nueva generaci\u00f3n dise\u00f1ado como agonista avanzado de los receptores de la triple incretina (GLP-1, GIP y GCGR). Esta sustancia representa la siguiente etapa en el desarrollo de terapias metab\u00f3licas y de p\u00e9rdida de peso, ya que combina las propiedades de tres hormonas clave responsables de regular el apetito, el metabolismo de la glucosa y la quema de energ\u00eda. Esto hace que se diferencie significativamente de formulaciones anteriores como la semaglutida o el tirzepatyd.<\/p><hr data-start=\"890\" data-end=\"893\" \/><h2 data-start=\"895\" data-end=\"935\"><strong data-start=\"899\" data-end=\"935\">Retatrutida Triple G - mecanismo de acci\u00f3n<\/strong><\/h2><p data-start=\"936\" data-end=\"1032\">El mecanismo de acci\u00f3n de la Retatrutida Triple G se basa en la activaci\u00f3n simult\u00e1nea de tres receptores:<\/p><ul><li><strong data-start=\"1035\" data-end=\"1070\">GLP-1 (p\u00e9ptido similar al glucag\u00f3n-1)<\/strong> - reduce el apetito, ralentiza el vaciado g\u00e1strico y favorece la secreci\u00f3n de insulina.<\/li><li><strong data-start=\"1157\" data-end=\"1207\">GIP (p\u00e9ptido insulinotr\u00f3pico dependiente de la glucosa)<\/strong> - mejora la sensibilidad celular a la insulina y contribuye a una mejor utilizaci\u00f3n de la energ\u00eda.<\/li><li><strong data-start=\"1306\" data-end=\"1334\">GCGR (receptor del glucag\u00f3n)<\/strong> - aumenta el consumo de energ\u00eda y favorece los procesos de quema de grasas.<\/li><\/ul><p data-start=\"1403\" data-end=\"1561\">La combinaci\u00f3n de estos tres mecanismos produce un efecto sin\u00e9rgico: control m\u00e1s eficaz del peso, estabilizaci\u00f3n de la glucosa y mejora de los par\u00e1metros metab\u00f3licos.<\/p><hr data-start=\"1563\" data-end=\"1566\" \/><h2 data-start=\"1568\" data-end=\"1607\"><strong data-start=\"1572\" data-end=\"1607\">Retatrutida Triple G - efectos seg\u00fan estudios (informaci\u00f3n cient\u00edfica)<\/strong><\/h2><p data-start=\"1608\" data-end=\"1707\">El uso de Retatrutide, com\u00fanmente denominado GLP 3, en ensayos cl\u00ednicos se ha asociado a una serie de efectos:<\/p><ul><li data-start=\"1710\" data-end=\"1783\">una reducci\u00f3n significativa del peso corporal (una media de 20-25% en <a href=\"https:\/\/pubmed.ncbi.nlm.nih.gov\/37366315\/\">investigaci\u00f3n<\/a> de 2023),<\/li><li data-start=\"1786\" data-end=\"1831\">mejorar el control de la glucemia,<\/li><li data-start=\"1834\" data-end=\"1891\">Reducci\u00f3n de los antojos y de la frecuencia de los picoteos,<\/li><li data-start=\"1894\" data-end=\"1981\">mejorar el perfil lip\u00eddico (reducir los triglic\u00e9ridos y el colesterol LDL),<\/li><li data-start=\"1984\" data-end=\"2049\">aumento del gasto energ\u00e9tico y aceleraci\u00f3n del metabolismo.<\/li><\/ul><p data-start=\"2051\" data-end=\"2262\">Gracias a su triple mecanismo, la retatrutida muestra efectos significativamente m\u00e1s potentes que los an\u00e1logos cl\u00e1sicos del GLP-1, lo que la convierte en uno de los p\u00e9ptidos m\u00e1s prometedores para el tratamiento de la obesidad y el s\u00edndrome metab\u00f3lico.<\/p><hr data-start=\"2264\" data-end=\"2267\" \/><h2 data-start=\"2269\" data-end=\"2311\"><strong data-start=\"2273\" data-end=\"2311\">Retatrutida vs Tirzepatida (datos cient\u00edficos)<\/strong><\/h2><p data-start=\"2312\" data-end=\"2507\">La tiotiazepatida, que es un agonista dual (GLP-1\/GIP), ya ha revolucionado el tratamiento de la obesidad. Sin embargo, la retatrutida a\u00f1ade un tercer elemento: la activaci\u00f3n del receptor <strong data-start=\"2467\" data-end=\"2491\">glucag\u00f3n (GCGR)<\/strong>.<br data-start=\"2492\" data-end=\"2495\" \/>Esto resulta en:<\/p><ul><li data-start=\"2510\" data-end=\"2556\">Mayor estimulaci\u00f3n del metabolismo de las grasas,<\/li><li data-start=\"2559\" data-end=\"2597\">mayor aumento del gasto energ\u00e9tico,<\/li><li data-start=\"2600\" data-end=\"2649\">resultados de reducci\u00f3n de peso m\u00e1s r\u00e1pidos y sostenibles.<\/li><\/ul><p data-start=\"2651\" data-end=\"2795\">En resumen, la Retatrutida es el siguiente paso despu\u00e9s de la Tiotrombotida, ofreciendo una acci\u00f3n metab\u00f3lica m\u00e1s completa y potencialmente mejores resultados cl\u00ednicos.<\/p><p data-start=\"2651\" data-end=\"2795\">Compruebe tambi\u00e9n el reactivo <a href=\"https:\/\/tirzepatyd.eu\/es\/producto\/glp-1gip-glukagon-retatrutyd-8-mg-4x2mg-w-urzadzeniu-pomiarowym\/\" target=\"_blank\" rel=\"noopener\">Retatrutide 8 mg en el dispositivo<\/a><\/p><hr data-start=\"2797\" data-end=\"2800\" \/><h2 data-start=\"2802\" data-end=\"2858\"><strong data-start=\"2806\" data-end=\"2858\">Retatrutida Triple G - reg\u00edmenes de dosificaci\u00f3n (por estudio)<\/strong><\/h2><p data-start=\"2859\" data-end=\"3246\">En los ensayos cl\u00ednicos (por ejemplo. <em data-start=\"2890\" data-end=\"2930\">SURMOUNT-3 y SURPASS Obesity Extension<\/em>) utilizado <strong data-start=\"2950\" data-end=\"2990\">Inyecciones subcut\u00e1neas semanales<\/strong>, Empezando con dosis bajas (por ejemplo, 2 mg) y aumentando gradualmente hasta 8 mg o 12 mg, en funci\u00f3n de la tolerancia corporal y del resultado del tratamiento.<br data-start=\"3128\" data-end=\"3131\" \/>La dosis individual debe determinarse siempre en funci\u00f3n de los datos cl\u00ednicos y las recomendaciones del m\u00e9dico tratante.<\/p><hr data-start=\"3768\" data-end=\"3771\" \/><h2><strong data-start=\"3777\" data-end=\"3820\">GLP 3 - resumen<\/strong><\/h2><p data-start=\"3821\" data-end=\"4229\">La Retatrutida GLP 3 se encuentra actualmente en fase de ensayo cl\u00ednico (incluido un estudio de fase III realizado por Eli Lilly) y a\u00fan no se ha aprobado su comercializaci\u00f3n a gran escala. Sin embargo, los resultados de los an\u00e1lisis cient\u00edficos realizados hasta la fecha sugieren que puede representar la forma m\u00e1s eficaz de terapia metab\u00f3lica de nueva generaci\u00f3n.<br data-start=\"4107\" data-end=\"4110\" \/>Este p\u00e9ptido puede revolucionar en los pr\u00f3ximos a\u00f1os el tratamiento de la obesidad y los trastornos relacionados con el az\u00facar.<\/p><p data-start=\"3821\" data-end=\"4229\"><a href=\"https:\/\/tirzepatyd.eu\/wp-content\/uploads\/2025\/01\/reta-4-mg-e1736292909259.png\"><img fetchpriority=\"high\" decoding=\"async\" class=\"aligncenter wp-image-25348 size-medium\" src=\"https:\/\/tirzepatyd.eu\/wp-content\/uploads\/2025\/01\/reta-4-mg-e1736292909259-300x192.png\" alt=\"Triple G Retatrutide peptide GLP 3 4 mg in a measuring device (pen) for research use\" width=\"300\" height=\"192\" srcset=\"https:\/\/tirzepatyd.eu\/wp-content\/uploads\/2025\/01\/reta-4-mg-e1736292909259-300x192.png 300w, https:\/\/tirzepatyd.eu\/wp-content\/uploads\/2025\/01\/reta-4-mg-e1736292909259-400x256.png 400w, https:\/\/tirzepatyd.eu\/wp-content\/uploads\/2025\/01\/reta-4-mg-e1736292909259-800x513.png 800w, https:\/\/tirzepatyd.eu\/wp-content\/uploads\/2025\/01\/reta-4-mg-e1736292909259-64x41.png 64w, https:\/\/tirzepatyd.eu\/wp-content\/uploads\/2025\/01\/reta-4-mg-e1736292909259-1024x656.png 1024w, https:\/\/tirzepatyd.eu\/wp-content\/uploads\/2025\/01\/reta-4-mg-e1736292909259-768x492.png 768w, https:\/\/tirzepatyd.eu\/wp-content\/uploads\/2025\/01\/reta-4-mg-e1736292909259-1536x985.png 1536w, https:\/\/tirzepatyd.eu\/wp-content\/uploads\/2025\/01\/reta-4-mg-e1736292909259.png 1663w\" sizes=\"(max-width: 300px) 100vw, 300px\" \/><\/a><\/p><hr data-start=\"3768\" data-end=\"3771\" \/><p><strong>Fuente:<\/strong><br \/><a href=\"https:\/\/www.nejm.org\/doi\/full\/10.1056\/NEJMoa2301972\">Retatrutide, triple agonista de los receptores hormonales, para la obesidad: ensayo de fase 2<\/a><\/p><div class=\"elementor-element elementor-element-6cde8ce elementor-widget elementor-widget-text-editor\" data-id=\"6cde8ce\" data-element_type=\"widget\" data-widget_type=\"text-editor.default\"><div class=\"elementor-widget-container\"><p><strong>El producto est\u00e1 destinado a la investigaci\u00f3n cient\u00edfica y al an\u00e1lisis de laboratorio. Todos los art\u00edculos e informaci\u00f3n de este sitio web tienen \u00fanicamente fines informativos y educativos.<\/strong><\/p><\/div><\/div>\t\t\t\t\t\t\t\t<\/div>\n\t\t\t\t\t<\/div>\n\t\t<\/div>\n\t\t\t\t\t<\/div>\n\t\t<\/section>\n\t\t\t\t<\/div>","protected":false},"excerpt":{"rendered":"<p>Retatrutide Pen (GLP-3) es el centro de la investigaci\u00f3n contempor\u00e1nea sobre p\u00e9ptidos metab\u00f3licos, centrada en la regulaci\u00f3n del apetito, la gesti\u00f3n de la energ\u00eda y el equilibrio de la masa corporal. Producto certificado, con Certificado de An\u00e1lisis (CoA) adjunto.<\/p>","protected":false},"featured_media":25348,"comment_status":"open","ping_status":"closed","template":"","meta":{"_acf_changed":false},"product_brand":[],"product_cat":[122,109,15],"product_tag":[],"class_list":{"0":"post-24231","1":"product","2":"type-product","3":"status-publish","4":"has-post-thumbnail","6":"product_cat-produkty-w-penie","7":"product_cat-triple-g","8":"product_cat-laboratory-research","10":"first","11":"instock","12":"sale","13":"shipping-taxable","14":"purchasable","15":"product-type-simple"},"acf":[],"aioseo_notices":[],"_links":{"self":[{"href":"https:\/\/tirzepatyd.eu\/es\/wp-json\/wp\/v2\/product\/24231","targetHints":{"allow":["GET"]}}],"collection":[{"href":"https:\/\/tirzepatyd.eu\/es\/wp-json\/wp\/v2\/product"}],"about":[{"href":"https:\/\/tirzepatyd.eu\/es\/wp-json\/wp\/v2\/types\/product"}],"replies":[{"embeddable":true,"href":"https:\/\/tirzepatyd.eu\/es\/wp-json\/wp\/v2\/comments?post=24231"}],"version-history":[{"count":24,"href":"https:\/\/tirzepatyd.eu\/es\/wp-json\/wp\/v2\/product\/24231\/revisions"}],"predecessor-version":[{"id":35481,"href":"https:\/\/tirzepatyd.eu\/es\/wp-json\/wp\/v2\/product\/24231\/revisions\/35481"}],"wp:featuredmedia":[{"embeddable":true,"href":"https:\/\/tirzepatyd.eu\/es\/wp-json\/wp\/v2\/media\/25348"}],"wp:attachment":[{"href":"https:\/\/tirzepatyd.eu\/es\/wp-json\/wp\/v2\/media?parent=24231"}],"wp:term":[{"taxonomy":"product_brand","embeddable":true,"href":"https:\/\/tirzepatyd.eu\/es\/wp-json\/wp\/v2\/product_brand?post=24231"},{"taxonomy":"product_cat","embeddable":true,"href":"https:\/\/tirzepatyd.eu\/es\/wp-json\/wp\/v2\/product_cat?post=24231"},{"taxonomy":"product_tag","embeddable":true,"href":"https:\/\/tirzepatyd.eu\/es\/wp-json\/wp\/v2\/product_tag?post=24231"}],"curies":[{"name":"wp","href":"https:\/\/api.w.org\/{rel}","templated":true}]}}