{"id":18845,"date":"2024-05-26T20:59:43","date_gmt":"2024-05-26T18:59:43","guid":{"rendered":"https:\/\/tirzepatyd.eu\/?post_type=product&#038;p=18845"},"modified":"2026-04-18T11:23:44","modified_gmt":"2026-04-18T09:23:44","slug":"tirzepatide-10-mg","status":"publish","type":"product","link":"https:\/\/tirzepatyd.eu\/es\/producto\/tirzepatide-10-mg\/","title":{"rendered":"GLP1+GIP 10 mg vial"},"content":{"rendered":"<div data-elementor-type=\"product-post\" data-elementor-id=\"18845\" class=\"elementor elementor-18845\" data-elementor-post-type=\"product\">\n\t\t\t\t\t\t<section class=\"elementor-section elementor-top-section elementor-element elementor-element-d58fc76 elementor-section-boxed elementor-section-height-default elementor-section-height-default\" data-id=\"d58fc76\" data-element_type=\"section\" data-e-type=\"section\">\n\t\t\t\t\t\t<div class=\"elementor-container elementor-column-gap-default\">\n\t\t\t\t\t<div class=\"elementor-column elementor-col-100 elementor-top-column elementor-element elementor-element-2c501af\" data-id=\"2c501af\" data-element_type=\"column\" data-e-type=\"column\">\n\t\t\t<div class=\"elementor-widget-wrap elementor-element-populated\">\n\t\t\t\t\t\t<div class=\"elementor-element elementor-element-8cd3e97 elementor-widget__width-initial elementor-widget elementor-widget-text-editor\" data-id=\"8cd3e97\" data-element_type=\"widget\" data-e-type=\"widget\" data-widget_type=\"text-editor.default\">\n\t\t\t\t\t\t\t\t\t<h2 data-start=\"634\" data-end=\"700\">Tirzepatide 10 mg - mecanismo de acci\u00f3n y relevancia metab\u00f3lica<\/h2><p data-start=\"740\" data-end=\"950\"><span class=\"hover:entity-accent entity-underline inline cursor-pointer align-baseline\"><span class=\"whitespace-normal\">Tirzepatida 10 mg<\/span><\/span> es un an\u00e1logo sint\u00e9tico del p\u00e9ptido dise\u00f1ado como agonista dual de los receptores GIPR y GLP-1R, que pertenecen a la familia de los receptores acoplados a prote\u00ednas G (GPCR).<\/p><p data-start=\"952\" data-end=\"1012\">En modelos de investigaci\u00f3n, la activaci\u00f3n de estos receptores conduce a:<\/p><ul><li data-start=\"1016\" data-end=\"1064\">aumento de la concentraci\u00f3n intracelular de AMPc,<\/li><li data-start=\"1067\" data-end=\"1123\">Aumento de la respuesta insulinotr\u00f3pica dependiente de la glucosa,<\/li><li data-start=\"1126\" data-end=\"1157\">modulaci\u00f3n de la secreci\u00f3n de glucag\u00f3n,<\/li><li data-start=\"1160\" data-end=\"1198\">impacto en la velocidad de vaciado g\u00e1strico,<\/li><li data-start=\"1201\" data-end=\"1260\">efectos sobre los mecanismos centrales que regulan el apetito.<\/li><\/ul><p data-start=\"1262\" data-end=\"1424\">La doble activaci\u00f3n del eje GIP\/GLP-1 se interpreta en la literatura como un efecto sin\u00e9rgico, que integra el control gluc\u00e9mico y la regulaci\u00f3n del equilibrio energ\u00e9tico.<\/p><hr data-start=\"1426\" data-end=\"1429\" \/><h2 data-start=\"1431\" data-end=\"1487\">Efectos sobre los par\u00e1metros del peso corporal en los ensayos cl\u00ednicos<\/h2><p data-start=\"1489\" data-end=\"1631\">En el programa de estudio SURMOUNT-1 (72 semanas de seguimiento), se notific\u00f3 una reducci\u00f3n media de peso de aproximadamente 19-20% con la dosis de 10 mg.<\/p><p data-start=\"1633\" data-end=\"1656\">Se hicieron observaciones paralelas:<\/p><ul><li data-start=\"1660\" data-end=\"1699\">mejorar los \u00edndices de resistencia a la insulina,<\/li><li data-start=\"1702\" data-end=\"1736\">cambios favorables en el lipidograma,<\/li><li data-start=\"1739\" data-end=\"1763\">reducci\u00f3n del per\u00edmetro de la cintura,<\/li><li data-start=\"1766\" data-end=\"1799\">estabilizaci\u00f3n de los par\u00e1metros gluc\u00e9micos.<\/li><\/ul><p data-start=\"1801\" data-end=\"1916\">Los an\u00e1lisis comparativos mostraron una mayor reducci\u00f3n de la HbA1c y del peso corporal que con el agonismo selectivo de GLP-1.<\/p><hr data-start=\"1918\" data-end=\"1921\" \/><h2 data-start=\"1923\" data-end=\"1950\">Perfil farmacodin\u00e1mico<\/h2><p data-start=\"1952\" data-end=\"2141\">La dosis de 10 mg proporciona un importante punto de referencia para los an\u00e1lisis dosis-efecto, permitiendo evaluar la intensidad de la respuesta metab\u00f3lica y la tolerancia en las condiciones de los ensayos controlados.<\/p><p data-start=\"2143\" data-end=\"2272\">En los ensayos cl\u00ednicos, los efectos adversos notificados con m\u00e1s frecuencia fueron gastrointestinales y dependientes de la dosis.<\/p><hr data-start=\"2663\" data-end=\"2666\" \/><h2 data-start=\"2668\" data-end=\"2689\">Naturaleza del producto<\/h2><p data-start=\"2691\" data-end=\"2787\">Tirzepatide 10 mg ofrecido en el mercado de laboratorio es un material de referencia para la investigaci\u00f3n sobre:<\/p><ul data-start=\"2789\" data-end=\"2926\"><li data-start=\"2789\" data-end=\"2831\"><p data-start=\"2791\" data-end=\"2831\">se\u00f1alizaci\u00f3n del receptor de incretina,<\/p><\/li><li data-start=\"2832\" data-end=\"2867\"><p data-start=\"2834\" data-end=\"2867\">metabolismo de la glucosa y los l\u00edpidos,<\/p><\/li><li data-start=\"2868\" data-end=\"2905\"><p data-start=\"2870\" data-end=\"2905\">regulaci\u00f3n del balance energ\u00e9tico,<\/p><\/li><li data-start=\"2906\" data-end=\"2926\"><p data-start=\"2908\" data-end=\"2926\">Mecanismos GPCR.<\/p><\/li><\/ul><p data-start=\"2928\" data-end=\"3004\">El producto est\u00e1 destinado exclusivamente a la investigaci\u00f3n (Research Use Only).<\/p><hr data-start=\"2644\" data-end=\"2647\" \/><h2 data-start=\"2649\" data-end=\"2696\">Tirzepatide 10 mg online availability and where to buy information<\/h2><ul data-start=\"2698\" data-end=\"3135\"><li data-start=\"2698\" data-end=\"2862\"><p data-start=\"2700\" data-end=\"2862\">Tirzepatide 10 mg est\u00e1 disponible <strong data-start=\"2732\" data-end=\"2756\">s\u00f3lo con receta<\/strong> en farmacias fijas y farmacias en l\u00ednea con venta legal de medicamentos sujetos a receta m\u00e9dica.<\/p><\/li><li data-start=\"2863\" data-end=\"2959\"><p data-start=\"2865\" data-end=\"2959\">\u00a0Thirzepatide tambi\u00e9n est\u00e1 disponible necesidades <strong data-start=\"150\" data-end=\"194\">investigaci\u00f3n cient\u00edfica y uso en laboratorio<\/strong>. No est\u00e1 destinado a la automedicaci\u00f3n ni al uso dom\u00e9stico.<\/p><\/li><li data-start=\"2960\" data-end=\"3135\"><p data-start=\"2962\" data-end=\"3135\">En algunos pa\u00edses, el acceso al preparado puede estar regulado mediante listas de medicamentos reembolsables o la exigencia de un tratamiento previo con otros m\u00e9todos (dieta, actividad f\u00edsica).<\/p><\/li><\/ul><hr data-start=\"3137\" data-end=\"3140\" \/><h2 data-start=\"3142\" data-end=\"3194\">Comparaci\u00f3n de Tirzepatide 10 mg con otros p\u00e9ptidos<\/h2><ul data-start=\"3196\" data-end=\"3658\"><li data-start=\"3196\" data-end=\"3343\"><p data-start=\"3198\" data-end=\"3343\"><a href=\"https:\/\/tirzepatyd.eu\/es\/producto\/semaglutide-2-mg-vial\/\"><strong data-start=\"3198\" data-end=\"3213\">Semaglutida<\/strong><\/a>: act\u00faa \u00fanicamente sobre el receptor GLP-1, eficacia en la p\u00e9rdida de peso media ~15%, utilizado en la terapia de la diabetes de tipo 2 y la obesidad.<\/p><\/li><li data-start=\"3344\" data-end=\"3476\"><p data-start=\"3346\" data-end=\"3476\"><strong data-start=\"3346\" data-end=\"3361\">Tirzepatida<\/strong>mecanismo dual (GLP-1 + GIP), eficacia en la p\u00e9rdida de peso ~20-25%, adem\u00e1s de un mejor control gluc\u00e9mico.<\/p><\/li><li data-start=\"3477\" data-end=\"3658\"><p data-start=\"3479\" data-end=\"3658\"><a href=\"https:\/\/tirzepatyd.eu\/es\/producto\/glp-3-retatrutide-4mg-vial\/\"><strong data-start=\"3479\" data-end=\"3494\">Retatrutida<\/strong><\/a>: Triple p\u00e9ptido experimental (GLP-1 + GIP + receptor de glucag\u00f3n), los estudios preliminares sugieren una reducci\u00f3n de peso muy elevada, a\u00fan en fase de ensayo cl\u00ednico.<\/p><\/li><\/ul><p data-start=\"3660\" data-end=\"3861\">Tirzepatide 10 mg se distingue por combinar <strong data-start=\"3699\" data-end=\"3755\">Reducci\u00f3n de peso muy eficaz con control gluc\u00e9mico<\/strong> y est\u00e1 disponible en dosis semanales, lo que lo hace m\u00e1s c\u00f3modo de usar en comparaci\u00f3n con otros p\u00e9ptidos.<\/p><hr data-start=\"3137\" data-end=\"3140\" \/><p data-start=\"3660\" data-end=\"3861\"><a href=\"https:\/\/tirzepatyd.eu\/wp-content\/uploads\/2025\/09\/10mg-0.5ml-Camera.png\"><img fetchpriority=\"high\" decoding=\"async\" class=\"size-medium wp-image-30658 aligncenter\" src=\"https:\/\/tirzepatyd.eu\/wp-content\/uploads\/2025\/09\/10mg-0.5ml-Camera-300x225.png\" alt=\"Tirzepatide 10mg vial\" width=\"300\" height=\"225\" srcset=\"https:\/\/tirzepatyd.eu\/wp-content\/uploads\/2025\/09\/10mg-0.5ml-Camera-300x225.png 300w, https:\/\/tirzepatyd.eu\/wp-content\/uploads\/2025\/09\/10mg-0.5ml-Camera-800x600.png 800w, https:\/\/tirzepatyd.eu\/wp-content\/uploads\/2025\/09\/10mg-0.5ml-Camera-64x48.png 64w, https:\/\/tirzepatyd.eu\/wp-content\/uploads\/2025\/09\/10mg-0.5ml-Camera-768x576.png 768w, https:\/\/tirzepatyd.eu\/wp-content\/uploads\/2025\/09\/10mg-0.5ml-Camera-16x12.png 16w, https:\/\/tirzepatyd.eu\/wp-content\/uploads\/2025\/09\/10mg-0.5ml-Camera.png 1024w\" sizes=\"(max-width: 300px) 100vw, 300px\" \/><\/a><\/p><p>Investigaci\u00f3n y fuentes:<\/p><p><a href=\"https:\/\/www.thelancet.com\/journals\/lancet\/article\/PIIS0140-6736(21)01324-6\/abstract\">Eficacia y seguridad de un nuevo receptor dual GIP y GLP-1<\/a><\/p><p><a href=\"https:\/\/pubmed.ncbi.nlm.nih.gov\/36050763\/\">Thirzepatide, un receptor dual GIP\/GLP-1<\/a><\/p><hr data-start=\"3137\" data-end=\"3140\" \/><p><strong>El producto est\u00e1 destinado a la investigaci\u00f3n cient\u00edfica y al an\u00e1lisis de laboratorio. Todos los art\u00edculos e informaci\u00f3n de este sitio web tienen \u00fanicamente fines informativos y educativos.<\/strong><\/p>\t\t\t\t\t\t\t\t<\/div>\n\t\t\t\t\t<\/div>\n\t\t<\/div>\n\t\t\t\t\t<\/div>\n\t\t<\/section>\n\t\t\t\t<\/div>","protected":false},"excerpt":{"rendered":"<p><strong data-start=\"118\" data-end=\"139\">Tirzepatida 10 mg<\/strong> es un p\u00e9ptido sint\u00e9tico avanzado de alta pureza con actividad dual contra los receptores GIP y GLP-1, utilizado en proyectos de investigaci\u00f3n de vanguardia sobre regulaci\u00f3n metab\u00f3lica y mecanismos de incretina.<\/p>","protected":false},"featured_media":30658,"comment_status":"open","ping_status":"closed","template":"","meta":{"_acf_changed":false},"product_brand":[],"product_cat":[124,111,15],"product_tag":[136],"class_list":{"0":"post-18845","1":"product","2":"type-product","3":"status-publish","4":"has-post-thumbnail","6":"product_cat-produkty-w-fiolce","7":"product_cat-glp1gip","8":"product_cat-laboratory-research","9":"product_tag-fiolka","11":"first","12":"instock","13":"shipping-taxable","14":"purchasable","15":"product-type-variable"},"acf":[],"aioseo_notices":[],"_links":{"self":[{"href":"https:\/\/tirzepatyd.eu\/es\/wp-json\/wp\/v2\/product\/18845","targetHints":{"allow":["GET"]}}],"collection":[{"href":"https:\/\/tirzepatyd.eu\/es\/wp-json\/wp\/v2\/product"}],"about":[{"href":"https:\/\/tirzepatyd.eu\/es\/wp-json\/wp\/v2\/types\/product"}],"replies":[{"embeddable":true,"href":"https:\/\/tirzepatyd.eu\/es\/wp-json\/wp\/v2\/comments?post=18845"}],"version-history":[{"count":11,"href":"https:\/\/tirzepatyd.eu\/es\/wp-json\/wp\/v2\/product\/18845\/revisions"}],"predecessor-version":[{"id":35465,"href":"https:\/\/tirzepatyd.eu\/es\/wp-json\/wp\/v2\/product\/18845\/revisions\/35465"}],"wp:featuredmedia":[{"embeddable":true,"href":"https:\/\/tirzepatyd.eu\/es\/wp-json\/wp\/v2\/media\/30658"}],"wp:attachment":[{"href":"https:\/\/tirzepatyd.eu\/es\/wp-json\/wp\/v2\/media?parent=18845"}],"wp:term":[{"taxonomy":"product_brand","embeddable":true,"href":"https:\/\/tirzepatyd.eu\/es\/wp-json\/wp\/v2\/product_brand?post=18845"},{"taxonomy":"product_cat","embeddable":true,"href":"https:\/\/tirzepatyd.eu\/es\/wp-json\/wp\/v2\/product_cat?post=18845"},{"taxonomy":"product_tag","embeddable":true,"href":"https:\/\/tirzepatyd.eu\/es\/wp-json\/wp\/v2\/product_tag?post=18845"}],"curies":[{"name":"wp","href":"https:\/\/api.w.org\/{rel}","templated":true}]}}