{"id":18843,"date":"2024-05-26T20:59:22","date_gmt":"2024-05-26T18:59:22","guid":{"rendered":"https:\/\/tirzepatyd.eu\/?post_type=product&#038;p=18843"},"modified":"2026-04-19T11:19:58","modified_gmt":"2026-04-19T09:19:58","slug":"glp-3-retatrutide-4mg-vial","status":"publish","type":"product","link":"https:\/\/tirzepatyd.eu\/es\/producto\/glp-3-retatrutide-4mg-vial\/","title":{"rendered":"Triple G 4 mg vial GLP3"},"content":{"rendered":"<div data-elementor-type=\"product-post\" data-elementor-id=\"18843\" class=\"elementor elementor-18843\" data-elementor-post-type=\"product\">\n\t\t\t\t\t\t<section class=\"elementor-section elementor-top-section elementor-element elementor-element-76ddaaa elementor-section-boxed elementor-section-height-default elementor-section-height-default\" data-id=\"76ddaaa\" data-element_type=\"section\" data-e-type=\"section\">\n\t\t\t\t\t\t<div class=\"elementor-container elementor-column-gap-default\">\n\t\t\t\t\t<div class=\"elementor-column elementor-col-100 elementor-top-column elementor-element elementor-element-b56eba5\" data-id=\"b56eba5\" data-element_type=\"column\" data-e-type=\"column\">\n\t\t\t<div class=\"elementor-widget-wrap elementor-element-populated\">\n\t\t\t\t\t\t<div class=\"elementor-element elementor-element-da696da elementor-widget elementor-widget-text-editor\" data-id=\"da696da\" data-element_type=\"widget\" data-e-type=\"widget\" data-widget_type=\"text-editor.default\">\n\t\t\t\t\t\t\t\t\t<h2>Retatrutida GLP-3: \u00bfqu\u00e9 es?<\/h2><p><span style=\"color: #7a7a7a; font-family: Roboto, sans-serif; font-weight: 400;\">GLP-3 Retatrutide es un p\u00e9ptido sint\u00e9tico de investigaci\u00f3n desarrollado como un novedoso agonista multirreceptor. Su estructura se basa en una cadena de amino\u00e1cidos (aproximadamente 39-41 amino\u00e1cidos) dise\u00f1ada para activar simult\u00e1neamente los receptores GLP-1, GIP y glucag\u00f3n. Esta combinaci\u00f3n de mecanismos se traduce en <strong data-start=\"396\" data-end=\"496\">efectos multidireccionales sobre la regulaci\u00f3n del apetito, el metabolismo energ\u00e9tico y el metabolismo de la glucosa<\/strong>, La retatrutida es un compuesto especialmente prometedor en el tratamiento de la obesidad. La estructura de la mol\u00e9cula incorpora modificaciones para aumentar la estabilidad metab\u00f3lica, entre ellas la uni\u00f3n de una cadena lip\u00eddica que permite la uni\u00f3n a la alb\u00famina y prolonga la duraci\u00f3n de la acci\u00f3n del f\u00e1rmaco en el organismo, favoreciendo <strong data-start=\"798\" data-end=\"866\">comodidad de uso y efecto reductor de peso duradero<\/strong>. As\u00ed como <a href=\"https:\/\/tirzepatyd.eu\/es\/producto\/semaglutide-pen\/\">Semaglutida<\/a> i <a href=\"https:\/\/tirzepatyd.eu\/es\/tirzepatide-5mg\/\">Trezepatida<\/a>, La retatrutida pertenece a un grupo de agonistas de p\u00e9ptidos receptores de incretina utilizados en investigaci\u00f3n para el tratamiento de la obesidad y los trastornos metab\u00f3licos.<\/span><\/p><p><span style=\"font-weight: 400;\">GLP-3 Retatrutide es un p\u00e9ptido que se est\u00e1 desarrollando para el tratamiento de la obesidad y la diabetes de tipo 2. <\/span><b>Es un tipo de agonista de los receptores de GLP-1, GIP y glucag\u00f3n. <\/b><span style=\"font-weight: 400;\">Act\u00faa sobre diversos mecanismos biol\u00f3gicos que regulan el apetito, el metabolismo de la glucosa y la secreci\u00f3n de insulina. Sobre todo, esto lo hace eficaz para la reducci\u00f3n de peso y el control de la glucemia. A diferencia de otros p\u00e9ptidos de este tipo, el producto muestra una acci\u00f3n a\u00fan m\u00e1s eficaz hacia la p\u00e9rdida de peso.\u00a0<\/span><\/p><p><a href=\"https:\/\/tirzepatyd.eu\/es\/producto\/orforglipron\/\">Ver tambi\u00e9n Orforglipron GLP1 reactivo en c\u00e1psulas 5mg\/60c\u00e1psulas<\/a><\/p><hr data-start=\"3768\" data-end=\"3771\" \/><h2><b>GLP-3 Retatrutid<\/b><b> y la investigaci\u00f3n sobre la obesidad?<\/b><\/h2><p><b>Retatrutida GLP-3<\/b><span style=\"font-weight: 400;\"> es un nuevo p\u00e9ptido<a href=\"https:\/\/pmc.ncbi.nlm.nih.gov\/articles\/PMC10844714\/\"> probado para el tratamiento de la obesidad<\/a>. Funciona afectando simult\u00e1neamente a varios receptores hormonales en el cuerpo, lo que lo hace diferente de muchos otros productos para la obesidad. He aqu\u00ed c\u00f3mo afecta al organismo:<\/span><\/p><ol><li><b>GLP-1 (p\u00e9ptido similar al glucag\u00f3n-1). <\/b>En primer lugar s<span style=\"font-weight: 400;\">timula la secreci\u00f3n de insulina e inhibe la de glucag\u00f3n, lo que contribuye a regular los niveles de az\u00facar en sangre. Adem\u00e1s, influye en el centro de saciedad del cerebro, reduciendo el apetito.<\/span><\/li><li><b style=\"color: var( --e-global-color-text ); font-family: var( --e-global-typography-text-font-family ), Sans-serif;\">GIP (polip\u00e9ptido insulinotr\u00f3pico dependiente de la glucosa).\u00a0<\/b><span style=\"color: var( --e-global-color-text ); font-family: var( --e-global-typography-text-font-family ), Sans-serif;\">Contribuye a aumentar la secreci\u00f3n de insulina tras la ingesta de alimentos, lo que tambi\u00e9n ayuda a controlar los niveles de glucosa en sangre. Cuando se combina con GLP-1, potencia sin\u00e9rgicamente los efectos de p\u00e9rdida de peso.<\/span><\/li><li><b> Receptor de glucag\u00f3n.\u00a0<\/b><span style=\"font-weight: 400;\">La estimulaci\u00f3n de este receptor contribuye a aumentar el gasto energ\u00e9tico del organismo, lo que favorece la p\u00e9rdida de peso.<\/span><\/li><\/ol><p><span style=\"font-weight: 400;\">As\u00ed pues, el GLP-3 es un p\u00e9ptido multifuncional que act\u00faa simult\u00e1neamente sobre varios mecanismos que regulan el metabolismo, el apetito y el gasto energ\u00e9tico. Este enfoque hol\u00edstico puede conducir a un tratamiento m\u00e1s eficaz y sostenible de la obesidad que los f\u00e1rmacos que act\u00faan en \u00e1reas aisladas relacionadas con el metabolismo.<\/span><\/p><p><a href=\"https:\/\/tirzepatyd.eu\/es\/producto\/glp-3-retatrutide-pen-4mg-4x1mg\/\">Consulte tambi\u00e9n el reactivo Retatrutide GLP3 PEN<\/a><\/p><hr data-start=\"3768\" data-end=\"3771\" \/><h2 data-start=\"328\" data-end=\"379\">GLP-3 Retatrutide - observaciones de los estudios de investigaci\u00f3n<\/h2><p data-start=\"381\" data-end=\"761\">Disponible <a href=\"https:\/\/deutsch.medscape.com\/artikelansicht\/4912721?form=fpf\">publicaciones<\/a> cient\u00edficos y an\u00e1lisis de datos procedentes de estudios precl\u00ednicos y cl\u00ednicos indican que la retatrutida, como triple agonista de los receptores GLP-1, GIP y glucag\u00f3n, presenta una serie de propiedades biol\u00f3gicas relevantes para los estudios de regulaci\u00f3n metab\u00f3lica y equilibrio energ\u00e9tico. A continuaci\u00f3n se resumen las principales observaciones recogidas en la literatura cient\u00edfica.<\/p><p data-start=\"768\" data-end=\"812\"><strong>Cambios en el peso corporal de las poblaciones estudiadas<\/strong><\/p><p data-start=\"814\" data-end=\"971\">En los ensayos cl\u00ednicos realizados con retatrutida se observaron cambios significativos en el peso corporal, sobre todo en los grupos que recibieron las dosis m\u00e1s altas del estudio. Seg\u00fan el an\u00e1lisis de los datos cl\u00ednicos descritos en el art\u00edculo de Medscape (edici\u00f3n alemana), se notificaron reducciones medias de peso de aproximadamente 20-25% en poblaciones de estudio seleccionadas durante periodos de seguimiento de hasta 48 semanas. Estos resultados distinguieron a la retatrutida de otros agonistas de la incretina y han sido objeto de amplios an\u00e1lisis comparativos en la literatura cient\u00edfica.<\/p><p data-start=\"1359\" data-end=\"1392\"><strong>Efectos sobre el metabolismo de la glucosa<\/strong><\/p><p data-start=\"1394\" data-end=\"1620\">La activaci\u00f3n de los receptores GLP-1 y GIP se asocia a las mejoras de los par\u00e1metros de control gluc\u00e9mico observadas en los estudios. El mecanismo incluye la modulaci\u00f3n dependiente de la glucosa de la secreci\u00f3n de insulina y la reducci\u00f3n de la secreci\u00f3n excesiva de glucag\u00f3n.El art\u00edculo de Medscape destaca que la retatrutida mostr\u00f3 efectos significativos sobre los par\u00e1metros metab\u00f3licos relacionados con el metabolismo de la glucosa, lo que se observ\u00f3 en paralelo con cambios en el peso corporal en las cohortes estudiadas.<\/p><p data-start=\"1839\" data-end=\"1884\"><strong>Modulaci\u00f3n de los mecanismos que regulan el apetito<\/strong><\/p><p data-start=\"1886\" data-end=\"2099\">En modelos de investigaci\u00f3n, se han descrito los efectos de la retatrutida sobre las v\u00edas centrales de la saciedad, lo que se traduce en una reducci\u00f3n del aporte energ\u00e9tico. Este fen\u00f3meno representa un importante campo de investigaci\u00f3n sobre la regulaci\u00f3n neurohormonal del apetito. El an\u00e1lisis de Medscape indica que <strong data-start=\"2131\" data-end=\"2186\">activaci\u00f3n simult\u00e1nea de varios receptores hormonales<\/strong> puede ser responsable de un efecto m\u00e1s completo sobre la regulaci\u00f3n del apetito en comparaci\u00f3n con los agonistas de uno o dos receptores.<\/p><p data-start=\"2315\" data-end=\"2351\"><strong>Cambios en los par\u00e1metros metab\u00f3licos<\/strong><\/p><p data-start=\"2353\" data-end=\"2515\">Durante el estudio tambi\u00e9n se analizaron otros indicadores metab\u00f3licos, como el perfil lip\u00eddico, la presi\u00f3n arterial y determinados marcadores de riesgo cardiovascular. Las publicaciones citadas por Medscape observaron tendencias favorables en algunos de los par\u00e1metros metab\u00f3licos, pero los autores subrayan la necesidad de realizar m\u00e1s estudios a largo plazo para evaluar plenamente estas observaciones.<\/p><p data-start=\"2748\" data-end=\"2781\"><strong>Impacto en el gasto energ\u00e9tico<\/strong><\/p><p data-start=\"2783\" data-end=\"3066\">La estimulaci\u00f3n del receptor de glucag\u00f3n, que forma parte del triple mecanismo de acci\u00f3n de la retatrutida, se ha relacionado con el aumento del gasto energ\u00e9tico y la movilizaci\u00f3n de sustratos energ\u00e9ticos. Este mecanismo representa un importante campo de investigaci\u00f3n sobre el equilibrio energ\u00e9tico y la adaptaci\u00f3n metab\u00f3lica. El art\u00edculo de Medscape se\u00f1ala que <strong data-start=\"3107\" data-end=\"3149\">componente agonista del receptor del glucag\u00f3n<\/strong> puede desempe\u00f1ar un papel importante en los cambios metab\u00f3licos observados, lo que distingue a la retatrutida de los agonistas cl\u00e1sicos de la incretina.<\/p><hr data-start=\"3768\" data-end=\"3771\" \/><h3 data-start=\"150\" data-end=\"186\">GLP-3 Retatrutide - resumen ejecutivo<\/h3><p data-start=\"188\" data-end=\"798\">La retatrutida (LY3437943) es un p\u00e9ptido sint\u00e9tico triple agonista de los receptores GLP-1, GIP y glucag\u00f3n, objeto de estudios precl\u00ednicos y cl\u00ednicos en el \u00e1mbito del metabolismo energ\u00e9tico y la regulaci\u00f3n de la glucosa. Este compuesto muestra efectos multidireccionales sobre los mecanismos que regulan el equilibrio energ\u00e9tico, el apetito y el metabolismo de la glucosa, como reflejan las observaciones recogidas en la literatura cient\u00edfica. Su perfil farmacodin\u00e1mico, resultante de modificaciones estructurales, hace de la retatrutida una diana importante para el estudio de las complejas v\u00edas de la incretina.<\/p><p><a href=\"https:\/\/tirzepatyd.eu\/wp-content\/uploads\/2024\/12\/triple-g-4-mg-Camera.png\"><img fetchpriority=\"high\" decoding=\"async\" class=\"aligncenter wp-image-31137 size-medium\" src=\"https:\/\/tirzepatyd.eu\/wp-content\/uploads\/2024\/12\/triple-g-4-mg-Camera-300x225.png\" alt=\"GLP-3 RETATRUTIDE 4 mg - research use peptide for weight loss\" width=\"300\" height=\"225\" srcset=\"https:\/\/tirzepatyd.eu\/wp-content\/uploads\/2024\/12\/triple-g-4-mg-Camera-300x225.png 300w, https:\/\/tirzepatyd.eu\/wp-content\/uploads\/2024\/12\/triple-g-4-mg-Camera-800x600.png 800w, https:\/\/tirzepatyd.eu\/wp-content\/uploads\/2024\/12\/triple-g-4-mg-Camera-64x48.png 64w, https:\/\/tirzepatyd.eu\/wp-content\/uploads\/2024\/12\/triple-g-4-mg-Camera-768x576.png 768w, https:\/\/tirzepatyd.eu\/wp-content\/uploads\/2024\/12\/triple-g-4-mg-Camera-16x12.png 16w, https:\/\/tirzepatyd.eu\/wp-content\/uploads\/2024\/12\/triple-g-4-mg-Camera.png 1024w\" sizes=\"(max-width: 300px) 100vw, 300px\" \/><\/a><\/p><p><a href=\"https:\/\/pubmed.ncbi.nlm.nih.gov\/38367045\/\">Fuente:<\/a><\/p><hr data-start=\"3768\" data-end=\"3771\" \/><p><strong>El producto est\u00e1 destinado a la investigaci\u00f3n cient\u00edfica y al an\u00e1lisis de laboratorio. Todos los art\u00edculos e informaci\u00f3n de este sitio web tienen \u00fanicamente fines informativos y educativos.<\/strong><\/p>\t\t\t\t\t\t\t\t<\/div>\n\t\t\t\t\t<\/div>\n\t\t<\/div>\n\t\t\t\t\t<\/div>\n\t\t<\/section>\n\t\t\t\t<\/div>","protected":false},"excerpt":{"rendered":"<p>La retatrutida es un p\u00e9ptido de investigaci\u00f3n de nueva generaci\u00f3n asociado a procesos que afectan al apetito, la tasa metab\u00f3lica y el equilibrio energ\u00e9tico del organismo. Debido a su amplia gama de efectos, suele formar parte de conceptos innovadores relacionados con el control del peso. Destaca por sus caracter\u00edsticas avanzadas y su moderno enfoque del metabolismo.<\/p>","protected":false},"featured_media":31137,"comment_status":"open","ping_status":"closed","template":"","meta":{"_acf_changed":false},"product_brand":[],"product_cat":[124,109,15],"product_tag":[136],"class_list":{"0":"post-18843","1":"product","2":"type-product","3":"status-publish","4":"has-post-thumbnail","6":"product_cat-produkty-w-fiolce","7":"product_cat-triple-g","8":"product_cat-laboratory-research","9":"product_tag-fiolka","11":"first","12":"instock","13":"shipping-taxable","14":"purchasable","15":"product-type-variable"},"acf":[],"aioseo_notices":[],"_links":{"self":[{"href":"https:\/\/tirzepatyd.eu\/es\/wp-json\/wp\/v2\/product\/18843","targetHints":{"allow":["GET"]}}],"collection":[{"href":"https:\/\/tirzepatyd.eu\/es\/wp-json\/wp\/v2\/product"}],"about":[{"href":"https:\/\/tirzepatyd.eu\/es\/wp-json\/wp\/v2\/types\/product"}],"replies":[{"embeddable":true,"href":"https:\/\/tirzepatyd.eu\/es\/wp-json\/wp\/v2\/comments?post=18843"}],"version-history":[{"count":33,"href":"https:\/\/tirzepatyd.eu\/es\/wp-json\/wp\/v2\/product\/18843\/revisions"}],"predecessor-version":[{"id":35476,"href":"https:\/\/tirzepatyd.eu\/es\/wp-json\/wp\/v2\/product\/18843\/revisions\/35476"}],"wp:featuredmedia":[{"embeddable":true,"href":"https:\/\/tirzepatyd.eu\/es\/wp-json\/wp\/v2\/media\/31137"}],"wp:attachment":[{"href":"https:\/\/tirzepatyd.eu\/es\/wp-json\/wp\/v2\/media?parent=18843"}],"wp:term":[{"taxonomy":"product_brand","embeddable":true,"href":"https:\/\/tirzepatyd.eu\/es\/wp-json\/wp\/v2\/product_brand?post=18843"},{"taxonomy":"product_cat","embeddable":true,"href":"https:\/\/tirzepatyd.eu\/es\/wp-json\/wp\/v2\/product_cat?post=18843"},{"taxonomy":"product_tag","embeddable":true,"href":"https:\/\/tirzepatyd.eu\/es\/wp-json\/wp\/v2\/product_tag?post=18843"}],"curies":[{"name":"wp","href":"https:\/\/api.w.org\/{rel}","templated":true}]}}