{"id":13028,"date":"2023-07-24T23:07:01","date_gmt":"2023-07-24T21:07:01","guid":{"rendered":"https:\/\/tirzepatyd.eu\/?post_type=product&#038;p=13028"},"modified":"2026-03-26T11:16:39","modified_gmt":"2026-03-26T10:16:39","slug":"glp1-gip-tirzepatide-2-5-mg","status":"publish","type":"product","link":"https:\/\/tirzepatyd.eu\/es\/producto\/glp1-gip-tirzepatide-2-5-mg\/","title":{"rendered":"Tirzepatida 2,5 mg vial (GLP1+GIP)"},"content":{"rendered":"<div data-elementor-type=\"product-post\" data-elementor-id=\"13028\" class=\"elementor elementor-13028\" data-elementor-post-type=\"product\">\n\t\t\t\t\t\t<section class=\"elementor-section elementor-top-section elementor-element elementor-element-53f3d7d elementor-section-boxed elementor-section-height-default elementor-section-height-default\" data-id=\"53f3d7d\" data-element_type=\"section\" data-e-type=\"section\">\n\t\t\t\t\t\t<div class=\"elementor-container elementor-column-gap-default\">\n\t\t\t\t\t<div class=\"elementor-column elementor-col-100 elementor-top-column elementor-element elementor-element-e6006d1\" data-id=\"e6006d1\" data-element_type=\"column\" data-e-type=\"column\">\n\t\t\t<div class=\"elementor-widget-wrap elementor-element-populated\">\n\t\t\t\t\t\t<div class=\"elementor-element elementor-element-64391bc elementor-widget__width-initial elementor-widget elementor-widget-text-editor\" data-id=\"64391bc\" data-element_type=\"widget\" data-e-type=\"widget\" data-widget_type=\"text-editor.default\">\n\t\t\t\t\t\t\t\t\t<h2 data-start=\"512\" data-end=\"564\">Tirzepatide 2.5 mg vial - caracter\u00edsticas<\/h2><p data-start=\"566\" data-end=\"843\"><strong data-start=\"566\" data-end=\"588\">Trezepatida 2,5 mg<\/strong> es un p\u00e9ptido sint\u00e9tico que es un agonista dual de los receptores GIP y GLP-1. Este compuesto ha sido ampliamente estudiado en la literatura cient\u00edfica en el contexto de la se\u00f1alizaci\u00f3n de la incretina, la regulaci\u00f3n del metabolismo de la glucosa y los mecanismos de control del equilibrio energ\u00e9tico.<\/p><hr data-start=\"908\" data-end=\"911\" \/><h2 data-start=\"913\" data-end=\"982\">\u00bfQu\u00e9 es tirzepatide 2,5 mg y cu\u00e1l es su mecanismo de acci\u00f3n?<\/h2><p data-start=\"984\" data-end=\"1093\">La tirzepatida es una mol\u00e9cula \u00fanica dise\u00f1ada para activar simult\u00e1neamente dos receptores de incretina:<\/p><ul data-start=\"1095\" data-end=\"1428\"><li data-start=\"1095\" data-end=\"1271\"><p data-start=\"1097\" data-end=\"1271\"><strong data-start=\"1097\" data-end=\"1150\">Receptor GLP-1 (receptor del p\u00e9ptido-1 similar al glucag\u00f3n)<\/strong> - asociados con la secreci\u00f3n de insulina dependiente de la glucosa, la modulaci\u00f3n de la secreci\u00f3n de glucag\u00f3n y los efectos sobre la se\u00f1alizaci\u00f3n de la saciedad.<\/p><\/li><li data-start=\"1272\" data-end=\"1428\"><p data-start=\"1274\" data-end=\"1428\"><strong data-start=\"1274\" data-end=\"1346\">Receptor GIP (receptor del polip\u00e9ptido insulinotr\u00f3pico dependiente de la glucosa)<\/strong> - implicados en la regulaci\u00f3n de la respuesta a la insulina y los procesos metab\u00f3licos.<\/p><\/li><\/ul><p data-start=\"1430\" data-end=\"1726\">La doble activaci\u00f3n de estas v\u00edas distingue a tirzepatide de los agonistas cl\u00e1sicos del GLP-1. Este mecanismo se ha descrito detalladamente en los ensayos cl\u00ednicos SURPASS y SURMOUNT, en los que se analizaron los efectos de la mol\u00e9cula sobre los par\u00e1metros gluc\u00e9micos y el peso corporal en condiciones de estudio controladas.<\/p><hr data-start=\"1728\" data-end=\"1731\" \/><h2 data-start=\"1733\" data-end=\"1777\">Tirzepatide 2,5 mg en modelos cl\u00ednicos<\/h2><p data-start=\"1779\" data-end=\"1879\">tirzepatide como una clase de mol\u00e9culas de incretina se ha demostrado en ensayos cl\u00ednicos publicados:<\/p><ul data-start=\"1881\" data-end=\"2079\"><li data-start=\"1881\" data-end=\"1942\"><p data-start=\"1883\" data-end=\"1942\">afecta significativamente a los par\u00e1metros del metabolismo de la glucosa (HbA1c),<\/p><\/li><li data-start=\"1943\" data-end=\"2013\"><p data-start=\"1945\" data-end=\"2013\">influye en los mecanismos que regulan el apetito y el equilibrio energ\u00e9tico,<\/p><\/li><li data-start=\"2014\" data-end=\"2079\"><p data-start=\"2016\" data-end=\"2079\">demuestra la dependencia de la dosis del efecto en los protocolos de escalada.<\/p><\/li><\/ul><p data-start=\"2081\" data-end=\"2259\">La dosis de 2,5 mg en los reg\u00edmenes cl\u00ednicos actu\u00f3 como dosis inicial en los modelos de escalada, permitiendo evaluar la tolerancia y adaptaci\u00f3n del organismo a niveles de dosis adicionales.<\/p><hr data-start=\"2261\" data-end=\"2264\" \/><h2 data-start=\"2266\" data-end=\"2304\">Diferencia: tirzepatide 2,5 mg frente a 5 mg<\/h2><p data-start=\"2306\" data-end=\"2339\">En la documentaci\u00f3n de ensayos cl\u00ednicos:<\/p><ul data-start=\"2341\" data-end=\"2486\"><li data-start=\"2341\" data-end=\"2401\"><p data-start=\"2343\" data-end=\"2401\"><strong data-start=\"2343\" data-end=\"2365\">tirzepatide 2,5 mg<\/strong> como dosis introductoria,<\/p><\/li><li data-start=\"2402\" data-end=\"2486\"><p data-start=\"2404\" data-end=\"2486\">Se analizaron los efectos metab\u00f3licos completos de dosis m\u00e1s altas (5 mg y superiores).<\/p><\/li><\/ul><p data-start=\"2488\" data-end=\"2633\">La evaluaci\u00f3n de la eficacia en t\u00e9rminos de reducci\u00f3n de peso se llev\u00f3 a cabo principalmente para las dosis m\u00e1s altas en condiciones de estudio controladas.<\/p><hr data-start=\"2635\" data-end=\"2638\" \/><h2 data-start=\"2640\" data-end=\"2664\">Informaci\u00f3n cualitativa<\/h2><p data-start=\"2666\" data-end=\"2812\">Se ofrece <strong data-start=\"2676\" data-end=\"2698\">tirzepatide 2,5 mg<\/strong> se somete a un an\u00e1lisis cualitativo (por ejemplo, HPLC) para confirmar su pureza y su conformidad con las especificaciones del laboratorio.<\/p><p data-start=\"2814\" data-end=\"2935\">El producto no es un medicamento ni un suplemento.<br data-start=\"2868\" data-end=\"2871\" \/>Destinado exclusivamente a aplicaciones anal\u00edticas y de investigaci\u00f3n.<\/p><hr data-start=\"2937\" data-end=\"2940\" \/><h2 data-start=\"220\" data-end=\"260\">Datos del ensayo cl\u00ednico SURMOUNT-1<\/h2><p data-start=\"262\" data-end=\"420\">En un ensayo cl\u00ednico aleatorizado de fase III <strong data-start=\"307\" data-end=\"321\">SURMOUNT-1<\/strong> (NEJM, 2022) evalu\u00f3 el efecto de tirzepatide sobre el peso corporal en individuos obesos o con sobrepeso sin diabetes.<\/p><p data-start=\"422\" data-end=\"572\">El estudio utiliz\u00f3 un esquema de escalada de dosis comenzando con una <strong data-start=\"490\" data-end=\"500\">2,5 mg<\/strong>, y luego se aumentaron hasta los niveles objetivo (5 mg, 10 mg, 15 mg).<\/p><p data-start=\"574\" data-end=\"602\">Tras 72 semanas de seguimiento:<\/p><ul data-start=\"604\" data-end=\"801\"><li data-start=\"604\" data-end=\"674\"><p data-start=\"606\" data-end=\"674\">La reducci\u00f3n media de peso fue de aproximadamente <strong data-start=\"649\" data-end=\"671\">15% para la dosis de 5 mg<\/strong>,<\/p><\/li><li data-start=\"675\" data-end=\"711\"><p data-start=\"677\" data-end=\"711\">Acerca de <strong data-start=\"683\" data-end=\"708\">19,5% para una dosis de 10 mg<\/strong>,<\/p><\/li><li data-start=\"712\" data-end=\"748\"><p data-start=\"714\" data-end=\"748\">Acerca de <strong data-start=\"720\" data-end=\"745\">20,9% para una dosis de 15 mg<\/strong>,<\/p><\/li><li data-start=\"749\" data-end=\"801\"><p data-start=\"751\" data-end=\"801\">En el grupo placebo, la reducci\u00f3n fue de aproximadamente <strong data-start=\"792\" data-end=\"800\">3.1%<\/strong>.<\/p><\/li><\/ul><p data-start=\"803\" data-end=\"931\">Adem\u00e1s, se observaron mejoras en los par\u00e1metros metab\u00f3licos, incluidos cambios en el perfil lip\u00eddico y en los \u00edndices del metabolismo de la glucosa.<\/p><p data-start=\"933\" data-end=\"1115\">Cabe destacar que <strong data-start=\"954\" data-end=\"1028\">la dosis de 2,5 mg en los ensayos cl\u00ednicos actu\u00f3 como dosis introductoria<\/strong>, Se utiliza para mejorar la tolerancia antes de alcanzar niveles de dosificaci\u00f3n m\u00e1s elevados.<\/p><hr data-start=\"2937\" data-end=\"2940\" \/><p data-start=\"2942\" data-end=\"2960\"><a href=\"https:\/\/tirzepatyd.eu\/wp-content\/uploads\/2025\/09\/2.5mg-0.5ml-Camera.png\"><img fetchpriority=\"high\" decoding=\"async\" class=\"aligncenter wp-image-30655 size-medium\" src=\"https:\/\/tirzepatyd.eu\/wp-content\/uploads\/2025\/09\/2.5mg-0.5ml-Camera-300x225.png\" alt=\"Tirzepatide 2.5 mg vial - p\u00e9ptido de investigaci\u00f3n dual GLP-1\/GIP, alta pureza\" width=\"300\" height=\"225\" srcset=\"https:\/\/tirzepatyd.eu\/wp-content\/uploads\/2025\/09\/2.5mg-0.5ml-Camera-300x225.png 300w, https:\/\/tirzepatyd.eu\/wp-content\/uploads\/2025\/09\/2.5mg-0.5ml-Camera-800x600.png 800w, https:\/\/tirzepatyd.eu\/wp-content\/uploads\/2025\/09\/2.5mg-0.5ml-Camera-64x48.png 64w, https:\/\/tirzepatyd.eu\/wp-content\/uploads\/2025\/09\/2.5mg-0.5ml-Camera-768x576.png 768w, https:\/\/tirzepatyd.eu\/wp-content\/uploads\/2025\/09\/2.5mg-0.5ml-Camera-16x12.png 16w, https:\/\/tirzepatyd.eu\/wp-content\/uploads\/2025\/09\/2.5mg-0.5ml-Camera.png 1024w\" sizes=\"(max-width: 300px) 100vw, 300px\" \/><\/a><\/p><p data-start=\"2942\" data-end=\"2960\">Fuente cient\u00edfica<\/p><p data-start=\"2962\" data-end=\"3131\">Jastreboff AM et al, <em data-start=\"2984\" data-end=\"3038\">Tirzepatida una vez a la semana para el tratamiento de la obesidad<\/em>, New England Journal of Medicine, 2022.<br data-start=\"3078\" data-end=\"3081\" \/><a class=\"decorated-link\" href=\"https:\/\/pmc.ncbi.nlm.nih.gov\/articles\/PMC10088547\/\" target=\"_new\" rel=\"noopener\" data-start=\"3081\" data-end=\"3131\">https:\/\/pmc.ncbi.nlm.nih.gov\/articles\/PMC10088547\/<\/a><\/p><hr data-start=\"2937\" data-end=\"2940\" \/><p data-start=\"2962\" data-end=\"3131\"><strong>El producto est\u00e1 destinado a la investigaci\u00f3n cient\u00edfica y al an\u00e1lisis de laboratorio. Todos los art\u00edculos e informaci\u00f3n de este sitio web tienen \u00fanicamente fines informativos y educativos.<\/strong><\/p>\t\t\t\t\t\t\t\t<\/div>\n\t\t\t\t\t<\/div>\n\t\t<\/div>\n\t\t\t\t\t<\/div>\n\t\t<\/section>\n\t\t\t\t<\/div>","protected":false},"excerpt":{"rendered":"<p><strong data-start=\"116\" data-end=\"138\">Trezepatida 2,5 mg<\/strong> es un p\u00e9ptido sint\u00e9tico con doble actividad contra los receptores GIP (p\u00e9ptido insulinotr\u00f3pico independiente de la glucosa) y GLP-1 (p\u00e9ptido similar al glucag\u00f3n-1). Este compuesto es objeto de investigaciones sobre la se\u00f1alizaci\u00f3n de la incretina, la regulaci\u00f3n del metabolismo de la glucosa y los mecanismos de control del equilibrio energ\u00e9tico.<\/p>","protected":false},"featured_media":30655,"comment_status":"open","ping_status":"closed","template":"","meta":{"_acf_changed":false},"product_brand":[],"product_cat":[124,111,15],"product_tag":[136],"class_list":{"0":"post-13028","1":"product","2":"type-product","3":"status-publish","4":"has-post-thumbnail","6":"product_cat-produkty-w-fiolce","7":"product_cat-glp1gip","8":"product_cat-laboratory-research","9":"product_tag-fiolka","11":"first","12":"instock","13":"shipping-taxable","14":"purchasable","15":"product-type-variable"},"acf":[],"aioseo_notices":[],"_links":{"self":[{"href":"https:\/\/tirzepatyd.eu\/es\/wp-json\/wp\/v2\/product\/13028","targetHints":{"allow":["GET"]}}],"collection":[{"href":"https:\/\/tirzepatyd.eu\/es\/wp-json\/wp\/v2\/product"}],"about":[{"href":"https:\/\/tirzepatyd.eu\/es\/wp-json\/wp\/v2\/types\/product"}],"replies":[{"embeddable":true,"href":"https:\/\/tirzepatyd.eu\/es\/wp-json\/wp\/v2\/comments?post=13028"}],"version-history":[{"count":14,"href":"https:\/\/tirzepatyd.eu\/es\/wp-json\/wp\/v2\/product\/13028\/revisions"}],"predecessor-version":[{"id":35111,"href":"https:\/\/tirzepatyd.eu\/es\/wp-json\/wp\/v2\/product\/13028\/revisions\/35111"}],"wp:featuredmedia":[{"embeddable":true,"href":"https:\/\/tirzepatyd.eu\/es\/wp-json\/wp\/v2\/media\/30655"}],"wp:attachment":[{"href":"https:\/\/tirzepatyd.eu\/es\/wp-json\/wp\/v2\/media?parent=13028"}],"wp:term":[{"taxonomy":"product_brand","embeddable":true,"href":"https:\/\/tirzepatyd.eu\/es\/wp-json\/wp\/v2\/product_brand?post=13028"},{"taxonomy":"product_cat","embeddable":true,"href":"https:\/\/tirzepatyd.eu\/es\/wp-json\/wp\/v2\/product_cat?post=13028"},{"taxonomy":"product_tag","embeddable":true,"href":"https:\/\/tirzepatyd.eu\/es\/wp-json\/wp\/v2\/product_tag?post=13028"}],"curies":[{"name":"wp","href":"https:\/\/api.w.org\/{rel}","templated":true}]}}