{"id":12,"date":"2023-02-17T22:58:05","date_gmt":"2023-02-17T21:58:05","guid":{"rendered":"https:\/\/tirzepatyd.eu\/my-account\/"},"modified":"2025-12-19T22:37:32","modified_gmt":"2025-12-19T21:37:32","slug":"moje-konto","status":"publish","type":"page","link":"https:\/\/tirzepatyd.eu\/es\/moje-konto\/","title":{"rendered":"Cuenta"},"content":{"rendered":"<div data-elementor-type=\"wp-page\" data-elementor-id=\"12\" class=\"elementor elementor-12\" data-elementor-post-type=\"page\">\n\t\t\t\t<div class=\"elementor-element elementor-element-7d73f53 e-flex e-con-boxed e-con e-parent\" data-id=\"7d73f53\" data-element_type=\"container\" data-e-type=\"container\">\n\t\t\t\t\t<div class=\"e-con-inner\">\n\t\t\t\t<div class=\"elementor-element elementor-element-a3e3597 elementor-invisible elementor-widget elementor-widget-heading\" data-id=\"a3e3597\" data-element_type=\"widget\" data-e-type=\"widget\" data-settings=\"{&quot;_animation&quot;:&quot;fadeIn&quot;}\" data-widget_type=\"heading.default\">\n\t\t\t\t\t<div class=\"elementor-heading-title elementor-size-default\">Mi cuenta<\/div>\t\t\t\t<\/div>\n\t\t<div class=\"elementor-element elementor-element-7b4af14 e-con-full e-flex e-con e-child\" data-id=\"7b4af14\" data-element_type=\"container\" data-e-type=\"container\">\n\t\t\t\t<div class=\"elementor-element elementor-element-5ccf930 e-my-account-tabs-horizontal elementor-invisible elementor-widget elementor-widget-woocommerce-my-account\" data-id=\"5ccf930\" data-element_type=\"widget\" data-e-type=\"widget\" data-settings=\"{&quot;_animation&quot;:&quot;fadeIn&quot;}\" data-widget_type=\"woocommerce-my-account.default\">\n\t\t\t\t\t<div class=\"e-my-account-tab e-my-account-tab__\">\t\t\t<div class=\"woocommerce\"><\/div>\t\t<\/div>\r\n\t\t\t\t\t\t<\/div>\n\t\t\t\t<\/div>\n\t\t\t\t\t<\/div>\n\t\t\t\t<\/div>\n\t\t\t\t<\/div>","protected":false},"excerpt":{"rendered":"<p>Mi cuenta Panel de pedidos Descargar direcciones Detalles de cuenta Cerrar sesi\u00f3n Panel de pedidos Descargar direcciones Detalles de cuenta Cerrar sesi\u00f3n Bienvenido Service123 (\u00bfno es un Service123? Cerrar sesi\u00f3n) En la configuraci\u00f3n de su cuenta puede ver sus pedidos recientes, gestionar las direcciones de pago y entrega y cambiar su contrase\u00f1a y los detalles de su cuenta.<\/p>","protected":false},"author":2,"featured_media":0,"parent":0,"menu_order":0,"comment_status":"closed","ping_status":"closed","template":"","meta":{"_acf_changed":false,"footnotes":""},"class_list":["post-12","page","type-page","status-publish","hentry"],"acf":[],"aioseo_notices":[],"_links":{"self":[{"href":"https:\/\/tirzepatyd.eu\/es\/wp-json\/wp\/v2\/pages\/12","targetHints":{"allow":["GET"]}}],"collection":[{"href":"https:\/\/tirzepatyd.eu\/es\/wp-json\/wp\/v2\/pages"}],"about":[{"href":"https:\/\/tirzepatyd.eu\/es\/wp-json\/wp\/v2\/types\/page"}],"author":[{"embeddable":true,"href":"https:\/\/tirzepatyd.eu\/es\/wp-json\/wp\/v2\/users\/2"}],"replies":[{"embeddable":true,"href":"https:\/\/tirzepatyd.eu\/es\/wp-json\/wp\/v2\/comments?post=12"}],"version-history":[{"count":0,"href":"https:\/\/tirzepatyd.eu\/es\/wp-json\/wp\/v2\/pages\/12\/revisions"}],"wp:attachment":[{"href":"https:\/\/tirzepatyd.eu\/es\/wp-json\/wp\/v2\/media?parent=12"}],"curies":[{"name":"wp","href":"https:\/\/api.w.org\/{rel}","templated":true}]}}