{"id":24258,"date":"2024-12-23T16:46:35","date_gmt":"2024-12-23T15:46:35","guid":{"rendered":"https:\/\/tirzepatyd.eu\/?post_type=product&#038;p=24258"},"modified":"2026-04-18T10:54:13","modified_gmt":"2026-04-18T08:54:13","slug":"semaglutid-4mg-pen","status":"publish","type":"product","link":"https:\/\/tirzepatyd.eu\/en\/product\/semaglutid-4mg-pen\/","title":{"rendered":"SEMA G PEN 4mg"},"content":{"rendered":"<div data-elementor-type=\"product-post\" data-elementor-id=\"24258\" class=\"elementor elementor-24258\" data-elementor-post-type=\"product\">\n\t\t\t\t\t\t<section class=\"elementor-section elementor-top-section elementor-element elementor-element-3e4e3a5 elementor-section-boxed elementor-section-height-default elementor-section-height-default\" data-id=\"3e4e3a5\" data-element_type=\"section\" data-e-type=\"section\">\n\t\t\t\t\t\t<div class=\"elementor-container elementor-column-gap-default\">\n\t\t\t\t\t<div class=\"elementor-column elementor-col-100 elementor-top-column elementor-element elementor-element-2aed132\" data-id=\"2aed132\" data-element_type=\"column\" data-e-type=\"column\">\n\t\t\t<div class=\"elementor-widget-wrap elementor-element-populated\">\n\t\t\t\t\t\t<div class=\"elementor-element elementor-element-ab0fafc elementor-widget__width-initial elementor-widget elementor-widget-text-editor\" data-id=\"ab0fafc\" data-element_type=\"widget\" data-e-type=\"widget\" data-widget_type=\"text-editor.default\">\n\t\t\t\t\t\t\t\t\t<h2 data-start=\"146\" data-end=\"179\"><strong data-start=\"149\" data-end=\"179\">Semaglutide 4mg Pen GLP-1 - what it is, effects, dosage, side effects\u00a0<\/strong><\/h2><p data-start=\"224\" data-end=\"692\"><a href=\"https:\/\/tirzepatyd.eu\/en\/semaglutyd-jak-dziala-i-gdzie-go-kupic\/\">Semaglutide<\/a> 4mg pen is a modern preparation in the form of an auto-injector, belonging to the group of drugs known as GLP-1 (glucagon-like peptide-1) analogues. It was developed for people struggling with overweight, obesity or type 2 diabetes. Thanks to its design and mode of action, it supports weight loss, appetite control and blood glucose stabilization. The convenient form of the pen allows for easy and precise administration of the drug once a week.<\/p><hr data-start=\"694\" data-end=\"697\" \/><h2 data-start=\"699\" data-end=\"741\"><strong data-start=\"703\" data-end=\"739\">How does Semaglutide 4mg Pen work ?<\/strong><\/h2><p data-start=\"742\" data-end=\"899\">Active substance - <strong data-start=\"762\" data-end=\"776\">semaglutide<\/strong> - Mimics the action of the natural hormone GLP-1, which regulates metabolic processes in the body. It has a multidirectional effect:<\/p><ul><li data-start=\"903\" data-end=\"1037\"><strong data-start=\"903\" data-end=\"946\">Inhibits appetite and prolongs the feeling of satiety<\/strong> - affects the hunger center in the brain, thus reducing the desire to reach for food.<\/li><li data-start=\"1040\" data-end=\"1134\"><strong data-start=\"1040\" data-end=\"1073\">Slows gastric emptying<\/strong>, which reduces sudden attacks of hunger and extends digestion time.<\/li><li data-start=\"1137\" data-end=\"1295\"><strong data-start=\"1137\" data-end=\"1173\">Stabilizes blood sugar levels<\/strong> - increases insulin secretion in response to elevated glucose levels and simultaneously inhibits glucagon secretion.<\/li><\/ul><p data-start=\"1297\" data-end=\"1399\">As a result, Semaglutide supports weight control and improves the functioning of carbohydrate metabolism.<\/p><hr data-start=\"1401\" data-end=\"1404\" \/><h2 data-start=\"1406\" data-end=\"1458\"><strong data-start=\"1410\" data-end=\"1456\">Application <\/strong><strong data-start=\"2998\" data-end=\"3014\">Semaglutide 4mg pen<\/strong><\/h2><p data-start=\"1459\" data-end=\"1515\">Semaglutide Pen 4 mg is mainly used for therapy:<\/p><ul><li data-start=\"1519\" data-end=\"1544\"><strong data-start=\"1519\" data-end=\"1541\">overweight and obesity<\/strong>,<\/li><li data-start=\"1547\" data-end=\"1569\"><strong data-start=\"1547\" data-end=\"1566\">type 2 diabetes<\/strong>,<\/li><li data-start=\"1572\" data-end=\"1661\"><strong>and in cases where diet and physical activity have not been successful.<\/strong><\/li><\/ul><p data-start=\"1663\" data-end=\"1704\">The product is recommended for adults:<\/p><ul><li data-start=\"1707\" data-end=\"1730\">z <strong data-start=\"1709\" data-end=\"1727\">BMI \u2265 30 kg\/m\u00b2<\/strong>,<\/li><li data-start=\"1733\" data-end=\"1867\">or with <strong data-start=\"1739\" data-end=\"1757\">BMI \u2265 27 kg\/m\u00b2<\/strong>, if there are comorbidities such as hypertension, lipid disorders or insulin resistance.<\/li><\/ul><p data-start=\"1869\" data-end=\"1978\">Always start therapy after consulting your doctor, who will assess the indications and safety of use.<\/p><hr data-start=\"1980\" data-end=\"1983\" \/><h2 data-start=\"2994\" data-end=\"3016\"><strong data-start=\"1989\" data-end=\"2019\">Dosage and use <\/strong><strong data-start=\"2998\" data-end=\"3014\">Semaglutide<\/strong><\/h2><p data-start=\"2022\" data-end=\"2092\">Semaglutide Pen 4mg is used <strong data-start=\"2055\" data-end=\"2073\">once a week<\/strong>, at a fixed time.<\/p><ul><li data-start=\"2096\" data-end=\"2190\"><strong data-start=\"2096\" data-end=\"2116\">Place of application:<\/strong> The injection is performed subcutaneously - usually in the abdomen, thigh or arm.<\/li><li data-start=\"2193\" data-end=\"2326\"><strong data-start=\"2193\" data-end=\"2214\">Initial dose:<\/strong> Treatment begins with smaller doses, which are gradually increased so that the body can adapt.<\/li><li data-start=\"2329\" data-end=\"2453\"><strong data-start=\"2329\" data-end=\"2339\">Important:<\/strong> The pen is disposable and intended for self-administration after training by medical personnel.<\/li><\/ul><p data-start=\"2455\" data-end=\"2547\">Regular use, as prescribed by the doctor, ensures the best therapeutic results.<\/p><p data-start=\"2455\" data-end=\"2547\">Check the reagent <a href=\"https:\/\/tirzepatyd.eu\/en\/product\/semaglutide-pen\/\">Semaglutide 2mg in pen<\/a><\/p><hr data-start=\"2549\" data-end=\"2552\" \/><h2 data-start=\"2994\" data-end=\"3016\"><strong data-start=\"2998\" data-end=\"3014\">Semaglutide 4 mg pen - s<\/strong><strong data-start=\"2558\" data-end=\"2576\">side effects<\/strong><\/h2><p data-start=\"2579\" data-end=\"2708\">Mild side effects may occur during the use of Semaglutide, especially at the beginning of therapy. These include:<\/p><ul><li data-start=\"2712\" data-end=\"2723\">nausea,<\/li><li data-start=\"2726\" data-end=\"2736\">vomiting,<\/li><li data-start=\"2739\" data-end=\"2763\">Diarrhea or constipation,<\/li><li data-start=\"2766\" data-end=\"2781\">abdominal pains,<\/li><li data-start=\"2784\" data-end=\"2815\">A feeling of fullness or bloating.<\/li><\/ul><p data-start=\"2817\" data-end=\"2987\">These symptoms usually disappear after a few weeks, when the body becomes accustomed to the drug. If the discomfort persists, contact your healthcare provider.<\/p><hr data-start=\"2989\" data-end=\"2992\" \/><p data-start=\"3017\" data-end=\"3480\"><a href=\"https:\/\/tirzepatyd.eu\/wp-content\/uploads\/2025\/09\/Sema-G-4mg-urzadzenie-pomiarowe-Camera.png\"><img fetchpriority=\"high\" decoding=\"async\" class=\"size-medium wp-image-30668 aligncenter\" src=\"https:\/\/tirzepatyd.eu\/wp-content\/uploads\/2025\/09\/Sema-G-4mg-urzadzenie-pomiarowe-Camera-300x225.png\" alt=\"Semaglutid pen 4 mg for obesity peptide\" width=\"300\" height=\"225\" srcset=\"https:\/\/tirzepatyd.eu\/wp-content\/uploads\/2025\/09\/Sema-G-4mg-urzadzenie-pomiarowe-Camera-300x225.png 300w, https:\/\/tirzepatyd.eu\/wp-content\/uploads\/2025\/09\/Sema-G-4mg-urzadzenie-pomiarowe-Camera-800x600.png 800w, https:\/\/tirzepatyd.eu\/wp-content\/uploads\/2025\/09\/Sema-G-4mg-urzadzenie-pomiarowe-Camera-64x48.png 64w, https:\/\/tirzepatyd.eu\/wp-content\/uploads\/2025\/09\/Sema-G-4mg-urzadzenie-pomiarowe-Camera-768x576.png 768w, https:\/\/tirzepatyd.eu\/wp-content\/uploads\/2025\/09\/Sema-G-4mg-urzadzenie-pomiarowe-Camera-16x12.png 16w, https:\/\/tirzepatyd.eu\/wp-content\/uploads\/2025\/09\/Sema-G-4mg-urzadzenie-pomiarowe-Camera.png 1024w\" sizes=\"(max-width: 300px) 100vw, 300px\" \/><\/a><\/p><p data-start=\"3017\" data-end=\"3480\">Source :\u00a0 <a href=\"https:\/\/pmc.ncbi.nlm.nih.gov\/articles\/PMC9272494\">Einmal w\u00f6chentlich verabreichtes Semaglutid zur Gewichtskontrolle: Eine klinische \u00dcbersicht<\/a><\/p>\t\t\t\t\t\t\t\t<\/div>\n\t\t\t\t\t<\/div>\n\t\t<\/div>\n\t\t\t\t\t<\/div>\n\t\t<\/section>\n\t\t\t\t<\/div>","protected":false},"excerpt":{"rendered":"<p>Semaglutid 4mg Pen GLP-1 &#8211; czym jest, dzia\u0142anie, dawkowanie, skutki uboczne\u00a0 Semaglutid 4mg pen to nowoczesny preparat w formie automatycznego wstrzykiwacza, nale\u017c\u0105cy do grupy lek\u00f3w okre\u015blanych jako analogi GLP-1 (glukagonopodobnego peptydu-1). Opracowano go z my\u015bl\u0105 o osobach zmagaj\u0105cych si\u0119 z nadwag\u0105, oty\u0142o\u015bci\u0105 lub cukrzyc\u0105 typu 2. Dzi\u0119ki swojej budowie i sposobowi dzia\u0142ania wspiera utrat\u0119 masy [&hellip;]<\/p>\n","protected":false},"featured_media":30668,"comment_status":"open","ping_status":"closed","template":"","meta":{"_acf_changed":false},"product_brand":[],"product_cat":[122,112,15],"product_tag":[],"class_list":{"0":"post-24258","1":"product","2":"type-product","3":"status-publish","4":"has-post-thumbnail","6":"product_cat-produkty-w-penie","7":"product_cat-glp1","8":"product_cat-laboratory-research","10":"first","11":"instock","12":"shipping-taxable","13":"purchasable","14":"product-type-simple"},"acf":[],"aioseo_notices":[],"_links":{"self":[{"href":"https:\/\/tirzepatyd.eu\/en\/wp-json\/wp\/v2\/product\/24258","targetHints":{"allow":["GET"]}}],"collection":[{"href":"https:\/\/tirzepatyd.eu\/en\/wp-json\/wp\/v2\/product"}],"about":[{"href":"https:\/\/tirzepatyd.eu\/en\/wp-json\/wp\/v2\/types\/product"}],"replies":[{"embeddable":true,"href":"https:\/\/tirzepatyd.eu\/en\/wp-json\/wp\/v2\/comments?post=24258"}],"version-history":[{"count":8,"href":"https:\/\/tirzepatyd.eu\/en\/wp-json\/wp\/v2\/product\/24258\/revisions"}],"predecessor-version":[{"id":35461,"href":"https:\/\/tirzepatyd.eu\/en\/wp-json\/wp\/v2\/product\/24258\/revisions\/35461"}],"wp:featuredmedia":[{"embeddable":true,"href":"https:\/\/tirzepatyd.eu\/en\/wp-json\/wp\/v2\/media\/30668"}],"wp:attachment":[{"href":"https:\/\/tirzepatyd.eu\/en\/wp-json\/wp\/v2\/media?parent=24258"}],"wp:term":[{"taxonomy":"product_brand","embeddable":true,"href":"https:\/\/tirzepatyd.eu\/en\/wp-json\/wp\/v2\/product_brand?post=24258"},{"taxonomy":"product_cat","embeddable":true,"href":"https:\/\/tirzepatyd.eu\/en\/wp-json\/wp\/v2\/product_cat?post=24258"},{"taxonomy":"product_tag","embeddable":true,"href":"https:\/\/tirzepatyd.eu\/en\/wp-json\/wp\/v2\/product_tag?post=24258"}],"curies":[{"name":"wp","href":"https:\/\/api.w.org\/{rel}","templated":true}]}}