{"id":34460,"date":"2026-01-06T20:29:32","date_gmt":"2026-01-06T19:29:32","guid":{"rendered":"https:\/\/tirzepatyd.eu\/?post_type=product&#038;p=34460"},"modified":"2026-04-18T11:50:01","modified_gmt":"2026-04-18T09:50:01","slug":"retatrutide-pen-20-mg","status":"publish","type":"product","link":"https:\/\/tirzepatyd.eu\/de\/produkt\/retatrutide-pen-20-mg\/","title":{"rendered":"Dreifach G PEN 20mg GLP3"},"content":{"rendered":"<div data-elementor-type=\"product-post\" data-elementor-id=\"34460\" class=\"elementor elementor-34460\" data-elementor-post-type=\"product\">\n\t\t\t\t\t\t<section class=\"elementor-section elementor-top-section elementor-element elementor-element-b5ca82b elementor-section-boxed elementor-section-height-default elementor-section-height-default\" data-id=\"b5ca82b\" data-element_type=\"section\" data-e-type=\"section\">\n\t\t\t\t\t\t<div class=\"elementor-container elementor-column-gap-default\">\n\t\t\t\t\t<div class=\"elementor-column elementor-col-100 elementor-top-column elementor-element elementor-element-482342e\" data-id=\"482342e\" data-element_type=\"column\" data-e-type=\"column\">\n\t\t\t<div class=\"elementor-widget-wrap elementor-element-populated\">\n\t\t\t\t\t\t<div class=\"elementor-element elementor-element-581567b elementor-widget elementor-widget-text-editor\" data-id=\"581567b\" data-element_type=\"widget\" data-e-type=\"widget\" data-widget_type=\"text-editor.default\">\n\t\t\t\t\t\t\t\t\t<h2 data-start=\"360\" data-end=\"399\">Retatrutid-Pen 20 mg - Merkmale<\/h2><p data-start=\"401\" data-end=\"823\">Retatrutide pen 20 mg, identifiziert als LY3437943, ist ein synthetisches Peptid mit einem Multi-Rezeptor-Aktivit\u00e4tsprofil, das zur Gruppe der Dreifach-Agonisten von GLP-1-, GIP- und GCGR-Rezeptoren geh\u00f6rt. Das Molek\u00fcl wurde entwickelt, um gleichzeitig Signalwege zu modulieren, die an der Regulierung des Glukosestoffwechsels, des Energiestoffwechsels und von Prozessen im Zusammenhang mit dem Stoffwechselgleichgewicht beteiligt sind. In molekularen und klinischen Studien wird Retatrutid als Testmaterial mit einem komplexen Wirkmechanismus analysiert, um die Beziehung zwischen der Aktivierung der Inkretin-Achse und der Glucagon-Komponente zu bewerten. Das Produkt ist als Forschungsreagenz f\u00fcr den Laborgebrauch erh\u00e4ltlich<\/p><hr data-start=\"1081\" data-end=\"1084\" \/><h2 data-start=\"1086\" data-end=\"1141\">Retatrutid-Pen 20 mg - Studienpl\u00e4ne<\/h2><p data-start=\"1843\" data-end=\"2336\">In wissenschaftlichen Ver\u00f6ffentlichungen wird Retatrutide pen 20 mg im Zusammenhang mit Ver\u00e4nderungen des K\u00f6rpergewichts, des Blutzuckerspiegels und anderer Stoffwechselparameter analysiert. Die Ergebnisse einer Phase-2-Studie, ver\u00f6ffentlicht in <em data-start=\"2029\" data-end=\"2035\">NEJM<\/em> und nachfolgende Berichte \u00fcber TRIUMPH haben daf\u00fcr gesorgt, dass das Molek\u00fcl einer der am meisten kommentierten Multi-Rezeptor-Agonisten der n\u00e4chsten Generation bleibt. Ausf\u00fchrlichere Daten sind in den unten verlinkten wissenschaftlichen Quellen zu finden.<\/p><hr data-start=\"3414\" data-end=\"3417\" \/><h2 data-start=\"136\" data-end=\"186\">Retatrutide pen 20 mg Preis (Forschungsprodukte)<\/h2><p data-start=\"188\" data-end=\"785\">F\u00fcr Retatrutide pen 20 mg gibt es keinen offiziellen medizinischen Preis, da es sich nach wie vor um ein Pr\u00fcfpr\u00e4parat handelt, und die verf\u00fcgbaren Angebote beziehen sich nur auf Produkte wie <em data-start=\"340\" data-end=\"359\">nur f\u00fcr Forschungszwecke<\/em>. Hochreines Retatrutid in Form eines Forschungspulvers kann online zu Richtpreisen von etwa 80-90 EUR pro Fl\u00e4schchen erworben werden. Die am h\u00e4ufigsten angebotenen Fl\u00e4schchen mit 5-10 mg Peptid liegen in der Regel im Bereich von 100-180 EUR, w\u00e4hrend gr\u00f6\u00dfere Fl\u00e4schchen, z. B. mit 12 mg, je nach Hersteller und angegebener Reinheit Preise im Bereich von 130-200 EUR erzielen. Aufw\u00e4ndigere Kits, wie z. B. Pens, die etwa 40 mg Peptid enthalten, k\u00f6nnen mitunter deutlich teurer sein und erreichen bei einigen Angeboten Preise von etwa 350-380 EUR. Gr\u00f6\u00dfere Gro\u00dfpackungen sind auch auf internationalen Testplattformen erh\u00e4ltlich (sogenannte \"Pens\"). <em data-start=\"1053\" data-end=\"1059\">Masse<\/em>), die einige Dutzend bis einige hundert Milligramm umfassen und deren Preise stark variieren k\u00f6nnen - von etwa 280 \u20ac bis zu 2.000 \u20ac. Die Preisunterschiede sind haupts\u00e4chlich auf die Peptidmenge, die Form des Produkts (Pulver oder Stift), die angegebene Reinheit, den Hersteller und die Verkaufs- und Versandbedingungen zur\u00fcckzuf\u00fchren. Alle angegebenen Werte sind Richtwerte und beziehen sich ausschlie\u00dflich auf den Markt f\u00fcr Forschungsreagenzien.<\/p><p data-start=\"3832\" data-end=\"4087\"><a href=\"https:\/\/tirzepatyd.eu\/de\/produkt\/slu-pp-332\/\">Siehe auch SLU-PP-332 Kapseln 500mcg\/60caps<\/a><\/p><p data-start=\"3832\" data-end=\"4087\"><a href=\"https:\/\/tirzepatyd.eu\/wp-content\/uploads\/2026\/01\/Retatrutide-pen-20-mg.png\"><img fetchpriority=\"high\" decoding=\"async\" class=\"aligncenter wp-image-34438 size-medium\" src=\"https:\/\/tirzepatyd.eu\/wp-content\/uploads\/2026\/01\/Retatrutide-pen-20-mg-300x225.png\" alt=\"Retatrutide pen 20 mg - experimentelle Substanz f\u00fcr Forschungszwecke im Bereich Glukose- und Stoffwechselregulation\" width=\"300\" height=\"225\" srcset=\"https:\/\/tirzepatyd.eu\/wp-content\/uploads\/2026\/01\/Retatrutide-pen-20-mg-300x225.png 300w, https:\/\/tirzepatyd.eu\/wp-content\/uploads\/2026\/01\/Retatrutide-pen-20-mg-768x576.png 768w, https:\/\/tirzepatyd.eu\/wp-content\/uploads\/2026\/01\/Retatrutide-pen-20-mg-16x12.png 16w, https:\/\/tirzepatyd.eu\/wp-content\/uploads\/2026\/01\/Retatrutide-pen-20-mg-800x600.png 800w, https:\/\/tirzepatyd.eu\/wp-content\/uploads\/2026\/01\/Retatrutide-pen-20-mg-64x48.png 64w, https:\/\/tirzepatyd.eu\/wp-content\/uploads\/2026\/01\/Retatrutide-pen-20-mg.png 1024w\" sizes=\"(max-width: 300px) 100vw, 300px\" \/><\/a><\/p><hr data-start=\"4089\" data-end=\"4092\" \/><p data-start=\"4094\" data-end=\"4121\"><strong>Wissenschaftliche Quellen:<\/strong><\/p><p data-start=\"4123\" data-end=\"4207\"><strong data-start=\"4127\" data-end=\"4205\">1) Dreifach-Hormonrezeptor-Agonist Retatrutid bei Fettleibigkeit (NEJM \/ PubMed)<\/strong><\/p><p data-start=\"4123\" data-end=\"4207\"><a class=\"decorated-link\" href=\"https:\/\/pubmed.ncbi.nlm.nih.gov\/37366315\/\" target=\"_new\" rel=\"noopener\" data-start=\"4208\" data-end=\"4249\">https:\/\/pubmed.ncbi.nlm.nih.gov\/37366315\/<\/a><br data-start=\"4249\" data-end=\"4252\" \/><br \/><\/p><p data-start=\"4460\" data-end=\"4525\"><strong data-start=\"4464\" data-end=\"4523\">2) Gewichtsverlust durch Retatrutid und andere Ergebnisse (Phase<\/strong><\/p><p data-start=\"4460\" data-end=\"4525\"><a class=\"decorated-link\" href=\"https:\/\/pubmed.ncbi.nlm.nih.gov\/38858523\/\" target=\"_new\" rel=\"noopener\" data-start=\"4526\" data-end=\"4567\">https:\/\/pubmed.ncbi.nlm.nih.gov\/38858523\/<\/a><br data-start=\"4567\" data-end=\"4570\" \/><br \/><\/p><p data-start=\"4764\" data-end=\"4836\"><strong data-start=\"4768\" data-end=\"4834\">3) TRIUMPH-4-Phase-III-Topline-Ergebnisse (Nachrichten \/ klinische Presse)<\/strong><\/p><p data-start=\"4764\" data-end=\"4836\"><a class=\"decorated-link\" href=\"https:\/\/www.pharmexec.com\/view\/lilly-retatrutide-positive-topline-results-successful-phase-iii-trial\" target=\"_new\" rel=\"noopener\" data-start=\"4837\" data-end=\"4937\">https:\/\/www.pharmexec.com\/view\/lilly-retatrutide-positive-topline-results-successful-phase-iii-trial<\/a><br data-start=\"4937\" data-end=\"4940\" \/><br \/><\/p><p data-start=\"5096\" data-end=\"5162\"><strong data-start=\"5100\" data-end=\"5160\">4) Meta-Analyse von einmal w\u00f6chentlich subkutan verabreichtem Retatrutid<\/strong><\/p><p data-start=\"5096\" data-end=\"5162\"><a class=\"decorated-link\" href=\"https:\/\/pubmed.ncbi.nlm.nih.gov\/39318607\/\" target=\"_new\" rel=\"noopener\" data-start=\"5163\" data-end=\"5204\">https:\/\/pubmed.ncbi.nlm.nih.gov\/39318607\/<\/a><br data-start=\"5204\" data-end=\"5207\" \/><br \/><\/p><p data-start=\"5421\" data-end=\"5489\"><strong data-start=\"5425\" data-end=\"5487\">5) Zus\u00e4tzliche klinische Erkenntnisse und Auswirkungen auf die K\u00f6rperzusammensetzung<\/strong><\/p><p data-start=\"5421\" data-end=\"5489\"><a class=\"decorated-link\" href=\"https:\/\/pubmed.ncbi.nlm.nih.gov\/40609566\/\" target=\"_new\" rel=\"noopener\" data-start=\"5490\" data-end=\"5531\">https:\/\/pubmed.ncbi.nlm.nih.gov\/40609566\/<\/a><br data-start=\"5531\" data-end=\"5534\" \/>\u00a0<\/p><hr data-start=\"4089\" data-end=\"4092\" \/><p data-start=\"5490\" data-end=\"5712\"><strong>Das Produkt ist f\u00fcr die wissenschaftliche Forschung und Laboranalyse bestimmt. Alle Artikel und Informationen auf dieser Website dienen nur zu Informations- und Bildungszwecken.<\/strong><\/p>\t\t\t\t\t\t\t\t<\/div>\n\t\t\t\t\t<\/div>\n\t\t<\/div>\n\t\t\t\t\t<\/div>\n\t\t<\/section>\n\t\t\t\t<\/div>","protected":false},"excerpt":{"rendered":"<p><strong data-start=\"99\" data-end=\"122\">Triple G 20 mg Stift<\/strong> ist ein modernes Forschungspeptid, das zur Analyse von Mechanismen der Gewichtsregulierung und des Stoffwechsels eingesetzt wird. Es wirkt durch Modulation wichtiger Stoffwechselrezeptoren und ist als Reagenz f\u00fcr Laborstudien erh\u00e4ltlich.<\/p>","protected":false},"featured_media":34438,"comment_status":"open","ping_status":"closed","template":"","meta":{"_acf_changed":false},"product_brand":[],"product_cat":[122,109,15],"product_tag":[],"class_list":{"0":"post-34460","1":"product","2":"type-product","3":"status-publish","4":"has-post-thumbnail","6":"product_cat-produkty-w-penie","7":"product_cat-triple-g","8":"product_cat-laboratory-research","10":"first","11":"instock","12":"sale","13":"shipping-taxable","14":"purchasable","15":"product-type-simple"},"acf":[],"aioseo_notices":[],"_links":{"self":[{"href":"https:\/\/tirzepatyd.eu\/de\/wp-json\/wp\/v2\/product\/34460","targetHints":{"allow":["GET"]}}],"collection":[{"href":"https:\/\/tirzepatyd.eu\/de\/wp-json\/wp\/v2\/product"}],"about":[{"href":"https:\/\/tirzepatyd.eu\/de\/wp-json\/wp\/v2\/types\/product"}],"replies":[{"embeddable":true,"href":"https:\/\/tirzepatyd.eu\/de\/wp-json\/wp\/v2\/comments?post=34460"}],"version-history":[{"count":69,"href":"https:\/\/tirzepatyd.eu\/de\/wp-json\/wp\/v2\/product\/34460\/revisions"}],"predecessor-version":[{"id":35469,"href":"https:\/\/tirzepatyd.eu\/de\/wp-json\/wp\/v2\/product\/34460\/revisions\/35469"}],"wp:featuredmedia":[{"embeddable":true,"href":"https:\/\/tirzepatyd.eu\/de\/wp-json\/wp\/v2\/media\/34438"}],"wp:attachment":[{"href":"https:\/\/tirzepatyd.eu\/de\/wp-json\/wp\/v2\/media?parent=34460"}],"wp:term":[{"taxonomy":"product_brand","embeddable":true,"href":"https:\/\/tirzepatyd.eu\/de\/wp-json\/wp\/v2\/product_brand?post=34460"},{"taxonomy":"product_cat","embeddable":true,"href":"https:\/\/tirzepatyd.eu\/de\/wp-json\/wp\/v2\/product_cat?post=34460"},{"taxonomy":"product_tag","embeddable":true,"href":"https:\/\/tirzepatyd.eu\/de\/wp-json\/wp\/v2\/product_tag?post=34460"}],"curies":[{"name":"wp","href":"https:\/\/api.w.org\/{rel}","templated":true}]}}