{"id":34436,"date":"2026-01-06T18:19:13","date_gmt":"2026-01-06T17:19:13","guid":{"rendered":"https:\/\/tirzepatyd.eu\/?post_type=product&#038;p=34436"},"modified":"2026-04-18T11:50:26","modified_gmt":"2026-04-18T09:50:26","slug":"retatrutide-20mg","status":"publish","type":"product","link":"https:\/\/tirzepatyd.eu\/de\/produkt\/retatrutide-20mg\/","title":{"rendered":"Triple G 20mg mg Fl\u00e4schchen GLP3"},"content":{"rendered":"<div data-elementor-type=\"product-post\" data-elementor-id=\"34436\" class=\"elementor elementor-34436\" data-elementor-post-type=\"product\">\n\t\t\t\t\t\t<section class=\"elementor-section elementor-top-section elementor-element elementor-element-0a060c4 elementor-section-boxed elementor-section-height-default elementor-section-height-default\" data-id=\"0a060c4\" data-element_type=\"section\" data-e-type=\"section\">\n\t\t\t\t\t\t<div class=\"elementor-container elementor-column-gap-default\">\n\t\t\t\t\t<div class=\"elementor-column elementor-col-100 elementor-top-column elementor-element elementor-element-10a03f2\" data-id=\"10a03f2\" data-element_type=\"column\" data-e-type=\"column\">\n\t\t\t<div class=\"elementor-widget-wrap elementor-element-populated\">\n\t\t\t\t\t\t<div class=\"elementor-element elementor-element-8d55ed4 elementor-widget elementor-widget-text-editor\" data-id=\"8d55ed4\" data-element_type=\"widget\" data-e-type=\"widget\" data-widget_type=\"text-editor.default\">\n\t\t\t\t\t\t\t\t\t<h2 data-start=\"308\" data-end=\"355\">GLP3 Retatrutid 20mg - Eigenschaften\u00a0<\/h2><p data-start=\"45\" data-end=\"410\">Retatrutid 20 mg, auch GLP3 reta genannt, ist ein synthetisches Aminos\u00e4ure-Forschungspeptid, das als dreifacher Agonist von GLP-1-, GIP- und Glucagon-Rezeptoren entwickelt wurde. Dieser Wirkstoff geh\u00f6rt zu einer neuen Generation von Multirezeptormolek\u00fclen, die in Studien zur Stoffwechselregulation, Glukosehom\u00f6ostase und Energiebilanz untersucht werden.<\/p><p data-start=\"412\" data-end=\"1092\">Ein charakteristisches Merkmal von GLP3-Reta (Retatrutid) ist seine gleichzeitige Wirkung auf drei wichtige Signalachsen. Die Aktivierung des GLP-1-Rezeptors wird im Zusammenhang mit der Regulierung des Appetits, der verz\u00f6gerten Magenentleerung und den Auswirkungen auf die S\u00e4ttigungsmechanismen untersucht. Der GIP-Rezeptor ist nach wie vor an der glukoseabh\u00e4ngigen Modulation der Insulinsekretion und der Stoffwechselreaktion beteiligt, w\u00e4hrend die Glucagon-Komponente auf ihre Auswirkungen auf den Energieverbrauch und den Substratstoffwechsel untersucht wird. Es ist dieses komplexe Rezeptorprofil, das Retatrutid 20 mg zu einem wichtigen Studienmaterial in der Analyse der modernen metabolischen Pharmakologie macht.<\/p><hr data-start=\"1330\" data-end=\"1333\" \/><h2 data-start=\"1335\" data-end=\"1380\">Wo kann man Retatrutide 20mg online kaufen?<\/h2><p data-start=\"1382\" data-end=\"1662\"><strong data-start=\"1382\" data-end=\"1473\">GLP3-Rheta oder Retatrutid ist derzeit nicht als Standardmedikament in Apotheken erh\u00e4ltlich<\/strong>. Dieser Stoff befindet sich in einem fortgeschrittenen Stadium der klinischen Erprobung und ist noch nicht allgemein als Arzneimittel f\u00fcr die routinem\u00e4\u00dfige Anwendung zugelassen.<\/p><p data-start=\"1664\" data-end=\"1993\">Die einzigen legalen und medizinisch \u00fcberwachten Formen des Zugangs zu Retatrutid sind <strong data-start=\"1735\" data-end=\"1765\">Programme f\u00fcr klinische Pr\u00fcfungen<\/strong>. Bei den im Internet als \u201eForschungspeptid\u201d oder \u201eForschungspeptid\u201d bezeichneten Produkten handelt es sich nicht um zugelassene Humanarzneimittel, und ihre Qualit\u00e4t und Zusammensetzung unterliegen nicht denselben Kontrollstandards wie pharmazeutische Produkte.<\/p><p data-start=\"1995\" data-end=\"2135\">Unter dem Gesichtspunkt der Sicherheit <strong data-start=\"2028\" data-end=\"2041\">GLP3-Rheta<\/strong> sollten nur betrachtet werden als <strong data-start=\"2081\" data-end=\"2102\">Pr\u00fcfsubstanz<\/strong>, und nicht als Verbraucherprodukt.<\/p><hr data-start=\"2137\" data-end=\"2140\" \/><h2>Stoffwechselforschung<\/h2><p data-start=\"264\" data-end=\"521\">Klinische Studien haben gezeigt, dass Retatrutid 20 mg eine sehr starke Wirkung auf die Gewichtsreduktion bei fettleibigen Erwachsenen hat. Dies wurde in randomisierten, placebokontrollierten Studien mit einer Dauer von bis zu 48 Wochen best\u00e4tigt.<\/p><p data-start=\"523\" data-end=\"954\">In dieser Studie wurden mehrere Dosisstufen von Retatrutid in einem schrittweisen Eskalationsschema untersucht. Es wurde eine klare Dosis-Wirkungs-Beziehung beobachtet, bei der h\u00f6here Dosen mit einem st\u00e4rkeren Gewichtsverlust verbunden waren. In den Gruppen, die die h\u00f6chsten Dosen erhielten, erreichte die durchschnittliche Gewichtsreduktion etwa 24-26% des Ausgangsgewichts, eines der h\u00f6chsten Ergebnisse, die in Studien zur pharmakologischen Adipositasbehandlung verzeichnet wurden.<\/p><p data-start=\"956\" data-end=\"1341\">Erg\u00e4nzende Analysen zeigten, dass die Gewichtsabnahme schrittweise erfolgte und im Verlauf der Therapie anhielt, ohne dass es in den letzten Wochen der Studie zu einem abrupten Plateau kam. Die Gewichtsreduktion fand haupts\u00e4chlich im Fettgewebe statt, was auf eine positive Wirkung von Retatrutid auf die K\u00f6rperzusammensetzung hinweist und nicht nur auf einen kurzfristigen Gewichtsverlust aufgrund von Dehydrierung oder Verlust an fettfreier K\u00f6rpermasse.<\/p><hr data-start=\"2973\" data-end=\"2976\" \/><h2 data-start=\"2978\" data-end=\"3034\">GLP3 Retatrutide 20mg Studiendesigns und Studienbeobachtungen<\/h2><p data-start=\"3036\" data-end=\"3260\">F\u00fcr GLP3-Rheta (Retatrutid) gibt es kein zugelassenes Dosierungsschema f\u00fcr Patienten, da es sich nach wie vor um eine Pr\u00fcfsubstanz handelt und alle Angaben zur Dosierung nur aus den Protokollen der klinischen Studien der Phasen II und III stammen.<\/p><p data-start=\"115\" data-end=\"444\">Neben der Ver\u00e4nderung des K\u00f6rpergewichts wurde Retatrutid 20 mg (GLP3 reta) in Studien auch auf andere Stoffwechselparameter untersucht. Bei Probanden mit Typ-2-Diabetes wurde eine verbesserte Blutzuckerkontrolle beobachtet, die mit der Wirkung der Substanz auf die glukoseabh\u00e4ngige insulinotrope Reaktion und ausgew\u00e4hlte Indizes der metabolischen Sensitivit\u00e4t zusammenh\u00e4ngt.<\/p><p data-start=\"446\" data-end=\"780\">Die verf\u00fcgbaren Analysen der K\u00f6rperzusammensetzung deuteten darauf hin, dass die beobachteten Ver\u00e4nderungen haupts\u00e4chlich im Fettgewebe stattfanden, was f\u00fcr die Bewertung der Qualit\u00e4t der Stoffwechselreaktion wichtig ist. In den Ver\u00f6ffentlichungen wurden auch positive Ver\u00e4nderungen ausgew\u00e4hlter kardiometabolischer Parameter beschrieben, einschlie\u00dflich Indizes f\u00fcr den Fett- und Energiestoffwechsel.<\/p><p data-start=\"5312\" data-end=\"5507\"><a href=\"https:\/\/tirzepatyd.eu\/de\/shop-produkt\/orforglipron\/\">Probieren Sie auch GLP-1 (Orforglipron) Kapseln 5mg\/60caps<\/a><\/p><p data-start=\"5312\" data-end=\"5507\"><a href=\"https:\/\/tirzepatyd.eu\/wp-content\/uploads\/2026\/01\/Retatrutide-20mg-vial-Camera.png\"><img fetchpriority=\"high\" decoding=\"async\" class=\"aligncenter wp-image-34437 size-medium\" src=\"https:\/\/tirzepatyd.eu\/wp-content\/uploads\/2026\/01\/Retatrutide-20mg-vial-Camera-300x225.png\" alt=\"GLP3 RETA PEPTIDE Retatrutide 20mg - Peptidreagenz in Durchstechflasche f\u00fcr die Metabolismusforschung\" width=\"300\" height=\"225\" srcset=\"https:\/\/tirzepatyd.eu\/wp-content\/uploads\/2026\/01\/Retatrutide-20mg-vial-Camera-300x225.png 300w, https:\/\/tirzepatyd.eu\/wp-content\/uploads\/2026\/01\/Retatrutide-20mg-vial-Camera-768x576.png 768w, https:\/\/tirzepatyd.eu\/wp-content\/uploads\/2026\/01\/Retatrutide-20mg-vial-Camera-16x12.png 16w, https:\/\/tirzepatyd.eu\/wp-content\/uploads\/2026\/01\/Retatrutide-20mg-vial-Camera-800x600.png 800w, https:\/\/tirzepatyd.eu\/wp-content\/uploads\/2026\/01\/Retatrutide-20mg-vial-Camera-64x48.png 64w, https:\/\/tirzepatyd.eu\/wp-content\/uploads\/2026\/01\/Retatrutide-20mg-vial-Camera.png 1024w\" sizes=\"(max-width: 300px) 100vw, 300px\" \/><\/a><\/p><hr data-start=\"5509\" data-end=\"5512\" \/><p data-start=\"5514\" data-end=\"5530\"><strong>Wissenschaftliche Quellen:<\/strong><\/p><p data-start=\"5532\" data-end=\"5753\"><strong data-start=\"5532\" data-end=\"5609\">1 PubMed - klinische Studie zu Retatrutid bei fettleibigen Personen (48 Wochen)<\/strong><br data-start=\"5609\" data-end=\"5612\" \/><a class=\"decorated-link\" href=\"https:\/\/pubmed.ncbi.nlm.nih.gov\/37366315\" target=\"_new\" rel=\"noopener\" data-start=\"5612\" data-end=\"5653\">https:\/\/pubmed.ncbi.nlm.nih.gov\/37366315\/<\/a><br data-start=\"5653\" data-end=\"5656\" \/>Best\u00e4tigt den Wirkmechanismus als GLP-1\/GIP\/Glucagon-Triagonist und hohe Gewichtsreduktion.<\/p><p data-start=\"5755\" data-end=\"5985\"><strong data-start=\"5755\" data-end=\"5832\">2. das New England Journal of Medicine - vollst\u00e4ndige Ver\u00f6ffentlichung der Studienergebnisse<\/strong><br data-start=\"5832\" data-end=\"5835\" \/><a class=\"decorated-link\" href=\"https:\/\/www.nejm.org\/doi\/full\/10.1056\/NEJMoa2301972\" target=\"_new\" rel=\"noopener\" data-start=\"5835\" data-end=\"5886\">https:\/\/www.nejm.org\/doi\/full\/10.1056\/NEJMoa2301972<\/a><br data-start=\"5886\" data-end=\"5889\" \/>Beschreibt die Wirksamkeit (bis zu ~24% Gewichtsverlust), das Sicherheitsprofil und die klinische Relevanz.<\/p><p data-start=\"5987\" data-end=\"6169\"><strong data-start=\"5987\" data-end=\"6048\">3 PubMed - Phase-II-Studie bei Patienten mit Typ-2-Diabetes<\/strong><br data-start=\"6048\" data-end=\"6051\" \/><a class=\"decorated-link\" href=\"https:\/\/pubmed.ncbi.nlm.nih.gov\/37385280\" target=\"_new\" rel=\"noopener\" data-start=\"6051\" data-end=\"6092\">https:\/\/pubmed.ncbi.nlm.nih.gov\/37385280\/<\/a><br data-start=\"6092\" data-end=\"6095\" \/>Sie best\u00e4tigt eine verbesserte Kontrolle des Blutzuckerspiegels und eine gleichzeitige Gewichtsreduktion.<\/p><p data-start=\"6171\" data-end=\"6362\"><strong data-start=\"6171\" data-end=\"6225\">4. pubMed - Analyse der Dosis und Vertr\u00e4glichkeit von Retatrutid<\/strong><br data-start=\"6225\" data-end=\"6228\" \/><a class=\"decorated-link\" href=\"https:\/\/pubmed.ncbi.nlm.nih.gov\/38858523\" target=\"_new\" rel=\"noopener\" data-start=\"6228\" data-end=\"6269\">https:\/\/pubmed.ncbi.nlm.nih.gov\/38858523\/<\/a><br data-start=\"6269\" data-end=\"6272\" \/>Beschreibt Dosis-Eskalationsschemata und das Verh\u00e4ltnis von Dosis und Wirkung.<\/p><p data-start=\"6364\" data-end=\"6551\"><strong data-start=\"6364\" data-end=\"6427\">5 NEJM - redaktioneller Kommentar zu Triagonisten (\u201eTriple G\u201d)<\/strong><br data-start=\"6427\" data-end=\"6430\" \/><a class=\"decorated-link\" href=\"https:\/\/www.nejm.org\/doi\/abs\/10.1056\/NEJMe2307282\" target=\"_new\" rel=\"noopener\" data-start=\"6430\" data-end=\"6479\">https:\/\/www.nejm.org\/doi\/abs\/10.1056\/NEJMe2307282<\/a><br data-start=\"6479\" data-end=\"6482\" \/>Erl\u00e4utert die Bedeutung von Retatrutid als n\u00e4chste Generation der Adipositastherapie.<\/p><hr data-start=\"4089\" data-end=\"4092\" \/><p data-start=\"6364\" data-end=\"6551\"><strong>Das Produkt ist f\u00fcr die wissenschaftliche Forschung und Laboranalyse bestimmt. Alle Artikel und Informationen auf dieser Website dienen nur zu Informations- und Bildungszwecken.<\/strong><\/p>\t\t\t\t\t\t\t\t<\/div>\n\t\t\t\t\t<\/div>\n\t\t<\/div>\n\t\t\t\t\t<\/div>\n\t\t<\/section>\n\t\t\t\t<\/div>","protected":false},"excerpt":{"rendered":"<p><strong data-start=\"477\" data-end=\"504\">Dreifach G 20mg<\/strong> ist ein synthetisches Forschungspeptid, das zur Gruppe der Rezeptor-Triagonisten geh\u00f6rt. Es wurde entwickelt, um gleichzeitig GLP-1-, GIP- und Glucagon-Rezeptoren zu aktivieren, die bei der Regulierung des Stoffwechsels und des Energiestoffwechsels eine Schl\u00fcsselrolle spielen.<\/p>","protected":false},"featured_media":34437,"comment_status":"open","ping_status":"closed","template":"","meta":{"_acf_changed":false},"product_brand":[],"product_cat":[124,109,15],"product_tag":[136],"class_list":{"0":"post-34436","1":"product","2":"type-product","3":"status-publish","4":"has-post-thumbnail","6":"product_cat-produkty-w-fiolce","7":"product_cat-triple-g","8":"product_cat-laboratory-research","9":"product_tag-fiolka","11":"first","12":"instock","13":"sale","14":"shipping-taxable","15":"purchasable","16":"product-type-simple"},"acf":[],"aioseo_notices":[],"_links":{"self":[{"href":"https:\/\/tirzepatyd.eu\/de\/wp-json\/wp\/v2\/product\/34436","targetHints":{"allow":["GET"]}}],"collection":[{"href":"https:\/\/tirzepatyd.eu\/de\/wp-json\/wp\/v2\/product"}],"about":[{"href":"https:\/\/tirzepatyd.eu\/de\/wp-json\/wp\/v2\/types\/product"}],"replies":[{"embeddable":true,"href":"https:\/\/tirzepatyd.eu\/de\/wp-json\/wp\/v2\/comments?post=34436"}],"version-history":[{"count":51,"href":"https:\/\/tirzepatyd.eu\/de\/wp-json\/wp\/v2\/product\/34436\/revisions"}],"predecessor-version":[{"id":35470,"href":"https:\/\/tirzepatyd.eu\/de\/wp-json\/wp\/v2\/product\/34436\/revisions\/35470"}],"wp:featuredmedia":[{"embeddable":true,"href":"https:\/\/tirzepatyd.eu\/de\/wp-json\/wp\/v2\/media\/34437"}],"wp:attachment":[{"href":"https:\/\/tirzepatyd.eu\/de\/wp-json\/wp\/v2\/media?parent=34436"}],"wp:term":[{"taxonomy":"product_brand","embeddable":true,"href":"https:\/\/tirzepatyd.eu\/de\/wp-json\/wp\/v2\/product_brand?post=34436"},{"taxonomy":"product_cat","embeddable":true,"href":"https:\/\/tirzepatyd.eu\/de\/wp-json\/wp\/v2\/product_cat?post=34436"},{"taxonomy":"product_tag","embeddable":true,"href":"https:\/\/tirzepatyd.eu\/de\/wp-json\/wp\/v2\/product_tag?post=34436"}],"curies":[{"name":"wp","href":"https:\/\/api.w.org\/{rel}","templated":true}]}}