{"id":25510,"date":"2025-01-11T12:41:49","date_gmt":"2025-01-11T11:41:49","guid":{"rendered":"https:\/\/tirzepatyd.eu\/?post_type=product&#038;p=25510"},"modified":"2026-04-18T10:15:50","modified_gmt":"2026-04-18T08:15:50","slug":"tirzepatid-20mg","status":"publish","type":"product","link":"https:\/\/tirzepatyd.eu\/de\/produkt\/tirzepatid-20mg\/","title":{"rendered":"GLP1+GIP 20 mg"},"content":{"rendered":"<div data-elementor-type=\"product-post\" data-elementor-id=\"25510\" class=\"elementor elementor-25510\" data-elementor-post-type=\"product\">\n\t\t\t\t\t\t<section class=\"elementor-section elementor-top-section elementor-element elementor-element-0a060c4 elementor-section-boxed elementor-section-height-default elementor-section-height-default\" data-id=\"0a060c4\" data-element_type=\"section\" data-e-type=\"section\">\n\t\t\t\t\t\t<div class=\"elementor-container elementor-column-gap-default\">\n\t\t\t\t\t<div class=\"elementor-column elementor-col-100 elementor-top-column elementor-element elementor-element-10a03f2\" data-id=\"10a03f2\" data-element_type=\"column\" data-e-type=\"column\">\n\t\t\t<div class=\"elementor-widget-wrap elementor-element-populated\">\n\t\t\t\t\t\t<div class=\"elementor-element elementor-element-8d55ed4 elementor-widget elementor-widget-text-editor\" data-id=\"8d55ed4\" data-element_type=\"widget\" data-e-type=\"widget\" data-widget_type=\"text-editor.default\">\n\t\t\t\t\t\t\t\t\t<h2 data-start=\"215\" data-end=\"285\">Tirzepatide 20mg - molekulare Charakterisierung<\/h2><p data-start=\"287\" data-end=\"654\"><span class=\"hover:entity-accent entity-underline inline cursor-pointer align-baseline\"><span class=\"whitespace-normal\">Thirzepatid 20mg<\/span><\/span>\u00a0ist ein synthetisches Peptid mit einem Molekulargewicht von etwa 4813 Da, das als dualer Agonist f\u00fcr GIPR- und GLP-1R-Rezeptoren entwickelt wurde. Das Molek\u00fcl enth\u00e4lt eine modifizierte Aminos\u00e4uresequenz und eine Lipidkette, die eine reversible Bindung an Albumin erm\u00f6glicht, was die Halbwertszeit verl\u00e4ngert und die Stabilit\u00e4t in der biologischen Umgebung erh\u00f6ht.<\/p><p data-start=\"656\" data-end=\"924\">Den pharmakologischen Analysen zufolge, die in der \u00dcbersichtsarbeit von Min et al. (2023) beschrieben werden, ist tirzepatide in der Lage, Inkretinrezeptoren \u00fcber einen Gs-Protein-abh\u00e4ngigen Mechanismus zu aktivieren, was zu einem Anstieg des cAMP-Spiegels und zur Aktivierung nachgeschalteter Signalkaskaden f\u00fchrt.<\/p><hr data-start=\"926\" data-end=\"929\" \/><h2 data-start=\"931\" data-end=\"1000\">Rezeptormechanismus von Thiothrombid 20mg - Daten aus pr\u00e4klinischen und klinischen Studien<\/h2><p data-start=\"1002\" data-end=\"1047\">Die doppelte Aktivierung von GIPR und GLP-1R f\u00fchrt zu:<\/p><ul data-start=\"1049\" data-end=\"1253\"><li data-start=\"1049\" data-end=\"1095\"><p data-start=\"1051\" data-end=\"1095\">Anstieg der glukoseabh\u00e4ngigen Insulinsekretion,<\/p><\/li><li data-start=\"1096\" data-end=\"1160\"><p data-start=\"1098\" data-end=\"1160\">Hemmung der Glucagonsekretion unter hyperglyk\u00e4mischen Bedingungen,<\/p><\/li><li data-start=\"1161\" data-end=\"1198\"><p data-start=\"1163\" data-end=\"1198\">Verlangsamung der Magenentleerung,<\/p><\/li><li data-start=\"1199\" data-end=\"1253\"><p data-start=\"1201\" data-end=\"1253\">Auswirkungen auf die zentralen Mechanismen der Appetitregulierung.<\/p><\/li><\/ul><p data-start=\"1255\" data-end=\"1410\">In-vitro-Studien haben gezeigt, dass die Aktivierung dieser Rezeptoren den cAMP-Spiegel erh\u00f6ht und die Expression von Genen im Zusammenhang mit dem Glukose- und Fettstoffwechsel moduliert.<\/p><p data-start=\"1412\" data-end=\"1607\">In einer mechanistischen \u00dcbersichtsarbeit (Min T. et al., 2023) wird hervorgehoben, dass die gleichzeitige Aktivierung von GIP und GLP-1 zu synergistischen Wirkungen f\u00fchren kann, die \u00fcber die Summe der Wirkungen der einzelnen Agonisten hinausgehen.<\/p><p data-start=\"1609\" data-end=\"1669\">Quelle:<br data-start=\"1616\" data-end=\"1619\" \/><a class=\"decorated-link\" href=\"https:\/\/pmc.ncbi.nlm.nih.gov\/articles\/PMC10107501\/\" target=\"_new\" rel=\"noopener\" data-start=\"1619\" data-end=\"1669\">https:\/\/pmc.ncbi.nlm.nih.gov\/articles\/PMC10107501\/<\/a><\/p><hr data-start=\"1671\" data-end=\"1674\" \/><h2 data-start=\"1676\" data-end=\"1744\">Klinische Befunde - Analyse der h\u00f6chsten Expositionswerte<\/h2><p data-start=\"1746\" data-end=\"1897\">In der SURMOUNT-1-Studie, die in der Zeitschrift <span class=\"hover:entity-accent entity-underline inline cursor-pointer align-baseline\"><span class=\"whitespace-normal\">New England Journal of Medicine<\/span><\/span> (2022) bewerteten die Wirkung von tirzepatydu auf das K\u00f6rpergewicht nach 72 Wochen Nachbeobachtung.<\/p><p data-start=\"1899\" data-end=\"1963\">F\u00fcr die h\u00f6chste in der Studie untersuchte Dosis (15 mg) wurde dies berichtet:<\/p><ul data-start=\"1965\" data-end=\"2127\"><li data-start=\"1965\" data-end=\"2003\"><p data-start=\"1967\" data-end=\"2003\">durchschnittliche Gewichtsreduzierung von 20,9%,<\/p><\/li><li data-start=\"2004\" data-end=\"2057\"><p data-start=\"2006\" data-end=\"2057\">\u226520% Gewichtsreduktion bei mehr als 50% Teilnehmern,<\/p><\/li><li data-start=\"2058\" data-end=\"2127\"><p data-start=\"2060\" data-end=\"2127\">Verbesserung der Lipidparameter und Senkung des systolischen Blutdrucks.<\/p><\/li><\/ul><p data-start=\"2129\" data-end=\"2306\">In SURPASS-2 (NEJM 2021) wurde gezeigt, dass tirzepatide zu einer st\u00e4rkeren Senkung des HbA1c-Wertes f\u00fchrte als <span class=\"hover:entity-accent entity-underline inline cursor-pointer align-baseline\"><span class=\"whitespace-normal\">Semaglutid<\/span><\/span> und zu einer deutlichen Verringerung des K\u00f6rpergewichts.<\/p><p data-start=\"2308\" data-end=\"2403\">Quellen:<br data-start=\"2315\" data-end=\"2318\" \/><a class=\"decorated-link\" href=\"https:\/\/pubmed.ncbi.nlm.nih.gov\/35658024\/\" target=\"_new\" rel=\"noopener\" data-start=\"2318\" data-end=\"2359\">https:\/\/pubmed.ncbi.nlm.nih.gov\/35658024\/<\/a><br data-start=\"2359\" data-end=\"2362\" \/><a class=\"decorated-link\" href=\"https:\/\/pubmed.ncbi.nlm.nih.gov\/34170647\/\" target=\"_new\" rel=\"noopener\" data-start=\"2362\" data-end=\"2403\">https:\/\/pubmed.ncbi.nlm.nih.gov\/34170647\/<\/a><\/p><p data-start=\"2405\" data-end=\"2495\">Diese Daten weisen auf eine eindeutige dosisabh\u00e4ngige Wirkung und Intensit\u00e4t der Rezeptoraktivierung hin.<\/p><hr data-start=\"2497\" data-end=\"2500\" \/><h2 data-start=\"2502\" data-end=\"2537\">Bedeutung der Variante tirzepatid 20mg f\u00fcr die Forschung<\/h2><p data-start=\"2539\" data-end=\"2676\">Obwohl in Zulassungsstudien Dosierungen bis zu 15 mg untersucht wurden, bietet die 20-mg-Variante ein Modell f\u00fcr die Bewertung in der Laborumgebung:<\/p><ul data-start=\"2678\" data-end=\"2861\"><li data-start=\"2678\" data-end=\"2729\"><p data-start=\"2680\" data-end=\"2729\">maximale Aktivierung der Inkretinrezeptoren,<\/p><\/li><li data-start=\"2730\" data-end=\"2761\"><p data-start=\"2732\" data-end=\"2761\">Dosis-Wirkungs-Beziehung,<\/p><\/li><li data-start=\"2762\" data-end=\"2798\"><p data-start=\"2764\" data-end=\"2798\">Intensit\u00e4t der GPCR-Signalisierung,<\/p><\/li><li data-start=\"2799\" data-end=\"2861\"><p data-start=\"2801\" data-end=\"2861\">metabolische Auswirkungen bei h\u00f6herer Rezeptorexposition.<\/p><\/li><\/ul><p data-start=\"2863\" data-end=\"3023\">In Tiermodellen f\u00fchrte die Aktivierung der GIP\/GLP-1-Achse zu Ver\u00e4nderungen in der Expression von Genen, die mit dem Fettstoffwechsel und der Regulierung des Kohlenhydratstoffwechsels zusammenh\u00e4ngen.<\/p><hr data-start=\"3025\" data-end=\"3028\" \/><h2 data-start=\"3030\" data-end=\"3060\">Art und Qualit\u00e4t des Materials<\/h2><p data-start=\"3062\" data-end=\"3192\">Das als Testmaterial angebotene Tirzepatid 20 mg stellt eine Referenzsubstanz f\u00fcr biochemische und pharmakologische Analysen dar.<\/p><p data-start=\"3194\" data-end=\"3357\">Die Qualit\u00e4t des Produkts sollte durch eine analytische Dokumentation (z. B. HPLC-Profil, Analysenzertifikat - CoA) best\u00e4tigt werden, die die Reproduzierbarkeit der Versuchsergebnisse gew\u00e4hrleistet.<\/p><p data-start=\"3359\" data-end=\"3451\">Das Produkt ist nur f\u00fcr Forschungs- und Analysezwecke bestimmt (Research Use Only).<\/p><hr data-start=\"3025\" data-end=\"3028\" \/><h2 data-start=\"127\" data-end=\"195\">Thirzepatid vs Semaglutid vs Retatrutid - Rezeptormechanismus<\/h2><p data-start=\"197\" data-end=\"450\"><span class=\"hover:entity-accent entity-underline inline cursor-pointer align-baseline\"><span class=\"whitespace-normal\">Semaglutid<\/span><\/span>, <span class=\"hover:entity-accent entity-underline inline cursor-pointer align-baseline\"><span class=\"whitespace-normal\">Tirzepatid<\/span><\/span> und <span class=\"hover:entity-accent entity-underline inline cursor-pointer align-baseline\"><span class=\"whitespace-normal\">Retatrutid<\/span><\/span> geh\u00f6ren zur Gruppe der fortgeschrittenen Inkretin-Agonisten, die sich durch das Ausma\u00df der Rezeptoraktivierung und das pharmakodynamische Profil unterscheiden.<\/p><p data-start=\"452\" data-end=\"661\"><strong data-start=\"452\" data-end=\"467\">Semaglutid<\/strong> wirkt selektiv auf den GLP-1R-Rezeptor. Die Aktivierung dieses Rezeptors f\u00fchrt zu einem Anstieg des cAMP-Spiegels, einer Modulation der insulinotropen Reaktion und Auswirkungen auf die zentralen Mechanismen der Appetitregulierung.<\/p><p data-start=\"663\" data-end=\"1138\"><strong data-start=\"663\" data-end=\"678\">Tirzepatid<\/strong>, einschlie\u00dflich der Option, die als <strong data-start=\"709\" data-end=\"728\">tirzepatid 20mg<\/strong>, weist durch die gleichzeitige Aktivierung von GLP-1R- und GIPR-Rezeptoren einen doppelten Wirkmechanismus auf. Die Integration dieser beiden Inkretin-Achsen f\u00fchrt zu der in klinischen Studien beobachteten verst\u00e4rkten cAMP-abh\u00e4ngigen Reaktion und ausgepr\u00e4gten dosisabh\u00e4ngigen Wirkung. Aus der Literatur geht hervor, dass ein dualer GIP- und GLP-1-Agonismus eine synergistische Wirkung haben kann, die \u00fcber die eines selektiven GLP-1-Agonisten hinausgeht.<\/p><p data-start=\"1140\" data-end=\"1400\"><strong data-start=\"1140\" data-end=\"1155\">Retatrutid<\/strong> stellt ein komplexeres Modell dar - es aktiviert den GLP-1R, den GIPR und den Glucagonrezeptor (GCGR). Ein solcher Triagonismus erweitert die metabolische Reaktion um zus\u00e4tzliche Mechanismen im Zusammenhang mit der Regulierung des Fett- und Energiesubstratstoffwechsels.<\/p><p data-start=\"1402\" data-end=\"1431\">Zusammenfassend kann man sagen, dass die Mechanik stimmt:<\/p><ul data-start=\"1433\" data-end=\"1596\"><li data-start=\"1433\" data-end=\"1478\"><p data-start=\"1435\" data-end=\"1478\">Semaglutid, ein selektiver GLP-1R-Agonist,<\/p><\/li><li data-start=\"1479\" data-end=\"1547\"><p data-start=\"1481\" data-end=\"1547\">tirzepatide \/ tirzepatid 20mg - dualer Agonist von GLP-1R und GIPR,<\/p><\/li><li data-start=\"1548\" data-end=\"1596\"><p data-start=\"1550\" data-end=\"1596\">Retatrutid - ein Triagonist von GLP-1R, GIPR und GCGR.<\/p><\/li><\/ul><p data-start=\"1598\" data-end=\"1710\">Die Bandbreite der aktivierten Rezeptoren ist ein Schl\u00fcsselelement f\u00fcr die Unterscheidung dieser Molek\u00fcle in pharmakologischen Studien.<\/p><hr data-start=\"1712\" data-end=\"1715\" \/><h2 data-start=\"1717\" data-end=\"1783\">Thirzepatide 20mg - Verf\u00fcgbarkeit und wo zu kaufen (Forschung Natur)<\/h2><p data-start=\"1785\" data-end=\"1942\">In einem Laborkontext <strong data-start=\"1813\" data-end=\"1832\">tirzepatid 20mg<\/strong> dient nur als Referenzmaterial f\u00fcr Forschungszwecke (nur f\u00fcr Forschungszwecke).<\/p><p data-start=\"1944\" data-end=\"2071\">Substanzen dieser Art werden von spezialisierten Anbietern von Reagenzien und Analysematerialien angeboten, die diese liefern:<\/p><ul data-start=\"2073\" data-end=\"2226\"><li data-start=\"2073\" data-end=\"2128\"><p data-start=\"2075\" data-end=\"2128\">Qualit\u00e4tsdokumentation (Analysezertifikat - CoA),<\/p><\/li><li data-start=\"2129\" data-end=\"2174\"><p data-start=\"2131\" data-end=\"2174\">best\u00e4tigtes Reinheitsprofil (z. B. HPLC),<\/p><\/li><li data-start=\"2175\" data-end=\"2226\"><p data-start=\"2177\" data-end=\"2226\">Chargenidentifizierung und Lagerbedingungen.<\/p><\/li><\/ul><p data-start=\"2228\" data-end=\"2344\">Auf dem Forschungsmarkt ist es wichtig, die analytische Qualit\u00e4t und die Kompatibilit\u00e4t mit dem Versuchsziel zu best\u00e4tigen.<\/p><p data-start=\"2346\" data-end=\"2464\">Das Produkt ist nicht f\u00fcr den alleinigen therapeutischen Gebrauch oder f\u00fcr die Verwendung au\u00dferhalb kontrollierter Studien bestimmt.<\/p><p data-start=\"2346\" data-end=\"2464\"><a href=\"https:\/\/tirzepatyd.eu\/de\/shop-produkt\/tirzepatide-20-mg-stift\">Siehe auch Tirzepatide 20 mg in Vorrichtung (Pen)<\/a><\/p><hr data-start=\"1712\" data-end=\"1715\" \/><p data-start=\"2346\" data-end=\"2464\"><a href=\"https:\/\/tirzepatyd.eu\/wp-content\/uploads\/2026\/02\/Tirzepatid-20mg.png\"><img fetchpriority=\"high\" decoding=\"async\" class=\"wp-image-35032 size-medium aligncenter\" src=\"https:\/\/tirzepatyd.eu\/wp-content\/uploads\/2026\/02\/Tirzepatid-20mg-300x225.png\" alt=\"Tirzepatid 20mg in vial \u2013 high purity laboratory peptide\" width=\"300\" height=\"225\" srcset=\"https:\/\/tirzepatyd.eu\/wp-content\/uploads\/2026\/02\/Tirzepatid-20mg-300x225.png 300w, https:\/\/tirzepatyd.eu\/wp-content\/uploads\/2026\/02\/Tirzepatid-20mg-768x576.png 768w, https:\/\/tirzepatyd.eu\/wp-content\/uploads\/2026\/02\/Tirzepatid-20mg-16x12.png 16w, https:\/\/tirzepatyd.eu\/wp-content\/uploads\/2026\/02\/Tirzepatid-20mg-800x600.png 800w, https:\/\/tirzepatyd.eu\/wp-content\/uploads\/2026\/02\/Tirzepatid-20mg-400x300.png 400w, https:\/\/tirzepatyd.eu\/wp-content\/uploads\/2026\/02\/Tirzepatid-20mg-64x48.png 64w, https:\/\/tirzepatyd.eu\/wp-content\/uploads\/2026\/02\/Tirzepatid-20mg.png 1024w\" sizes=\"(max-width: 300px) 100vw, 300px\" \/><\/a><\/p><hr data-start=\"1712\" data-end=\"1715\" \/><p data-start=\"2346\" data-end=\"2464\"><strong>Das Produkt ist f\u00fcr die wissenschaftliche Forschung und Laboranalyse bestimmt. Alle Artikel und Informationen auf dieser Website dienen nur zu Informations- und Bildungszwecken.<\/strong><\/p>\t\t\t\t\t\t\t\t<\/div>\n\t\t\t\t\t<\/div>\n\t\t<\/div>\n\t\t\t\t\t<\/div>\n\t\t<\/section>\n\t\t\t\t<\/div>","protected":false},"excerpt":{"rendered":"<p data-start=\"115\" data-end=\"438\"><strong data-start=\"115\" data-end=\"134\">Thirzepatid 20mg Fl\u00e4schchen<\/strong> ist ein hochentwickeltes synthetisches Peptid mit doppelter Aktivit\u00e4t gegen GIP- und GLP-1-Rezeptoren, das in speziellen Studien zum Inkretin-Stoffwechsel und zur Signal\u00fcbertragung verwendet wird. Die 20-mg-Variante erm\u00f6glicht die Analyse der intensiven Rezeptoraktivierung und der Dosis-Wirkungs-Beziehungen unter Laborbedingungen.<\/p>","protected":false},"featured_media":25514,"comment_status":"open","ping_status":"closed","template":"","meta":{"_acf_changed":false},"product_brand":[],"product_cat":[124,111,15],"product_tag":[136],"class_list":{"0":"post-25510","1":"product","2":"type-product","3":"status-publish","4":"has-post-thumbnail","6":"product_cat-produkty-w-fiolce","7":"product_cat-glp1gip","8":"product_cat-laboratory-research","9":"product_tag-fiolka","11":"first","12":"instock","13":"shipping-taxable","14":"purchasable","15":"product-type-simple"},"acf":[],"aioseo_notices":[],"_links":{"self":[{"href":"https:\/\/tirzepatyd.eu\/de\/wp-json\/wp\/v2\/product\/25510","targetHints":{"allow":["GET"]}}],"collection":[{"href":"https:\/\/tirzepatyd.eu\/de\/wp-json\/wp\/v2\/product"}],"about":[{"href":"https:\/\/tirzepatyd.eu\/de\/wp-json\/wp\/v2\/types\/product"}],"replies":[{"embeddable":true,"href":"https:\/\/tirzepatyd.eu\/de\/wp-json\/wp\/v2\/comments?post=25510"}],"version-history":[{"count":15,"href":"https:\/\/tirzepatyd.eu\/de\/wp-json\/wp\/v2\/product\/25510\/revisions"}],"predecessor-version":[{"id":35456,"href":"https:\/\/tirzepatyd.eu\/de\/wp-json\/wp\/v2\/product\/25510\/revisions\/35456"}],"wp:featuredmedia":[{"embeddable":true,"href":"https:\/\/tirzepatyd.eu\/de\/wp-json\/wp\/v2\/media\/25514"}],"wp:attachment":[{"href":"https:\/\/tirzepatyd.eu\/de\/wp-json\/wp\/v2\/media?parent=25510"}],"wp:term":[{"taxonomy":"product_brand","embeddable":true,"href":"https:\/\/tirzepatyd.eu\/de\/wp-json\/wp\/v2\/product_brand?post=25510"},{"taxonomy":"product_cat","embeddable":true,"href":"https:\/\/tirzepatyd.eu\/de\/wp-json\/wp\/v2\/product_cat?post=25510"},{"taxonomy":"product_tag","embeddable":true,"href":"https:\/\/tirzepatyd.eu\/de\/wp-json\/wp\/v2\/product_tag?post=25510"}],"curies":[{"name":"wp","href":"https:\/\/api.w.org\/{rel}","templated":true}]}}