{"id":24258,"date":"2024-12-23T16:46:35","date_gmt":"2024-12-23T15:46:35","guid":{"rendered":"https:\/\/tirzepatyd.eu\/?post_type=product&#038;p=24258"},"modified":"2026-04-18T10:54:13","modified_gmt":"2026-04-18T08:54:13","slug":"semaglutid-4mg-pen","status":"publish","type":"product","link":"https:\/\/tirzepatyd.eu\/de\/produkt\/semaglutid-4mg-pen\/","title":{"rendered":"SEMA G PEN 4mg"},"content":{"rendered":"<div data-elementor-type=\"product-post\" data-elementor-id=\"24258\" class=\"elementor elementor-24258\" data-elementor-post-type=\"product\">\n\t\t\t\t\t\t<section class=\"elementor-section elementor-top-section elementor-element elementor-element-3e4e3a5 elementor-section-boxed elementor-section-height-default elementor-section-height-default\" data-id=\"3e4e3a5\" data-element_type=\"section\" data-e-type=\"section\">\n\t\t\t\t\t\t<div class=\"elementor-container elementor-column-gap-default\">\n\t\t\t\t\t<div class=\"elementor-column elementor-col-100 elementor-top-column elementor-element elementor-element-2aed132\" data-id=\"2aed132\" data-element_type=\"column\" data-e-type=\"column\">\n\t\t\t<div class=\"elementor-widget-wrap elementor-element-populated\">\n\t\t\t\t\t\t<div class=\"elementor-element elementor-element-ab0fafc elementor-widget__width-initial elementor-widget elementor-widget-text-editor\" data-id=\"ab0fafc\" data-element_type=\"widget\" data-e-type=\"widget\" data-widget_type=\"text-editor.default\">\n\t\t\t\t\t\t\t\t\t<h2 data-start=\"146\" data-end=\"179\"><strong data-start=\"149\" data-end=\"179\">Semaglutide 4mg Pen GLP-1 - was es ist, Wirkung, Dosierung, Nebenwirkungen\u00a0<\/strong><\/h2><p data-start=\"224\" data-end=\"692\"><a href=\"https:\/\/tirzepatyd.eu\/de\/semaglutyd-jak-dziala-i-gdzie-go-kupic\/\">Semaglutid<\/a> 4mg Pen ist ein modernes Pr\u00e4parat in Form eines Autoinjektors, das zu einer Gruppe von Arzneimitteln geh\u00f6rt, die als GLP-1-Analoga (glucagon-like peptide-1) bekannt sind. Es wurde f\u00fcr Menschen entwickelt, die mit \u00dcbergewicht, Adipositas oder Typ-2-Diabetes zu k\u00e4mpfen haben, und unterst\u00fctzt dank seiner Konzeption und Wirkungsweise die Gewichtsabnahme, die Appetitkontrolle und die Stabilisierung des Blutzuckerspiegels. Die praktische Form des Pens erm\u00f6glicht eine einfache und pr\u00e4zise Verabreichung des Medikaments einmal pro Woche.<\/p><hr data-start=\"694\" data-end=\"697\" \/><h2 data-start=\"699\" data-end=\"741\"><strong data-start=\"703\" data-end=\"739\">Wie funktioniert Semaglutid 4mg Pen?<\/strong><\/h2><p data-start=\"742\" data-end=\"899\">Wirkstoff - <strong data-start=\"762\" data-end=\"776\">Semaglutid<\/strong> - Es ahmt die Wirkung des nat\u00fcrlichen Hormons GLP-1 nach, das die Stoffwechselprozesse im K\u00f6rper reguliert. Es hat eine multidirektionale Wirkung:<\/p><ul><li data-start=\"903\" data-end=\"1037\"><strong data-start=\"903\" data-end=\"946\">hemmt den Appetit und verl\u00e4ngert das S\u00e4ttigungsgef\u00fchl<\/strong> - beeinflusst das Hungerzentrum im Gehirn und reduziert so das Verlangen nach Essen.<\/li><li data-start=\"1040\" data-end=\"1134\"><strong data-start=\"1040\" data-end=\"1073\">Verlangsamt die Magenentleerung<\/strong>, was pl\u00f6tzliche Hungerattacken reduziert und die Verdauungszeit verl\u00e4ngert.<\/li><li data-start=\"1137\" data-end=\"1295\"><strong data-start=\"1137\" data-end=\"1173\">Stabilisiert den Blutzuckerspiegel<\/strong> - erh\u00f6ht die Insulinsekretion als Reaktion auf einen erh\u00f6hten Glukosespiegel und hemmt gleichzeitig die Glucagonsekretion.<\/li><\/ul><p data-start=\"1297\" data-end=\"1399\">Semaglutid unterst\u00fctzt somit die Gewichtskontrolle und verbessert die Funktion des Kohlenhydratstoffwechsels.<\/p><hr data-start=\"1401\" data-end=\"1404\" \/><h2 data-start=\"1406\" data-end=\"1458\"><strong data-start=\"1410\" data-end=\"1456\">Anmeldung <\/strong><strong data-start=\"2998\" data-end=\"3014\">Semaglutid 4mg Stift<\/strong><\/h2><p data-start=\"1459\" data-end=\"1515\">Semaglutid Pen 4 mg wird haupts\u00e4chlich in der Therapie eingesetzt:<\/p><ul><li data-start=\"1519\" data-end=\"1544\"><strong data-start=\"1519\" data-end=\"1541\">\u00dcbergewicht und Fettleibigkeit<\/strong>,<\/li><li data-start=\"1547\" data-end=\"1569\"><strong data-start=\"1547\" data-end=\"1566\">Typ-2-Diabetes<\/strong>,<\/li><li data-start=\"1572\" data-end=\"1661\"><strong>und in F\u00e4llen, in denen Di\u00e4t und k\u00f6rperliche Bet\u00e4tigung keinen Erfolg gebracht haben.<\/strong><\/li><\/ul><p data-start=\"1663\" data-end=\"1704\">Das Pr\u00e4parat wird f\u00fcr Erwachsene empfohlen:<\/p><ul><li data-start=\"1707\" data-end=\"1730\">z <strong data-start=\"1709\" data-end=\"1727\">BMI \u2265 30 kg\/m\u00b2<\/strong>,<\/li><li data-start=\"1733\" data-end=\"1867\">oder mit <strong data-start=\"1739\" data-end=\"1757\">BMI \u2265 27 kg\/m\u00b2<\/strong>, wenn Komorbidit\u00e4ten wie Bluthochdruck, Fettstoffwechselst\u00f6rungen oder Insulinresistenz vorliegen.<\/li><\/ul><p data-start=\"1869\" data-end=\"1978\">Beginnen Sie die Therapie immer nach R\u00fccksprache mit Ihrem Arzt, der die Indikationen und die Sicherheit der Anwendung beurteilen wird.<\/p><hr data-start=\"1980\" data-end=\"1983\" \/><h2 data-start=\"2994\" data-end=\"3016\"><strong data-start=\"1989\" data-end=\"2019\">Dosierung und Anwendung <\/strong><strong data-start=\"2998\" data-end=\"3014\">Semaglutid<\/strong><\/h2><p data-start=\"2022\" data-end=\"2092\">Semaglutide Pen 4mg wird verwendet <strong data-start=\"2055\" data-end=\"2073\">einmal pro Woche<\/strong>, zu einer bestimmten Zeit.<\/p><ul><li data-start=\"2096\" data-end=\"2190\"><strong data-start=\"2096\" data-end=\"2116\">Ort der Anwendung:<\/strong> Die Injektion erfolgt subkutan - in der Regel in den Bauch, Oberschenkel oder Arm.<\/li><li data-start=\"2193\" data-end=\"2326\"><strong data-start=\"2193\" data-end=\"2214\">Anfangsdosis:<\/strong> Die Behandlung beginnt mit kleineren Dosen, die schrittweise erh\u00f6ht werden, damit sich der K\u00f6rper anpassen kann.<\/li><li data-start=\"2329\" data-end=\"2453\"><strong data-start=\"2329\" data-end=\"2339\">Das ist wichtig:<\/strong> Der Pen ist f\u00fcr den einmaligen Gebrauch bestimmt und kann nach einer Schulung durch das medizinische Personal selbst verabreicht werden.<\/li><\/ul><p data-start=\"2455\" data-end=\"2547\">Die regelm\u00e4\u00dfige Einnahme, wie vom Arzt verordnet, gew\u00e4hrleistet die besten therapeutischen Ergebnisse.<\/p><p data-start=\"2455\" data-end=\"2547\">Pr\u00fcfen Sie das Reagenz <a href=\"https:\/\/tirzepatyd.eu\/de\/produkt\/semaglutide-pen\/\">Semaglutid 2mg im Stift<\/a><\/p><hr data-start=\"2549\" data-end=\"2552\" \/><h2 data-start=\"2994\" data-end=\"3016\"><strong data-start=\"2998\" data-end=\"3014\">Semaglutid 4 mg Stift - s<\/strong><strong data-start=\"2558\" data-end=\"2576\">Nebeneffekte<\/strong><\/h2><p data-start=\"2579\" data-end=\"2708\">Leichte Nebenwirkungen k\u00f6nnen w\u00e4hrend der Anwendung von Semaglutid auftreten, insbesondere zu Beginn der Therapie. Dazu geh\u00f6ren:<\/p><ul><li data-start=\"2712\" data-end=\"2723\">\u00dcbelkeit,<\/li><li data-start=\"2726\" data-end=\"2736\">Erbrechen,<\/li><li data-start=\"2739\" data-end=\"2763\">Durchfall oder Verstopfung,<\/li><li data-start=\"2766\" data-end=\"2781\">Unterleibsschmerzen,<\/li><li data-start=\"2784\" data-end=\"2815\">ein Gef\u00fchl der F\u00fclle oder Bl\u00e4hungen.<\/li><\/ul><p data-start=\"2817\" data-end=\"2987\">Diese Symptome verschwinden in der Regel nach ein paar Wochen, wenn sich der K\u00f6rper an das Medikament gew\u00f6hnt hat. Wenn die Beschwerden anhalten, wenden Sie sich an Ihren medizinischen Betreuer.<\/p><hr data-start=\"2989\" data-end=\"2992\" \/><p data-start=\"3017\" data-end=\"3480\"><a href=\"https:\/\/tirzepatyd.eu\/wp-content\/uploads\/2025\/09\/Sema-G-4mg-urzadzenie-pomiarowe-Camera.png\"><img fetchpriority=\"high\" decoding=\"async\" class=\"size-medium wp-image-30668 aligncenter\" src=\"https:\/\/tirzepatyd.eu\/wp-content\/uploads\/2025\/09\/Sema-G-4mg-urzadzenie-pomiarowe-Camera-300x225.png\" alt=\"Semaglutid pen 4 mg for obesity peptide\" width=\"300\" height=\"225\" srcset=\"https:\/\/tirzepatyd.eu\/wp-content\/uploads\/2025\/09\/Sema-G-4mg-urzadzenie-pomiarowe-Camera-300x225.png 300w, https:\/\/tirzepatyd.eu\/wp-content\/uploads\/2025\/09\/Sema-G-4mg-urzadzenie-pomiarowe-Camera-800x600.png 800w, https:\/\/tirzepatyd.eu\/wp-content\/uploads\/2025\/09\/Sema-G-4mg-urzadzenie-pomiarowe-Camera-64x48.png 64w, https:\/\/tirzepatyd.eu\/wp-content\/uploads\/2025\/09\/Sema-G-4mg-urzadzenie-pomiarowe-Camera-768x576.png 768w, https:\/\/tirzepatyd.eu\/wp-content\/uploads\/2025\/09\/Sema-G-4mg-urzadzenie-pomiarowe-Camera-16x12.png 16w, https:\/\/tirzepatyd.eu\/wp-content\/uploads\/2025\/09\/Sema-G-4mg-urzadzenie-pomiarowe-Camera.png 1024w\" sizes=\"(max-width: 300px) 100vw, 300px\" \/><\/a><\/p><p data-start=\"3017\" data-end=\"3480\">Quelle:\u00a0 <a href=\"https:\/\/pmc.ncbi.nlm.nih.gov\/articles\/PMC9272494\">Einmal w\u00f6chentlich verabreichtes Semaglutid zur Gewichtskontrolle: Eine klinische \u00dcbersicht<\/a><\/p>\t\t\t\t\t\t\t\t<\/div>\n\t\t\t\t\t<\/div>\n\t\t<\/div>\n\t\t\t\t\t<\/div>\n\t\t<\/section>\n\t\t\t\t<\/div>","protected":false},"excerpt":{"rendered":"<p>Semaglutid 4mg Pen GLP-1 &#8211; czym jest, dzia\u0142anie, dawkowanie, skutki uboczne\u00a0 Semaglutid 4mg pen to nowoczesny preparat w formie automatycznego wstrzykiwacza, nale\u017c\u0105cy do grupy lek\u00f3w okre\u015blanych jako analogi GLP-1 (glukagonopodobnego peptydu-1). Opracowano go z my\u015bl\u0105 o osobach zmagaj\u0105cych si\u0119 z nadwag\u0105, oty\u0142o\u015bci\u0105 lub cukrzyc\u0105 typu 2. Dzi\u0119ki swojej budowie i sposobowi dzia\u0142ania wspiera utrat\u0119 masy [&hellip;]<\/p>\n","protected":false},"featured_media":30668,"comment_status":"open","ping_status":"closed","template":"","meta":{"_acf_changed":false},"product_brand":[],"product_cat":[122,112,15],"product_tag":[],"class_list":{"0":"post-24258","1":"product","2":"type-product","3":"status-publish","4":"has-post-thumbnail","6":"product_cat-produkty-w-penie","7":"product_cat-glp1","8":"product_cat-laboratory-research","10":"first","11":"instock","12":"shipping-taxable","13":"purchasable","14":"product-type-simple"},"acf":[],"aioseo_notices":[],"_links":{"self":[{"href":"https:\/\/tirzepatyd.eu\/de\/wp-json\/wp\/v2\/product\/24258","targetHints":{"allow":["GET"]}}],"collection":[{"href":"https:\/\/tirzepatyd.eu\/de\/wp-json\/wp\/v2\/product"}],"about":[{"href":"https:\/\/tirzepatyd.eu\/de\/wp-json\/wp\/v2\/types\/product"}],"replies":[{"embeddable":true,"href":"https:\/\/tirzepatyd.eu\/de\/wp-json\/wp\/v2\/comments?post=24258"}],"version-history":[{"count":8,"href":"https:\/\/tirzepatyd.eu\/de\/wp-json\/wp\/v2\/product\/24258\/revisions"}],"predecessor-version":[{"id":35461,"href":"https:\/\/tirzepatyd.eu\/de\/wp-json\/wp\/v2\/product\/24258\/revisions\/35461"}],"wp:featuredmedia":[{"embeddable":true,"href":"https:\/\/tirzepatyd.eu\/de\/wp-json\/wp\/v2\/media\/30668"}],"wp:attachment":[{"href":"https:\/\/tirzepatyd.eu\/de\/wp-json\/wp\/v2\/media?parent=24258"}],"wp:term":[{"taxonomy":"product_brand","embeddable":true,"href":"https:\/\/tirzepatyd.eu\/de\/wp-json\/wp\/v2\/product_brand?post=24258"},{"taxonomy":"product_cat","embeddable":true,"href":"https:\/\/tirzepatyd.eu\/de\/wp-json\/wp\/v2\/product_cat?post=24258"},{"taxonomy":"product_tag","embeddable":true,"href":"https:\/\/tirzepatyd.eu\/de\/wp-json\/wp\/v2\/product_tag?post=24258"}],"curies":[{"name":"wp","href":"https:\/\/api.w.org\/{rel}","templated":true}]}}