{"id":18847,"date":"2024-05-26T20:59:58","date_gmt":"2024-05-26T18:59:58","guid":{"rendered":"https:\/\/tirzepatyd.eu\/?post_type=product&#038;p=18847"},"modified":"2026-04-18T11:23:32","modified_gmt":"2026-04-18T09:23:32","slug":"tirzepatide-15mg","status":"publish","type":"product","link":"https:\/\/tirzepatyd.eu\/de\/produkt\/tirzepatide-15mg\/","title":{"rendered":"GLP1+GIP 15 mg Fl\u00e4schchen"},"content":{"rendered":"<div data-elementor-type=\"product-post\" data-elementor-id=\"18847\" class=\"elementor elementor-18847\" data-elementor-post-type=\"product\">\n\t\t\t\t\t\t<section class=\"elementor-section elementor-top-section elementor-element elementor-element-5398a95 elementor-section-boxed elementor-section-height-default elementor-section-height-default\" data-id=\"5398a95\" data-element_type=\"section\" data-e-type=\"section\">\n\t\t\t\t\t\t<div class=\"elementor-container elementor-column-gap-default\">\n\t\t\t\t\t<div class=\"elementor-column elementor-col-100 elementor-top-column elementor-element elementor-element-b04e45a\" data-id=\"b04e45a\" data-element_type=\"column\" data-e-type=\"column\">\n\t\t\t<div class=\"elementor-widget-wrap elementor-element-populated\">\n\t\t\t\t\t\t<div class=\"elementor-element elementor-element-eff25d0 elementor-widget elementor-widget-text-editor\" data-id=\"eff25d0\" data-element_type=\"widget\" data-e-type=\"widget\" data-widget_type=\"text-editor.default\">\n\t\t\t\t\t\t\t\t\t<h2 data-start=\"242\" data-end=\"313\">Thirzepatide 15mg - chemische Struktur und molekulare Charakterisierung<\/h2><p data-start=\"315\" data-end=\"569\">Tirzepatid 15 mg ist ein synthetisches Peptid, das als dualer GLP-1R- und GIPR-Rezeptor-Agonist konzipiert ist. Das Molek\u00fcl besteht aus einer modifizierten Aminos\u00e4uresequenz, die mit einer Lipidkette verbunden ist, die eine reversible Bindung an Albumin erm\u00f6glicht.<\/p><p data-start=\"571\" data-end=\"790\">Durch strukturelle Ver\u00e4nderungen (einschlie\u00dflich Aminos\u00e4uresubstitutionen zur Erh\u00f6hung der Resistenz gegen enzymatischen Abbau und Acylierung) werden die Halbwertszeit und die metabolische Stabilit\u00e4t im biologischen Umfeld verl\u00e4ngert.<\/p><p data-start=\"792\" data-end=\"965\">Das Molekulargewicht von tirzepatydu betr\u00e4gt etwa 4813 Da, was es als hochmolekulares komplexes Peptid klassifiziert, das typisch f\u00fcr Inkretinanaloga der n\u00e4chsten Generation ist.<\/p><p data-start=\"967\" data-end=\"1202\">Strukturstudien deuten darauf hin, dass die Konformation des Molek\u00fcls eine selektive Bindung an die Transmembrandom\u00e4nen der GLP-1R- und GIPR-Rezeptoren erm\u00f6glicht, was zu einer Aktivierung der intrazellul\u00e4ren, von Gs-Proteinen abh\u00e4ngigen Signal\u00fcbertragung und zu einem Anstieg von cAMP f\u00fchrt.<\/p><hr data-start=\"1204\" data-end=\"1207\" \/><h2 data-start=\"1209\" data-end=\"1257\">Thirzepatide 15mg als Laborreagenz<\/h2><p data-start=\"1259\" data-end=\"1372\">In der Forschung wird tirzepatide 15mg als Referenzmaterial in Projekten zu folgenden Themen verwendet:<\/p><ul data-start=\"1374\" data-end=\"1546\"><li data-start=\"1374\" data-end=\"1414\"><p data-start=\"1376\" data-end=\"1414\">Pharmakologie der Inkretinrezeptoren,<\/p><\/li><li data-start=\"1415\" data-end=\"1435\"><p data-start=\"1417\" data-end=\"1435\">GPCR-Signalisierung,<\/p><\/li><li data-start=\"1436\" data-end=\"1478\"><p data-start=\"1438\" data-end=\"1478\">Regulierung des Glukose- und Lipidstoffwechsels,<\/p><\/li><li data-start=\"1479\" data-end=\"1546\"><p data-start=\"1481\" data-end=\"1546\">Integration von Mechanismen zur Kontrolle des Appetits und des Energiehaushalts.<\/p><\/li><\/ul><p data-start=\"1548\" data-end=\"1683\">Die doppelte Rezeptoraktivierung erm\u00f6glicht es, die synergistischen Effekte der GIP\/GLP-1-Achse in zellul\u00e4ren und pr\u00e4klinischen Modellen zu analysieren.<\/p><p data-start=\"1685\" data-end=\"1872\">In vitro-Studien haben gezeigt, dass die Aktivierung dieser Rezeptoren zu einem Anstieg von cAMP, einer Modulation der Genexpression im Zusammenhang mit dem Glukosestoffwechsel und Auswirkungen auf die mitochondriale Aktivit\u00e4t f\u00fchrt.<\/p><hr data-start=\"1874\" data-end=\"1877\" \/><h2 data-start=\"1879\" data-end=\"1922\">Tirzepatid 15mg in klinischen Studien<\/h2><p data-start=\"1924\" data-end=\"2014\">Die Dosis von 15 mg war die h\u00f6chste w\u00f6chentliche Dosis, die in klinischen Programmen der Phase III untersucht wurde.<\/p><p data-start=\"2016\" data-end=\"2114\">In der Studie <strong data-start=\"2026\" data-end=\"2040\">SURMOUNT-1<\/strong> ver\u00f6ffentlicht in <span class=\"hover:entity-accent entity-underline inline cursor-pointer align-baseline\"><span class=\"whitespace-normal\">New England Journal of Medicine<\/span><\/span> (2022) berichtet:<\/p><ul data-start=\"2116\" data-end=\"2271\"><li data-start=\"2116\" data-end=\"2170\"><p data-start=\"2118\" data-end=\"2170\"><strong>Durchschnittliche Gewichtsreduktion von ~20,9% nach 72 Wochen,<\/strong><\/p><\/li><li data-start=\"2171\" data-end=\"2222\"><p data-start=\"2173\" data-end=\"2222\"><strong>\u226520% Gewichtsreduktion bei mehr als 50% Teilnehmern,<\/strong><\/p><\/li><li data-start=\"2223\" data-end=\"2271\"><p data-start=\"2225\" data-end=\"2271\"><strong>Verbesserung der Lipid- und Glyk\u00e4mieparameter.<\/strong><\/p><\/li><\/ul><p data-start=\"2273\" data-end=\"2385\">In der Sendung <strong data-start=\"2285\" data-end=\"2298\">SURPASS-2<\/strong> zeigten eine signifikante Senkung des HbA1c-Wertes im Vergleich zu den <span class=\"hover:entity-accent entity-underline inline cursor-pointer align-baseline\"><span class=\"whitespace-normal\">Semaglutid<\/span><\/span>.<\/p><p data-start=\"2387\" data-end=\"2514\">Das Sicherheitsprofil war dosisabh\u00e4ngig, und die am h\u00e4ufigsten gemeldeten unerw\u00fcnschten Wirkungen waren gastrointestinaler Art.<\/p><hr data-start=\"2516\" data-end=\"2519\" \/><h2 data-start=\"2521\" data-end=\"2560\">Bedeutung in pr\u00e4klinischen Modellen<\/h2><p data-start=\"2562\" data-end=\"2628\">In pr\u00e4klinischen Studien dient tirzepatide 15 mg als Modell f\u00fcr die Analyse:<\/p><ul data-start=\"2630\" data-end=\"2796\"><li data-start=\"2630\" data-end=\"2699\"><p data-start=\"2632\" data-end=\"2699\">Dosis-Wirkungs-Beziehung bei maximaler Rezeptoraktivierung,<\/p><\/li><li data-start=\"2700\" data-end=\"2739\"><p data-start=\"2702\" data-end=\"2739\">die Integration der Inkretinsignalisierung,<\/p><\/li><li data-start=\"2740\" data-end=\"2796\"><p data-start=\"2742\" data-end=\"2796\">Auswirkungen der Aktivierung von GIPR und GLP-1R auf den Gewebestoffwechsel.<\/p><\/li><\/ul><p data-start=\"2798\" data-end=\"3001\">In Tiermodellen wurden Ver\u00e4nderungen in der Expression von Genen beobachtet, die mit dem Fettstoffwechsel und der Regulierung des Kohlenhydratstoffwechsels zusammenh\u00e4ngen, was als Auswirkung der integrierten hormonellen Modulation interpretiert wird.<\/p><hr data-start=\"3003\" data-end=\"3006\" \/><h2>Art des Produkts<\/h2><p data-start=\"3030\" data-end=\"3292\">Tirzepatide 15 mg, das auf dem Labormarkt angeboten wird, ist ein Referenzmaterial, das nur f\u00fcr Forschungs- und Analysezwecke bestimmt ist (Research Use Only). Es ist nicht f\u00fcr die therapeutische Verwendung au\u00dferhalb kontrollierter klinischer Studien bestimmt.<\/p><hr data-start=\"3294\" data-end=\"3297\" \/><p data-start=\"3299\" data-end=\"3315\"><a href=\"https:\/\/tirzepatyd.eu\/wp-content\/uploads\/2026\/02\/tirzepatide-15-mg-vial.png\"><img fetchpriority=\"high\" decoding=\"async\" class=\"aligncenter wp-image-35010 size-medium\" src=\"https:\/\/tirzepatyd.eu\/wp-content\/uploads\/2026\/02\/tirzepatide-15-mg-vial-300x225.png\" alt=\"Tirzepatide 15mg vial \u2013 dual GIP\/GLP-1 research peptide\" width=\"300\" height=\"225\" srcset=\"https:\/\/tirzepatyd.eu\/wp-content\/uploads\/2026\/02\/tirzepatide-15-mg-vial-300x225.png 300w, https:\/\/tirzepatyd.eu\/wp-content\/uploads\/2026\/02\/tirzepatide-15-mg-vial-768x576.png 768w, https:\/\/tirzepatyd.eu\/wp-content\/uploads\/2026\/02\/tirzepatide-15-mg-vial-16x12.png 16w, https:\/\/tirzepatyd.eu\/wp-content\/uploads\/2026\/02\/tirzepatide-15-mg-vial-800x600.png 800w, https:\/\/tirzepatyd.eu\/wp-content\/uploads\/2026\/02\/tirzepatide-15-mg-vial-64x48.png 64w, https:\/\/tirzepatyd.eu\/wp-content\/uploads\/2026\/02\/tirzepatide-15-mg-vial.png 1024w\" sizes=\"(max-width: 300px) 100vw, 300px\" \/><\/a><\/p><p data-start=\"3299\" data-end=\"3315\">Wissenschaftliche Quellen:<\/p><ol data-start=\"3317\" data-end=\"3806\"><li data-start=\"3317\" data-end=\"3491\"><p data-start=\"3320\" data-end=\"3491\">Jastreboff AM et al. Tirzepatide Once Weekly for the Treatment of Obesity.<br data-start=\"3394\" data-end=\"3397\" \/><span class=\"hover:entity-accent entity-underline inline cursor-pointer align-baseline\"><span class=\"whitespace-normal\">New England Journal of Medicine<\/span><\/span>, 2022.<br data-start=\"3444\" data-end=\"3447\" \/><a class=\"decorated-link\" href=\"https:\/\/pubmed.ncbi.nlm.nih.gov\/35658024\/\" target=\"_new\" rel=\"noopener\" data-start=\"3450\" data-end=\"3491\">https:\/\/pubmed.ncbi.nlm.nih.gov\/35658024\/<\/a><\/p><\/li><li data-start=\"3493\" data-end=\"3685\"><p data-start=\"3496\" data-end=\"3685\">Fr\u00edas JP et al. Tirzepatide versus Semaglutide Once Weekly in Patients with Type 2 Diabetes.<br data-start=\"3588\" data-end=\"3591\" \/><span class=\"hover:entity-accent entity-underline inline cursor-pointer align-baseline\"><span class=\"whitespace-normal\">New England Journal of Medicine<\/span><\/span>, 2021.<br data-start=\"3638\" data-end=\"3641\" \/><a class=\"decorated-link\" href=\"https:\/\/pubmed.ncbi.nlm.nih.gov\/34170647\/\" target=\"_new\" rel=\"noopener\" data-start=\"3644\" data-end=\"3685\">https:\/\/pubmed.ncbi.nlm.nih.gov\/34170647\/<\/a><\/p><\/li><li data-start=\"3687\" data-end=\"3806\"><p data-start=\"3690\" data-end=\"3806\">Min T. et al. Mechanismen des dualen GIP\/GLP-1-Rezeptor-Agonismus.<br data-start=\"3750\" data-end=\"3753\" \/><a class=\"decorated-link\" href=\"https:\/\/pmc.ncbi.nlm.nih.gov\/articles\/PMC10107501\/\" target=\"_new\" rel=\"noopener\" data-start=\"3756\" data-end=\"3806\">https:\/\/pmc.ncbi.nlm.nih.gov\/articles\/PMC10107501\/<\/a><\/p><\/li><\/ol><hr data-start=\"3294\" data-end=\"3297\" \/><p><strong>Das Produkt ist f\u00fcr die wissenschaftliche Forschung und Laboranalyse bestimmt. Alle Artikel und Informationen auf dieser Website dienen nur zu Informations- und Bildungszwecken.<\/strong><\/p>\t\t\t\t\t\t\t\t<\/div>\n\t\t\t\t\t<\/div>\n\t\t<\/div>\n\t\t\t\t\t<\/div>\n\t\t<\/section>\n\t\t\t\t<\/div>","protected":false},"excerpt":{"rendered":"<p><strong data-start=\"131\" data-end=\"152\">Tirzepatid 15 mg<\/strong> ist ein hochentwickeltes Peptid, das zur Gruppe der dualen GIP- und GLP-1-Rezeptor-Agonisten geh\u00f6rt. Das Molek\u00fcl wurde f\u00fcr eine hohe metabolische Stabilit\u00e4t und eine pr\u00e4zise Aktivierung der Inkretinwege in experimentellen Modellen entwickelt.<\/p>","protected":false},"featured_media":35010,"comment_status":"open","ping_status":"closed","template":"","meta":{"_acf_changed":false},"product_brand":[],"product_cat":[124,111,15],"product_tag":[136],"class_list":{"0":"post-18847","1":"product","2":"type-product","3":"status-publish","4":"has-post-thumbnail","6":"product_cat-produkty-w-fiolce","7":"product_cat-glp1gip","8":"product_cat-laboratory-research","9":"product_tag-fiolka","11":"first","12":"instock","13":"shipping-taxable","14":"purchasable","15":"product-type-simple"},"acf":[],"aioseo_notices":[],"_links":{"self":[{"href":"https:\/\/tirzepatyd.eu\/de\/wp-json\/wp\/v2\/product\/18847","targetHints":{"allow":["GET"]}}],"collection":[{"href":"https:\/\/tirzepatyd.eu\/de\/wp-json\/wp\/v2\/product"}],"about":[{"href":"https:\/\/tirzepatyd.eu\/de\/wp-json\/wp\/v2\/types\/product"}],"replies":[{"embeddable":true,"href":"https:\/\/tirzepatyd.eu\/de\/wp-json\/wp\/v2\/comments?post=18847"}],"version-history":[{"count":12,"href":"https:\/\/tirzepatyd.eu\/de\/wp-json\/wp\/v2\/product\/18847\/revisions"}],"predecessor-version":[{"id":35464,"href":"https:\/\/tirzepatyd.eu\/de\/wp-json\/wp\/v2\/product\/18847\/revisions\/35464"}],"wp:featuredmedia":[{"embeddable":true,"href":"https:\/\/tirzepatyd.eu\/de\/wp-json\/wp\/v2\/media\/35010"}],"wp:attachment":[{"href":"https:\/\/tirzepatyd.eu\/de\/wp-json\/wp\/v2\/media?parent=18847"}],"wp:term":[{"taxonomy":"product_brand","embeddable":true,"href":"https:\/\/tirzepatyd.eu\/de\/wp-json\/wp\/v2\/product_brand?post=18847"},{"taxonomy":"product_cat","embeddable":true,"href":"https:\/\/tirzepatyd.eu\/de\/wp-json\/wp\/v2\/product_cat?post=18847"},{"taxonomy":"product_tag","embeddable":true,"href":"https:\/\/tirzepatyd.eu\/de\/wp-json\/wp\/v2\/product_tag?post=18847"}],"curies":[{"name":"wp","href":"https:\/\/api.w.org\/{rel}","templated":true}]}}