{"id":18845,"date":"2024-05-26T20:59:43","date_gmt":"2024-05-26T18:59:43","guid":{"rendered":"https:\/\/tirzepatyd.eu\/?post_type=product&#038;p=18845"},"modified":"2026-04-18T11:23:44","modified_gmt":"2026-04-18T09:23:44","slug":"tirzepatide-10-mg","status":"publish","type":"product","link":"https:\/\/tirzepatyd.eu\/de\/produkt\/tirzepatide-10-mg\/","title":{"rendered":"GLP1+GIP 10 mg Fl\u00e4schchen"},"content":{"rendered":"<div data-elementor-type=\"product-post\" data-elementor-id=\"18845\" class=\"elementor elementor-18845\" data-elementor-post-type=\"product\">\n\t\t\t\t\t\t<section class=\"elementor-section elementor-top-section elementor-element elementor-element-d58fc76 elementor-section-boxed elementor-section-height-default elementor-section-height-default\" data-id=\"d58fc76\" data-element_type=\"section\" data-e-type=\"section\">\n\t\t\t\t\t\t<div class=\"elementor-container elementor-column-gap-default\">\n\t\t\t\t\t<div class=\"elementor-column elementor-col-100 elementor-top-column elementor-element elementor-element-2c501af\" data-id=\"2c501af\" data-element_type=\"column\" data-e-type=\"column\">\n\t\t\t<div class=\"elementor-widget-wrap elementor-element-populated\">\n\t\t\t\t\t\t<div class=\"elementor-element elementor-element-8cd3e97 elementor-widget__width-initial elementor-widget elementor-widget-text-editor\" data-id=\"8cd3e97\" data-element_type=\"widget\" data-e-type=\"widget\" data-widget_type=\"text-editor.default\">\n\t\t\t\t\t\t\t\t\t<h2 data-start=\"634\" data-end=\"700\">Tirzepatid 10 mg - Wirkmechanismus und metabolische Bedeutung<\/h2><p data-start=\"740\" data-end=\"950\"><span class=\"hover:entity-accent entity-underline inline cursor-pointer align-baseline\"><span class=\"whitespace-normal\">Tirzepatid 10 mg<\/span><\/span> ist ein synthetisches Peptidanalogon, das als dualer Agonist der GIPR- und GLP-1R-Rezeptoren entwickelt wurde, die zur Familie der G-Protein-gekoppelten Rezeptoren (GPCR) geh\u00f6ren.<\/p><p data-start=\"952\" data-end=\"1012\">In Forschungsmodellen f\u00fchrt die Aktivierung dieser Rezeptoren zu:<\/p><ul><li data-start=\"1016\" data-end=\"1064\">Anstieg der intrazellul\u00e4ren cAMP-Konzentration,<\/li><li data-start=\"1067\" data-end=\"1123\">Erh\u00f6hte glukoseabh\u00e4ngige insulinotrope Reaktion,<\/li><li data-start=\"1126\" data-end=\"1157\">Modulation der Glucagonsekretion,<\/li><li data-start=\"1160\" data-end=\"1198\">Auswirkungen auf die Geschwindigkeit der Magenentleerung,<\/li><li data-start=\"1201\" data-end=\"1260\">Auswirkungen auf die zentralen Mechanismen der Appetitregulierung.<\/li><\/ul><p data-start=\"1262\" data-end=\"1424\">Die doppelte Aktivierung der GIP\/GLP-1-Achse wird in der Literatur als synergistischer Effekt interpretiert, der die Kontrolle des Blutzuckerspiegels und die Regulierung des Energiehaushalts miteinander verbindet.<\/p><hr data-start=\"1426\" data-end=\"1429\" \/><h2 data-start=\"1431\" data-end=\"1487\">Auswirkungen auf K\u00f6rpergewichtsparameter in klinischen Studien<\/h2><p data-start=\"1489\" data-end=\"1631\">Im Studienprogramm SURMOUNT-1 (72 Wochen Nachbeobachtungszeit) wurde bei der Dosis von 10 mg eine durchschnittliche Gewichtsreduktion von etwa 19-20% festgestellt.<\/p><p data-start=\"1633\" data-end=\"1656\">Es wurden parallele Beobachtungen gemacht:<\/p><ul><li data-start=\"1660\" data-end=\"1699\">Verbesserung der Insulinresistenz-Indizes,<\/li><li data-start=\"1702\" data-end=\"1736\">g\u00fcnstige Ver\u00e4nderungen im Lipidogramm,<\/li><li data-start=\"1739\" data-end=\"1763\">Verringerung des Taillenumfangs,<\/li><li data-start=\"1766\" data-end=\"1799\">Stabilisierung der blutzuckerspezifischen Parameter.<\/li><\/ul><p data-start=\"1801\" data-end=\"1916\">Vergleichende Analysen zeigten eine st\u00e4rkere Senkung des HbA1c-Wertes und des K\u00f6rpergewichts als bei selektivem GLP-1-Agonismus.<\/p><hr data-start=\"1918\" data-end=\"1921\" \/><h2 data-start=\"1923\" data-end=\"1950\">Pharmakodynamisches Profil<\/h2><p data-start=\"1952\" data-end=\"2141\">Die Dosis von 10 mg stellt einen wichtigen Bezugspunkt f\u00fcr Dosis-Wirkungs-Analysen dar und erm\u00f6glicht es, die Intensit\u00e4t der metabolischen Reaktion und die Vertr\u00e4glichkeit unter den Bedingungen kontrollierter Studien zu bewerten.<\/p><p data-start=\"2143\" data-end=\"2272\">In klinischen Studien waren die am h\u00e4ufigsten gemeldeten unerw\u00fcnschten Wirkungen gastrointestinaler Natur und dosisabh\u00e4ngig.<\/p><hr data-start=\"2663\" data-end=\"2666\" \/><h2 data-start=\"2668\" data-end=\"2689\">Art des Produkts<\/h2><p data-start=\"2691\" data-end=\"2787\">Das auf dem Labormarkt angebotene Tirzepatid 10 mg ist ein Referenzmaterial f\u00fcr die Forschung:<\/p><ul data-start=\"2789\" data-end=\"2926\"><li data-start=\"2789\" data-end=\"2831\"><p data-start=\"2791\" data-end=\"2831\">Inkretin-Rezeptor-Signalisierung,<\/p><\/li><li data-start=\"2832\" data-end=\"2867\"><p data-start=\"2834\" data-end=\"2867\">Glukose- und Lipidstoffwechsel,<\/p><\/li><li data-start=\"2868\" data-end=\"2905\"><p data-start=\"2870\" data-end=\"2905\">Regulierung des Energiehaushalts,<\/p><\/li><li data-start=\"2906\" data-end=\"2926\"><p data-start=\"2908\" data-end=\"2926\">GPCR-Mechanismen.<\/p><\/li><\/ul><p data-start=\"2928\" data-end=\"3004\">Das Produkt ist nur f\u00fcr Forschungszwecke bestimmt (Research Use Only).<\/p><hr data-start=\"2644\" data-end=\"2647\" \/><h2 data-start=\"2649\" data-end=\"2696\">Tirzepatide 10 mg online Verf\u00fcgbarkeit und wo zu kaufen Informationen<\/h2><ul data-start=\"2698\" data-end=\"3135\"><li data-start=\"2698\" data-end=\"2862\"><p data-start=\"2700\" data-end=\"2862\">Tirzepatid 10 mg ist verf\u00fcgbar <strong data-start=\"2732\" data-end=\"2756\">rezeptpflichtig<\/strong> in station\u00e4ren Apotheken und Online-Apotheken mit legalem Verkauf von verschreibungspflichtigen Medikamenten.<\/p><\/li><li data-start=\"2863\" data-end=\"2959\"><p data-start=\"2865\" data-end=\"2959\">\u00a0Thirzepatid ist auch verf\u00fcgbar braucht <strong data-start=\"150\" data-end=\"194\">wissenschaftliche Forschung und Laboranwendungen<\/strong>. Es ist nicht f\u00fcr die Selbstmedikation oder den Heimgebrauch bestimmt<\/p><\/li><li data-start=\"2960\" data-end=\"3135\"><p data-start=\"2962\" data-end=\"3135\">In einigen L\u00e4ndern kann der Zugang zu dem Pr\u00e4parat durch Listen erstattungsf\u00e4higer Arzneimittel oder durch die Forderung nach einer vorherigen Therapie mit anderen Methoden (Di\u00e4t, k\u00f6rperliche Bet\u00e4tigung) geregelt sein.<\/p><\/li><\/ul><hr data-start=\"3137\" data-end=\"3140\" \/><h2 data-start=\"3142\" data-end=\"3194\">Tirzepatid 10 mg im Vergleich zu anderen Peptiden<\/h2><ul data-start=\"3196\" data-end=\"3658\"><li data-start=\"3196\" data-end=\"3343\"><p data-start=\"3198\" data-end=\"3343\"><a href=\"https:\/\/tirzepatyd.eu\/de\/produkt\/semaglutide-2-mg-vial\/\"><strong data-start=\"3198\" data-end=\"3213\">Semaglutid<\/strong><\/a>GLP-1-Rezeptor: wirkt nur auf den GLP-1-Rezeptor, durchschnittliche Wirksamkeit bei der Gewichtsabnahme ~15%, wird in der Therapie von Typ-2-Diabetes und Fettleibigkeit eingesetzt.<\/p><\/li><li data-start=\"3344\" data-end=\"3476\"><p data-start=\"3346\" data-end=\"3476\"><strong data-start=\"3346\" data-end=\"3361\">Tirzepatid<\/strong>Dualer Mechanismus (GLP-1 + GIP), Wirksamkeit bei der Gewichtsabnahme ~20-25%, plus verbesserte Blutzuckerkontrolle.<\/p><\/li><li data-start=\"3477\" data-end=\"3658\"><p data-start=\"3479\" data-end=\"3658\"><a href=\"https:\/\/tirzepatyd.eu\/de\/produkt\/glp-3-retatrutide-4mg-vial\/\"><strong data-start=\"3479\" data-end=\"3494\">Retatrutid<\/strong><\/a>Experimentelles Dreifachpeptid (GLP-1 + GIP + Glucagonrezeptor), vorl\u00e4ufige Studien deuten auf eine sehr starke Gewichtsreduktion hin, noch in der klinischen Erprobungsphase.<\/p><\/li><\/ul><p data-start=\"3660\" data-end=\"3861\">Tirzepatid 10 mg zeichnet sich dadurch aus, dass es eine Kombination aus <strong data-start=\"3699\" data-end=\"3755\">Hochwirksame Gewichtsreduzierung bei gleichzeitiger Kontrolle des Blutzuckerspiegels<\/strong> und ist in w\u00f6chentlichen Dosen erh\u00e4ltlich, was seine Anwendung im Vergleich zu anderen Peptiden erleichtert.<\/p><hr data-start=\"3137\" data-end=\"3140\" \/><p data-start=\"3660\" data-end=\"3861\"><a href=\"https:\/\/tirzepatyd.eu\/wp-content\/uploads\/2025\/09\/10mg-0.5ml-Camera.png\"><img fetchpriority=\"high\" decoding=\"async\" class=\"size-medium wp-image-30658 aligncenter\" src=\"https:\/\/tirzepatyd.eu\/wp-content\/uploads\/2025\/09\/10mg-0.5ml-Camera-300x225.png\" alt=\"Tirzepatide 10mg vial\" width=\"300\" height=\"225\" srcset=\"https:\/\/tirzepatyd.eu\/wp-content\/uploads\/2025\/09\/10mg-0.5ml-Camera-300x225.png 300w, https:\/\/tirzepatyd.eu\/wp-content\/uploads\/2025\/09\/10mg-0.5ml-Camera-800x600.png 800w, https:\/\/tirzepatyd.eu\/wp-content\/uploads\/2025\/09\/10mg-0.5ml-Camera-64x48.png 64w, https:\/\/tirzepatyd.eu\/wp-content\/uploads\/2025\/09\/10mg-0.5ml-Camera-768x576.png 768w, https:\/\/tirzepatyd.eu\/wp-content\/uploads\/2025\/09\/10mg-0.5ml-Camera-16x12.png 16w, https:\/\/tirzepatyd.eu\/wp-content\/uploads\/2025\/09\/10mg-0.5ml-Camera.png 1024w\" sizes=\"(max-width: 300px) 100vw, 300px\" \/><\/a><\/p><p>Forschung und Quellen:<\/p><p><a href=\"https:\/\/www.thelancet.com\/journals\/lancet\/article\/PIIS0140-6736(21)01324-6\/abstract\">Wirksamkeit und Sicherheit eines neuen dualen GIP- und GLP-1-Rezeptors<\/a><\/p><p><a href=\"https:\/\/pubmed.ncbi.nlm.nih.gov\/36050763\/\">Thirzepatid, ein dualer GIP\/GLP-1-Rezeptor<\/a><\/p><hr data-start=\"3137\" data-end=\"3140\" \/><p><strong>Das Produkt ist f\u00fcr die wissenschaftliche Forschung und Laboranalyse bestimmt. Alle Artikel und Informationen auf dieser Website dienen nur zu Informations- und Bildungszwecken.<\/strong><\/p>\t\t\t\t\t\t\t\t<\/div>\n\t\t\t\t\t<\/div>\n\t\t<\/div>\n\t\t\t\t\t<\/div>\n\t\t<\/section>\n\t\t\t\t<\/div>","protected":false},"excerpt":{"rendered":"<p><strong data-start=\"118\" data-end=\"139\">Tirzepatid 10 mg<\/strong> ist ein fortschrittliches, hochreines synthetisches Peptid mit doppelter Aktivit\u00e4t gegen GIP- und GLP-1-Rezeptoren, das in Spitzenforschungsprojekten zur Stoffwechselregulierung und zu Inkretin-Mechanismen eingesetzt wird.<\/p>","protected":false},"featured_media":30658,"comment_status":"open","ping_status":"closed","template":"","meta":{"_acf_changed":false},"product_brand":[],"product_cat":[124,111,15],"product_tag":[136],"class_list":{"0":"post-18845","1":"product","2":"type-product","3":"status-publish","4":"has-post-thumbnail","6":"product_cat-produkty-w-fiolce","7":"product_cat-glp1gip","8":"product_cat-laboratory-research","9":"product_tag-fiolka","11":"first","12":"instock","13":"shipping-taxable","14":"purchasable","15":"product-type-variable"},"acf":[],"aioseo_notices":[],"_links":{"self":[{"href":"https:\/\/tirzepatyd.eu\/de\/wp-json\/wp\/v2\/product\/18845","targetHints":{"allow":["GET"]}}],"collection":[{"href":"https:\/\/tirzepatyd.eu\/de\/wp-json\/wp\/v2\/product"}],"about":[{"href":"https:\/\/tirzepatyd.eu\/de\/wp-json\/wp\/v2\/types\/product"}],"replies":[{"embeddable":true,"href":"https:\/\/tirzepatyd.eu\/de\/wp-json\/wp\/v2\/comments?post=18845"}],"version-history":[{"count":11,"href":"https:\/\/tirzepatyd.eu\/de\/wp-json\/wp\/v2\/product\/18845\/revisions"}],"predecessor-version":[{"id":35465,"href":"https:\/\/tirzepatyd.eu\/de\/wp-json\/wp\/v2\/product\/18845\/revisions\/35465"}],"wp:featuredmedia":[{"embeddable":true,"href":"https:\/\/tirzepatyd.eu\/de\/wp-json\/wp\/v2\/media\/30658"}],"wp:attachment":[{"href":"https:\/\/tirzepatyd.eu\/de\/wp-json\/wp\/v2\/media?parent=18845"}],"wp:term":[{"taxonomy":"product_brand","embeddable":true,"href":"https:\/\/tirzepatyd.eu\/de\/wp-json\/wp\/v2\/product_brand?post=18845"},{"taxonomy":"product_cat","embeddable":true,"href":"https:\/\/tirzepatyd.eu\/de\/wp-json\/wp\/v2\/product_cat?post=18845"},{"taxonomy":"product_tag","embeddable":true,"href":"https:\/\/tirzepatyd.eu\/de\/wp-json\/wp\/v2\/product_tag?post=18845"}],"curies":[{"name":"wp","href":"https:\/\/api.w.org\/{rel}","templated":true}]}}