{"id":13028,"date":"2023-07-24T23:07:01","date_gmt":"2023-07-24T21:07:01","guid":{"rendered":"https:\/\/tirzepatyd.eu\/?post_type=product&#038;p=13028"},"modified":"2026-03-26T11:16:39","modified_gmt":"2026-03-26T10:16:39","slug":"glp1-gip-tirzepatide-2-5-mg","status":"publish","type":"product","link":"https:\/\/tirzepatyd.eu\/de\/shop-produkt\/glp1-gip-tirzepatide-2-5-mg\/","title":{"rendered":"Tirzepatid 2,5 mg Ampulle (GLP1+GIP)"},"content":{"rendered":"<div data-elementor-type=\"product-post\" data-elementor-id=\"13028\" class=\"elementor elementor-13028\" data-elementor-post-type=\"product\">\n\t\t\t\t\t\t<section class=\"elementor-section elementor-top-section elementor-element elementor-element-53f3d7d elementor-section-boxed elementor-section-height-default elementor-section-height-default\" data-id=\"53f3d7d\" data-element_type=\"section\">\n\t\t\t\t\t\t<div class=\"elementor-container elementor-column-gap-default\">\n\t\t\t\t\t<div class=\"elementor-column elementor-col-100 elementor-top-column elementor-element elementor-element-e6006d1\" data-id=\"e6006d1\" data-element_type=\"column\">\n\t\t\t<div class=\"elementor-widget-wrap elementor-element-populated\">\n\t\t\t\t\t\t<div class=\"elementor-element elementor-element-64391bc elementor-widget__width-initial elementor-widget elementor-widget-text-editor\" data-id=\"64391bc\" data-element_type=\"widget\" data-widget_type=\"text-editor.default\">\n\t\t\t\t\t\t\t\t\t<h2 data-start=\"512\" data-end=\"564\">Tirzepatid 2,5 mg Ampulle - Merkmale<\/h2><p data-start=\"566\" data-end=\"843\"><strong data-start=\"566\" data-end=\"588\">Tirzepatid 2,5 mg<\/strong> ist ein synthetisches Peptid, das ein dualer Agonist der GIP- und GLP-1-Rezeptoren ist und in der wissenschaftlichen Literatur im Zusammenhang mit der Inkretin-Signal\u00fcbertragung, der Regulierung des Glukosestoffwechsels und den Mechanismen zur Steuerung des Energiehaushalts eingehend untersucht wurde.<\/p><hr data-start=\"908\" data-end=\"911\" \/><h2 data-start=\"913\" data-end=\"982\">Was ist tirzepatide 2,5 mg und wie ist sein Wirkmechanismus?<\/h2><p data-start=\"984\" data-end=\"1093\">Tirzepatid ist ein einzelnes Molek\u00fcl, das zwei Inkretinrezeptoren gleichzeitig aktivieren kann:<\/p><ul data-start=\"1095\" data-end=\"1428\"><li data-start=\"1095\" data-end=\"1271\"><p data-start=\"1097\" data-end=\"1271\"><strong data-start=\"1097\" data-end=\"1150\">GLP-1-Rezeptor (Glucagon-like Peptide-1-Rezeptor)<\/strong> - die mit der glukoseabh\u00e4ngigen Insulinsekretion, der Modulation der Glukagonsekretion und den Auswirkungen auf die S\u00e4ttigungssignale verbunden sind.<\/p><\/li><li data-start=\"1272\" data-end=\"1428\"><p data-start=\"1274\" data-end=\"1428\"><strong data-start=\"1274\" data-end=\"1346\">GIP-Rezeptor (Rezeptor f\u00fcr glukoseabh\u00e4ngiges insulinotropes Polypeptid)<\/strong> - die an der Regulierung der Insulinreaktion und der Stoffwechselprozesse beteiligt sind.<\/p><\/li><\/ul><p data-start=\"1430\" data-end=\"1726\">Die doppelte Aktivierung dieser Signalwege unterscheidet tirzepatide von den klassischen GLP-1-Agonisten. Dieser Mechanismus wurde in den klinischen Studien SURPASS und SURMOUNT ausf\u00fchrlich beschrieben, in denen die Auswirkungen des Molek\u00fcls auf die glyk\u00e4mischen Parameter und das K\u00f6rpergewicht unter kontrollierten Studienbedingungen untersucht wurden.<\/p><hr data-start=\"1728\" data-end=\"1731\" \/><h2 data-start=\"1733\" data-end=\"1777\">Tirzepatid 2,5 mg in klinischen Modellen<\/h2><p data-start=\"1779\" data-end=\"1879\">tirzepatide als eine Klasse von Inkretinmolek\u00fclen ist in ver\u00f6ffentlichten klinischen Studien nachgewiesen worden:<\/p><ul data-start=\"1881\" data-end=\"2079\"><li data-start=\"1881\" data-end=\"1942\"><p data-start=\"1883\" data-end=\"1942\">beeinflusst signifikant die Parameter des Glukosestoffwechsels (HbA1c),<\/p><\/li><li data-start=\"1943\" data-end=\"2013\"><p data-start=\"1945\" data-end=\"2013\">beeinflusst die Mechanismen, die den Appetit und den Energiehaushalt regulieren,<\/p><\/li><li data-start=\"2014\" data-end=\"2079\"><p data-start=\"2016\" data-end=\"2079\">zeigt die Dosisabh\u00e4ngigkeit der Wirkung bei Eskalationsprotokollen.<\/p><\/li><\/ul><p data-start=\"2081\" data-end=\"2259\">Die 2,5-mg-Dosis in den klinischen Studien diente als Anfangsdosis in den Eskalationsmodellen, so dass die Toleranz des K\u00f6rpers und die Anpassung an weitere Dosisstufen beurteilt werden konnten.<\/p><hr data-start=\"2261\" data-end=\"2264\" \/><h2 data-start=\"2266\" data-end=\"2304\">Unterschied: tirzepatide 2,5 mg vs. 5 mg<\/h2><p data-start=\"2306\" data-end=\"2339\">In der Dokumentation der klinischen Pr\u00fcfung:<\/p><ul data-start=\"2341\" data-end=\"2486\"><li data-start=\"2341\" data-end=\"2401\"><p data-start=\"2343\" data-end=\"2401\"><strong data-start=\"2343\" data-end=\"2365\">tirzepatide 2,5 mg<\/strong> wurde als Einstiegsdosis verwendet,<\/p><\/li><li data-start=\"2402\" data-end=\"2486\"><p data-start=\"2404\" data-end=\"2486\">H\u00f6here Dosen (5 mg und mehr) wurden auf ihre volle metabolische Wirkung untersucht.<\/p><\/li><\/ul><p data-start=\"2488\" data-end=\"2633\">Die Bewertung der Wirksamkeit in Bezug auf die Gewichtsreduktion wurde haupts\u00e4chlich f\u00fcr h\u00f6here Dosierungen unter kontrollierten Studienbedingungen durchgef\u00fchrt.<\/p><hr data-start=\"2635\" data-end=\"2638\" \/><h2 data-start=\"2640\" data-end=\"2664\">Qualitative Informationen<\/h2><p data-start=\"2666\" data-end=\"2812\">Angeboten von <strong data-start=\"2676\" data-end=\"2698\">tirzepatide 2,5 mg<\/strong> wird einer qualitativen Analyse (z. B. HPLC) unterzogen, um die Reinheit und die Einhaltung der Laborspezifikationen zu best\u00e4tigen.<\/p><p data-start=\"2814\" data-end=\"2935\">Das Produkt ist weder ein Arzneimittel noch ein Nahrungserg\u00e4nzungsmittel.<br data-start=\"2868\" data-end=\"2871\" \/>Nur f\u00fcr Forschung und analytische Anwendungen bestimmt.<\/p><hr data-start=\"2937\" data-end=\"2940\" \/><h2 data-start=\"220\" data-end=\"260\">Daten aus der klinischen Studie SURMOUNT-1<\/h2><p data-start=\"262\" data-end=\"420\">In einer randomisierten klinischen Studie der Phase III <strong data-start=\"307\" data-end=\"321\">SURMOUNT-1<\/strong> (NEJM, 2022) untersuchte die Wirkung von tirzepatide auf das K\u00f6rpergewicht bei fettleibigen oder \u00fcbergewichtigen Personen ohne Diabetes.<\/p><p data-start=\"422\" data-end=\"572\">In der Studie wurde ein Dosis-Eskalationsschema verwendet, das mit einer <strong data-start=\"490\" data-end=\"500\">2,5 mg<\/strong>, und dann auf die Zielwerte (5 mg, 10 mg, 15 mg) erh\u00f6ht.<\/p><p data-start=\"574\" data-end=\"602\">Nach 72 Wochen der Nachbeobachtung:<\/p><ul data-start=\"604\" data-end=\"801\"><li data-start=\"604\" data-end=\"674\"><p data-start=\"606\" data-end=\"674\">Die durchschnittliche Gewichtsreduzierung betrug etwa <strong data-start=\"649\" data-end=\"671\">15% f\u00fcr die 5-mg-Dosis<\/strong>,<\/p><\/li><li data-start=\"675\" data-end=\"711\"><p data-start=\"677\" data-end=\"711\">\u00dcber <strong data-start=\"683\" data-end=\"708\">19,5% f\u00fcr eine Dosis von 10 mg<\/strong>,<\/p><\/li><li data-start=\"712\" data-end=\"748\"><p data-start=\"714\" data-end=\"748\">\u00dcber <strong data-start=\"720\" data-end=\"745\">20,9% f\u00fcr eine Dosis von 15 mg<\/strong>,<\/p><\/li><li data-start=\"749\" data-end=\"801\"><p data-start=\"751\" data-end=\"801\">In der Placebogruppe betrug der R\u00fcckgang etwa <strong data-start=\"792\" data-end=\"800\">3.1%<\/strong>.<\/p><\/li><\/ul><p data-start=\"803\" data-end=\"931\">Dar\u00fcber hinaus wurden Verbesserungen bei den Stoffwechselparametern beobachtet, einschlie\u00dflich Ver\u00e4nderungen im Lipidprofil und bei den Indizes des Glukosestoffwechsels.<\/p><p data-start=\"933\" data-end=\"1115\">Es ist zu betonen, dass <strong data-start=\"954\" data-end=\"1028\">die Dosis von 2,5 mg in klinischen Studien als Einstiegsdosis diente<\/strong>, zur Verbesserung der Vertr\u00e4glichkeit vor dem Erreichen h\u00f6herer Dosierungen verwendet.<\/p><hr data-start=\"2937\" data-end=\"2940\" \/><p data-start=\"2942\" data-end=\"2960\"><a href=\"https:\/\/tirzepatyd.eu\/wp-content\/uploads\/2025\/09\/2.5mg-0.5ml-Camera.png\"><img fetchpriority=\"high\" decoding=\"async\" class=\"aligncenter wp-image-30655 size-medium\" src=\"https:\/\/tirzepatyd.eu\/wp-content\/uploads\/2025\/09\/2.5mg-0.5ml-Camera-300x225.png\" alt=\"Tirzepatid 2,5 mg Fl\u00e4schchen - duales GLP-1\/GIP-Forschungspeptid, hohe Reinheit\" width=\"300\" height=\"225\" srcset=\"https:\/\/tirzepatyd.eu\/wp-content\/uploads\/2025\/09\/2.5mg-0.5ml-Camera-300x225.png 300w, https:\/\/tirzepatyd.eu\/wp-content\/uploads\/2025\/09\/2.5mg-0.5ml-Camera-400x300.png 400w, https:\/\/tirzepatyd.eu\/wp-content\/uploads\/2025\/09\/2.5mg-0.5ml-Camera-800x600.png 800w, https:\/\/tirzepatyd.eu\/wp-content\/uploads\/2025\/09\/2.5mg-0.5ml-Camera-64x48.png 64w, https:\/\/tirzepatyd.eu\/wp-content\/uploads\/2025\/09\/2.5mg-0.5ml-Camera-768x576.png 768w, https:\/\/tirzepatyd.eu\/wp-content\/uploads\/2025\/09\/2.5mg-0.5ml-Camera-16x12.png 16w, https:\/\/tirzepatyd.eu\/wp-content\/uploads\/2025\/09\/2.5mg-0.5ml-Camera.png 1024w\" sizes=\"(max-width: 300px) 100vw, 300px\" \/><\/a><\/p><p data-start=\"2942\" data-end=\"2960\">Wissenschaftliche Quelle<\/p><p data-start=\"2962\" data-end=\"3131\">Jastreboff AM et al, <em data-start=\"2984\" data-end=\"3038\">Tirzepatid einmal w\u00f6chentlich zur Behandlung von Adipositas<\/em>, New England Journal of Medicine, 2022.<br data-start=\"3078\" data-end=\"3081\" \/><a class=\"decorated-link\" href=\"https:\/\/pmc.ncbi.nlm.nih.gov\/articles\/PMC10088547\/\" target=\"_new\" rel=\"noopener\" data-start=\"3081\" data-end=\"3131\">https:\/\/pmc.ncbi.nlm.nih.gov\/articles\/PMC10088547\/<\/a><\/p><hr data-start=\"2937\" data-end=\"2940\" \/><p data-start=\"2962\" data-end=\"3131\"><strong>Das Produkt ist f\u00fcr die wissenschaftliche Forschung und Laboranalyse bestimmt. Alle Artikel und Informationen auf dieser Website dienen nur zu Informations- und Bildungszwecken.<\/strong><\/p>\t\t\t\t\t\t\t\t<\/div>\n\t\t\t\t\t<\/div>\n\t\t<\/div>\n\t\t\t\t\t<\/div>\n\t\t<\/section>\n\t\t\t\t<\/div>","protected":false},"excerpt":{"rendered":"<p><strong data-start=\"116\" data-end=\"138\">Tirzepatid 2,5 mg<\/strong> ist ein synthetisches Peptid mit doppelter Aktivit\u00e4t gegen GIP- (glukoseunabh\u00e4ngiges insulinotropes Peptid) und GLP-1-Rezeptoren (glucagon-like peptide-1). Diese Verbindung steht im Mittelpunkt der Forschung zur Inkretin-Signalgebung, zur Regulierung des Glukosestoffwechsels und zu den Mechanismen der Energiebilanzkontrolle.<\/p>","protected":false},"featured_media":30655,"comment_status":"open","ping_status":"closed","template":"","meta":{"_acf_changed":false,"_monsterinsights_skip_tracking":false,"_monsterinsights_sitenote_active":false,"_monsterinsights_sitenote_note":"","_monsterinsights_sitenote_category":0},"product_brand":[],"product_cat":[15,124,111],"product_tag":[136],"class_list":{"0":"post-13028","1":"product","2":"type-product","3":"status-publish","4":"has-post-thumbnail","6":"product_cat-laboratory-research","7":"product_cat-produkty-w-fiolce","8":"product_cat-glp1gip","9":"product_tag-fiolka","11":"first","12":"instock","13":"shipping-taxable","14":"purchasable","15":"product-type-variable"},"acf":[],"aioseo_notices":[],"_links":{"self":[{"href":"https:\/\/tirzepatyd.eu\/de\/wp-json\/wp\/v2\/product\/13028","targetHints":{"allow":["GET"]}}],"collection":[{"href":"https:\/\/tirzepatyd.eu\/de\/wp-json\/wp\/v2\/product"}],"about":[{"href":"https:\/\/tirzepatyd.eu\/de\/wp-json\/wp\/v2\/types\/product"}],"replies":[{"embeddable":true,"href":"https:\/\/tirzepatyd.eu\/de\/wp-json\/wp\/v2\/comments?post=13028"}],"version-history":[{"count":14,"href":"https:\/\/tirzepatyd.eu\/de\/wp-json\/wp\/v2\/product\/13028\/revisions"}],"predecessor-version":[{"id":35111,"href":"https:\/\/tirzepatyd.eu\/de\/wp-json\/wp\/v2\/product\/13028\/revisions\/35111"}],"wp:featuredmedia":[{"embeddable":true,"href":"https:\/\/tirzepatyd.eu\/de\/wp-json\/wp\/v2\/media\/30655"}],"wp:attachment":[{"href":"https:\/\/tirzepatyd.eu\/de\/wp-json\/wp\/v2\/media?parent=13028"}],"wp:term":[{"taxonomy":"product_brand","embeddable":true,"href":"https:\/\/tirzepatyd.eu\/de\/wp-json\/wp\/v2\/product_brand?post=13028"},{"taxonomy":"product_cat","embeddable":true,"href":"https:\/\/tirzepatyd.eu\/de\/wp-json\/wp\/v2\/product_cat?post=13028"},{"taxonomy":"product_tag","embeddable":true,"href":"https:\/\/tirzepatyd.eu\/de\/wp-json\/wp\/v2\/product_tag?post=13028"}],"curies":[{"name":"wp","href":"https:\/\/api.w.org\/{rel}","templated":true}]}}