{"id":25503,"date":"2025-01-11T12:18:39","date_gmt":"2025-01-11T11:18:39","guid":{"rendered":"https:\/\/tirzepatyd.eu\/?post_type=product&#038;p=25503"},"modified":"2026-04-18T10:16:00","modified_gmt":"2026-04-18T08:16:00","slug":"tirzepatide-20-mg-pen","status":"publish","type":"product","link":"https:\/\/tirzepatyd.eu\/cs\/produkt\/tirzepatide-20-mg-pen\/","title":{"rendered":"GLP1+GIP PEN 20 mg"},"content":{"rendered":"<div data-elementor-type=\"product-post\" data-elementor-id=\"25503\" class=\"elementor elementor-25503\" data-elementor-post-type=\"product\">\n\t\t\t\t\t\t<section class=\"elementor-section elementor-top-section elementor-element elementor-element-d42a7ce elementor-section-boxed elementor-section-height-default elementor-section-height-default\" data-id=\"d42a7ce\" data-element_type=\"section\" data-e-type=\"section\">\n\t\t\t\t\t\t<div class=\"elementor-container elementor-column-gap-default\">\n\t\t\t\t\t<div class=\"elementor-column elementor-col-100 elementor-top-column elementor-element elementor-element-4eed13e\" data-id=\"4eed13e\" data-element_type=\"column\" data-e-type=\"column\">\n\t\t\t<div class=\"elementor-widget-wrap elementor-element-populated\">\n\t\t\t\t\t\t<div class=\"elementor-element elementor-element-95f5b18 elementor-widget__width-initial elementor-widget elementor-widget-text-editor\" data-id=\"95f5b18\" data-element_type=\"widget\" data-e-type=\"widget\" data-widget_type=\"text-editor.default\">\n\t\t\t\t\t\t\t\t\t<h2 data-start=\"286\" data-end=\"371\">Tirzepatid 20 mg pero - pokro\u010dil\u00fd agonista pro metabolick\u00e9 studie<\/h2><h3 data-start=\"373\" data-end=\"410\">Co je Tirzepatide 20 mg pero?<\/h3><p data-start=\"412\" data-end=\"811\"><span data-start=\"436\" data-end=\"461\">T<\/span><strong data-start=\"436\" data-end=\"461\">irzepatide 20 mg pen<\/strong> je syntetick\u00fd peptidov\u00fd analog navr\u017een\u00fd jako du\u00e1ln\u00ed agonista receptor\u016f GLP-1R a GIPR. Konstrukce molekuly umo\u017e\u0148uje sou\u010dasnou aktivaci dvou kl\u00ed\u010dov\u00fdch inkretinov\u00fdch drah, co\u017e z n\u00ed \u010din\u00ed <strong data-start=\"665\" data-end=\"690\">tirzepatide 20 mg pero<\/strong> zaj\u00edmav\u00fd v\u00fdzkumn\u00fd model pro anal\u00fdzu energetick\u00e9 regulace a integrace hormon\u00e1ln\u00ed signalizace.<\/p><p data-start=\"813\" data-end=\"1141\">Typ formul\u00e1\u0159e <em data-start=\"824\" data-end=\"829\">pero<\/em> odr\u00e1\u017e\u00ed model d\u00e1vkov\u00e1n\u00ed pou\u017e\u00edvan\u00fd v klinick\u00fdch studi\u00edch a umo\u017e\u0148uje anal\u00fdzu farmakokinetick\u00fdch parametr\u016f a vztah\u016f mezi d\u00e1vkou a odpov\u011bd\u00ed v kontrolovan\u00fdch laboratorn\u00edch podm\u00ednk\u00e1ch. V kontextu v\u00fdzkumu <strong data-start=\"1047\" data-end=\"1072\">tirzepatide 20 mg pero<\/strong> poskytuje mo\u017enost posoudit expozici vy\u0161\u0161\u00edch receptor\u016f.<\/p><hr data-start=\"1143\" data-end=\"1146\" \/><h2 data-start=\"1148\" data-end=\"1186\">Mechanismus p\u016fsoben\u00ed receptor\u016f<\/h2><p data-start=\"1188\" data-end=\"1258\">Tirzepatidum 20 mg pero p\u016fsob\u00ed sou\u010dasnou aktivac\u00ed receptor\u016f:<\/p><ul data-start=\"1260\" data-end=\"1447\"><li data-start=\"1260\" data-end=\"1343\"><p data-start=\"1262\" data-end=\"1343\"><strong data-start=\"1262\" data-end=\"1272\">GLP-1R<\/strong> - spojen\u00e9 s modulac\u00ed signalizace cAMP a inzulinotropn\u00edch reakc\u00ed,<\/p><\/li><li data-start=\"1344\" data-end=\"1447\"><p data-start=\"1346\" data-end=\"1447\"><strong data-start=\"1346\" data-end=\"1354\">GIPR<\/strong> - pod\u00edlej\u00ed na regulaci metabolismu gluk\u00f3zy a integraci inkretinov\u00e9 signalizace.<\/p><\/li><\/ul><p data-start=\"1449\" data-end=\"1633\">Aktivace du\u00e1ln\u00edch receptor\u016f vede k integrovan\u00e9 metabolick\u00e9 odpov\u011bdi, v\u010detn\u011b modulace osy gluk\u00f3za-insulin a vlivu na mechanismy reguluj\u00edc\u00ed energetickou rovnov\u00e1hu.<\/p><p data-start=\"1635\" data-end=\"2045\">Mechanistick\u00e9 p\u0159ehledy uk\u00e1zaly, \u017ee sou\u010dasn\u00e1 aktivace GIP a GLP-1 m\u016f\u017ee vyvolat synergick\u00fd \u00fa\u010dinek pos\u00edlen\u00edm signalizace z\u00e1visl\u00e9 na cAMP a aktivac\u00ed Gs proteinu. V molekul\u00e1rn\u00edch studi\u00edch byl pozorov\u00e1n jasn\u00fd \u00fa\u010dinek z\u00e1visl\u00fd na d\u00e1vce a zes\u00edlen\u00ed signalizace GPCR se zv\u00fd\u0161enou expozic\u00ed, co\u017e zp\u016fsobuje, \u017ee se <strong data-start=\"1965\" data-end=\"1990\">tirzepatide 20 mg pero<\/strong> u\u017eite\u010dn\u00fd n\u00e1stroj pro farmakodynamick\u00e9 anal\u00fdzy.<\/p><hr data-start=\"2047\" data-end=\"2050\" \/><h2 data-start=\"2052\" data-end=\"2109\">V\u00fdznam v klinick\u00fdch a preklinick\u00fdch studi\u00edch<\/h2><p data-start=\"2111\" data-end=\"2410\">Studijn\u00ed programy SURPASS a SURMOUNT analyzovaly \u00fa\u010dinky tirzepatydu na metabolick\u00e9 parametry p\u0159i dlouhodob\u00e9m sledov\u00e1n\u00ed. Ve studii SURMOUNT-1 (72 t\u00fddn\u016f) bylo u nejvy\u0161\u0161\u00edch analyzovan\u00fdch d\u00e1vek zaznamen\u00e1no pr\u016fm\u011brn\u00e9 sn\u00ed\u017een\u00ed hmotnosti o 20,9% a jasn\u00fd vztah mezi d\u00e1vkou a odpov\u011bd\u00ed.<\/p><p data-start=\"2412\" data-end=\"2570\">SURPASS-2 prok\u00e1zal v\u011bt\u0161\u00ed sn\u00ed\u017een\u00ed HbA1c ve srovn\u00e1n\u00ed se selektivn\u00edm agonistou GLP-1, co\u017e potvrzuje v\u00fdznam du\u00e1ln\u00edho agonismu receptor\u016f.<\/p><p data-start=\"2572\" data-end=\"2887\">V preklinick\u00fdch studi\u00edch byl du\u00e1ln\u00ed agonismus GIP\/GLP-1 analyzov\u00e1n jako model synergie receptor\u016f pro studium integrace cAMP drah a jejich \u00fa\u010dink\u016f na metabolismus lipid\u016f a sacharid\u016f. V t\u00e9to souvislosti <strong data-start=\"2786\" data-end=\"2811\">tirzepatide 20 mg pero<\/strong> poskytuje mo\u017enost posoudit zes\u00edlen\u00ed reakce receptoru.<\/p><hr data-start=\"2047\" data-end=\"2050\" \/><h2 data-start=\"2746\" data-end=\"2808\">Tirzepatid 20 mg pero oproti jin\u00fdm inkretinov\u00fdm agonist\u016fm<\/h2><p data-start=\"2810\" data-end=\"2832\">Z hlediska receptor\u016f:<\/p><ul data-start=\"2834\" data-end=\"3008\"><li data-start=\"2834\" data-end=\"2876\"><p data-start=\"2836\" data-end=\"2876\">Semaglutid aktivuje pouze GLP-1R,<\/p><\/li><li data-start=\"2877\" data-end=\"2946\"><p data-start=\"2879\" data-end=\"2946\">tirzepatide (v\u010detn\u011b tirzepatide 20 mg pera) aktivuje GLP-1R a GIPR,<\/p><\/li><li data-start=\"2947\" data-end=\"3008\"><p data-start=\"2949\" data-end=\"3008\">retatrutid nav\u00edc zahrnuje glukagonov\u00fd receptor (GCGR).<\/p><\/li><\/ul><p data-start=\"3010\" data-end=\"3170\">Rozsah aktivovan\u00fdch receptor\u016f ur\u010duje komplexnost metabolick\u00e9 odpov\u011bdi a je kl\u00ed\u010dov\u00fdm prvkem pro rozli\u0161en\u00ed molekul ve farmakodynamick\u00fdch anal\u00fdz\u00e1ch.<\/p><h2 data-start=\"210\" data-end=\"285\">\u00a0<\/h2><hr data-start=\"2047\" data-end=\"2050\" \/><p data-start=\"3225\" data-end=\"3637\"><a href=\"https:\/\/tirzepatyd.eu\/wp-content\/uploads\/2025\/11\/Tirzepatide-20-mg-pen.png\"><img fetchpriority=\"high\" decoding=\"async\" class=\"aligncenter wp-image-32391 size-medium\" src=\"https:\/\/tirzepatyd.eu\/wp-content\/uploads\/2025\/11\/Tirzepatide-20-mg-pen-300x225.png\" alt=\"Tirzepatide 20 mg pen \u2013 dual incretin receptor agonist for metabolic studies\" width=\"300\" height=\"225\" srcset=\"https:\/\/tirzepatyd.eu\/wp-content\/uploads\/2025\/11\/Tirzepatide-20-mg-pen-300x225.png 300w, https:\/\/tirzepatyd.eu\/wp-content\/uploads\/2025\/11\/Tirzepatide-20-mg-pen-400x300.png 400w, https:\/\/tirzepatyd.eu\/wp-content\/uploads\/2025\/11\/Tirzepatide-20-mg-pen-800x600.png 800w, https:\/\/tirzepatyd.eu\/wp-content\/uploads\/2025\/11\/Tirzepatide-20-mg-pen-64x48.png 64w, https:\/\/tirzepatyd.eu\/wp-content\/uploads\/2025\/11\/Tirzepatide-20-mg-pen-768x576.png 768w, https:\/\/tirzepatyd.eu\/wp-content\/uploads\/2025\/11\/Tirzepatide-20-mg-pen-16x12.png 16w, https:\/\/tirzepatyd.eu\/wp-content\/uploads\/2025\/11\/Tirzepatide-20-mg-pen.png 1024w\" sizes=\"(max-width: 300px) 100vw, 300px\" \/><\/a><\/p><p data-start=\"3225\" data-end=\"3637\">Zdroje:<\/p><p><a href=\"https:\/\/pmc.ncbi.nlm.nih.gov\/articles\/PMC10159347\">https:\/\/pmc.ncbi.nlm.nih.gov\/articles\/PMC10159347<\/a><\/p><p data-start=\"3225\" data-end=\"3637\"><a class=\"decorated-link\" href=\"https:\/\/pubmed.ncbi.nlm.nih.gov\/23850282\/\" target=\"_new\" rel=\"noopener\" data-start=\"4739\" data-end=\"4780\">https:\/\/pubmed.ncbi.nlm.nih.gov\/23850282\/<\/a><\/p><hr data-start=\"2047\" data-end=\"2050\" \/><p data-start=\"3225\" data-end=\"3637\"><strong>V\u00fdrobek je ur\u010den pro v\u011bdeck\u00fd v\u00fdzkum a laboratorn\u00ed anal\u00fdzy. V\u0161echny \u010dl\u00e1nky a informace na t\u011bchto webov\u00fdch str\u00e1nk\u00e1ch slou\u017e\u00ed pouze k informa\u010dn\u00edm a vzd\u011bl\u00e1vac\u00edm \u00fa\u010del\u016fm.<\/strong><\/p>\t\t\t\t\t\t\t\t<\/div>\n\t\t\t\t\t<\/div>\n\t\t<\/div>\n\t\t\t\t\t<\/div>\n\t\t<\/section>\n\t\t\t\t<\/div>","protected":false},"excerpt":{"rendered":"<p><strong data-start=\"123\" data-end=\"148\">Tirzepatid 20 mg pero<\/strong> je pokro\u010dil\u00fd syntetick\u00fd peptid s du\u00e1ln\u00ed aktivitou v\u016f\u010di receptor\u016fm GLP-1R a GIPR, kter\u00fd je p\u0159edm\u011btem intenzivn\u00edho v\u00fdzkumu v oblasti regulace metabolismu, kontroly energetick\u00e9 bilance a t\u011blesn\u00e9 hmotnosti.<\/p>","protected":false},"featured_media":30662,"comment_status":"open","ping_status":"closed","template":"","meta":{"_acf_changed":false},"product_brand":[],"product_cat":[122,111,15],"product_tag":[],"class_list":{"0":"post-25503","1":"product","2":"type-product","3":"status-publish","4":"has-post-thumbnail","6":"product_cat-produkty-w-penie","7":"product_cat-glp1gip","8":"product_cat-laboratory-research","10":"first","11":"instock","12":"shipping-taxable","13":"purchasable","14":"product-type-simple"},"acf":[],"aioseo_notices":[],"_links":{"self":[{"href":"https:\/\/tirzepatyd.eu\/cs\/wp-json\/wp\/v2\/product\/25503","targetHints":{"allow":["GET"]}}],"collection":[{"href":"https:\/\/tirzepatyd.eu\/cs\/wp-json\/wp\/v2\/product"}],"about":[{"href":"https:\/\/tirzepatyd.eu\/cs\/wp-json\/wp\/v2\/types\/product"}],"replies":[{"embeddable":true,"href":"https:\/\/tirzepatyd.eu\/cs\/wp-json\/wp\/v2\/comments?post=25503"}],"version-history":[{"count":14,"href":"https:\/\/tirzepatyd.eu\/cs\/wp-json\/wp\/v2\/product\/25503\/revisions"}],"predecessor-version":[{"id":35455,"href":"https:\/\/tirzepatyd.eu\/cs\/wp-json\/wp\/v2\/product\/25503\/revisions\/35455"}],"wp:featuredmedia":[{"embeddable":true,"href":"https:\/\/tirzepatyd.eu\/cs\/wp-json\/wp\/v2\/media\/30662"}],"wp:attachment":[{"href":"https:\/\/tirzepatyd.eu\/cs\/wp-json\/wp\/v2\/media?parent=25503"}],"wp:term":[{"taxonomy":"product_brand","embeddable":true,"href":"https:\/\/tirzepatyd.eu\/cs\/wp-json\/wp\/v2\/product_brand?post=25503"},{"taxonomy":"product_cat","embeddable":true,"href":"https:\/\/tirzepatyd.eu\/cs\/wp-json\/wp\/v2\/product_cat?post=25503"},{"taxonomy":"product_tag","embeddable":true,"href":"https:\/\/tirzepatyd.eu\/cs\/wp-json\/wp\/v2\/product_tag?post=25503"}],"curies":[{"name":"wp","href":"https:\/\/api.w.org\/{rel}","templated":true}]}}