{"id":24258,"date":"2024-12-23T16:46:35","date_gmt":"2024-12-23T15:46:35","guid":{"rendered":"https:\/\/tirzepatyd.eu\/?post_type=product&#038;p=24258"},"modified":"2026-04-18T10:54:13","modified_gmt":"2026-04-18T08:54:13","slug":"semaglutid-4mg-pen","status":"publish","type":"product","link":"https:\/\/tirzepatyd.eu\/cs\/produkt\/semaglutid-4mg-pen\/","title":{"rendered":"SEMA G PEN 4mg"},"content":{"rendered":"<div data-elementor-type=\"product-post\" data-elementor-id=\"24258\" class=\"elementor elementor-24258\" data-elementor-post-type=\"product\">\n\t\t\t\t\t\t<section class=\"elementor-section elementor-top-section elementor-element elementor-element-3e4e3a5 elementor-section-boxed elementor-section-height-default elementor-section-height-default\" data-id=\"3e4e3a5\" data-element_type=\"section\" data-e-type=\"section\">\n\t\t\t\t\t\t<div class=\"elementor-container elementor-column-gap-default\">\n\t\t\t\t\t<div class=\"elementor-column elementor-col-100 elementor-top-column elementor-element elementor-element-2aed132\" data-id=\"2aed132\" data-element_type=\"column\" data-e-type=\"column\">\n\t\t\t<div class=\"elementor-widget-wrap elementor-element-populated\">\n\t\t\t\t\t\t<div class=\"elementor-element elementor-element-ab0fafc elementor-widget__width-initial elementor-widget elementor-widget-text-editor\" data-id=\"ab0fafc\" data-element_type=\"widget\" data-e-type=\"widget\" data-widget_type=\"text-editor.default\">\n\t\t\t\t\t\t\t\t\t<h2 data-start=\"146\" data-end=\"179\"><strong data-start=\"149\" data-end=\"179\">Semaglutid 4mg Pen GLP-1 - co to je, \u00fa\u010dinky, d\u00e1vkov\u00e1n\u00ed, vedlej\u0161\u00ed \u00fa\u010dinky\u00a0<\/strong><\/h2><p data-start=\"224\" data-end=\"692\"><a href=\"https:\/\/tirzepatyd.eu\/cs\/semaglutyd-jak-dziala-i-gdzie-go-kupic\/\">Semaglutid<\/a> 4 mg pero je modern\u00ed p\u0159\u00edpravek ve form\u011b autoinjektoru, kter\u00fd pat\u0159\u00ed do skupiny l\u00e9\u010div zn\u00e1m\u00fdch jako analoga GLP-1 (glukagonu podobn\u00fd peptid-1). Byl vyvinut pro osoby, kter\u00e9 se pot\u00fdkaj\u00ed s nadv\u00e1hou, obezitou nebo cukrovkou typu 2. D\u00edky sv\u00e9 konstrukci a zp\u016fsobu \u00fa\u010dinku podporuje sn\u00ed\u017een\u00ed hmotnosti, kontrolu chuti k j\u00eddlu a stabilizaci hladiny gluk\u00f3zy v krvi. Pohodln\u00e1 forma pera umo\u017e\u0148uje snadn\u00e9 a p\u0159esn\u00e9 pod\u00e1v\u00e1n\u00ed l\u00e9ku jednou t\u00fddn\u011b.<\/p><hr data-start=\"694\" data-end=\"697\" \/><h2 data-start=\"699\" data-end=\"741\"><strong data-start=\"703\" data-end=\"739\">Jak Semaglutid 4 mg pero funguje ?<\/strong><\/h2><p data-start=\"742\" data-end=\"899\">\u00da\u010dinn\u00e1 l\u00e1tka - <strong data-start=\"762\" data-end=\"776\">semaglutid<\/strong> - Napodobuje \u00fa\u010dinek p\u0159irozen\u00e9ho hormonu GLP-1, kter\u00fd reguluje metabolick\u00e9 procesy v t\u011ble. M\u00e1 v\u00edcesm\u011brn\u00fd \u00fa\u010dinek:<\/p><ul><li data-start=\"903\" data-end=\"1037\"><strong data-start=\"903\" data-end=\"946\">potla\u010duje chu\u0165 k j\u00eddlu a prodlu\u017euje pocit sytosti<\/strong> - ovliv\u0148uje centrum hladu v mozku, \u010d\u00edm\u017e sni\u017euje chu\u0165 na j\u00eddlo.<\/li><li data-start=\"1040\" data-end=\"1134\"><strong data-start=\"1040\" data-end=\"1073\">Zpomaluje vyprazd\u0148ov\u00e1n\u00ed \u017ealudku<\/strong>, co\u017e sni\u017euje n\u00e1hl\u00e9 z\u00e1chvaty hladu a prodlu\u017euje dobu tr\u00e1ven\u00ed.<\/li><li data-start=\"1137\" data-end=\"1295\"><strong data-start=\"1137\" data-end=\"1173\">Stabilizuje hladinu cukru v krvi<\/strong> - zvy\u0161uje sekreci inzul\u00ednu v reakci na zv\u00fd\u0161enou hladinu gluk\u00f3zy a sou\u010dasn\u011b inhibuje sekreci glukagonu.<\/li><\/ul><p data-start=\"1297\" data-end=\"1399\">Semaglutid tak podporuje kontrolu hmotnosti a zlep\u0161uje fungov\u00e1n\u00ed metabolismu sacharid\u016f.<\/p><hr data-start=\"1401\" data-end=\"1404\" \/><h2 data-start=\"1406\" data-end=\"1458\"><strong data-start=\"1410\" data-end=\"1456\">Aplikace <\/strong><strong data-start=\"2998\" data-end=\"3014\">Semaglutid 4 mg pero<\/strong><\/h2><p data-start=\"1459\" data-end=\"1515\">Semaglutid Pen 4 mg se pou\u017e\u00edv\u00e1 hlavn\u011b v terapii:<\/p><ul><li data-start=\"1519\" data-end=\"1544\"><strong data-start=\"1519\" data-end=\"1541\">nadv\u00e1ha a obezita<\/strong>,<\/li><li data-start=\"1547\" data-end=\"1569\"><strong data-start=\"1547\" data-end=\"1566\">diabetes 2. typu<\/strong>,<\/li><li data-start=\"1572\" data-end=\"1661\"><strong>a v p\u0159\u00edpadech, kdy dieta a fyzick\u00e1 aktivita nebyly \u00fasp\u011b\u0161n\u00e9.<\/strong><\/li><\/ul><p data-start=\"1663\" data-end=\"1704\">P\u0159\u00edpravek se doporu\u010duje pro dosp\u011bl\u00e9:<\/p><ul><li data-start=\"1707\" data-end=\"1730\">z <strong data-start=\"1709\" data-end=\"1727\">BMI \u2265 30 kg\/m\u00b2<\/strong>,<\/li><li data-start=\"1733\" data-end=\"1867\">nebo s <strong data-start=\"1739\" data-end=\"1757\">BMI \u2265 27 kg\/m\u00b2<\/strong>, pokud jsou p\u0159\u00edtomny komorbidity, jako je hypertenze, poruchy lipid\u016f nebo inzulinov\u00e1 rezistence.<\/li><\/ul><p data-start=\"1869\" data-end=\"1978\">L\u00e9\u010dbu zahajte v\u017edy po konzultaci s l\u00e9ka\u0159em, kter\u00fd posoud\u00ed indikace a bezpe\u010dnost u\u017e\u00edv\u00e1n\u00ed.<\/p><hr data-start=\"1980\" data-end=\"1983\" \/><h2 data-start=\"2994\" data-end=\"3016\"><strong data-start=\"1989\" data-end=\"2019\">D\u00e1vkov\u00e1n\u00ed a pou\u017eit\u00ed <\/strong><strong data-start=\"2998\" data-end=\"3014\">Semaglutid<\/strong><\/h2><p data-start=\"2022\" data-end=\"2092\">Semaglutid Pen 4 mg se pou\u017e\u00edv\u00e1 <strong data-start=\"2055\" data-end=\"2073\">jednou t\u00fddn\u011b<\/strong>, ve stanoven\u00fd \u010das.<\/p><ul><li data-start=\"2096\" data-end=\"2190\"><strong data-start=\"2096\" data-end=\"2116\">M\u00edsto pod\u00e1n\u00ed \u017e\u00e1dosti:<\/strong> Injekce se pod\u00e1v\u00e1 podko\u017en\u011b - obvykle do b\u0159icha, stehna nebo pa\u017ee.<\/li><li data-start=\"2193\" data-end=\"2326\"><strong data-start=\"2193\" data-end=\"2214\">Po\u010d\u00e1te\u010dn\u00ed d\u00e1vka:<\/strong> l\u00e9\u010dba za\u010d\u00edn\u00e1 men\u0161\u00edmi d\u00e1vkami, kter\u00e9 se postupn\u011b zvy\u0161uj\u00ed, aby se t\u011blo mohlo p\u0159izp\u016fsobit.<\/li><li data-start=\"2329\" data-end=\"2453\"><strong data-start=\"2329\" data-end=\"2339\">D\u016fle\u017eit\u00e9:<\/strong> Pero je na jedno pou\u017eit\u00ed a je ur\u010deno k samopod\u00e1n\u00ed po za\u0161kolen\u00ed zdravotnick\u00fdm person\u00e1lem.<\/li><\/ul><p data-start=\"2455\" data-end=\"2547\">Pravideln\u00e9 u\u017e\u00edv\u00e1n\u00ed podle pokyn\u016f l\u00e9ka\u0159e zaji\u0161\u0165uje nejlep\u0161\u00ed l\u00e9\u010debn\u00e9 v\u00fdsledky.<\/p><p data-start=\"2455\" data-end=\"2547\">Zkontrolujte \u010dinidlo <a href=\"https:\/\/tirzepatyd.eu\/cs\/produkt\/semaglutide-pen\/\">Semaglutid 2 mg v peru<\/a><\/p><hr data-start=\"2549\" data-end=\"2552\" \/><h2 data-start=\"2994\" data-end=\"3016\"><strong data-start=\"2998\" data-end=\"3014\">Semaglutid 4 mg pero - s<\/strong><strong data-start=\"2558\" data-end=\"2576\">vedlej\u0161\u00ed \u00fa\u010dinky<\/strong><\/h2><p data-start=\"2579\" data-end=\"2708\">B\u011bhem u\u017e\u00edv\u00e1n\u00ed semaglutidu se mohou vyskytnout m\u00edrn\u00e9 ne\u017e\u00e1douc\u00ed \u00fa\u010dinky, zejm\u00e9na na za\u010d\u00e1tku l\u00e9\u010dby. Pat\u0159\u00ed mezi n\u011b:<\/p><ul><li data-start=\"2712\" data-end=\"2723\">nevolnost,<\/li><li data-start=\"2726\" data-end=\"2736\">zvracen\u00ed,<\/li><li data-start=\"2739\" data-end=\"2763\">pr\u016fjem nebo z\u00e1cpa,<\/li><li data-start=\"2766\" data-end=\"2781\">bolesti b\u0159icha,<\/li><li data-start=\"2784\" data-end=\"2815\">pocit plnosti nebo nad\u00fdm\u00e1n\u00ed.<\/li><\/ul><p data-start=\"2817\" data-end=\"2987\">Tyto p\u0159\u00edznaky obvykle po n\u011bkolika t\u00fddnech vymiz\u00ed, proto\u017ee t\u011blo si na l\u00e9k zvykne. Pokud pot\u00ed\u017ee p\u0159etrv\u00e1vaj\u00ed, kontaktujte sv\u00e9ho l\u00e9ka\u0159e.<\/p><hr data-start=\"2989\" data-end=\"2992\" \/><p data-start=\"3017\" data-end=\"3480\"><a href=\"https:\/\/tirzepatyd.eu\/wp-content\/uploads\/2025\/09\/Sema-G-4mg-urzadzenie-pomiarowe-Camera.png\"><img fetchpriority=\"high\" decoding=\"async\" class=\"size-medium wp-image-30668 aligncenter\" src=\"https:\/\/tirzepatyd.eu\/wp-content\/uploads\/2025\/09\/Sema-G-4mg-urzadzenie-pomiarowe-Camera-300x225.png\" alt=\"Semaglutid pen 4 mg for obesity peptide\" width=\"300\" height=\"225\" srcset=\"https:\/\/tirzepatyd.eu\/wp-content\/uploads\/2025\/09\/Sema-G-4mg-urzadzenie-pomiarowe-Camera-300x225.png 300w, https:\/\/tirzepatyd.eu\/wp-content\/uploads\/2025\/09\/Sema-G-4mg-urzadzenie-pomiarowe-Camera-800x600.png 800w, https:\/\/tirzepatyd.eu\/wp-content\/uploads\/2025\/09\/Sema-G-4mg-urzadzenie-pomiarowe-Camera-64x48.png 64w, https:\/\/tirzepatyd.eu\/wp-content\/uploads\/2025\/09\/Sema-G-4mg-urzadzenie-pomiarowe-Camera-768x576.png 768w, https:\/\/tirzepatyd.eu\/wp-content\/uploads\/2025\/09\/Sema-G-4mg-urzadzenie-pomiarowe-Camera-16x12.png 16w, https:\/\/tirzepatyd.eu\/wp-content\/uploads\/2025\/09\/Sema-G-4mg-urzadzenie-pomiarowe-Camera.png 1024w\" sizes=\"(max-width: 300px) 100vw, 300px\" \/><\/a><\/p><p data-start=\"3017\" data-end=\"3480\">Zdroj :\u00a0 <a href=\"https:\/\/pmc.ncbi.nlm.nih.gov\/articles\/PMC9272494\">Einmal w\u00f6chentlich verabreichtes Semaglutid zur Gewichtskontrolle: Eine klinische \u00dcbersicht<\/a><\/p>\t\t\t\t\t\t\t\t<\/div>\n\t\t\t\t\t<\/div>\n\t\t<\/div>\n\t\t\t\t\t<\/div>\n\t\t<\/section>\n\t\t\t\t<\/div>","protected":false},"excerpt":{"rendered":"<p>Semaglutid 4mg Pen GLP-1 &#8211; czym jest, dzia\u0142anie, dawkowanie, skutki uboczne\u00a0 Semaglutid 4mg pen to nowoczesny preparat w formie automatycznego wstrzykiwacza, nale\u017c\u0105cy do grupy lek\u00f3w okre\u015blanych jako analogi GLP-1 (glukagonopodobnego peptydu-1). Opracowano go z my\u015bl\u0105 o osobach zmagaj\u0105cych si\u0119 z nadwag\u0105, oty\u0142o\u015bci\u0105 lub cukrzyc\u0105 typu 2. Dzi\u0119ki swojej budowie i sposobowi dzia\u0142ania wspiera utrat\u0119 masy [&hellip;]<\/p>\n","protected":false},"featured_media":30668,"comment_status":"open","ping_status":"closed","template":"","meta":{"_acf_changed":false},"product_brand":[],"product_cat":[122,112,15],"product_tag":[],"class_list":{"0":"post-24258","1":"product","2":"type-product","3":"status-publish","4":"has-post-thumbnail","6":"product_cat-produkty-w-penie","7":"product_cat-glp1","8":"product_cat-laboratory-research","10":"first","11":"instock","12":"shipping-taxable","13":"purchasable","14":"product-type-simple"},"acf":[],"aioseo_notices":[],"_links":{"self":[{"href":"https:\/\/tirzepatyd.eu\/cs\/wp-json\/wp\/v2\/product\/24258","targetHints":{"allow":["GET"]}}],"collection":[{"href":"https:\/\/tirzepatyd.eu\/cs\/wp-json\/wp\/v2\/product"}],"about":[{"href":"https:\/\/tirzepatyd.eu\/cs\/wp-json\/wp\/v2\/types\/product"}],"replies":[{"embeddable":true,"href":"https:\/\/tirzepatyd.eu\/cs\/wp-json\/wp\/v2\/comments?post=24258"}],"version-history":[{"count":8,"href":"https:\/\/tirzepatyd.eu\/cs\/wp-json\/wp\/v2\/product\/24258\/revisions"}],"predecessor-version":[{"id":35461,"href":"https:\/\/tirzepatyd.eu\/cs\/wp-json\/wp\/v2\/product\/24258\/revisions\/35461"}],"wp:featuredmedia":[{"embeddable":true,"href":"https:\/\/tirzepatyd.eu\/cs\/wp-json\/wp\/v2\/media\/30668"}],"wp:attachment":[{"href":"https:\/\/tirzepatyd.eu\/cs\/wp-json\/wp\/v2\/media?parent=24258"}],"wp:term":[{"taxonomy":"product_brand","embeddable":true,"href":"https:\/\/tirzepatyd.eu\/cs\/wp-json\/wp\/v2\/product_brand?post=24258"},{"taxonomy":"product_cat","embeddable":true,"href":"https:\/\/tirzepatyd.eu\/cs\/wp-json\/wp\/v2\/product_cat?post=24258"},{"taxonomy":"product_tag","embeddable":true,"href":"https:\/\/tirzepatyd.eu\/cs\/wp-json\/wp\/v2\/product_tag?post=24258"}],"curies":[{"name":"wp","href":"https:\/\/api.w.org\/{rel}","templated":true}]}}